{"id":55671,"date":"2023-03-30T14:30:53","date_gmt":"2023-03-30T12:30:53","guid":{"rendered":"https:\/\/translinguoglobal.com\/tarifas-de-traduccion\/"},"modified":"2023-04-04T13:46:43","modified_gmt":"2023-04-04T11:46:43","slug":"tarifas-de-traduccion","status":"publish","type":"page","link":"https:\/\/translinguoglobal.com\/sv\/tarifas-de-traduccion\/","title":{"rendered":"\u00d6vers\u00e4ttningspriser"},"content":{"rendered":"\t\t<div data-elementor-type=\"wp-page\" data-elementor-id=\"55671\" class=\"elementor elementor-55671 elementor-34043\" data-elementor-post-type=\"page\">\n\t\t\t\t\t\t<section data-particle_enable=\"false\" data-particle-mobile-disabled=\"false\" class=\"elementor-section elementor-top-section elementor-element elementor-element-1454fd65 elementor-section-boxed elementor-section-height-default elementor-section-height-default\" data-id=\"1454fd65\" data-element_type=\"section\" data-e-type=\"section\">\n\t\t\t\t\t\t<div class=\"elementor-container elementor-column-gap-default\">\n\t\t\t\t\t<div class=\"elementor-column elementor-col-100 elementor-top-column elementor-element elementor-element-762491db\" data-id=\"762491db\" data-element_type=\"column\" data-e-type=\"column\">\n\t\t\t<div class=\"elementor-widget-wrap elementor-element-populated\">\n\t\t\t\t\t\t<div class=\"elementor-element elementor-element-5cae6272 elementor-widget elementor-widget-text-editor\" data-id=\"5cae6272\" data-element_type=\"widget\" data-e-type=\"widget\" data-widget_type=\"text-editor.default\">\n\t\t\t\t\t\t\t\t\t<h2>\u00d6vers\u00e4ttningspriser<\/h2>\n<p>P\u00e5 v\u00e5r byr\u00e5 \u00e4r det vitalt att erbjuda en klar och transparent betydelse inom alla v\u00e5ra tj\u00e4nster. D\u00e4rf\u00f6r har vi konkurrenskraftiga \u00f6vers\u00e4ttningspriser.<\/p>\n<p> Det prissystem som vi har inr\u00e4ttat \u00e4r baserat p\u00e5 ett pris per originalord. Detta \u00e4r vanligt inom \u00f6vers\u00e4ttningssektorn. I andra fall brukar v\u00e5ra kunder f\u00f6redra en konstant och exklusiv \u00f6vers\u00e4ttningstj\u00e4nst. D\u00e4rf\u00f6r kan vi studera m\u00f6jligheten att g\u00f6ra kontrakt och samarbetsavtal med en fast m\u00e5nadsavgift. Det \u00e4r det mest l\u00f6nsamma och konkurrenskraftiga alternativet f\u00f6r f\u00f6retag med en stor \u00f6vers\u00e4ttningsvolym. <\/p>\n<p> Kontakta <a href=\"mailto:info@translinguoglobal.com\"> info@translinguoglobal.com<\/a>  eller ring oss p\u00e5 +34 656 35 27 41 f\u00f6r mer information om v\u00e5ra \u00f6vers\u00e4ttningspriser och samarbetskontakt. Du kan ocks\u00e5 bes\u00f6ka v\u00e5ra profiler p\u00e5 olika n\u00e4tverk <a href=\"https:\/\/www.facebook.com\/translinguoglobal\" target=\"_blank\" rel=\"noopener noreferrer\"><u>Facebook<\/u><\/a>, <a href=\"https:\/\/www.instagram.com\/translinguoglobal\/\" target=\"_blank\" rel=\"noopener noreferrer\"><u>Instagram<\/u><\/a> och <a href=\"https:\/\/es.linkedin.com\/company\/agencia-de-traduccion-translinguo-global\" target=\"_blank\" rel=\"noopener noreferrer\"><u>Linkedin<\/u><\/a><br \/>\nOm du \u00e4r intresserad av n\u00e5gon av dessa tj\u00e4nster s\u00e5 klicka p\u00e5 den som intresserar dig. <\/p>\n\t\t\t\t\t\t\t\t<\/div>\n\t\t\t\t\t<\/div>\n\t\t<\/div>\n\t\t\t\t\t<\/div>\n\t\t<\/section>\n\t\t\t\t<section data-particle_enable=\"false\" data-particle-mobile-disabled=\"false\" class=\"elementor-section elementor-top-section elementor-element elementor-element-ecdcbc6 elementor-section-boxed elementor-section-height-default elementor-section-height-default\" data-id=\"ecdcbc6\" data-element_type=\"section\" data-e-type=\"section\">\n\t\t\t\t\t\t<div class=\"elementor-container elementor-column-gap-default\">\n\t\t\t\t\t<div class=\"elementor-column elementor-col-100 elementor-top-column elementor-element elementor-element-118cede\" data-id=\"118cede\" data-element_type=\"column\" data-e-type=\"column\">\n\t\t\t<div class=\"elementor-widget-wrap elementor-element-populated\">\n\t\t\t\t\t\t<div class=\"elementor-element elementor-element-6e3d03d elementor-tabs-view-horizontal elementor-widget elementor-widget-tabs\" data-id=\"6e3d03d\" data-element_type=\"widget\" data-e-type=\"widget\" data-widget_type=\"tabs.default\">\n\t\t\t\t\t\t\t<div class=\"elementor-tabs\">\n\t\t\t<div class=\"elementor-tabs-wrapper\" role=\"tablist\" >\n\t\t\t\t\t\t\t\t\t<div id=\"elementor-tab-title-1151\" class=\"elementor-tab-title elementor-tab-desktop-title\" aria-selected=\"true\" data-tab=\"1\" role=\"tab\" tabindex=\"0\" aria-controls=\"elementor-tab-content-1151\" aria-expanded=\"false\">Fr\u00e5n spanska till andra spr\u00e5k<\/div>\n\t\t\t\t\t\t\t\t\t<div id=\"elementor-tab-title-1152\" class=\"elementor-tab-title elementor-tab-desktop-title\" aria-selected=\"false\" data-tab=\"2\" role=\"tab\" tabindex=\"-1\" aria-controls=\"elementor-tab-content-1152\" aria-expanded=\"false\">Fr\u00e5n ett utl\u00e4ndskt spr\u00e5k till spanska<\/div>\n\t\t\t\t\t\t\t\t\t<div id=\"elementor-tab-title-1153\" class=\"elementor-tab-title elementor-tab-desktop-title\" aria-selected=\"false\" data-tab=\"3\" role=\"tab\" tabindex=\"-1\" aria-controls=\"elementor-tab-content-1153\" aria-expanded=\"false\">Kombinationer av spr\u00e5k<\/div>\n\t\t\t\t\t\t\t<\/div>\n\t\t\t<div class=\"elementor-tabs-content-wrapper\" role=\"tablist\" aria-orientation=\"vertical\">\n\t\t\t\t\t\t\t\t\t<div class=\"elementor-tab-title elementor-tab-mobile-title\" aria-selected=\"true\" data-tab=\"1\" role=\"tab\" tabindex=\"0\" aria-controls=\"elementor-tab-content-1151\" aria-expanded=\"false\">Fr\u00e5n spanska till andra spr\u00e5k<\/div>\n\t\t\t\t\t<div id=\"elementor-tab-content-1151\" class=\"elementor-tab-content elementor-clearfix\" data-tab=\"1\" role=\"tabpanel\" aria-labelledby=\"elementor-tab-title-1151\" tabindex=\"0\" hidden=\"false\"><p>Priserna som visas \u00e4r v\u00e4gledande. Alla erbjudanden \u00e4r beroende av en f\u00f6rhandsbed\u00f6mning av det material som ska \u00f6vers\u00e4ttas. Priserna g\u00e4ller f\u00f6r texter av standard sv\u00e5righetsgrad och villkor. <\/p>\n<table width=\"100%\">\n<thead>\n<tr>\n<th>Kombination av spr\u00e5k<\/th>\n<th>Grundpris per ord<\/th>\n<\/tr>\n<\/thead>\n<tbody>\n<tr>\n<td>\u00d6vers\u00e4ttning fr\u00e5n spanska till engelska<\/td>\n<td style=\"text-align: center;\">0,05\u20ac<\/td>\n<\/tr>\n<tr>\n<td>\u00d6vers\u00e4ttning fr\u00e5n spanska till franska <\/td>\n<td style=\"text-align: center;\">0,06\u20ac<\/td>\n<\/tr>\n<tr>\n<td>\u00d6vers\u00e4ttning fr\u00e5n spanska till portugisiska<\/td>\n<td style=\"text-align: center;\">0,06\u20ac<\/td>\n<\/tr>\n<tr>\n<td>\u00d6vers\u00e4ttning fr\u00e5n spanska till italienska<\/td>\n<td style=\"text-align: center;\">0,07\u20ac<\/td>\n<\/tr>\n<tr>\n<td>\u00d6vers\u00e4ttning fr\u00e5n spanska till tyska<\/td>\n<td style=\"text-align: center;\">0,07\u20ac<\/td>\n<\/tr>\n<tr>\n<td>\u00d6vers\u00e4ttning fr\u00e5n spanska till galiciska<\/td>\n<td style=\"text-align: center;\">0,06\u20ac<\/td>\n<\/tr>\n<tr>\n<td>\u00d6vers\u00e4ttning fr\u00e5n spanska till kinesiska<\/td>\n<td style=\"text-align: center;\">0,12\u20ac<\/td>\n<\/tr>\n<tr>\n<td>\u00d6vers\u00e4ttning fr\u00e5n spanska till japanska<\/td>\n<td style=\"text-align: center;\">0,14\u20ac<\/td>\n<\/tr>\n<tr>\n<td>\u00d6vers\u00e4ttning fr\u00e5n spanska till arabiska<\/td>\n<td style=\"text-align: center;\">0,10\u20ac<\/td>\n<\/tr>\n<tr>\n<td>\u00d6vers\u00e4ttning fr\u00e5n spanska till polska<\/td>\n<td style=\"text-align: center;\">0,08\u20ac<\/td>\n<\/tr>\n<tr>\n<td>\u00d6vers\u00e4ttning fr\u00e5n spanska till ryska<\/td>\n<td style=\"text-align: center;\">0,08\u20ac<\/td>\n<\/tr>\n<tr>\n<td>\u00d6vers\u00e4ttning fr\u00e5n spanska till svenska<\/td>\n<td style=\"text-align: center;\">0,14\u20ac<\/td>\n<\/tr>\n<tr>\n<td>\u00d6vers\u00e4ttning fr\u00e5n spanska till danska<\/td>\n<td style=\"text-align: center;\">0,12\u20ac<\/td>\n<\/tr>\n<tr>\n<td>\u00d6vers\u00e4ttning fr\u00e5n spanska till norska<\/td>\n<td style=\"text-align: center;\">0,12\u20ac<\/td>\n<\/tr>\n<tr>\n<td>\u00d6vers\u00e4ttning fr\u00e5n spanska till rum\u00e4nska<\/td>\n<td style=\"text-align: center;\">0,08\u20ac<\/td>\n<\/tr>\n<tr>\n<td>\u00d6vers\u00e4ttning fr\u00e5n spanska till nederl\u00e4ndska\/holl\u00e4ndska<\/td>\n<td style=\"text-align: center;\">0,12\u20ac<\/td>\n<\/tr>\n<tr>\n<td>\u00d6vers\u00e4ttning fr\u00e5n spanska till flaml\u00e4ndska<\/td>\n<td style=\"text-align: center;\">0,12\u20ac<\/td>\n<\/tr>\n<tr>\n<td>\u00d6vers\u00e4ttning fr\u00e5n spanska till katalanska<\/td>\n<td style=\"text-align: center;\">0,07\u20ac<\/td>\n<\/tr>\n<tr>\n<td>\u00d6vers\u00e4ttning fr\u00e5n spanska till finska<\/td>\n<td style=\"text-align: center;\">0,13\u20ac<\/td>\n<\/tr>\n<tr>\n<td><\/td>\n<td style=\"text-align: center;\"><button><a style=\"color: #ffffff;\" href=\"https:\/\/translinguoglobal.com\/sv\/solicita-presupuesto-de-traduccion\/\">Beg\u00e4r budget<\/a><\/button><\/td>\n<\/tr>\n<\/tbody>\n<\/table>\n<\/div>\n\t\t\t\t\t\t\t\t\t<div class=\"elementor-tab-title elementor-tab-mobile-title\" aria-selected=\"false\" data-tab=\"2\" role=\"tab\" tabindex=\"-1\" aria-controls=\"elementor-tab-content-1152\" aria-expanded=\"false\">Fr\u00e5n ett utl\u00e4ndskt spr\u00e5k till spanska<\/div>\n\t\t\t\t\t<div id=\"elementor-tab-content-1152\" class=\"elementor-tab-content elementor-clearfix\" data-tab=\"2\" role=\"tabpanel\" aria-labelledby=\"elementor-tab-title-1152\" tabindex=\"0\" hidden=\"hidden\"><p>Priserna som visas \u00e4r v\u00e4gledande. Alla erbjudanden \u00e4r beroende av en f\u00f6rhandsbed\u00f6mning av det material som ska \u00f6vers\u00e4ttas. Priserna g\u00e4ller f\u00f6r texter av standard sv\u00e5righetsgrad och villkor. <\/p>\n<table width=\"100%\">\n<thead>\n<tr>\n<th>Kombination av spr\u00e5k<\/th>\n<th>Grundpris per ord<\/th>\n<\/tr>\n<\/thead>\n<tbody>\n<tr>\n<td>\u00d6vers\u00e4ttning fr\u00e5n engelska till spanska<\/td>\n<td style=\"text-align: center;\">0,05\u20ac<\/td>\n<\/tr>\n<tr>\u00d6vers\u00e4ttning fr\u00e5n franska till spanska<\/td>\n<td style=\"text-align: center;\">0,06\u20ac<\/td>\n<\/tr>\n<tr>\n<td>\u00d6vers\u00e4ttning fr\u00e5n katalanska till spanska<\/td>\n<td style=\"text-align: center;\">0,06\u20ac<\/td>\n<\/tr>\n<tr>\n<td>\u00d6vers\u00e4ttning fr\u00e5n italienska till spanska f\u00f6r <\/td>\n<td style=\"text-align: center;\">0,07\u20ac<\/td>\n<\/tr>\n<tr>\n<td>\u00d6vers\u00e4ttning fr\u00e5n galiciska till spanska<\/td>\n<td style=\"text-align: center;\">0,06\u20ac<\/td>\n<\/tr>\n<tr>\n<td>\u00d6vers\u00e4ttning fr\u00e5n portugisiska till spanska<\/td>\n<td style=\"text-align: center;\">0,06\u20ac<\/td>\n<\/tr>\n<tr>\n<td>\u00d6vers\u00e4ttning fr\u00e5n tyska till spanska<\/td>\n<td style=\"text-align: center;\">0,08\u20ac<\/td>\n<\/tr>\n<tr>\n<td>\u00d6vers\u00e4ttning fr\u00e5n arabiska till spanska <\/td>\n<td style=\"text-align: center;\">0,12\u20ac<\/td>\n<\/tr>\n<tr>\n<td>\u00d6vers\u00e4ttning fr\u00e5n polska till spanska<\/td>\n<td style=\"text-align: center;\">0,10\u20ac<\/td>\n<\/tr>\n<tr>\n<td>\u00d6vers\u00e4ttning fr\u00e5n ryska till spanska<\/td>\n<td style=\"text-align: center;\">0,10\u20ac<\/td>\n<\/tr>\n<tr>\n<td>\u00d6vers\u00e4ttning fr\u00e5n svenska till spanska<\/td>\n<td style=\"text-align: center;\">0,12\u20ac<\/td>\n<\/tr>\n<tr>\n<td>\u00d6vers\u00e4ttning fr\u00e5n danska till spanska<\/td>\n<td style=\"text-align: center;\">0,12\u20ac<\/td>\n<\/tr>\n<tr>\n<td>\u00d6vers\u00e4ttning fr\u00e5n norska till spanska<\/td>\n<td style=\"text-align: center;\">0,15\u20ac<\/td>\n<\/tr>\n<tr>\n<td>\u00d6vers\u00e4ttning fr\u00e5n rum\u00e4nska till spanska<\/td>\n<td style=\"text-align: center;\">0,09\u20ac<\/td>\n<\/tr>\n<tr>\n<td>\u00d6vers\u00e4ttning fr\u00e5n nederl\u00e4ndska\/holl\u00e4ndska till spanska<\/td>\n<td style=\"text-align: center;\">0,12\u20ac<\/td>\n<\/tr>\n<tr>\n<td>\u00d6vers\u00e4ttning fr\u00e5n spanska till nederl\u00e4ndska\/holl\u00e4ndska<\/td>\n<td style=\"text-align: center;\">0,12\u20ac<\/td>\n<\/tr>\n<tr>\n<td>\u00d6vers\u00e4ttning fr\u00e5n flaml\u00e4ndska till spanska<\/td>\n<td style=\"text-align: center;\">0,12\u20ac<\/td>\n<\/tr>\n<tr>\n<td>\u00d6vers\u00e4ttning fr\u00e5n kinesiska till spanska<\/td>\n<td style=\"text-align: center;\">0,11\u20ac<\/td>\n<\/tr>\n<tr>\n<td>\u00d6vers\u00e4ttning fr\u00e5n japanska till spanska<\/td>\n<td style=\"text-align: center;\">0,16\u20ac<\/td>\n<\/tr>\n<tr>\n<td>\u00d6vers\u00e4ttning fr\u00e5n finska till spanska<\/td>\n<td style=\"text-align: center;\">0,12\u20ac<\/td>\n<\/tr>\n<tr>\n<td><\/td>\n<td style=\"text-align: center;\"><button><a style=\"color: #ffffff;\" href=\"https:\/\/translinguoglobal.com\/sv\/solicita-presupuesto-de-traduccion\/\">Solicita presupuesto<\/a><\/button><\/td>\n<\/tr>\n<\/tbody>\n<\/table>\n<\/div>\n\t\t\t\t\t\t\t\t\t<div class=\"elementor-tab-title elementor-tab-mobile-title\" aria-selected=\"false\" data-tab=\"3\" role=\"tab\" tabindex=\"-1\" aria-controls=\"elementor-tab-content-1153\" aria-expanded=\"false\">Kombinationer av spr\u00e5k<\/div>\n\t\t\t\t\t<div id=\"elementor-tab-content-1153\" class=\"elementor-tab-content elementor-clearfix\" data-tab=\"3\" role=\"tabpanel\" aria-labelledby=\"elementor-tab-title-1153\" tabindex=\"0\" hidden=\"hidden\"><p>Priserna som visas \u00e4r v\u00e4gledande. Alla erbjudanden \u00e4r beroende av en f\u00f6rhandsbed\u00f6mning av det material som ska \u00f6vers\u00e4ttas. Priserna g\u00e4ller f\u00f6r texter av standard sv\u00e5righetsgrad och villkor. <\/p>\n<table width=\"100%\">\n<thead>\n<tr>\n<th>Kombination av spr\u00e5k<\/th>\n<th>Grundpris per ord<\/th>\n<\/tr>\n<\/thead>\n<tbody>\n<tr>\n<td>\u00d6vers\u00e4ttning fr\u00e5n engelska till franska<\/td>\n<td style=\"text-align: center;\">0,07\u20ac<\/td>\n<\/tr>\n<tr>\n<td>\u00d6vers\u00e4ttning fr\u00e5n engelska till portugisiska<\/td>\n<td style=\"text-align: center;\">0,06\u20ac<\/td>\n<\/tr>\n<tr>\n<td>\u00d6vers\u00e4ttning fr\u00e5n franska till portugisiska<\/td>\n<td style=\"text-align: center;\">0,07\u20ac<\/td>\n<\/tr>\n<tr>\n<td>\u00d6vers\u00e4ttning fr\u00e5n engelska till italienska<\/td>\n<td style=\"text-align: center;\">0,07\u20ac<\/td>\n<\/tr>\n<tr>\n<td>\u00d6vers\u00e4ttning fr\u00e5n engelska till kinesiska<\/td>\n<td style=\"text-align: center;\">0,13\u20ac<\/td>\n<\/tr>\n<tr>\n<td>\u00d6vers\u00e4ttning fr\u00e5n engelska till japanska<\/td>\n<td style=\"text-align: center;\">0,14\u20ac<\/td>\n<\/tr>\n<tr>\n<td>\u00d6vers\u00e4ttning fr\u00e5n engelska till polska<\/td>\n<td style=\"text-align: center;\">0,08\u20ac<\/td>\n<\/tr>\n<tr>\n<td>\u00d6vers\u00e4ttning frn engelska till ryska<\/td>\n<td style=\"text-align: center;\">0,09\u20ac<\/td>\n<\/tr>\n<tr>\n<td>\u00d6vers\u00e4ttning fr\u00e5n engelska till svenska<\/td>\n<td style=\"text-align: center;\">0,14\u20ac<\/td>\n<\/tr>\n<tr>\n<td>\u00d6vers\u00e4ttning fr\u00e5n engelska till danska<\/td>\n<td style=\"text-align: center;\">0,14\u20ac<\/td>\n<\/tr>\n<tr>\n<td>\u00d6vers\u00e4ttnig fr\u00e5n engelska till norska<\/td>\n<td style=\"text-align: center;\">0,14\u20ac<\/td>\n<\/tr>\n<tr>\n<td>\u00d6vers\u00e4ttning fr\u00e5n engelska till rum\u00e4nska<\/td>\n<td style=\"text-align: center;\">0,09\u20ac<\/td>\n<\/tr>\n<tr>\n<td>\u00d6vers\u00e4ttning fr\u00e5n engelska till nederl\u00e4ndska\/holl\u00e4ndska<\/td>\n<td style=\"text-align: center;\">0,12\u20ac<\/td>\n<\/tr>\n<tr>\n<td>\u00d6vers\u00e4ttning fr\u00e5n engelska till flaml\u00e4ndska<\/td>\n<td style=\"text-align: center;\">0,16\u20ac<\/td>\n<\/tr>\n<tr>\n<td>\u00d6vers\u00e4ttning fr\u00e5n polska till engelska<\/td>\n<td style=\"text-align: center;\">0,13\u20ac<\/td>\n<\/tr>\n<tr>\n<td>\u00d6vers\u00e4ttning fr\u00e5n ryska till engelska<\/td>\n<td style=\"text-align: center;\">0,14\u20ac<\/td>\n<\/tr>\n<tr>\n<td>\u00d6vers\u00e4ttning fr\u00e5n svenska till engelska<\/td>\n<td style=\"text-align: center;\">0,15\u20ac<\/td>\n<\/tr>\n<tr>\n<td>\u00d6vers\u00e4ttning fr\u00e5n danska till engelska<\/td>\n<td style=\"text-align: center;\">0,15\u20ac<\/td>\n<\/tr>\n<tr>\n<td>\u00d6vers\u00e4ttning fr\u00e5n norska<\/td>\n<td style=\"text-align: center;\">0,15\u20ac<\/td>\n<\/tr>\n<tr>\n<td><\/td>\n<td style=\"text-align: center;\"><button><a style=\"color: #ffffff;\" href=\"https:\/\/translinguoglobal.com\/sv\/solicita-presupuesto-de-traduccion\/\">Beg\u00e4r budget<\/a><\/button><\/td>\n<\/tr>\n<\/tbody>\n<\/table>\n<\/div>\n\t\t\t\t\t\t\t<\/div>\n\t\t<\/div>\n\t\t\t\t\t\t<\/div>\n\t\t\t\t\t<\/div>\n\t\t<\/div>\n\t\t\t\t\t<\/div>\n\t\t<\/section>\n\t\t\t\t<\/div>\n\t\t","protected":false},"excerpt":{"rendered":"<p>\u00d6vers\u00e4ttningspriser P\u00e5 v\u00e5r byr\u00e5 \u00e4r det vitalt att erbjuda en klar och transparent betydelse inom alla v\u00e5ra tj\u00e4nster. D\u00e4rf\u00f6r har vi konkurrenskraftiga \u00f6vers\u00e4ttningspriser. Det prissystem som vi har inr\u00e4ttat \u00e4r baserat p\u00e5 ett pris per originalord. Detta \u00e4r vanligt inom \u00f6vers\u00e4ttningssektorn. I andra fall brukar v\u00e5ra kunder f\u00f6redra en konstant och exklusiv \u00f6vers\u00e4ttningstj\u00e4nst. D\u00e4rf\u00f6r kan [&hellip;]<\/p>\n","protected":false},"author":3,"featured_media":55159,"parent":0,"menu_order":0,"comment_status":"closed","ping_status":"closed","template":"","meta":{"_crdt_document":"","inline_featured_image":false,"site-sidebar-layout":"default","site-content-layout":"default","ast-site-content-layout":"default","site-content-style":"default","site-sidebar-style":"default","ast-global-header-display":"","ast-banner-title-visibility":"","ast-main-header-display":"","ast-hfb-above-header-display":"","ast-hfb-below-header-display":"","ast-hfb-mobile-header-display":"","site-post-title":"","ast-breadcrumbs-content":"","ast-featured-img":"","footer-sml-layout":"","ast-disable-related-posts":"","theme-transparent-header-meta":"default","adv-header-id-meta":"","stick-header-meta":"","header-above-stick-meta":"","header-main-stick-meta":"","header-below-stick-meta":"","astra-migrate-meta-layouts":"default","ast-page-background-enabled":"default","ast-page-background-meta":{"desktop":{"background-color":"var(--ast-global-color-4)","background-image":"","background-repeat":"repeat","background-position":"center center","background-size":"auto","background-attachment":"scroll","background-type":"","background-media":"","overlay-type":"","overlay-color":"","overlay-opacity":"","overlay-gradient":""},"tablet":{"background-color":"","background-image":"","background-repeat":"repeat","background-position":"center center","background-size":"auto","background-attachment":"scroll","background-type":"","background-media":"","overlay-type":"","overlay-color":"","overlay-opacity":"","overlay-gradient":""},"mobile":{"background-color":"","background-image":"","background-repeat":"repeat","background-position":"center center","background-size":"auto","background-attachment":"scroll","background-type":"","background-media":"","overlay-type":"","overlay-color":"","overlay-opacity":"","overlay-gradient":""}},"ast-content-background-meta":{"desktop":{"background-color":"var(--ast-global-color-5)","background-image":"","background-repeat":"repeat","background-position":"center center","background-size":"auto","background-attachment":"scroll","background-type":"","background-media":"","overlay-type":"","overlay-color":"","overlay-opacity":"","overlay-gradient":""},"tablet":{"background-color":"var(--ast-global-color-5)","background-image":"","background-repeat":"repeat","background-position":"center center","background-size":"auto","background-attachment":"scroll","background-type":"","background-media":"","overlay-type":"","overlay-color":"","overlay-opacity":"","overlay-gradient":""},"mobile":{"background-color":"var(--ast-global-color-5)","background-image":"","background-repeat":"repeat","background-position":"center center","background-size":"auto","background-attachment":"scroll","background-type":"","background-media":"","overlay-type":"","overlay-color":"","overlay-opacity":"","overlay-gradient":""}},"footnotes":""},"class_list":["post-55671","page","type-page","status-publish","has-post-thumbnail","hentry"],"_links":{"self":[{"href":"https:\/\/translinguoglobal.com\/sv\/wp-json\/wp\/v2\/pages\/55671","targetHints":{"allow":["GET"]}}],"collection":[{"href":"https:\/\/translinguoglobal.com\/sv\/wp-json\/wp\/v2\/pages"}],"about":[{"href":"https:\/\/translinguoglobal.com\/sv\/wp-json\/wp\/v2\/types\/page"}],"author":[{"embeddable":true,"href":"https:\/\/translinguoglobal.com\/sv\/wp-json\/wp\/v2\/users\/3"}],"replies":[{"embeddable":true,"href":"https:\/\/translinguoglobal.com\/sv\/wp-json\/wp\/v2\/comments?post=55671"}],"version-history":[{"count":0,"href":"https:\/\/translinguoglobal.com\/sv\/wp-json\/wp\/v2\/pages\/55671\/revisions"}],"wp:featuredmedia":[{"embeddable":true,"href":"https:\/\/translinguoglobal.com\/sv\/wp-json\/wp\/v2\/media\/55159"}],"wp:attachment":[{"href":"https:\/\/translinguoglobal.com\/sv\/wp-json\/wp\/v2\/media?parent=55671"}],"curies":[{"name":"wp","href":"https:\/\/api.w.org\/{rel}","templated":true}]}}