{"id":55640,"date":"2023-03-30T14:30:11","date_gmt":"2023-03-30T12:30:11","guid":{"rendered":"https:\/\/translinguoglobal.com\/servicio-de-traduccion-general\/"},"modified":"2023-04-20T11:45:06","modified_gmt":"2023-04-20T09:45:06","slug":"servicio-de-traduccion-general","status":"publish","type":"page","link":"https:\/\/translinguoglobal.com\/sv\/servicio-de-traduccion-general\/","title":{"rendered":"Allm\u00e4n \u00f6vers\u00e4ttningstj\u00e4nst"},"content":{"rendered":"<p><strong>Allm\u00e4n \u00f6vers\u00e4ttning<\/strong> Om du beh\u00f6ver <strong>hj\u00e4lp<\/strong> med de <strong>allm\u00e4nna \u00f6vers\u00e4ttningstj\u00e4nsterna<\/strong> \u00e4r detta st\u00e4llet f\u00f6r dig.<\/p>\n<p>Kommer du ifr\u00e5gas\u00e4tta <strong>hur seri\u00f6st ditt arbete \u00e4r<\/strong>genom att anv\u00e4nda en <strong>\u00f6vers\u00e4ttning<\/strong> <strong>som \u00e4r d\u00e5ligt utf\u00f6rd<\/strong>?Vi hj\u00e4lper dig s\u00e5 att detta inte h\u00e4nder. Fr\u00e5n v\u00e5r allm\u00e4nna \u00f6vers\u00e4ttningstj\u00e4nst p\u00e5 <a href=\"https:\/\/translinguoglobal.com\/\"><strong>Translinguo Global\u00ae,<\/strong><\/a>garanterar vi dig en professionell \u00f6vers\u00e4ttning.<\/p>\n<form style=\"text-align: center;\"><button formaction=\"https:\/\/translinguoglobal.com\/presupuesto\/\"><strong>BEG\u00c4R BUDGET NU!<\/strong><\/button><\/form>\n<h2><strong>Vem riktar sig de allm\u00e4nna \u00f6vers\u00e4ttningstj\u00e4nsterna till?&gt;<\/strong><\/h2>\n<p>V\u00e5ra tj\u00e4nster fokuserar p\u00e5 alla f\u00f6retag eller individer som beh\u00f6ver hj\u00e4lp med en \u00f6vers\u00e4ttning. I det h\u00e4r fallet pratar vi om <strong>allm\u00e4n \u00f6vers\u00e4ttning\/strong&gt; men v\u00e5ra tj\u00e4nster \u00e4r bredare \u00e4n s\u00e5. <\/strong><\/p>\n<p>Vi har experter p\u00e5 <a href=\"\/?page_id=40733\">auktoriserad \u00f6vers\u00e4ttning<\/a>, specialiserad \u00f6vers\u00e4ttning, granskning osv. Dessutom har de erfarenheten som beh\u00f6vs f\u00f6r det v\u00e5ra kunder anf\u00f6rtror oss.<\/p>\n<p>Kunden f\u00e5r \u00f6vers\u00e4ttningar som respekterar textens inneb\u00f6rd och som fungerar i m\u00e5lkulturen.<\/p>\n<p><strong>Vilken typ av texter \u00f6vers\u00e4tter vi?<\/strong><\/p>\n<p>Den allm\u00e4nna \u00f6vers\u00e4ttningen omfattar texter som inte inneb\u00e4r m\u00e5nga tekniska eller terminologiska sv\u00e5righeter.<\/p>\n<p>Inom den allm\u00e4nna \u00f6vers\u00e4ttningen kan vi lyfta fram journalistiska texter och reklamtexter.<\/p>\n<p>\u00c4ven brev och e-postmeddelanden, personliga brev och rekommendationer, bland annat.<\/p>\n<p>Det \u00e4r ocks\u00e5 v\u00e4rt att n\u00e4mna texterna om turism, och gastronomi, information om konst, kultur, l\u00e4roplaner, etc<\/p>\n<p>Alla dessa \u00e4r texter av informativ karakt\u00e4r och de kr\u00e4ver ingen h\u00f6g grad av specialisering fr\u00e5n \u00f6vers\u00e4ttarens sida. Dessa dokument p\u00e5verkar inte heller en d\u00e5lig f\u00f6rst\u00e5else av den \u00f6vers\u00e4ttning som gjorts.<\/p>\n<h2><strong>Varf\u00f6r lita p\u00e5 <\/strong><a href=\"https:\/\/translinguoglobal.com\/\"><strong>Translinguo Global<\/strong><\/a><strong>?<\/strong><\/h2>\n<p>Vi \u00e4r idag \u00f6vers\u00e4ttningsbyr\u00e5n i Madrid med mest projektion tack vare utvecklingen av relationer med f\u00f6retag.<\/p>\n<p>Vi jobbar med ISO 9001 y la ISO 17100 <strong>certifikat<\/strong>.<\/p>\n<p>Vi m\u00e5ste ocks\u00e5 lyfta fram andra egenskaper som g\u00f6r oss annorlunda:<\/p>\n<ul>\n<li>\n<h6><strong>Punktlighet<\/strong><\/h6>\n<\/li>\n<\/ul>\n<p>Vi h\u00e5ller deadlines med snabbhet och punktlighet. V\u00e5r identitetsst\u00e4mpel \u00e4r kvalitet och effektivitet.<\/p>\n<ul>\n<li style=\"list-style-type: none;\">\n<ul>\n<li>\n<h6><strong>Professionella \u00f6vers\u00e4ttare<\/strong><\/h6>\n<p>V\u00e5r \u00f6vers\u00e4ttningsbyr\u00e5 har experter och inf\u00f6dda proffs med omfattande kunskap. P\u00e5 samma s\u00e4tt \u00e4r v\u00e5rt team beredda att leda all typ av f\u00f6rvaltning och projekt. M\u00e5nga av f\u00f6retagens f\u00f6rs\u00e4ljningar rasar f\u00f6r att de inte vet hur man ska kommunicera. Detta h\u00e4nder inte \u00e4r du anst\u00e4ller professionella \u00f6vers\u00e4ttare. Om detta \u00e4r ditt fall \u00e4r vi din \u00f6vers\u00e4ttningsbyr\u00e5. strong&gt;.<\/li>\n<li>\n<h6><strong>Erfarenhet <\/strong><\/h6>\n<\/li>\n<\/ul>\n<\/li>\n<\/ul>\n<ul>\n<li>\n<h6><strong>Kundernas tillfredsst\u00e4llelse<\/strong><\/h6>\n<\/li>\n<\/ul>\n<p>V\u00e5ra kunder uppskattar servicen av kvalitet. V\u00e5ra bra priser och framf\u00f6r allt den professionella uppm\u00e4rksamheten som vi arbetar med.<\/p>\n<ul>\n<li>\n<h6><strong>Konkurrenskraftiga priser<\/strong><\/h6>\n<\/li>\n<\/ul>\n<p>Priset best\u00e4ms av leveranstiden, antalet ord och spr\u00e5ket.<\/p>\n<p>Vi jobbar f\u00f6r att de ska vara s\u00e5 <strong>ekonomiska<\/strong> som m\u00f6jligt. Tack vare v\u00e5ra system som till\u00e5ter matchning av ord och minskar konstanden f\u00f6r \u00f6vers\u00e4ttningen.<\/p>\n<h3><strong>Vilka \u00e4r ISO-certifieringarna?<\/strong><\/h3>\n<p>ISO-normerna \u00e4r en samling internationella standarder med m\u00e5let att f\u00f6retagen stabiliserar j\u00e4mlikhet,. De garanterar <strong>kvaliteten<\/strong>, <strong>s\u00e4kerheten<\/strong> och <strong>effektiviteten<\/strong> p\u00e5 v\u00e5ra tj\u00e4nster och produkter.<\/p>\n<p style=\"text-align: left;\">V\u00e5rt f\u00f6retag f\u00f6rlitar sig p\u00e5 certifieringarna href=&#8221;https:\/\/www.iso.org\/standard\/59149.html&#8221;&gt;ISO 17100 och <a href=\"https:\/\/www.iso.org\/standard\/62085.html\" target=\"_blank\" rel=\"noopener\">ISO 9001<\/a> f\u00f6r att f\u00f6rb\u00e4ttra \u00f6vers\u00e4ttningsprocesserna och \u00f6vers\u00e4ttningstj\u00e4nsterna. Detta g\u00f6r att v\u00e5ra kunders <strong>f\u00f6rtroende<\/strong>\u00f6kar ytterligare. p&gt;<br \/>\n[one_half]<\/p>\n<p><img decoding=\"async\" class=\"wp-image-50541 aligncenter\" src=\"https:\/\/translinguoglobal.com\/wp-content\/uploads\/2022\/07\/ISO-17100.png\" alt=\"Translinguo Global ISO-17100\" width=\"71\" height=\"102\" \/><\/p>\n<p style=\"text-align: center;\"><strong> ISO 17100<\/strong> \u00e4r den erk\u00e4nda standarden inom \u00f6vers\u00e4ttningsindustrin. Denna certifiering inneb\u00e4r att f\u00f6retaget uppfyller standarderna f\u00f6r tillhandah\u00e5llande av \u00f6vers\u00e4ttningstj\u00e4nster av kvalitet.<\/p>\n<p>[\/one_half][one_half_last]<\/p>\n<p><img decoding=\"async\" class=\"wp-image-50545 aligncenter\" src=\"https:\/\/translinguoglobal.com\/wp-content\/uploads\/2022\/07\/ISO-9001.png\" alt=\"Translinguo Global ISO-9001\" width=\"75\" height=\"106\" \/><\/p>\n<p style=\"text-align: center;\"><strong>ISO 9001<\/strong> g\u00e4ller f\u00f6r kvalitetshantering av offentliga och privata organisationer. Det \u00e4r den mest erk\u00e4nda i v\u00e4rlden. Det \u00e4r ett utm\u00e4rkt arbetss\u00e4tt f\u00f6r att f\u00f6rb\u00e4ttra kvaliteten p\u00e5 produkter och tj\u00e4nster samt kundernas tillfredsst\u00e4llelse.<\/p>\n<p>[\/one_half_last]<\/p>\n<p>V\u00e5rt \u00f6vers\u00e4ttningsf\u00f6retag f\u00f6ljer ledningsprocessen f\u00f6r att n\u00e5 h\u00f6ga kvalitetsstandarder.<\/p>\n<h2><strong>Vad erbjuder vi dig i denna allm\u00e4nna \u00f6vers\u00e4ttningstj\u00e4nst?<\/strong><\/h2>\n<p>Allm\u00e4n \u00f6vers\u00e4ttning inneb\u00e4r den typ av \u00f6vers\u00e4ttningar som inte \u00e4r registrerade i ett mycket specialiserat eller tekniskt omr\u00e5de. D\u00e4rf\u00f6r t\u00e4cker den<a href=\"\/?p=19919\">olika<\/a>textuella och tematiska typologier.<\/p>\n<p>P\u00e5 <a href=\"https:\/\/translinguoglobal.com\/\"><strong>Translinguo Global\u00ae,<\/strong><\/a>\u00e4r processen f\u00f6r dokumentation och kulturell anpassning lika djup som i en specialiserad text.<\/p>\n<p>F\u00f6rdelar med att anst\u00e4lla ett f\u00f6retag som v\u00e5rt handlar om mycket mer \u00e4n bara grunderna. inom \u00f6vers\u00e4ttningen f\u00f6r\u00e4ndrar ordningen p\u00e5 faktorerna produkten.<\/p>\n<p>Vi centraliserar alla typer av \u00f6vers\u00e4ttningar, sparar tid och pengar, t\u00e4cker en st\u00f6rre granskning och kvalitet p\u00e5 \u00f6vers\u00e4ttningar. Vi erbjuder en kvalitetsprodukt med s\u00e4kerhet och garanti.<\/p>\n<p>Nuestros grandes servicios en traducci\u00f3n general son impecables. Al igual que en traducci\u00f3n especializada, <a href=\"\/?page_id=40733\">jurada<\/a>, revisi\u00f3n de textos y estilo\u2026<\/p>\n<form style=\"text-align: center;\"><button formaction=\"https:\/\/translinguoglobal.com\/presupuesto\/\"><strong>BEG\u00c4R BUDGET NU!<\/strong><\/button><\/form>\n<p>&nbsp;<\/p>\n<h3><strong>Hur kan du kontakta oss? <\/strong><\/h3>\n<p>P\u00e5 <a href=\"https:\/\/translinguoglobal.com\/\"><strong>Translinguo Global\u00ae<\/strong><\/a><strong>,<\/strong> hj\u00e4lper vi dig g\u00e4rna n\u00e4r som helst. Tveka inte att ta kontakt med oss.<\/p>\n<p>Fyll i v\u00e5rt formul\u00e4r, skriv ett mail till oss eller kontakta oss via telefon. Att logga in \u00e4r v\u00e4ldigt enkelt, klicka p\u00e5 <a href=\"\/?page_id=36018\"><strong>aqu\u00ed<\/strong><\/a>. Vi g\u00f6r allt som \u00e4r i v\u00e5ra h\u00e4nder f\u00f6r att du ska f\u00e5 ett professionellt resultat.<\/p>\n<p>Vi \u00e4r \u00d6VERS\u00c4TTNINGSBYR\u00c5N du letar efter. Vi f\u00f6rbereder oss f\u00f6r att uppfylla dina behov. <strong>Vad v\u00e4ntar du p\u00e5?<\/strong><\/p>\n<p><strong>Du kanske ocks\u00e5 \u00e4r intresserad av v\u00e5ra andra tj\u00e4nster.<\/strong><\/p>\n","protected":false},"excerpt":{"rendered":"<p>Den allm\u00e4nna \u00f6vers\u00e4ttningen \u00e4r baserad p\u00e5 \u00f6vers\u00e4ttning av texter av olika textm\u00e4ssig eller tematisk karakt\u00e4r som k\u00e4nnetecknas av anv\u00e4ndningen av ett tydligt och exakt spr\u00e5k som undviker all typ av tvetydighet och \u00e4r tillg\u00e4ngligt f\u00f6r alla typer a publik. <\/p>\n","protected":false},"author":3,"featured_media":59937,"parent":0,"menu_order":0,"comment_status":"closed","ping_status":"closed","template":"","meta":{"_crdt_document":"","inline_featured_image":false,"site-sidebar-layout":"no-sidebar","site-content-layout":"page-builder","ast-site-content-layout":"default","site-content-style":"default","site-sidebar-style":"default","ast-global-header-display":"","ast-banner-title-visibility":"","ast-main-header-display":"","ast-hfb-above-header-display":"","ast-hfb-below-header-display":"","ast-hfb-mobile-header-display":"","site-post-title":"disabled","ast-breadcrumbs-content":"","ast-featured-img":"disabled","footer-sml-layout":"","ast-disable-related-posts":"","theme-transparent-header-meta":"default","adv-header-id-meta":"","stick-header-meta":"","header-above-stick-meta":"","header-main-stick-meta":"","header-below-stick-meta":"","astra-migrate-meta-layouts":"default","ast-page-background-enabled":"default","ast-page-background-meta":{"desktop":{"background-color":"var(--ast-global-color-4)","background-image":"","background-repeat":"repeat","background-position":"center center","background-size":"auto","background-attachment":"scroll","background-type":"","background-media":"","overlay-type":"","overlay-color":"","overlay-opacity":"","overlay-gradient":""},"tablet":{"background-color":"","background-image":"","background-repeat":"repeat","background-position":"center center","background-size":"auto","background-attachment":"scroll","background-type":"","background-media":"","overlay-type":"","overlay-color":"","overlay-opacity":"","overlay-gradient":""},"mobile":{"background-color":"","background-image":"","background-repeat":"repeat","background-position":"center center","background-size":"auto","background-attachment":"scroll","background-type":"","background-media":"","overlay-type":"","overlay-color":"","overlay-opacity":"","overlay-gradient":""}},"ast-content-background-meta":{"desktop":{"background-color":"var(--ast-global-color-5)","background-image":"","background-repeat":"repeat","background-position":"center center","background-size":"auto","background-attachment":"scroll","background-type":"","background-media":"","overlay-type":"","overlay-color":"","overlay-opacity":"","overlay-gradient":""},"tablet":{"background-color":"var(--ast-global-color-5)","background-image":"","background-repeat":"repeat","background-position":"center center","background-size":"auto","background-attachment":"scroll","background-type":"","background-media":"","overlay-type":"","overlay-color":"","overlay-opacity":"","overlay-gradient":""},"mobile":{"background-color":"var(--ast-global-color-5)","background-image":"","background-repeat":"repeat","background-position":"center center","background-size":"auto","background-attachment":"scroll","background-type":"","background-media":"","overlay-type":"","overlay-color":"","overlay-opacity":"","overlay-gradient":""}},"footnotes":""},"class_list":["post-55640","page","type-page","status-publish","has-post-thumbnail","hentry"],"_links":{"self":[{"href":"https:\/\/translinguoglobal.com\/sv\/wp-json\/wp\/v2\/pages\/55640","targetHints":{"allow":["GET"]}}],"collection":[{"href":"https:\/\/translinguoglobal.com\/sv\/wp-json\/wp\/v2\/pages"}],"about":[{"href":"https:\/\/translinguoglobal.com\/sv\/wp-json\/wp\/v2\/types\/page"}],"author":[{"embeddable":true,"href":"https:\/\/translinguoglobal.com\/sv\/wp-json\/wp\/v2\/users\/3"}],"replies":[{"embeddable":true,"href":"https:\/\/translinguoglobal.com\/sv\/wp-json\/wp\/v2\/comments?post=55640"}],"version-history":[{"count":0,"href":"https:\/\/translinguoglobal.com\/sv\/wp-json\/wp\/v2\/pages\/55640\/revisions"}],"wp:featuredmedia":[{"embeddable":true,"href":"https:\/\/translinguoglobal.com\/sv\/wp-json\/wp\/v2\/media\/59937"}],"wp:attachment":[{"href":"https:\/\/translinguoglobal.com\/sv\/wp-json\/wp\/v2\/media?parent=55640"}],"curies":[{"name":"wp","href":"https:\/\/api.w.org\/{rel}","templated":true}]}}