{"id":55639,"date":"2023-03-30T14:30:10","date_gmt":"2023-03-30T12:30:10","guid":{"rendered":"https:\/\/translinguoglobal.com\/servicio-de-traduccion-jurada\/"},"modified":"2023-04-25T21:41:52","modified_gmt":"2023-04-25T19:41:52","slug":"servicio-de-traduccion-jurada","status":"publish","type":"page","link":"https:\/\/translinguoglobal.com\/sv\/servicio-de-traduccion-jurada\/","title":{"rendered":"rs\u00e4ttningstj\u00e4nst"},"content":{"rendered":"<p>Auktoriserad \u00f6vers\u00e4ttningstj\u00e4nst. \u00c4r du intresserad av \u00f6vers\u00e4ttningen av n\u00e5got <strong>dokument<\/strong>? Vill du inte l\u00e5ta det d\u00e4r dr\u00f6mjobbet utomlands glida f\u00f6rbi och du beh\u00f6ver arbetstillst\u00e5nd? H\u00e4vda den skulden som har st\u00f6rt dig s\u00e5 mycket? Grattis! Du \u00e4r p\u00e5 r\u00e4tt plats. Translinguo Global \u00e4r h\u00e4r f\u00f6r att hj\u00e4lpa dig med din <strong>auktoriserade \u00f6vers\u00e4ttning.<\/strong><\/p>\n<p>\u00bf<strong>Officiell \u00f6vers\u00e4ttning, auktoriserad \u00f6vers\u00e4ttning, certifierad \u00f6vers\u00e4ttning<\/strong>?De \u00e4r alla termer f\u00f6r denna typ av \u00f6vers\u00e4ttning av dokument, fr\u00e5n ett \u00e4ktenskap eller f\u00f6delsebevis till ett test i en r\u00e4tteg\u00e5ng.<\/p>\n<h2><strong>Varf\u00f6r b\u00f6r du lita p\u00e5 Translinguo?<\/strong><\/h2>\n<p>Fr\u00e5gan \u00e4r varf\u00f6r inte. Translinguo Global \u00e4r en \u00f6vers\u00e4ttningsbyr\u00e5 f\u00f6r f\u00f6retag och privatpersoner, samt ett f\u00f6retag f\u00f6r <em>marknadsf\u00f6ring<\/em> P\u00e5 Translinguo har vi tillg\u00e5ng till en tj\u00e4nst i 24 timmar, genom att ha kontor i olika delar av v\u00e4rlden. Dessutom sticker vi ut p\u00e5 grund av v\u00e5r <strong>effektivitet<\/strong> och <strong>punktlighet<\/strong>vid leverans av order.<\/p>\n<h2><strong>Vad \u00e4r det som<em>skiljer oss fr\u00e5n resten<\/em>av \u00f6vers\u00e4ttningsbyr\u00e5erna?<\/strong><\/h2>\n<p>Vi \u00e4r ett \u00f6vers\u00e4ttningsf\u00f6retag som \u00f6vers\u00e4tter <strong>alla typer av dokument<\/strong>: fr\u00e5n de juridiska, via specialiserade \u00f6vers\u00e4ttningar och lokalisering av webbplatser, till auktoriserade \u00f6vers\u00e4ttningar.<\/p>\n<p>Vi jobbar med fler \u00e4n <strong>207 spr\u00e5k<\/strong>, med mer \u00e4n <strong>130 modersm\u00e5lstalande proffs<\/strong>och v\u00e5ra best\u00e4llningar levereras alltid i tid.<\/p>\n<p>V\u00e5ra kunder \u00e4r alltid n\u00f6jda med v\u00e5ra resultat. H\u00e4r \u00e4r ett exempel p\u00e5 en av dem:<\/p>\n<blockquote cite=\"https:\/\/www.google.com\/maps\/contrib\/103452372987404959246?hl=en-US&amp;sa=X&amp;ved=2ahUKEwjh47CSn7X7AhUpXaQEHfxUDnUQvvQBegQIARBI\"><p>\u00abJag tycket det \u00e4r lite med bara fem stj\u00e4rnor eftersom ni f\u00f6rtj\u00e4nar m\u00e5nga fler. professionalism, snabbhet, oslagbara priser, mycket v\u00e4nlighet och en v\u00e4nlighet som verkligen uppskattas av sj\u00e4len&#8230;\u2026\u00bb &#8230;<\/p>\n<p><a href=\"https:\/\/www.google.com\/maps\/contrib\/103452372987404959246?hl=en-US&amp;sa=X&amp;ved=2ahUKEwjh47CSn7X7AhUpXaQEHfxUDnUQvvQBegQIARBI\" target=\"_blank\" rel=\"noopener\">Ionela Enachita<\/a><\/p><\/blockquote>\n<p>Vi har <a href=\"\/?page_id=38946\"><strong>expert\u00f6vers\u00e4ttare<\/strong>,<\/a> som \u00e4r specialiserade p\u00e5 olika omr\u00e5den.<\/p>\n<p>Vi har mer \u00e4n 10 \u00e5rs <strong>erfarenhet<\/strong> i branschen, vilket g\u00f6r oss till experter i sektionen. Vi s\u00f6ker kundens <strong>fullst\u00e4ndiga tillfredsst\u00e4llelse <\/strong>med n\u00e5gra <strong>konkurrenskraftiga priser som positionerar oss som ditt b\u00e4sta val. L\u00e5t det inte glida f\u00f6rbi!<\/strong><\/p>\n<h3><strong>Varf\u00f6r Translinguo? Vi har certifieringarna<strong> ISO 17100 <\/strong>och<strong> ISO 9001<\/strong>,hanteringsrocesser inom \u00f6vers\u00e4ttningsbyr\u00e5n som s\u00e4kerst\u00e4ller <strong>kvalitet<\/strong>, <strong>s\u00e4kerhet<\/strong> och <strong>effektivitet<\/strong> i de tj\u00e4nster vi har.<\/strong><\/h3>\n<p>[one_half]<\/p>\n<h3><img decoding=\"async\" class=\"wp-image-50545 aligncenter\" src=\"https:\/\/translinguoglobal.com\/wp-content\/uploads\/2022\/07\/ISO-9001.png\" alt=\"Translinguo Global ISO-9001\" width=\"111\" height=\"156\" \/><\/h3>\n<h3 style=\"text-align: center;\"><strong>ISO 9001:<\/strong><\/h3>\n<p style=\"text-align: center;\">Kvalitetshantering av stor igenk\u00e4nning \u00f6ver hela v\u00e4rlden.Den mest k\u00e4nda inom aff\u00e4rs-och organisationsomr\u00e5det, med erk\u00e4nda referenser och kontinuerlig f\u00f6rb\u00e4ttring. Tvivlar du fortfarande p\u00e5 oss? s?<\/p>\n<p>[\/one_half][one_half_last]<\/p>\n<h3><img decoding=\"async\" class=\"wp-image-50541 aligncenter\" src=\"https:\/\/translinguoglobal.com\/wp-content\/uploads\/2022\/07\/ISO-17100.png\" alt=\"Translinguo Global ISO-17100\" width=\"114\" height=\"163\" \/><\/h3>\n<h3 style=\"text-align: center;\"><strong>ISO 17100:<\/strong><\/h3>\n<p style=\"text-align: center;\">Europeisk standardd som inkluderar kvalitetsstandarderna f\u00f6r \u00f6vers\u00e4ttningsaktivitet. Vi arbetar endast med \u00f6vers\u00e4ttare som kan tillhandah\u00e5lla <strong>certifierade beviss<\/strong>, det \u00e4r avg\u00f6rande f\u00f6r den<strong>auktoriserade \u00f6vers\u00e4ttningen.<\/strong>.<\/p>\n<p>[\/one_half_last]<\/p>\n<h2><strong>Vad erbjuder vi i den auktoriserade \u00f6vers\u00e4ttningen?<\/strong><\/h2>\n<p>Den auktoriserade \u00f6vers\u00e4ttningen \u00e4r en typ av \u00f6vers\u00e4ttning som kan utf\u00f6ras av \u00f6vers\u00e4ttningsbyr\u00e5er d\u00e4r texterna har officiell status och juridisk giltighet.<\/p>\n<ul>\n<li><strong>\u00c4r det samma sak som en juridisk \u00f6vers\u00e4ttning?<\/strong>\u00c4ven om det \u00e4r sant att den har en r\u00e4ttslig verkan kan dess inneh\u00e5ll vara juridiskt eller av annan karakt\u00e4r (allm\u00e4n, vetenskaplig, litter\u00e4r, medicinsk, teknisk, etc. Till exempel har ett brev som bevis i ett r\u00e4ttsfall r\u00e4ttslig verkan men \u00e4r inte av juridisk karakt\u00e4r, i detta fall skulle \u00f6vers\u00e4ttningen vara auktoriserad.<\/li>\n<\/ul>\n<h2><strong>Vilken typ av \u00f6vers\u00e4ttare har v\u00e5rt f\u00f6retag f\u00f6r auktoriserad \u00f6vers\u00e4ttning?<\/strong><\/h2>\n<p>Vi har bara auktoriserade \u00f6vers\u00e4ttare som \u00e4r godk\u00e4nda av ministeriet f\u00f6r urikes- och samabebetsfr\u00e5gor (MAEC), vars \u00f6vers\u00e4ttning ger juridisk och officiell giltighet.. V\u00e4lj inte vilken \u00f6vers\u00e4ttare som helst.<strong>Denna typ av dokument presenteras f\u00f6r myndigheter<\/strong>\u00a0eller officiella organ i varje land med f\u00f6rsegling, signatur och officiell certifiering av den auktoriserade \u00f6vers\u00e4ttaren.<\/p>\n<p>P\u00e5 Transliguo har vi riktiga proffs, vars \u00f6vers\u00e4ttningar utf\u00f6rs i enlighet med de juridiska kraven i destinationslandet. P\u00e5 samma s\u00e4tt garanterar vi <strong>garanterar vi f\u00f6rtroendet<strong>ut\u00f6ver att vi har<strong>f\u00f6rseglngen<\/strong> och <strong>signaturen<\/strong> av den auktoriserade \u00f6vers\u00e4ttaren och tolken som beskriver dess giltighet och juridiska karakt\u00e4r. <\/strong><\/strong><\/p>\n<p>Om du \u00e4r intresserad av den auktoriserade \u00f6vers\u00e4ttningen av ett dokument&#8230;tveka inte och <a href=\"\/?page_id=40733\">klicka<\/a> omedelbart!<\/p>\n<p>Priserna brukar variera, men p\u00e5 Translinguo erbjuder vi dig ett f\u00f6rh\u00e5llande mellan kvalitet och pris enligt dina behov och m\u00e5l. En\u00a0<a href=\"\/?p=27048\">auktoriserad \u00f6vers\u00e4ttning&lt;\/anv\u00e4nds f\u00f6r att intyga eller certifiera inneh\u00e5llet i en \u00f6vers\u00e4ttning.Med andra ord \u00e4r de <strong>100\u00a0%trogna originaltexten <\/strong> f\u00f6r juridiska \u00e4ndam\u00e5l och <strong>p\u00e5 Translinguo \u00e4r vi trogna dig och din text. d<\/strong>. Ska du ta en chansning? Stanna hos Translinguo!<\/a><\/p>\n<p><strong>Hur kontaktar du oss?<\/strong> Kontakta oss p\u00e5 email, whatsapp eller telefon och <em>vi svarar dig inom mindre \u00e4n 24 timmar. <\/em>Vi kan ringa dig s\u00e5 att du f\u00e5r f\u00f6rklara ditt projekt och utf\u00f6ra din best\u00e4llning p\u00e5 b\u00e4sta s\u00e4tt.<\/p>\n<p>Telefon: +<a href=\"tel:+34911232763\">34 91 123 27 63 <\/a><\/p>\n<p>Whatsapp: <a href=\"https:\/\/api.whatsapp.com\/send?phone=34622621527\" target=\"_blank\" rel=\"noopener\">+34 622 621 527<\/a>\u00a1<\/p>\n<p><a href=\"\/?page_id=36018\">Fyll i din ans\u00f6kan<\/a>. Be om din budget. Tveka inte.Translinguo.<\/p>\n<h6><\/h6>\n","protected":false},"excerpt":{"rendered":"<p>Den auktoriserade \u00f6vers\u00e4ttningen \u00e4r, idag, en mycket efterfr\u00e5gad tj\u00e4nst. V\u00e5r \u00f6vers\u00e4ttningsbyr\u00e5 erbjuder denna tj\u00e4nst p\u00e5 flera spr\u00e5k och g\u00f6r det med en optimal kvalitet till ett oslagbart pris. <\/p>\n","protected":false},"author":3,"featured_media":54705,"parent":0,"menu_order":0,"comment_status":"closed","ping_status":"closed","template":"","meta":{"_crdt_document":"","inline_featured_image":false,"site-sidebar-layout":"no-sidebar","site-content-layout":"page-builder","ast-site-content-layout":"full-width-container","site-content-style":"default","site-sidebar-style":"default","ast-global-header-display":"","ast-banner-title-visibility":"","ast-main-header-display":"","ast-hfb-above-header-display":"","ast-hfb-below-header-display":"","ast-hfb-mobile-header-display":"","site-post-title":"disabled","ast-breadcrumbs-content":"","ast-featured-img":"disabled","footer-sml-layout":"","ast-disable-related-posts":"","theme-transparent-header-meta":"default","adv-header-id-meta":"","stick-header-meta":"","header-above-stick-meta":"","header-main-stick-meta":"","header-below-stick-meta":"","astra-migrate-meta-layouts":"default","ast-page-background-enabled":"default","ast-page-background-meta":{"desktop":{"background-color":"var(--ast-global-color-4)","background-image":"","background-repeat":"repeat","background-position":"center center","background-size":"auto","background-attachment":"scroll","background-type":"","background-media":"","overlay-type":"","overlay-color":"","overlay-opacity":"","overlay-gradient":""},"tablet":{"background-color":"","background-image":"","background-repeat":"repeat","background-position":"center center","background-size":"auto","background-attachment":"scroll","background-type":"","background-media":"","overlay-type":"","overlay-color":"","overlay-opacity":"","overlay-gradient":""},"mobile":{"background-color":"","background-image":"","background-repeat":"repeat","background-position":"center center","background-size":"auto","background-attachment":"scroll","background-type":"","background-media":"","overlay-type":"","overlay-color":"","overlay-opacity":"","overlay-gradient":""}},"ast-content-background-meta":{"desktop":{"background-color":"var(--ast-global-color-5)","background-image":"","background-repeat":"repeat","background-position":"center center","background-size":"auto","background-attachment":"scroll","background-type":"","background-media":"","overlay-type":"","overlay-color":"","overlay-opacity":"","overlay-gradient":""},"tablet":{"background-color":"var(--ast-global-color-5)","background-image":"","background-repeat":"repeat","background-position":"center center","background-size":"auto","background-attachment":"scroll","background-type":"","background-media":"","overlay-type":"","overlay-color":"","overlay-opacity":"","overlay-gradient":""},"mobile":{"background-color":"var(--ast-global-color-5)","background-image":"","background-repeat":"repeat","background-position":"center center","background-size":"auto","background-attachment":"scroll","background-type":"","background-media":"","overlay-type":"","overlay-color":"","overlay-opacity":"","overlay-gradient":""}},"footnotes":""},"class_list":["post-55639","page","type-page","status-publish","has-post-thumbnail","hentry"],"_links":{"self":[{"href":"https:\/\/translinguoglobal.com\/sv\/wp-json\/wp\/v2\/pages\/55639","targetHints":{"allow":["GET"]}}],"collection":[{"href":"https:\/\/translinguoglobal.com\/sv\/wp-json\/wp\/v2\/pages"}],"about":[{"href":"https:\/\/translinguoglobal.com\/sv\/wp-json\/wp\/v2\/types\/page"}],"author":[{"embeddable":true,"href":"https:\/\/translinguoglobal.com\/sv\/wp-json\/wp\/v2\/users\/3"}],"replies":[{"embeddable":true,"href":"https:\/\/translinguoglobal.com\/sv\/wp-json\/wp\/v2\/comments?post=55639"}],"version-history":[{"count":0,"href":"https:\/\/translinguoglobal.com\/sv\/wp-json\/wp\/v2\/pages\/55639\/revisions"}],"wp:featuredmedia":[{"embeddable":true,"href":"https:\/\/translinguoglobal.com\/sv\/wp-json\/wp\/v2\/media\/54705"}],"wp:attachment":[{"href":"https:\/\/translinguoglobal.com\/sv\/wp-json\/wp\/v2\/media?parent=55639"}],"curies":[{"name":"wp","href":"https:\/\/api.w.org\/{rel}","templated":true}]}}