{"id":55638,"date":"2023-03-30T14:30:09","date_gmt":"2023-03-30T12:30:09","guid":{"rendered":"https:\/\/translinguoglobal.com\/servicio-de-localizacion-de-paginas-web\/"},"modified":"2023-04-20T11:44:13","modified_gmt":"2023-04-20T09:44:13","slug":"servicio-de-localizacion-de-paginas-web","status":"publish","type":"page","link":"https:\/\/translinguoglobal.com\/sv\/servicio-de-localizacion-de-paginas-web\/","title":{"rendered":"Lokaliseringstj\u00e4nst f\u00f6r webbsidor"},"content":{"rendered":"<p>Om du vill ta din produkt till en annan niv\u00e5 hj\u00e4lper <strong>lokaliseringen av webbsidor<\/strong>dig att uppn\u00e5 en st\u00f6rre r\u00e4ckvidd.<\/p>\n<p>\u00c4r du intresserad av lokaliseringen av webbsidor? Letar du efter en <strong>\u00f6vers\u00e4ttningsbyr\u00e5<\/strong>f\u00f6r det? Forts\u00e4tt l\u00e4sa den h\u00e4r artikeln om s\u00e5 \u00e4r fallet.<\/p>\n<h2><strong>Vem skulle kunna beh\u00f6va tj\u00e4nsten f\u00f6r lokalisering av webbsidor? <\/strong><\/h2>\n<p><strong>Lokaliseringen av webbplatser<\/strong> riktar sig till de personer som har ett <strong>f\u00f6retag<\/strong> eller som erbjuder en <strong>tj\u00e4nst.<\/strong><\/p>\n<p>Till exempel, <strong>sm\u00e5 eller stora f\u00f6retag<\/strong> som letar efter nya potentiella kunder eller en egenf\u00f6retagare som vill publicera sin <strong>tj\u00e4nst.<\/strong><strong>\u00a0<\/strong><\/p>\n<h2><strong>Vilken typ av dokument \u00f6vers\u00e4tts? <\/strong><\/h2>\n<p>I detta fallet talar vi om \u00f6vers\u00e4ttningstj\u00e4nster f\u00f6r <strong>lokalisering<\/strong>,men v\u00e5ra tj\u00e4nster \u00e4r bredare \u00e4n s\u00e5. V\u00e5r byr\u00e5 har tj\u00e4nster f\u00f6r href=&#8221;\/?page_id=51854&#8243;&gt;<strong>auktoriserad \u00f6vers\u00e4ttning<\/strong><strong>eller specialiserad bland annat. <\/strong><\/p>\n<p>Inom <strong>tj\u00e4nsten f\u00f6r lokalisering av webbsidor <\/strong>arbetar vi med alla typer som finns. Fr\u00e5n <strong>en institutionell webbplats eller f\u00f6retagswebbplats, till bloggar eller portaler.<\/strong><\/p>\n<h2><strong>Varf\u00f6r v\u00e4lja Translinguo Global\u00ae?<\/strong><\/h2>\n<ul>\n<li><strong>Translinguo Global\u00ae<\/strong>\u00e4r f\u00f6r n\u00e4rvarande en av <strong>\u00f6vers\u00e4ttningsbyr\u00e5erna<\/strong> med mest projektion p\u00e5 marknaden. Dessutom specialiserar sig <strong>Translinguo Global\u00ae<\/strong> p\u00e5 <strong><em>digital<\/em>marknadsf\u00f6ring<\/strong>.<\/li>\n<li>Vi \u00e4r specialiserade p\u00e5 hantering av webbplatser eftersom vi arbetar med format som strong&gt; .HTML y XML.<\/li>\n<li>Vi \u00e4r en <strong>byr\u00e5<\/strong> som kan <strong>integrera<\/strong> med program som <strong>Memsource, SDL Trados Studio eller Wordfast.<\/strong><\/li>\n<li>V\u00e5r<strong>\u00f6vers\u00e4ttningsbyr\u00e5<\/strong>bygger p\u00e5 utvecklingen av <strong>aff\u00e4rsrelationer med f\u00f6retag<\/strong> ur ett mer <strong>flexibelt och v\u00e4rdefullt perspektiv.<\/strong><\/li>\n<li><strong>Byr\u00e5n<\/strong>har <strong>modersm\u00e5lstalande proffs<\/strong>p\u00e5 flera spr\u00e5k och de som \u00e4r <strong>specialierade <\/strong> p\u00e5 ett stort antal omr\u00e5den. V\u00e5r <strong>filosofi<\/strong> \u00e4r baserad p\u00e5 <strong>punktlighet, h\u00f6gsta kvalitet&lt;d<\/strong> och <strong>oklanderlig anv\u00e4ndning av stilistiska regler <\/strong>f\u00f6r varje spr\u00e5k och text.<\/li>\n<li>Vi har mer \u00e4n <strong>10 \u00e5rs erfarenhet <\/strong> inom omr\u00e5det. Vi \u00e4r v\u00e4ldigt intresserade av <strong>v\u00e5ra kunders <\/strong>behov<\/li>\n<li>Majoriteten av v\u00e5ra kunder v\u00e4ljer oss eftersom de letar efter en <strong>service som \u00e4r<\/strong>snabb, effektiv, s\u00e4ker och av kvalitet. Vi erbjuder <strong>konkurrenskraftiga priser<\/strong>. P\u00e5 <strong>Translinguo Global\u00ae<\/strong> kommer vi alltid arbeta f\u00f6r att dina \u00f6vers\u00e4ttningar f\u00e5r f\u00e4rre repetitioner eftersom vi har program f\u00f6r detta. .<\/li>\n<\/ul>\n<h3><strong>Vilka \u00e4r<\/strong><a href=\"\/?page_id=40887\"><strong> ISO-certifieringarna<\/strong><\/a><strong>?<\/strong><\/h3>\n<p>ISO c<strong>certifieringarna <\/strong>\u00e4r en upps\u00e4ttning <strong>standarder<\/strong>som f\u00f6rs\u00e4krar att en produkt eller tj\u00e4nst har de <strong>n\u00f6dv\u00e4ndiga strong&gt; kvalitetskraven f\u00f6r kunden. N\u00e5got som \u00e4r viktigt f\u00f6r till exempel en<a href=\"\/?page_id=40733\">auktoriserad \u00f6vers\u00e4ttning<\/a>.<\/strong><\/p>\n<p><strong>Translinguo Global\u00ae<\/strong>\u00a0\u00e4r en <strong>certifierad \u00f6vers\u00e4ttningsbyr\u00e5<\/strong>. V\u00e5r byr\u00e5 har tv\u00e5 av dessa: <strong> ISO 9001 och ISO 17100.<\/strong><\/p>\n<p>\u00c5 ena sidan m\u00e4ter <strong>ISO 9001<\/strong>kvaliteten p\u00e5 f\u00f6retagt utifr\u00e5n kundens tillfredsst\u00e4llelser. N\u00e5gra av dess <strong>f\u00f6rdelar<\/strong>\u00e4r de f\u00f6ljande:<\/p>\n<p>\u2705F\u00f6retaget \u00e4r <strong>p\u00e5litligt.<\/strong><\/p>\n<p><strong>\u2705\u00d6kad oms\u00e4ttning<\/strong>.<\/p>\n<p>\u2705En <strong>f\u00f6rb\u00e4ttring<\/strong>av samh\u00e4llsbilden.<\/p>\n<p><strong>\u2705St\u00f6rre och b\u00e4ttre organisering<\/strong> inom f\u00f6retaget.<\/p>\n<p>D\u00e4remot har <strong>ISO 17100<\/strong> <strong>kvalitetsstandarderna<\/strong> inom <strong>\u00f6vers\u00e4ttningsomr\u00e5det<\/strong>. Bland de <strong>f\u00f6rdelar <\/strong>som ett f\u00f6retag f\u00e5r genom att implementera denna standard kan vi lyfta fram de f\u00f6ljande:<\/p>\n<ul>\n<li style=\"list-style-type: none;\">\n<ul>\n<li>\u00a0System av kvalitetshantering som f\u00f6renklar projektens kontroll och status.<\/li>\n<li><strong>Kvalifikationerna hos den tekniska personalen<\/strong>som deltar i projekten.<\/li>\n<\/ul>\n<\/li>\n<\/ul>\n<p>granskarens roll i alla projekt.<\/p>\n<ul>\n<li>Identifieringen och granskningen av kundens krav och projektets avslut.<\/li>\n<\/ul>\n<p>&nbsp;<\/p>\n<h2><strong>Vad erbjuder vi i lokaliseringstj\u00e4nsten f\u00f6r webbsidor? <\/strong><\/h2>\n<p>\u00c4r du intresserad av <strong>lokaliseringen av webbsidor?<\/strong>? Grattis, du \u00e4r p\u00e5 korrekt plats.<\/p>\n<p>D\u00e4rf\u00f6r r\u00e4knar <strong>Translinguo Global\u00ae<\/strong> med ett <strong> professionellt team <\/strong> som alltid f\u00f6ljer med dig i processen.Vi hj\u00e4lper dig med alla <strong>tvivel, farh\u00e5gor eller fr\u00e5gor som du kan ha <\/strong><\/p>\n<h3><strong>Hur kan du kontakta oss? <\/strong><\/h3>\n<p>Om du \u00f6nskar vill beg\u00e4ra v\u00e5r \u00f6vers\u00e4ttningstj\u00e4nst f\u00f6r lokalisering s\u00e5 tveka inte att ta kontakt med oss genom <strong> formul\u00e4ret p\u00e5 v\u00e5r webbsida, mail eller <a href=\"https:\/\/api.whatsapp.com\/send?phone=34622621527\" target=\"_blank\" rel=\"noopener\">WhatsApp<\/a><\/strong>.<\/p>\n<p>Det \u00e4r mycket l\u00e4tt att f\u00e5 \u00e5tkomst, klicka bara p\u00e5 <a href=\"\/?page_id=36018\">aqu\u00ed<\/a>. P\u00e5 s\u00e5 s\u00e4tt f\u00e5r du tillg\u00e5ng till formul\u00e4ret, e-posten och whatsapp-knappen.<\/p>\n<p>Utan <strong>skyldigheter<\/strong>, ge oss fler detaljer om ditt samr\u00e5d och vi tar kontakt s\u00e5 snabbt som m\u00f6jligt.<\/p>\n<p>M\u00e5nga f\u00f6rs\u00e4ljningar faller platt eftersom man inte vet hur man f\u00f6rmedlar inneh\u00e5llet i v\u00e5r text p\u00e5 ett l\u00e4mpligt s\u00e4tt. En d\u00e5lig lokalisering p\u00e5verkar negativt f\u00f6retagets bild. D\u00e4rf\u00f6r garanterar vi dig st\u00f6rsta m\u00f6jliga kvalitet i din \u00f6vers\u00e4ttning.<br \/>\nOm du letar efter ett s\u00e4tt att g\u00f6ra ditt f\u00f6retag eller tj\u00e4nst k\u00e4nd \u00e4r lokaliseringen av webbplatser ett m\u00e5ste. Om du \u00e4r intresserad av denna tj\u00e4nsten ska du inte chansa utan l\u00e4sa vidare.<\/p>\n<p>Genom denna service \u00f6vers\u00e4tter vi inneh\u00e5llet av din webbsida genom att anpassa den till kulturen och spr\u00e5ket f\u00f6r att erbjuda en b\u00e4ttre erfarenhet till den slutliga anv\u00e4ndaren.<\/p>\n<p>Det \u00e4r en mycket viktig <a href=\"\/?p=1753\"><strong>tj\u00e4nst<\/strong>&lt;\/a som <strong>f\u00f6rs\u00e4krar<\/strong> effekten av <strong>originaltextens<\/strong>inverkan p\u00e5 m\u00e5ltextens m\u00e5lgrupp. Om det inte utf\u00f6rs en korrekt lokalisering av produkten <strong> kommer bilden av ditt f\u00f6retag och dess f\u00f6rs\u00e4ljning p\u00e5verkas allvarligt. <\/strong><\/a><\/p>\n<p>Fr\u00e5n <strong>Translinguo Global\u00ae<\/strong> hj\u00e4lper vi dig att <strong>l\u00f6sa<\/strong> de d\u00e4r <strong>spr\u00e5kliga och kulturella barri\u00e4rerna<\/strong> och ser till att din <strong>lokalisering<\/strong> erbjuder alla <strong>n\u00f6dv\u00e4ndiga krav. &lt;\/strong<\/strong><\/p>\n<p>Att ha en <strong>professionell \u00f6vers\u00e4ttningsbyr\u00e5<\/strong> \u00e4r alltid det <strong>b\u00e4sta alternativet<\/strong> eftersom att det<strong>minskar kostnaderna betydligt, garanterar st\u00f6rre s\u00e4kerhet och dess arbetskapacitet \u00e4r st\u00f6rre. <\/strong><br \/>\n<strong>T\u00e4nk inte mer p\u00e5 det<\/strong>,kontakta oss och l\u00e5t inte v\u00e5ra tj\u00e4nster glida f\u00f6rbi.<\/p>\n<h6><strong>Du kanske ocks\u00e5 \u00e4r intresserad av andra tj\u00e4nster: <\/strong><\/h6>\n<p>.<\/p>\n","protected":false},"excerpt":{"rendered":"<p>Om du vill ta din produkt till en annan niv\u00e5 s\u00e5 hj\u00e4lper lokaliseringen av webbsidor dig att uppn\u00e5 st\u00f6rre r\u00e4ckvidd. \u00d6vers\u00e4tt din produkt f\u00f6r att f\u00f6ra den n\u00e4rmare din potentiella publik. <\/p>\n","protected":false},"author":3,"featured_media":54757,"parent":0,"menu_order":0,"comment_status":"closed","ping_status":"closed","template":"","meta":{"_crdt_document":"","inline_featured_image":false,"site-sidebar-layout":"no-sidebar","site-content-layout":"page-builder","ast-site-content-layout":"full-width-container","site-content-style":"default","site-sidebar-style":"default","ast-global-header-display":"","ast-banner-title-visibility":"","ast-main-header-display":"","ast-hfb-above-header-display":"","ast-hfb-below-header-display":"","ast-hfb-mobile-header-display":"","site-post-title":"disabled","ast-breadcrumbs-content":"","ast-featured-img":"disabled","footer-sml-layout":"","ast-disable-related-posts":"","theme-transparent-header-meta":"default","adv-header-id-meta":"","stick-header-meta":"","header-above-stick-meta":"","header-main-stick-meta":"","header-below-stick-meta":"","astra-migrate-meta-layouts":"default","ast-page-background-enabled":"default","ast-page-background-meta":{"desktop":{"background-color":"var(--ast-global-color-4)","background-image":"","background-repeat":"repeat","background-position":"center center","background-size":"auto","background-attachment":"scroll","background-type":"","background-media":"","overlay-type":"","overlay-color":"","overlay-opacity":"","overlay-gradient":""},"tablet":{"background-color":"","background-image":"","background-repeat":"repeat","background-position":"center center","background-size":"auto","background-attachment":"scroll","background-type":"","background-media":"","overlay-type":"","overlay-color":"","overlay-opacity":"","overlay-gradient":""},"mobile":{"background-color":"","background-image":"","background-repeat":"repeat","background-position":"center center","background-size":"auto","background-attachment":"scroll","background-type":"","background-media":"","overlay-type":"","overlay-color":"","overlay-opacity":"","overlay-gradient":""}},"ast-content-background-meta":{"desktop":{"background-color":"var(--ast-global-color-5)","background-image":"","background-repeat":"repeat","background-position":"center center","background-size":"auto","background-attachment":"scroll","background-type":"","background-media":"","overlay-type":"","overlay-color":"","overlay-opacity":"","overlay-gradient":""},"tablet":{"background-color":"var(--ast-global-color-5)","background-image":"","background-repeat":"repeat","background-position":"center center","background-size":"auto","background-attachment":"scroll","background-type":"","background-media":"","overlay-type":"","overlay-color":"","overlay-opacity":"","overlay-gradient":""},"mobile":{"background-color":"var(--ast-global-color-5)","background-image":"","background-repeat":"repeat","background-position":"center center","background-size":"auto","background-attachment":"scroll","background-type":"","background-media":"","overlay-type":"","overlay-color":"","overlay-opacity":"","overlay-gradient":""}},"footnotes":""},"class_list":["post-55638","page","type-page","status-publish","has-post-thumbnail","hentry"],"_links":{"self":[{"href":"https:\/\/translinguoglobal.com\/sv\/wp-json\/wp\/v2\/pages\/55638","targetHints":{"allow":["GET"]}}],"collection":[{"href":"https:\/\/translinguoglobal.com\/sv\/wp-json\/wp\/v2\/pages"}],"about":[{"href":"https:\/\/translinguoglobal.com\/sv\/wp-json\/wp\/v2\/types\/page"}],"author":[{"embeddable":true,"href":"https:\/\/translinguoglobal.com\/sv\/wp-json\/wp\/v2\/users\/3"}],"replies":[{"embeddable":true,"href":"https:\/\/translinguoglobal.com\/sv\/wp-json\/wp\/v2\/comments?post=55638"}],"version-history":[{"count":0,"href":"https:\/\/translinguoglobal.com\/sv\/wp-json\/wp\/v2\/pages\/55638\/revisions"}],"wp:featuredmedia":[{"embeddable":true,"href":"https:\/\/translinguoglobal.com\/sv\/wp-json\/wp\/v2\/media\/54757"}],"wp:attachment":[{"href":"https:\/\/translinguoglobal.com\/sv\/wp-json\/wp\/v2\/media?parent=55638"}],"curies":[{"name":"wp","href":"https:\/\/api.w.org\/{rel}","templated":true}]}}