{"id":55637,"date":"2023-03-30T14:30:08","date_gmt":"2023-03-30T12:30:08","guid":{"rendered":"https:\/\/translinguoglobal.com\/servicio-de-traduccion-especializada\/"},"modified":"2024-04-16T17:21:08","modified_gmt":"2024-04-16T15:21:08","slug":"servicio-de-traduccion-especializada","status":"publish","type":"page","link":"https:\/\/translinguoglobal.com\/sv\/servicio-de-traduccion-especializada\/","title":{"rendered":"Specialiserad \u00f6vers\u00e4ttningstj\u00e4nst"},"content":{"rendered":"<p>Specialiserad \u00f6vers\u00e4ttningstj\u00e4nst. Beh\u00f6ver du \u00f6vers\u00e4tta ett dokument av specialiserad karakt\u00e4r? P\u00e5 Translinguo Global hj\u00e4lper vi dig att \u00f6vers\u00e4tta alla dina dokument. Om du letar efter en \u00f6vers\u00e4ttning av kvalitet \u00e4r du p\u00e5 r\u00e4tt plats.<\/p>\n<p>Den <strong>specialiserade \u00f6vers\u00e4ttningen<\/strong>kr\u00e4ver en specifik k\u00e4nnedom i varje \u00e4mne. Men oroa dig inte, f\u00f6r v\u00e5r \u00f6vers\u00e4ttningsbyr\u00e5 har <strong>proffs<\/strong> som ger dig en \u00f6vers\u00e4ttning av<strong>kvalitet<\/strong>.<\/p>\n<h3><strong>Vem riktar sig den specialiserade \u00f6vers\u00e4ttningen till?<\/strong><\/h3>\n<p>Vet du inte hur du \u00f6vers\u00e4tter en <strong>akademisk titel<\/strong> f\u00f6r att be om ett stipendium i utlandet? Beh\u00f6ver du \u00f6vers\u00e4tta <strong>monteringsinstruktionernal<\/strong> f\u00f6r en produkt du har k\u00f6pt? Jobbar du inom sjukv\u00e5rden och beh\u00f6ver \u00f6vers\u00e4tta en <strong>medicinsk rapport<\/strong>? Forts\u00e4tt l\u00e4s f\u00f6r detta kommer att intressera dig.<\/p>\n<p>Den specialiserade \u00f6vers\u00e4ttningstj\u00e4nsten \u00e4r den som handlar om ett <strong>tkonkret tema<\/strong> och med en <strong>h\u00f6g teknisk grad<\/strong>. Det handlar om ett konkret \u00e4mne, med sin egen terminologi som fungerar som kommunikation mellan de som \u00e4r<strong>specialister<\/strong> p\u00e5 omr\u00e5det. D\u00e4rf\u00f6r riktar sig denna tj\u00e4nst till de som beh\u00f6ver \u00f6vers\u00e4tta komplexa dokument med mycket specifika egenskaper.<\/p>\n<p>Terminologin \u00e4r komplicerad inom den specialiserade \u00f6vers\u00e4ttningen. Dessutom utg\u00f6r dessa texter en rad utmaningar som inte alla framg\u00e5ngsrikt kan l\u00f6sa. <strong>Ta ingen risk<\/strong>och avtala om v\u00e5ra tj\u00e4nster s\u00e5 att vi hj\u00e4lper dig att g\u00f6ra s\u00e5 att \u00f6vers\u00e4ttningen \u00e4r perfekt.<\/p>\n<h3><strong>\u00c4r du inte s\u00e4ker p\u00e5 vilka dokument vi arbetar med?<\/strong><\/h3>\n<h3>P\u00e5 v\u00e5r \u00f6vers\u00e4ttningsbyr\u00e5 erbjuder vi de f\u00f6ljande tj\u00e4nsterna f\u00f6r specialiserad \u00f6vers\u00e4ttning:<\/h3>\n<p>[one_third]<\/p>\n<h6>\u2611\ufe0f\u00d6vers\u00e4ttning inom medicin och l\u00e4kemedel<\/h6>\n<p>[\/one_third]<\/p>\n<p>[one_third]<\/p>\n<h6>\u2611\ufe0fJuridisk och<a href=\"\/?page_id=51854\">auktoriserad \u00f6vers\u00e4ttning<\/a><\/h6>\n<p>[\/one_third][one_third_last]<\/p>\n<h6>\u2611\ufe0fFinansiell \u00f6vers\u00e4ttning<\/h6>\n<p>[\/one_third_last]<\/p>\n<p>[one_third]<\/p>\n<h6>\u2611\ufe0f\u00d6vers\u00e4ttning f\u00f6r arkitektur och konstruktion<\/h6>\n<p>[\/one_third][one_third]<\/p>\n<h6>\u2611\ufe0fAudiovisuell \u00f6vers\u00e4ttning<\/h6>\n<p>[\/one_third][one_third_last]<\/p>\n<h6>\u2611\ufe0fReklam\u00f6vers\u00e4ttning<\/h6>\n<p>[\/one_third_last]<\/p>\n<h3><strong>Varf\u00f6r b\u00f6r du lita p\u00e5 Translinguo?<\/strong><\/h3>\n<p>Nu n\u00e4r du vet vad du beh\u00f6ver \u00f6vers\u00e4tta kommer du att fr\u00e5ga varf\u00f6r du ska v\u00e4lja detta f\u00f6retag och inget annat.<\/p>\n<p>F\u00f6r det f\u00f6rsta b\u00f6r du veta att vi inte begr\u00e4nsar oss till den specialiserade \u00f6vers\u00e4ttningen. D\u00e4rf\u00f6r erbjuder vi ocks\u00e5 tj\u00e4nster f\u00f6r<strong>granskning<\/strong>, <strong>grafisk design<\/strong>, <strong>generell \u00f6vers\u00e4ttning<\/strong>, <strong>lokalisering<\/strong>, etc.<\/p>\n<p>F\u00f6r det andra har du h\u00e4r ett antal fakta s\u00e5 att du ska l\u00e4ra k\u00e4nna v\u00e5rt f\u00f6retag lite mer:<\/p>\n<ul>\n<li>Vi har mer \u00e4n <strong>10 \u00e5rs erfarenhet<\/strong> inom omr\u00e5det. Vi b\u00e4r m\u00e5nga \u00f6vers\u00e4ttningar p\u00e5 v\u00e5ra ryggar. Lita p\u00e5 oss f\u00f6r v\u00e5ra \u00f6vers\u00e4ttare kan sitt arbete perfekt.<\/li>\n<li>Vi prioriterar kundens tid f\u00f6re allt annat. Genom att ing\u00e5 i ett avtal med oss f\u00f6rs\u00e4krar du att du har ditt dokument \u00f6versatt inom den best\u00e4mda tiden. Vi misslyckas inte, <strong>punktligheten<\/strong> \u00e4r mycket viktig f\u00f6r oss!<\/li>\n<li>Vi arbetar<em>bara<\/em> med<strong>professionella \u00f6vers\u00e4ttare<\/strong>.Det spelar ingen roll vilken tj\u00e4nst du v\u00e4ljer. Ingen \u00f6vers\u00e4ttning motst\u00e5r v\u00e5rt team. Garanterad kvalitet.<\/li>\n<li>V\u00e5ra kunder lyfter fram v\u00e5r<strong>effektivitet<\/strong> och <strong>snabbhet<\/strong> n\u00e4r det \u00e4r dags att leverera \u00f6vers\u00e4ttningen.Dessutom v\u00e4ljer de oss f\u00f6r att vi erbjuder de <strong>b\u00e4sta priserna<\/strong>.<\/li>\n<li>Du kan snabbt hitta v\u00e5ra priser genom att klicka h\u00e4r.<\/li>\n<\/ul>\n<h3><strong>Vi har ISO-certifikationer<\/strong><\/h3>\n<p>Vi har certifikationen <a href=\"https:\/\/www.iso.org\/standard\/620855.html\" target=\"_blank\" rel=\"noopener\"><strong>ISO 9001<\/strong><\/a> och <a href=\"https:\/\/www.iso.org\/standard\/59149.html\" target=\"_blank\" rel=\"noopener\"><strong>ISO 17100<\/strong><\/a>. Detta inneb\u00e4r att v\u00e5r \u00f6vers\u00e4ttningsbyr\u00e5 styrs av&lt;strongh\u00f6ga kvalitetsstandarder. Att ha dessa certifikationer \u00e4r betydelsefullt f\u00f6r att tillhandah\u00e5lla den b\u00e4sta tj\u00e4nsten. Med andra ord kan du <strong>lita<\/strong>lhelt p\u00e5 v\u00e5rt arbete.<\/p>\n<h3><strong>Varf\u00f6r \u00e4r den specialiserade \u00f6vers\u00e4ttningstj\u00e4nsten viktig? <\/strong><\/h3>\n<p>Den specialiserade \u00f6vers\u00e4ttningstj\u00e4nsten \u00e4r viktig f\u00f6r att p\u00e5 s\u00e5 s\u00e4tt n\u00e5 ett bra, exakt och tillfredsst\u00e4llande resultat. F\u00f6r att uppn\u00e5 detta resultat har v\u00e5r \u00f6vers\u00e4ttningsbyr\u00e5 <strong>modersm\u00e5lstalande \u00f6vers\u00e4ttare<\/strong> och de som \u00e4r specialiserade p\u00e5 olika omr\u00e5den f\u00f6r att uppn\u00e5 den mest professionella \u00f6vers\u00e4ttningen.<\/p>\n<p>Dessutom har v\u00e5ra proffs en bred <strong>ordlista med terminologi<\/strong>. Ta h\u00e4nsyn till att den terminologiska kontrollen \u00e4r nyckeln f\u00f6r att \u00f6vers\u00e4tta specialiserade dokument. Men saken slutar inte d\u00e4r. Vi har proffs inom varje specialiseringsomr\u00e5de.<\/p>\n<p>Det b\u00f6r ocks\u00e5 n\u00e4mnas att du kan utforska om \u00f6vers\u00e4ttningsbyr\u00e5er p\u00e5 v\u00e5r <a href=\"\/?p=25738\">blogg<\/a>. I denna samma l\u00e4nk l\u00e4r du dig om funktionerna som varje professionell har i ett \u00f6vers\u00e4ttningsprojekt. Dessutom \u00e4r en av de viktigaste tj\u00e4nsterna som vi erbjuder <a href=\"\/?page_id=51854\">auktoriserad \u00f6vers\u00e4ttning<\/a>.<\/p>\n<form style=\"text-align: center;\"><button formaction=\"https:\/\/translinguoglobal.com\/presupuesto\/\"><strong>BEG\u00c4R BUDGET NU!<\/strong><\/button><\/form>\n<h3><strong>Vilka f\u00f6rdelar har finns det att anlita en professionell \u00f6vers\u00e4ttningsbyr\u00e5? <\/strong><\/h3>\n<p>Att anlita en professionell \u00f6vers\u00e4ttningsbyr\u00e5 inneb\u00e4r f\u00f6ljande f\u00f6rdelar:<\/p>\n<p style=\"text-align: left;\">[one_half]\u2b55Kort tid[\/one_half][one_half_last]\u2b55Kvalitetsgranskning[\/one_half_last]<\/p>\n<p style=\"text-align: left;\">[one_half]\u2b55Kvalitet p\u00e5 \u00f6vers\u00e4ttningarna[\/one_half][one_half_last]\u2b55B\u00e4sta uppm\u00e4rksamheten till kunden.[\/one_half_last]<\/p>\n<h4><strong>Vi \u00e4r alltid till er tillg\u00e4nglighet<\/strong>.<\/h4>\n<p>L\u00e4mna inte dina dokument i h\u00e4nderna p\u00e5 vem som helst och satsa p\u00e5 kvalitet och effektivitet. Du kan hyra v\u00e5ra tj\u00e4nster just nu. Det \u00e4r v\u00e4ldigt <em>enkelt<\/em>.<\/p>\n<h3><strong>Hur kan du kontakta oss?&lt;\/strong g&gt;<\/strong><\/h3>\n<p>P\u00e5 Translinguo finns vi f\u00f6r att <strong>l\u00f6sa alla dina tvivel<\/strong>.D\u00e4rf\u00f6r har vi tillg\u00e5ng till olika kommunikationss\u00e4tt. Det snabbaste s\u00e4ttet \u00e4r att klicka p\u00e5 <em>den h\u00f6gra delen<\/em> av webbsidan, p\u00e5 <strong>lloggan f\u00f6r <a href=\"https:\/\/api.whatsapp.com\/send d?phone=34622621527\" target=\"_blank\" rel=\"noopener\"><em>WhatsApp<\/em><\/a><\/strong>.S\u00e5 tar du direkt kontakt med v\u00e5rt team.<br \/>\nDu kan ocks\u00e5 skriva till oss f\u00f6r att fr\u00e5ga om varje os\u00e4kerhet som uppst\u00e5r i v\u00e5rt <a href=\"\/?page_id=36018\"><strong>formul\u00e4r<\/strong><\/a>. Men det \u00e4r inte allt, du kan ocks\u00e5 beg\u00e4ra ett\u260e\ufe0f <strong>telefonsamtal<\/strong>. Vi h\u00f6r av oss inom kort, utan \u00e5tagande.<\/p>\n<p>V\u00e4nta inte en minut till och l\u00e5t oss demonstrera varf\u00f6r v\u00e5r byr\u00e5 erbjuder den b\u00e4sta tj\u00e4nsten. <strong>Det \u00e4r i dina h\u00e4nder<\/strong>.Du kan anlita proffs, <strong>experter p\u00e5 varje omr\u00e5de<\/strong>. Eller, \u00e5 andra sidan, kan du lita p\u00e5 vem som helst som erbjuder dig ett bra resultat.<\/p>\n<h4><strong>Du kanske ocks\u00e5 \u00e4r intresserad av andra tj\u00e4nster:<\/strong><\/h4>\n","protected":false},"excerpt":{"rendered":"<p>Om din \u00f6vers\u00e4ttning kr\u00e4ver mer noggrannhet \u00e4n kreativitet \u00e4r den specialiserade \u00f6vers\u00e4ttningstj\u00e4nsten n\u00e5got f\u00f6r dig. Se till att du l\u00e4mnar ditt projekt i h\u00e4nderna p\u00e5 specialister som oss. <\/p>\n","protected":false},"author":3,"featured_media":54796,"parent":0,"menu_order":0,"comment_status":"closed","ping_status":"closed","template":"","meta":{"_crdt_document":"","inline_featured_image":false,"site-sidebar-layout":"no-sidebar","site-content-layout":"page-builder","ast-site-content-layout":"full-width-container","site-content-style":"default","site-sidebar-style":"default","ast-global-header-display":"","ast-banner-title-visibility":"","ast-main-header-display":"","ast-hfb-above-header-display":"","ast-hfb-below-header-display":"","ast-hfb-mobile-header-display":"","site-post-title":"disabled","ast-breadcrumbs-content":"","ast-featured-img":"disabled","footer-sml-layout":"","ast-disable-related-posts":"","theme-transparent-header-meta":"default","adv-header-id-meta":"","stick-header-meta":"","header-above-stick-meta":"","header-main-stick-meta":"","header-below-stick-meta":"","astra-migrate-meta-layouts":"set","ast-page-background-enabled":"default","ast-page-background-meta":{"desktop":{"background-color":"var(--ast-global-color-4)","background-image":"","background-repeat":"repeat","background-position":"center center","background-size":"auto","background-attachment":"scroll","background-type":"","background-media":"","overlay-type":"","overlay-color":"","overlay-opacity":"","overlay-gradient":""},"tablet":{"background-color":"","background-image":"","background-repeat":"repeat","background-position":"center center","background-size":"auto","background-attachment":"scroll","background-type":"","background-media":"","overlay-type":"","overlay-color":"","overlay-opacity":"","overlay-gradient":""},"mobile":{"background-color":"","background-image":"","background-repeat":"repeat","background-position":"center center","background-size":"auto","background-attachment":"scroll","background-type":"","background-media":"","overlay-type":"","overlay-color":"","overlay-opacity":"","overlay-gradient":""}},"ast-content-background-meta":{"desktop":{"background-color":"var(--ast-global-color-5)","background-image":"","background-repeat":"repeat","background-position":"center center","background-size":"auto","background-attachment":"scroll","background-type":"","background-media":"","overlay-type":"","overlay-color":"","overlay-opacity":"","overlay-gradient":""},"tablet":{"background-color":"var(--ast-global-color-5)","background-image":"","background-repeat":"repeat","background-position":"center center","background-size":"auto","background-attachment":"scroll","background-type":"","background-media":"","overlay-type":"","overlay-color":"","overlay-opacity":"","overlay-gradient":""},"mobile":{"background-color":"var(--ast-global-color-5)","background-image":"","background-repeat":"repeat","background-position":"center center","background-size":"auto","background-attachment":"scroll","background-type":"","background-media":"","overlay-type":"","overlay-color":"","overlay-opacity":"","overlay-gradient":""}},"footnotes":""},"class_list":["post-55637","page","type-page","status-publish","has-post-thumbnail","hentry"],"_links":{"self":[{"href":"https:\/\/translinguoglobal.com\/sv\/wp-json\/wp\/v2\/pages\/55637","targetHints":{"allow":["GET"]}}],"collection":[{"href":"https:\/\/translinguoglobal.com\/sv\/wp-json\/wp\/v2\/pages"}],"about":[{"href":"https:\/\/translinguoglobal.com\/sv\/wp-json\/wp\/v2\/types\/page"}],"author":[{"embeddable":true,"href":"https:\/\/translinguoglobal.com\/sv\/wp-json\/wp\/v2\/users\/3"}],"replies":[{"embeddable":true,"href":"https:\/\/translinguoglobal.com\/sv\/wp-json\/wp\/v2\/comments?post=55637"}],"version-history":[{"count":0,"href":"https:\/\/translinguoglobal.com\/sv\/wp-json\/wp\/v2\/pages\/55637\/revisions"}],"wp:featuredmedia":[{"embeddable":true,"href":"https:\/\/translinguoglobal.com\/sv\/wp-json\/wp\/v2\/media\/54796"}],"wp:attachment":[{"href":"https:\/\/translinguoglobal.com\/sv\/wp-json\/wp\/v2\/media?parent=55637"}],"curies":[{"name":"wp","href":"https:\/\/api.w.org\/{rel}","templated":true}]}}