{"id":55636,"date":"2023-03-30T14:30:07","date_gmt":"2023-03-30T12:30:07","guid":{"rendered":"https:\/\/translinguoglobal.com\/servicio-de-revision-de-textos-y-estilo-proofreading\/"},"modified":"2023-04-04T13:54:21","modified_gmt":"2023-04-04T11:54:21","slug":"servicio-de-revision-de-textos-y-estilo-proofreading","status":"publish","type":"page","link":"https:\/\/translinguoglobal.com\/sv\/servicio-de-revision-de-textos-y-estilo-proofreading\/","title":{"rendered":"Tj\u00e4nst f\u00f6r korrekturl\u00e4sning (Proofreading)"},"content":{"rendered":"<p><strong>TJ\u00c4NST F\u00d6R KORREKTURL\u00c4SNING (<em>PROOFREADING<\/em>)<\/strong><\/p>\n<p>Vill du f\u00f6rs\u00e4kra att du f\u00e5r h\u00f6gsta kvalitet p\u00e5 dina texter? Vill du vara s\u00e4ker p\u00e5 att dinna texter inte inneh\u00e5ller ett enda misstag? P\u00e5 Translinguo Global\u00ae prioriterar vi <strong>texternas kvalitet <\/strong>, och d\u00e4rf\u00f6r erbjuder vi <strong>en tj\u00e4nst f\u00f6r korrekturl\u00e4sning eller<em>proofreading<\/em><\/strong> f\u00f6r att garantera att din \u00f6vers\u00e4ttning blir framg\u00e5ngsrik.<\/p>\n<h2><strong>Till vem riktar sig tj\u00e4nsten f\u00f6r korrekturl\u00e4sning eller <em>proofreading<\/em>?<\/strong><\/h2>\n<p>Denna tj\u00e4nst \u00e4r riktad till alla som vill<strong>garantera en bra kvalitet<\/strong>vid levereringen av sina texter.<\/p>\n<p>Om du <strong>studerar<\/strong> och ska presentera ett projekt eller en doktorsavhandling \u00e4r det viktigt att dina \u00f6vers\u00e4ttningar har kvalitet. Detta kommer ha stor betydelse f\u00f6r ditt slutresultat och din framtid som doktorand. P\u00e5 Translinguo, ger vi dig<strong>tryggheten<\/strong>att din \u00f6vers\u00e4ttning \u00e4r granskad och inte inneh\u00e5ller ett enda misstag.<\/p>\n<p>I en tid d\u00e4r<strong>efterredigering<\/strong> ing\u00e5r i dagordningen \u00e4r denna tj\u00e4nst avg\u00f6rande f\u00f6r att s\u00e4kerst\u00e4lla en bra text. <strong>Granskningarna<\/strong> utf\u00f6rs <strong>pav proffs<\/strong> inom omr\u00e5det som kan garantera h\u00f6g kvalitet. <\/p>\n<p>P\u00e5 s\u00e5 s\u00e4tt ser vi till att det inte kommer att finnas n\u00e5gon typ av grammatiskt fel eller stavningsfel, etc. Dessutom ser vi till att texten \u00e4r sammanh\u00e4ngande och flytande. <\/p>\n<p>Det \u00e4r d\u00e4rf\u00f6r vi rekommenderar att anlita denna tj\u00e4nst till alla de som vill<strong>garantera texter av kvalitet. <\/strong><strong> <\/strong><\/p>\n<h2><strong>Vilken typ av texter \u00f6vers\u00e4tter vi?<\/strong><\/h2>\n<p><strong>P\u00e5  Translinguo Global arbetar vi med m\u00e5nga olika typer av texter. De som ofta kr\u00e4ver denna korrekturl\u00e4sningstj\u00e4nst \u00e4r:<\/strong><\/p>\n<ul>\n<li><strong>Universitetsprojekt och avhandlingar<\/strong><\/li>\n<li><strong>Webbinnhe\u00e5ll<\/strong><\/li>\n<li>Journalistiska, juridiska, kulturella, informativa, litter\u00e4ra och kommersiella texter<\/li>\n<li>Texter gjorda av automatiska \u00f6vers\u00e4ttare(efterredigering)<\/li>\n<li>De <a href=\"\/?page_id=40733\">auktoriserade \u00f6vers\u00e4ttningarna<\/a><\/li>\n<\/ul>\n<h2><strong>Varf\u00f6r b\u00f6r du lita p\u00e5 Translinguo?<\/strong><\/h2>\n<p><strong>Translinguo Global\u00ae<\/strong> \u00e4r ett \u00f6vers\u00e4ttningsf\u00f6retag som har mer \u00e4n 10 \u00e5rs erfarenhet inom sektorn. <\/p>\n<p>Dessutom har Translinguo ett team som \u00e4r experter p\u00e5 sitt arbete, med professionella \u00f6vers\u00e4ttare som g\u00f6r att vi kan garantera \u00f6verl\u00e4gsen kvalitet p\u00e5 texterna. <\/p>\n<p>Som f\u00f6retag v\u00e4rdes\u00e4tter vi kundernas tid h\u00f6gst av allt, s\u00e5 punktlighet \u00e4r av st\u00f6rsta vikt f\u00f6r oss. Genom att anlita oss ser du till att du f\u00e5r dina texter inom de \u00f6verenskommna tiderna. V\u00e5ra kunder lyfter fram v\u00e5r snabbhet och effektivitet. <\/p>\n<p><strong>Dessutom erbjuder vi konkurrenskraftiga priser och avgifter<\/strong><\/p>\n<p>Vi b\u00f6r lyfta fram att<strong>Translinguo Global\u00ae<\/strong> har <strong>ISO-certifieringar<\/strong>, som garanterar att \u00f6vers\u00e4ttningsbyr\u00e5n f\u00f6ljer processer av h\u00f6g kvalitet, <\/p>\n<h2><strong>Vilka \u00e4r ISO-certifieringarna?<\/strong><\/h2>\n<p>Dessa certifieringar fr\u00e5n Internationella standardiseringsorganisationen (ISO) visar att \u00f6vers\u00e4ttningsbyr\u00e5n har ett <strong>kontrollsystem av kvalitet<\/strong>.<\/p>\n<ul>\n<li>\u00c5 ena sidan \u00e4r certifieringen <strong>ISO 9001<\/strong> den mest erk\u00e4nda standarden i v\u00e4rlden f\u00f6r <strong>kvalitetshantering<\/strong>. Den garanterar v\u00e5r f\u00f6rm\u00e5ga att erbjuda <strong>produkter och tj\u00e4nster av kvalitet<\/strong>.<\/li>\n<li>\u00c5 andra sidan intygar <strong>ISO 17100<\/strong> att vi uppfyller kraven som beh\u00f6vs f\u00f6r att tillhandah\u00e5lla <strong>\u00f6vers\u00e4ttningar av kvalitet<\/strong>. Denna standard f\u00f6rpliktar oss att arbeta enbart med \u00f6vers\u00e4ttare som f\u00f6rser oss med certifierade dokument om dess kompetens. Den f\u00f6rpliktar oss ocks\u00e5 att presentera en <strong>professionell granskarel<\/strong> f\u00f6r att f\u00f6rs\u00e4kra ett bra resultat.<\/li>\n<\/ul>\n<h3><strong>P\u00e5 denna \u00f6vers\u00e4ttningsbyr\u00e5 erbjuder vi en tj\u00e4nst f\u00f6r korrekturl\u00e4sning (<em>proofreading<\/em>). <\/strong><\/h3>\n<h4><strong>Vad \u00e4r<em>proofreading<\/em>?<\/strong><\/h4>\n<p> <em>Proofreading<\/em> \u00e4r en slutlig granskning efter den egentliga granskningen av texten. Syftet \u00e4r att kontrollera att texten inte har bland annat formateringsfel, stilistiska, grammatiska syntaktiska eller ortotypografiska fel. <\/p>\n<p>I det h\u00e4r steget hittar vi fel som inte tidigare har uppt\u00e4ckts.  <strong>R\u00e4ttningen och granskningen av texter<\/strong> \u00e4r en av de viktigaste uppgifterna innan inl\u00e4mningen av ett projekt. Bara p\u00e5 s\u00e5 s\u00e4tt kan vi garantera att en text \u00e4r perfekt. <\/p>\n<h4><strong>Varf\u00f6r \u00e4r denna tj\u00e4nst f\u00f6r korrekturl\u00e4sning viktig?<\/strong><\/h4>\n<p>Denna <a href=\"\/?p=50426\">tj\u00e4nst<\/a> ansvarar f\u00f6r att uppr\u00e4tth\u00e5lla en h\u00f6g kvalitet i texterna och f\u00f6rhindrar att de inneh\u00e5ller fel n\u00e4r de levereras. Inom <strong>\u00f6vers\u00e4ttning eller redaktion<\/strong> av texter \u00e4r det normalt att n\u00e5got fel alltid f\u00f6rbises. <\/p>\n<p>Dessutom har<strong>efterredigering<\/strong> blivit allt vanligare, vilket g\u00f6r att vi inser vikten av denna tj\u00e4nst, eftersom det alltid \u00e4r viktigt att en professionell \u00f6vers\u00e4ttare ser v\u00e5ra tj\u00e4nster. <\/p>\n<p>D\u00e4rf\u00f6r \u00e4r det ganska viktigt att l\u00e5ta av en annan professionell korrekturl\u00e4sa dina texter. P\u00e5 Translinguo ser vi till att dina texter inte inneh\u00e5ller n\u00e5got fel, och p\u00e5 s\u00e5 s\u00e4tt garanterar vi den b\u00e4sta kvaliteten.<\/p>\n<h3><strong>Hur kan du kontakta oss? <\/strong><\/h3>\n<p>P\u00e5 Translinguo finns vi f\u00f6r att <strong>l\u00f6sa alla dina tvivel<\/strong>. Tveka inte att ta kontakt via de<a href=\"\/?page_id=36018\">olika snabba och enkla kommunikationss\u00e4tt<\/a>.<\/p>\n<p>Du kan kontakta oss via <a href=\"https:\/\/api.whatsapp.com\/send?phone=34622621527\" target=\"_blank\" rel=\"noopener\"><strong>WhatsApp<\/strong><\/a>, rellenando un <strong>formulario<\/strong> o por <strong>llamada telef\u00f3nica<\/strong>. P\u00e5 s\u00e5 s\u00e4tt f\u00e5r du omedelbart kontakt med v\u00e5rt team. <\/p>\n<p><strong>V\u00e4nta inte l\u00e4ngre och l\u00e5t oss hj\u00e4lpa dig<\/strong>s\u00e5 att alla dina texter har h\u00f6gsta kvalitet f\u00f6r att f\u00e5 ut det mesta av dem. D\u00e4rf\u00f6r uppmanar vi dig att anlita v\u00e5ra tj\u00e4nster. Vi garanterar dig ett bra resultat, du kommer inte att \u00e5ngra dig!<\/p>\n<h6><strong>Du kanske ocks\u00e5 \u00e4r intresserad av andra tj\u00e4nster:<\/strong><\/h6>\n","protected":false},"excerpt":{"rendered":"<p>P\u00e5 Translinguo Global\u00ae prioriterar vi kvaliteten, och det \u00e4r d\u00e4rf\u00f6r som korrekturl\u00e4sningen \u00e4r det sista steget f\u00f6r att garantera att din \u00f6vers\u00e4ttning blir framg\u00e5ngsrik. L\u00e5t oss r\u00e5da dig att utesluta fel och bekr\u00e4fta att \u00f6vers\u00e4ttningen \u00e4r trogen originaltexten.<\/p>\n","protected":false},"author":3,"featured_media":54800,"parent":0,"menu_order":0,"comment_status":"closed","ping_status":"closed","template":"","meta":{"_crdt_document":"","inline_featured_image":false,"site-sidebar-layout":"no-sidebar","site-content-layout":"page-builder","ast-site-content-layout":"full-width-container","site-content-style":"default","site-sidebar-style":"default","ast-global-header-display":"","ast-banner-title-visibility":"","ast-main-header-display":"","ast-hfb-above-header-display":"","ast-hfb-below-header-display":"","ast-hfb-mobile-header-display":"","site-post-title":"disabled","ast-breadcrumbs-content":"","ast-featured-img":"disabled","footer-sml-layout":"","ast-disable-related-posts":"","theme-transparent-header-meta":"default","adv-header-id-meta":"","stick-header-meta":"","header-above-stick-meta":"","header-main-stick-meta":"","header-below-stick-meta":"","astra-migrate-meta-layouts":"default","ast-page-background-enabled":"default","ast-page-background-meta":{"desktop":{"background-color":"var(--ast-global-color-4)","background-image":"","background-repeat":"repeat","background-position":"center center","background-size":"auto","background-attachment":"scroll","background-type":"","background-media":"","overlay-type":"","overlay-color":"","overlay-opacity":"","overlay-gradient":""},"tablet":{"background-color":"","background-image":"","background-repeat":"repeat","background-position":"center center","background-size":"auto","background-attachment":"scroll","background-type":"","background-media":"","overlay-type":"","overlay-color":"","overlay-opacity":"","overlay-gradient":""},"mobile":{"background-color":"","background-image":"","background-repeat":"repeat","background-position":"center center","background-size":"auto","background-attachment":"scroll","background-type":"","background-media":"","overlay-type":"","overlay-color":"","overlay-opacity":"","overlay-gradient":""}},"ast-content-background-meta":{"desktop":{"background-color":"var(--ast-global-color-5)","background-image":"","background-repeat":"repeat","background-position":"center center","background-size":"auto","background-attachment":"scroll","background-type":"","background-media":"","overlay-type":"","overlay-color":"","overlay-opacity":"","overlay-gradient":""},"tablet":{"background-color":"var(--ast-global-color-5)","background-image":"","background-repeat":"repeat","background-position":"center center","background-size":"auto","background-attachment":"scroll","background-type":"","background-media":"","overlay-type":"","overlay-color":"","overlay-opacity":"","overlay-gradient":""},"mobile":{"background-color":"var(--ast-global-color-5)","background-image":"","background-repeat":"repeat","background-position":"center center","background-size":"auto","background-attachment":"scroll","background-type":"","background-media":"","overlay-type":"","overlay-color":"","overlay-opacity":"","overlay-gradient":""}},"footnotes":""},"class_list":["post-55636","page","type-page","status-publish","has-post-thumbnail","hentry"],"_links":{"self":[{"href":"https:\/\/translinguoglobal.com\/sv\/wp-json\/wp\/v2\/pages\/55636","targetHints":{"allow":["GET"]}}],"collection":[{"href":"https:\/\/translinguoglobal.com\/sv\/wp-json\/wp\/v2\/pages"}],"about":[{"href":"https:\/\/translinguoglobal.com\/sv\/wp-json\/wp\/v2\/types\/page"}],"author":[{"embeddable":true,"href":"https:\/\/translinguoglobal.com\/sv\/wp-json\/wp\/v2\/users\/3"}],"replies":[{"embeddable":true,"href":"https:\/\/translinguoglobal.com\/sv\/wp-json\/wp\/v2\/comments?post=55636"}],"version-history":[{"count":0,"href":"https:\/\/translinguoglobal.com\/sv\/wp-json\/wp\/v2\/pages\/55636\/revisions"}],"wp:featuredmedia":[{"embeddable":true,"href":"https:\/\/translinguoglobal.com\/sv\/wp-json\/wp\/v2\/media\/54800"}],"wp:attachment":[{"href":"https:\/\/translinguoglobal.com\/sv\/wp-json\/wp\/v2\/media?parent=55636"}],"curies":[{"name":"wp","href":"https:\/\/api.w.org\/{rel}","templated":true}]}}