{"id":55635,"date":"2023-03-30T14:30:06","date_gmt":"2023-03-30T12:30:06","guid":{"rendered":"https:\/\/translinguoglobal.com\/traduccion-del-curriculum\/"},"modified":"2023-04-04T13:54:42","modified_gmt":"2023-04-04T11:54:42","slug":"traduccion-del-curriculum","status":"publish","type":"page","link":"https:\/\/translinguoglobal.com\/sv\/traduccion-del-curriculum\/","title":{"rendered":"\u00d6vers\u00e4ttning av CV:n"},"content":{"rendered":"<p><strong> <\/strong><strong>Funderar du p\u00e5 att skicka in ditt CV och du har \u00e4nnu inte \u00f6versatt det? <\/strong>Om det \u00e4r s\u00e5 \u00e4r detta din plats. P\u00e5 Translinguo erbjuder vi dig \u00f6vers\u00e4ttning av CV:n s\u00e5 att du kan <strong>ut\u00f6ka ditt utbud av arbetsm\u00f6jligheter<\/strong>. L\u00e5t inte denna m\u00f6jlighet glida f\u00f6rbi, vi hj\u00e4lper dig. <\/p>\n<h2><strong>Vem riktar sig \u00f6vers\u00e4ttningen av CV:n till? <\/strong><\/h2>\n<p>Om du \u00e4r <strong>student<\/strong>och vill forts\u00e4tta dina<strong>studier i utlandet<\/strong>och du vill ans\u00f6ka om ett <strong>stipendium<\/strong> \u00e4r det n\u00f6dv\u00e4ndigt att ditt CV \u00e4r \u00f6versatt.<\/p>\n<p>P\u00e5 samma s\u00e4tt, om du \u00e4r intresserad av att <strong>leta efter jobb<\/strong>, oavsett om du \u00e4r utomlands eller inte, betyder det mycket att ha ett \u00f6versatt CV. Det g\u00f6r att du<strong>sticker ut bland de andra<\/strong>. Det \u00e4r s\u00e5 eftersom de <strong>stora multinationella f\u00f6retagen<\/strong>faller mer f\u00f6r de kandidater med ett CV p\u00e5 ett annat spr\u00e5k. <\/p>\n<h2><strong>Vilken typ av texter \u00f6vers\u00e4tter vi? <\/strong><\/h2>\n<p>V\u00e5r \u00f6vers\u00e4ttningsbyr\u00e5 erbjuder de b\u00e4sta tj\u00e4nsterna. Vi har de n\u00f6dv\u00e4ndiga tekniska medierna f\u00f6r att kunna utf\u00f6ra <strong>vilken \u00f6vers\u00e4ttning som helst<\/strong> oavsett format. <\/p>\n<p>Vi kan \u00f6vers\u00e4tta <strong>alla typer av texter<\/strong>. Inte bara \u00f6vers\u00e4ttningar som kan hj\u00e4lpa dig att hitta ditt dr\u00f6mjobb, som till exempel \u00f6vers\u00e4ttningstj\u00e4nster f\u00f6r CV:n, introduktionsbrev, motivationsbrev, etc. Utan \u00e4ven <a href=\"\/f=\"\/?page_id=40733\">auktoriserade \u00f6vers\u00e4ttningar<\/a>, specialiserade \u00f6vers\u00e4ttningar, juridiska \u00f6vers\u00e4ttningar, lokalisering av webbsidor, osv. <\/p>\n<h2><strong>Varf\u00f6r b\u00f6r du lita p\u00e5 Translinguo?<\/strong><\/h2>\n<p>Translinguo Global \u00e4r \u00f6vers\u00e4ttningsbyr\u00e5n i Madrid med mest projektion. Vi har tj\u00e4nster f\u00f6r \u00f6vers\u00e4ttning och y <em>digital<\/em> marknadsf\u00f6ring b\u00e5de f\u00f6r f\u00f6retag och f\u00f6r individer. <\/p>\n<p>V\u00e5r \u00f6vers\u00e4ttningsbyr\u00e5 \u00e4r baserad p\u00e5 n\u00e5gra<strong>principer och v\u00e4rderingar<\/strong> som g\u00f6r att vi har s\u00e5 mycket <strong>framg\u00e5ng<\/strong> och ett <strong>perspektiv f\u00f6r konstant tillv\u00e4xt<\/strong>.<\/p>\n<p>Det b\u00f6r dessutom n\u00e4mnas att vi, tack vare v\u00e5r anstr\u00e4ngning och v\u00e5r uth\u00e5llighet, har tillg\u00e5ng till <strong>ISO 9001<\/strong> och <strong>ISO 17100<\/strong>.Det vill s\u00e4ga, v\u00e5ra ledningsprocesser f\u00f6ljer h\u00f6ga kvalitetsstandarder. <\/p>\n<p>Vi m\u00e5ste ocks\u00e5 n\u00e4mna andra drag som g\u00f6r oss unika:<\/p>\n<ul>\n<li>V\u00e5r \u00f6vers\u00e4ttningsf\u00f6retag bygger p\u00e5<strong>punktlighet<\/strong>, vi lovar att utf\u00f6ra \u00f6vers\u00e4ttningarna p\u00e5 kortast m\u00f6jliga tid.De fastsyt\u00e4llda tidsfristerna \u00e4r viktiga f\u00f6r oss. Dessutom har vi tillg\u00e5ng till en specialiserad \u00f6vers\u00e4ttningstj\u00e4nst  i <strong>alla tidszoner<\/strong>. Vi har \u00f6vers\u00e4ttare i hela v\u00e4rlden. <\/li>\n<li>Vi har <strong>\u00f6vers\u00e4ttare som \u00e4r specialiserade<\/strong>inom en m\u00e4ngd olika omr\u00e5den s\u00e5 att dina \u00f6vers\u00e4ttningar f\u00e5r h\u00f6gsta m\u00f6jliga kvalitet.Det b\u00f6r till exempel n\u00e4mnas att de <a href=\"\/?page_id=40733\">auktoriserade \u00f6vers\u00e4ttningarna<\/a> lutf\u00f6rs av en auktoriserad \u00f6vers\u00e4ttare. Dessutom har vi <strong>modersm\u00e5lstalande \u00f6vers\u00e4ttare <\/strong>som g\u00f6r att ditt CV \u00e4r mer naturligt f\u00f6r l\u00e4saren.<\/li>\n<li>Vi \u00e4r en \u00f6vers\u00e4ttningsbyr\u00e5 med mer \u00e4n 10 \u00e5rs erfarenhet. Vi har arbetat inom denna sektorn med olika branscher. <\/li>\n<li>Vi \u00e4r ett f\u00f6retaf som t\u00e4nker p\u00e5 v\u00e5ra kunder, <strong>vi anpassar oss till dina behov<\/strong>.D\u00e4rf\u00f6r utf\u00f6r vi en personlig och optimerad \u00f6vers\u00e4ttning av CV:n. V\u00e5ra kunder \u00e4r alltid <strong>n\u00f6jda<\/strong> med v\u00e5ra \u00f6vers\u00e4ttningar. De rekommenderar inte bara oss f\u00f6r v\u00e5r snabbhet utan \u00e4ven f\u00f6r de fantastiska resultaten.<\/li>\n<li>Priserna f\u00f6r v\u00e5ra \u00f6vers\u00e4ttningar \u00e4r transparenta och konkurrenskraftiga. Vi erbjuder det b\u00e4sta priset och den h\u00f6gsta kvaliteten.<\/li>\n<\/ul>\n<h2><strong>Vilka \u00e4r ISO-certifieringarna?<\/strong><\/h2>\n<p>ISO-certifieringarna (<em>International Organization for Standarization<\/em>) \u00e4r dokument som bevisar att v\u00e5rt f\u00f6retag <strong>\u00f6verensst\u00e4mmer till punkt och pricka med en ISO-standard<\/strong>.I detta fall f\u00f6ljer v\u00e5rt f\u00f6retag standarderna ISO 9001 och ISO 17100.<\/p>\n<ul>\n<li>\n<h4><strong>Vad \u00e4r ISO 9001? <\/strong><\/h4>\n<\/li>\n<\/ul>\n<p>Det \u00e4r den standarden f\u00f6r<strong>kvalitetsstyrning<\/strong> med mest k\u00e4nnedom i hela v\u00e4rlden. Det \u00e4r en internationell standard som m\u00e4ter f\u00f6retagets kvalitet utifr\u00e5n <strong>kundens tillfredsst\u00e4llelse<\/strong>. \u00c5 andra sidan m\u00e4ter den f\u00f6rm\u00e5gan att erbjuda produkter och tj\u00e4nster som uppfyller vissa krav. <\/p>\n<ul>\n<li>\n<h4><strong>Vad \u00e4r ISO 17100?<\/strong><\/h4>\n<\/li>\n<\/ul>\n<p>Det \u00e4r en europeisk standard som samlar in <strong>kvalitetsstandarderna<\/strong> <strong>f\u00f6r \u00f6vers\u00e4ttningsverksamheten<\/strong>. Som konsekvens av denna standard \u00e4r vi skyldiga att endast arbeta med: <\/p>\n<ul>\n<li>\u00d6vers\u00e4ttare som kan uppvisa<strong>certfierade dokument<\/strong>om deras kompetens inom \u00f6vers\u00e4ttning och tolkning.<\/li>\n<li>\u00d6vers\u00e4ttare som \u00e4r <strong>specialiserade<\/strong> p\u00e5 ett konkret omr\u00e5de.<\/li>\n<li>\u00d6vers\u00e4ttare med <strong>erfarenhet<\/strong>p\u00e5 mer \u00e4n fem \u00e5r som professionell \u00f6vers\u00e4ttare.<\/li>\n<\/ul>\n<h2><strong>Vad erbjuder vi inom \u00f6vers\u00e4ttningstj\u00e4nsten f\u00f6r CV:n? <\/strong><\/h2>\n<p>Inom denna tj\u00e4nst hj\u00e4lper vi dig att \u00f6vers\u00e4tta ditt CV p\u00e5 ett professionellt s\u00e4tt <strong>genom att anpassa det<\/strong>till CV-formaten i varje land. Att ha ett <a href=\"\/?p=52768\">v\u00e4lskrivet CVo<\/a> \u00e4r nyckeln, men att ha det \u00f6versatt <strongskiljer dig fr\u00e5n resten<\/strong>. En bra \u00f6vers\u00e4ttning av ditt CV kan vara anledningen till att du b\u00f6rjar arbeta p\u00e5 <strong>det jobbet d\u00e4r du alltid har velat vara<\/strong>.<\/p>\n<p>Att ha en \u00f6vers\u00e4ttningsbyr\u00e5 f\u00f6r \u00f6vers\u00e4ttning av CV:n \u00e4r mycket viktigt. Du sparar tid och kraft, vilket leder till att du <strong>sparar pengar<\/strong>.<\/p>\n<p>I detta fallet \u00e4r det avg\u00f6rande f\u00f6r din framtida karri\u00e4r om \u00f6vers\u00e4ttningen \u00e4r bra eller d\u00e5lig. P\u00e5 Translinguo <strong>hj\u00e4lper vi v\u00e5ra kunder<\/strong> genom att erbjuda dem en \u00f6vers\u00e4ttning av kvalitet.<\/p>\n<h4><strong>L\u00e5t inte denna m\u00f6jlighet glida iv\u00e4g! Det \u00e4r v\u00e4ldigt l\u00e4tt att kontakta oss. <\/strong><\/h4>\n<ul>\n<li>Fyll i <a href=\"\/?page_id=36018\">formul\u00e4ret<\/a> nedan.<\/li>\n<li>Tryck p\u00e5 knappen f\u00f6r <a href=\"https:\/\/api.whatsapp.com\/send?phone=34622621527\" target=\"_blank\" rel=\"noopener\"><em>WhatsApp<\/em><\/a> till h\u00f6ger.<\/li>\n<li>Ring oss (+34 911232763) (+34622621527)\n<\/li>\n<\/ul>\n<p>Idag finns det m\u00e5nga f\u00f6rs\u00e4ljningar som faller platt f\u00f6r att \u00f6vers\u00e4ttningarna inte \u00e4r tillr\u00e4ckligt professionella. F\u00f6r att detta inte ska h\u00e4nda och f\u00f6r att du ska f\u00e5 ett <strong>professionellt CV med utm\u00e4rkt kvalitet s\u00e5 kontakta oss<\/strong>.<\/p>\n<h6><strong>Det kan h\u00e4nda att du ocks\u00e5 \u00e4r intresserad av andra tj\u00e4nster: <\/strong><\/h6>\n<p style=\"text-align: center;\"><a href=\"\/?page_id=35461\"><button style=\"background: #de183d;\">Skicka oss ditt CV<\/button><\/a><\/p>\n","protected":false},"excerpt":{"rendered":"<p>Vill du ta ett stort steg i din yrkeskarri\u00e4r? P\u00e5 Translinguo Global\u00ae erbjuder vi \u00f6vers\u00e4ttningstj\u00e4nsten f\u00f6r CV:n s\u00e5 att du kan arbeta utomlands och \u00f6ppna upp o\u00e4ndliga arbetsm\u00f6jligheter. V\u00e4nta inte l\u00e4ngre och hoppa in i nya m\u00f6jligheter, vi kommer att f\u00f6lja med dig. <\/p>\n","protected":false},"author":3,"featured_media":54804,"parent":0,"menu_order":0,"comment_status":"closed","ping_status":"closed","template":"","meta":{"_crdt_document":"","inline_featured_image":false,"site-sidebar-layout":"default","site-content-layout":"default","ast-site-content-layout":"default","site-content-style":"default","site-sidebar-style":"default","ast-global-header-display":"","ast-banner-title-visibility":"","ast-main-header-display":"","ast-hfb-above-header-display":"","ast-hfb-below-header-display":"","ast-hfb-mobile-header-display":"","site-post-title":"","ast-breadcrumbs-content":"","ast-featured-img":"","footer-sml-layout":"","ast-disable-related-posts":"","theme-transparent-header-meta":"default","adv-header-id-meta":"","stick-header-meta":"","header-above-stick-meta":"","header-main-stick-meta":"","header-below-stick-meta":"","astra-migrate-meta-layouts":"default","ast-page-background-enabled":"default","ast-page-background-meta":{"desktop":{"background-color":"var(--ast-global-color-4)","background-image":"","background-repeat":"repeat","background-position":"center center","background-size":"auto","background-attachment":"scroll","background-type":"","background-media":"","overlay-type":"","overlay-color":"","overlay-opacity":"","overlay-gradient":""},"tablet":{"background-color":"","background-image":"","background-repeat":"repeat","background-position":"center center","background-size":"auto","background-attachment":"scroll","background-type":"","background-media":"","overlay-type":"","overlay-color":"","overlay-opacity":"","overlay-gradient":""},"mobile":{"background-color":"","background-image":"","background-repeat":"repeat","background-position":"center center","background-size":"auto","background-attachment":"scroll","background-type":"","background-media":"","overlay-type":"","overlay-color":"","overlay-opacity":"","overlay-gradient":""}},"ast-content-background-meta":{"desktop":{"background-color":"var(--ast-global-color-5)","background-image":"","background-repeat":"repeat","background-position":"center center","background-size":"auto","background-attachment":"scroll","background-type":"","background-media":"","overlay-type":"","overlay-color":"","overlay-opacity":"","overlay-gradient":""},"tablet":{"background-color":"var(--ast-global-color-5)","background-image":"","background-repeat":"repeat","background-position":"center center","background-size":"auto","background-attachment":"scroll","background-type":"","background-media":"","overlay-type":"","overlay-color":"","overlay-opacity":"","overlay-gradient":""},"mobile":{"background-color":"var(--ast-global-color-5)","background-image":"","background-repeat":"repeat","background-position":"center center","background-size":"auto","background-attachment":"scroll","background-type":"","background-media":"","overlay-type":"","overlay-color":"","overlay-opacity":"","overlay-gradient":""}},"footnotes":""},"class_list":["post-55635","page","type-page","status-publish","has-post-thumbnail","hentry"],"_links":{"self":[{"href":"https:\/\/translinguoglobal.com\/sv\/wp-json\/wp\/v2\/pages\/55635","targetHints":{"allow":["GET"]}}],"collection":[{"href":"https:\/\/translinguoglobal.com\/sv\/wp-json\/wp\/v2\/pages"}],"about":[{"href":"https:\/\/translinguoglobal.com\/sv\/wp-json\/wp\/v2\/types\/page"}],"author":[{"embeddable":true,"href":"https:\/\/translinguoglobal.com\/sv\/wp-json\/wp\/v2\/users\/3"}],"replies":[{"embeddable":true,"href":"https:\/\/translinguoglobal.com\/sv\/wp-json\/wp\/v2\/comments?post=55635"}],"version-history":[{"count":0,"href":"https:\/\/translinguoglobal.com\/sv\/wp-json\/wp\/v2\/pages\/55635\/revisions"}],"wp:featuredmedia":[{"embeddable":true,"href":"https:\/\/translinguoglobal.com\/sv\/wp-json\/wp\/v2\/media\/54804"}],"wp:attachment":[{"href":"https:\/\/translinguoglobal.com\/sv\/wp-json\/wp\/v2\/media?parent=55635"}],"curies":[{"name":"wp","href":"https:\/\/api.w.org\/{rel}","templated":true}]}}