{"id":55634,"date":"2023-03-30T14:30:05","date_gmt":"2023-03-30T12:30:05","guid":{"rendered":"https:\/\/translinguoglobal.com\/diseno-y-creacion-de-paginas-web\/"},"modified":"2023-04-04T13:55:00","modified_gmt":"2023-04-04T11:55:00","slug":"diseno-y-creacion-de-paginas-web","status":"publish","type":"page","link":"https:\/\/translinguoglobal.com\/sv\/diseno-y-creacion-de-paginas-web\/","title":{"rendered":"Design och skapande av webbsidor"},"content":{"rendered":"<blockquote><p>\u00abOm ditt f\u00f6retag inte finns p\u00e5 internet existerar inte f\u00f6retaget\u00bb<br \/>\nBILL GATES<\/p><\/blockquote>\n<h3 style=\"text-align: center;\">Vi fokuserar p\u00e5 varierad kompetens<\/h3>\n<p>&nbsp;<\/p>\n<table style=\"width: 100%; border-collapse: collapse; border-style: hidden;\" border=\"0\">\n<tbody>\n<tr>\n<td style=\"width: 25%;\"><img decoding=\"async\" class=\"size-full wp-image-39459 alignleft\" src=\"https:\/\/translinguoglobal.com\/wp-content\/uploads\/2022\/04\/check-300x261-1.png\" alt=\"\" width=\"20\" height=\"20\"> Tillg\u00e4nglighet<\/td>\n<td style=\"width: 25%;\"><img decoding=\"async\" class=\"size-full wp-image-39459 alignleft\" src=\"https:\/\/translinguoglobal.com\/wp-content\/uploads\/2022\/04\/check-300x261-1.png\" alt=\"\" width=\"20\" height=\"20\"> Visuell identitetl.<\/td>\n<td style=\"width: 25%;\"><img decoding=\"async\" class=\"size-full wp-image-39459 alignleft\" src=\"https:\/\/translinguoglobal.com\/wp-content\/uploads\/2022\/04\/check-300x261-1.png\" alt=\"\" width=\"20\" height=\"20\"><span style=\"font-family: inherit; font-size: 16px;\">Marknadsf\u00f6ring.<\/span><\/td>\n<td style=\"width: 25%;\"><img decoding=\"async\" class=\"size-full wp-image-39459 alignleft\" src=\"https:\/\/translinguoglobal.com\/wp-content\/uploads\/2022\/04\/check-300x261-1.png\" alt=\"\" width=\"20\" height=\"20\"><em>Webbmarknadsf\u00f6ring. <\/em>\n<\/td>\n<\/tr>\n<tr>\n<td style=\"width: 25%;\"><img decoding=\"async\" class=\"size-full wp-image-39459 alignleft\" src=\"https:\/\/translinguoglobal.com\/wp-content\/uploads\/2022\/04\/check-300x261-1.png\" alt=\"\" width=\"20\" height=\"20\"> Programmering.<\/td>\n<td style=\"width: 25%;\"><img decoding=\"async\" class=\"size-full wp-image-39459 alignleft\" src=\"https:\/\/translinguoglobal.com\/wp-content\/uploads\/2022\/04\/check-300x261-1.png\" alt=\"\" width=\"20\" height=\"20\"> Ergonomi.<\/td>\n<td style=\"width: 25%;\"><img decoding=\"async\" class=\"size-full wp-image-39459 alignleft\" src=\"https:\/\/translinguoglobal.com\/wp-content\/uploads\/2022\/04\/check-300x261-1.png\" alt=\"\" width=\"20\" height=\"20\"> Interaktivitet.<\/td>\n<td style=\"width: 25%;\"><img decoding=\"async\" class=\"size-full wp-image-39459 alignleft\" src=\"https:\/\/translinguoglobal.com\/wp-content\/uploads\/2022\/04\/check-300x261-1.png\" alt=\"\" width=\"20\" height=\"20\"> Visualiseringar.<\/td>\n<\/tr>\n<\/tbody>\n<\/table>\n<h3 style=\"text-align: center;\">Design och skapande av webbsidor<\/h3>\n<p>Med tiden s\u00e5 blir f\u00f6retagen fler, b\u00e5de nya som traditionella, som best\u00e4mmer sig f\u00f6r att bredda sin marknad genom skapandet av sin egen webbsida. Idag \u00e4r det viktigt att ha en n\u00e4rvaro p\u00e5 internet f\u00f6r att kunna existera som f\u00f6retag.<br \/>\n<em>online<\/em>. Skapandet av webbsidor \u00e4r avg\u00f6rande f\u00f6r att visa allm\u00e4nheten tj\u00e4nsterna och produkterna som du vill erbjuda. D\u00e4remot vet vi p\u00e5 <strong>Translinguo Global\u00ae<\/strong>,att inte allt \u00e4r bra f\u00f6r ditt f\u00f6retag. <\/p>\n<h3>F\u00f6rdelar med skapandet av din webbsida: <\/h3>\n<p>&nbsp;<\/p>\n<table style=\"width: 100%; border-collapse: collapse; border-style: hidden;\" border=\"0\">\n<tbody>\n<tr>\n<td style=\"width: 25%;\"><img decoding=\"async\" class=\"size-full wp-image-39664 aligncenter\" src=\"https:\/\/translinguoglobal.com\/wp-content\/uploads\/2022\/04\/pagina-web.png\" alt=\"\" width=\"70\" height=\"70\" srcset=\"https:\/\/translinguoglobal.com\/wp-content\/uploads\/2022\/04\/pagina-web.png 250w, https:\/\/translinguoglobal.com\/wp-content\/uploads\/2022\/04\/pagina-web-150x150.png 150w\" sizes=\"(max-width: 70px) 100vw, 70px\" \/><\/p>\n<p style=\"text-align: center;\">En <strong>webbsida<\/strong>attraherar potentiella kunder. <\/p>\n<\/td>\n<td style=\"width: 25%;\"><img decoding=\"async\" class=\"size-full wp-image-39671 aligncenter\" src=\"https:\/\/translinguoglobal.com\/wp-\ncontent\/uploads\/2022\/04\/24-horas.png\" alt=\"\" width=\"70\" height=\"70\" srcset=\"https:\/\/translinguoglobal.com\/wp-content\/uploads\/2022\/04\/24-horas.png 250w, https:\/\/translinguoglobal.com\/wp-content\/uploads\/2022\/04\/24-horas-150x150.png 150w\" sizes=\"(max-width: 70px) 100vw, 70px\" \/><\/p>\n<p style=\"text-align: center;\">Ditt f\u00f6retag kan vara \u00f6ppet dygnet runt alla dagar.<\/p>\n<\/td>\n<td style=\"width: 25%;\"><img loading=\"lazy\" decoding=\"async\" class=\"size-full wp-image-39681 aligncenter\" src=\"https:\/\/translinguoglobal.com\/wp-content\/uploads\/2022\/04\/ahorro.png\" alt=\"\" width=\"70\" height=\"70\" srcset=\"https:\/\/translinguoglobal.com\/wp-content\/uploads\/2022\/04\/ahorro.png 250w, https:\/\/translinguoglobal.com\/wp-content\/uploads\/2022\/04\/ahorro-150x150.png 150w\" sizes=\"(max-width: 70px) 100vw, 70px\" \/><\/p>\n<p style=\"text-align: center;\">Besparingar i infrastruktur och m\u00f6bler<\/p>\n<\/td>\n<td style=\"width: 25%;\"><img loading=\"lazy\" decoding=\"async\" class=\"alignnone size-\nfull wp-image-39688 aligncenter\" src=\"https:\/\/translinguoglobal.com\/wp-content\/uploads\/2022\/04\/internacionalizacion.png\" alt=\"\" width=\"70\" height=\"70\" srcset=\"https:\/\/translinguoglobal.com\/wp-content\/uploads\/2022\/04\/internacionalizacion.png 250w, https:\/\/translinguoglobal.com\/wp-content\/uploads\/2022\/04\/internacionalizacion-150x150.png 150w\" sizes=\"(max-width: 70px) 100vw, 70px\" \/><\/p>\n<p style=\"text-align: center;\">Global r\u00e4ckvidd f\u00f6r din produkt eller tj\u00e4nst.<\/p>\n<\/td>\n<\/tr>\n<\/tbody>\n<\/table>\n<h3 style=\"text-align: center;\">Design och skapande av webbsidor<\/h3>\n<p>Din webbsida \u00e4r bilden som din internetpublik f\u00e5r av dig. Av just denna anledning m\u00e5ste det vara l\u00e4tt och chockerande. <strong>Translinguo Global\u00ae<\/strong> vi erbjuder dig designen och skapandet av din webbsida<strong> web<\/strong> helt personlig och anpassad till ditt f\u00f6retags karakt\u00e4rsdrag.<\/p>\n<p><strong>Design och skapande av webbsidor <em>e-handel<\/em><\/strong><br \/>\nM\u00e5nga tj\u00e4nsterf\u00f6retag har varor som kan s\u00e4ljas i en 24-timmarsbutik med en organiserad och s\u00e4ker hantering f\u00f6r dig och din kund. <\/p>\n<h3 style=\"text-align: center;\">Blogg<\/h3>\n<p>. Det finns en mycket utbrett alternativ att st\u00e4ndigt publicera material av alla slag, och bloggare anv\u00e4nder plattformar och sin egen webbplats f\u00f6r att publicera \u00e5terkommande inneh\u00e5ll som i slut\u00e4ndan kommer att ge dem st\u00f6rre synlighet och auktoritet. <\/p>\n<h3 style=\"text-align: center;\">Web\u00f6vers\u00e4ttning<\/h3>\n<p><strong> \u00d6vers\u00e4ttningen av webbsidor<\/strong> \u00e4r v\u00e5rt huvudfokus. P\u00e5 <a href=\"https:\/\/translinguoglobal.com\/\"><strong><br \/>\nTranslinguo Global\u00ae<\/strong><\/a>,erbjuder vi dig n\u00e5gra breda tj\u00e4nster som \u00e4r specialiserade p\u00e5 alla typer av <em>e-handel<\/em>,bloggar, webbsidor, portfolios, etc. Ett brett utbud av proffs som \u00e4r specialiserade p\u00e5 olika omr\u00e5den. Dessutom \u00f6vers\u00e4ttningar som \u00e4r anpassade till varje land som du vill n\u00e5. Och som om det inte vore nog s\u00e5 ger vi dig r\u00e5d s\u00e5 att ditt <strong>webbinneh\u00e5ll<\/strong>blir komplett, av h\u00f6g kvalitet och med en kraftfull och gynnsam SEO p\u00e5 Google. <\/p>\n","protected":false},"excerpt":{"rendered":"<p>\u00abOm ditt f\u00f6retag inte finns p\u00e5 internet existerar inte f\u00f6retaget\u00bb BILL GATES Vi fokuserar p\u00e5 varierad kompetens &nbsp; Tillg\u00e4nglighet Visuell identitetl. Marknadsf\u00f6ring. Webbmarknadsf\u00f6ring. Programmering. Ergonomi. Interaktivitet. Visualiseringar. Design och skapande av webbsidor Med tiden s\u00e5 blir f\u00f6retagen fler, b\u00e5de nya som traditionella, som best\u00e4mmer sig f\u00f6r att bredda sin marknad genom skapandet av sin egen [&hellip;]<\/p>\n","protected":false},"author":3,"featured_media":59908,"parent":0,"menu_order":0,"comment_status":"closed","ping_status":"closed","template":"","meta":{"_crdt_document":"","inline_featured_image":false,"site-sidebar-layout":"no-sidebar","site-content-layout":"page-builder","ast-site-content-layout":"full-width-container","site-content-style":"default","site-sidebar-style":"default","ast-global-header-display":"","ast-banner-title-visibility":"","ast-main-header-display":"","ast-hfb-above-header-display":"","ast-hfb-below-header-display":"","ast-hfb-mobile-header-display":"","site-post-title":"disabled","ast-breadcrumbs-content":"","ast-featured-img":"disabled","footer-sml-layout":"","ast-disable-related-posts":"","theme-transparent-header-meta":"default","adv-header-id-meta":"","stick-header-meta":"","header-above-stick-meta":"","header-main-stick-meta":"","header-below-stick-meta":"","astra-migrate-meta-layouts":"default","ast-page-background-enabled":"default","ast-page-background-meta":{"desktop":{"background-color":"var(--ast-global-color-4)","background-image":"","background-repeat":"repeat","background-position":"center center","background-size":"auto","background-attachment":"scroll","background-type":"","background-media":"","overlay-type":"","overlay-color":"","overlay-opacity":"","overlay-gradient":""},"tablet":{"background-color":"","background-image":"","background-repeat":"repeat","background-position":"center center","background-size":"auto","background-attachment":"scroll","background-type":"","background-media":"","overlay-type":"","overlay-color":"","overlay-opacity":"","overlay-gradient":""},"mobile":{"background-color":"","background-image":"","background-repeat":"repeat","background-position":"center center","background-size":"auto","background-attachment":"scroll","background-type":"","background-media":"","overlay-type":"","overlay-color":"","overlay-opacity":"","overlay-gradient":""}},"ast-content-background-meta":{"desktop":{"background-color":"var(--ast-global-color-5)","background-image":"","background-repeat":"repeat","background-position":"center center","background-size":"auto","background-attachment":"scroll","background-type":"","background-media":"","overlay-type":"","overlay-color":"","overlay-opacity":"","overlay-gradient":""},"tablet":{"background-color":"var(--ast-global-color-5)","background-image":"","background-repeat":"repeat","background-position":"center center","background-size":"auto","background-attachment":"scroll","background-type":"","background-media":"","overlay-type":"","overlay-color":"","overlay-opacity":"","overlay-gradient":""},"mobile":{"background-color":"var(--ast-global-color-5)","background-image":"","background-repeat":"repeat","background-position":"center center","background-size":"auto","background-attachment":"scroll","background-type":"","background-media":"","overlay-type":"","overlay-color":"","overlay-opacity":"","overlay-gradient":""}},"footnotes":""},"class_list":["post-55634","page","type-page","status-publish","has-post-thumbnail","hentry"],"_links":{"self":[{"href":"https:\/\/translinguoglobal.com\/sv\/wp-json\/wp\/v2\/pages\/55634","targetHints":{"allow":["GET"]}}],"collection":[{"href":"https:\/\/translinguoglobal.com\/sv\/wp-json\/wp\/v2\/pages"}],"about":[{"href":"https:\/\/translinguoglobal.com\/sv\/wp-json\/wp\/v2\/types\/page"}],"author":[{"embeddable":true,"href":"https:\/\/translinguoglobal.com\/sv\/wp-json\/wp\/v2\/users\/3"}],"replies":[{"embeddable":true,"href":"https:\/\/translinguoglobal.com\/sv\/wp-json\/wp\/v2\/comments?post=55634"}],"version-history":[{"count":0,"href":"https:\/\/translinguoglobal.com\/sv\/wp-json\/wp\/v2\/pages\/55634\/revisions"}],"wp:featuredmedia":[{"embeddable":true,"href":"https:\/\/translinguoglobal.com\/sv\/wp-json\/wp\/v2\/media\/59908"}],"wp:attachment":[{"href":"https:\/\/translinguoglobal.com\/sv\/wp-json\/wp\/v2\/media?parent=55634"}],"curies":[{"name":"wp","href":"https:\/\/api.w.org\/{rel}","templated":true}]}}