{"id":55633,"date":"2023-03-30T14:30:04","date_gmt":"2023-03-30T12:30:04","guid":{"rendered":"https:\/\/translinguoglobal.com\/posicionamiento-en-buscadores-seo-sem\/"},"modified":"2024-08-06T12:28:32","modified_gmt":"2024-08-06T10:28:32","slug":"posicionamiento-en-buscadores-seo-sem","status":"publish","type":"page","link":"https:\/\/translinguoglobal.com\/sv\/posicionamiento-en-buscadores-seo-sem\/","title":{"rendered":"Positionering i s\u00f6kmotorer SEO, SEM"},"content":{"rendered":"<p><a href=\"https:\/\/es.wikipedia.org\/wiki\/Posicionamiento_en_buscadores\" target=\"_blank\" rel=\"noopener\">Positionering<\/a> i s\u00f6kmotorer SEO, SEM. Nyckeln f\u00f6r den<strong>flerspr\u00e5kiga SEO:n<\/strong>\u00e4r att det kort sagt \u00e4r det som g\u00f6r din webbplats mer anv\u00e4ndbar f\u00f6r b\u00e5de anv\u00e4ndare och <a href=\"https:\/\/es.wikipedia.org\/wiki\/Motor_de_b\u00fasqueda\" target=\"_blank\" rel=\"noopener\">motores de b\u00fasqueda<\/a>. P\u00e5<a href=\"https:\/\/translinguoglobal.com\/\"> <strong>Translinguo Global\u00ae<\/strong><\/a>hj\u00e4lper vi dig s\u00e5 att s\u00f6kmotorerna f\u00f6rst\u00e5r b\u00e4ttre vad din webbsida handlar om. Om du vill internationalisera ditt f\u00f6retag, lita p\u00e5 v\u00e5r flerspr\u00e5kiga SEO.<\/p>\n<p>Mejoramos el posicionamiento de tu web corporativa y nos comprometemos a convertir tu tr\u00e1fico en clientes reales. \u00a1Nos encargaremos de mejorar tu reputaci\u00f3n! Vi f\u00f6rb\u00e4ttrar positioneringen av din f\u00f6retagswebbplats och vi \u00e4r fast beslutna att omvandla din trafik till riktiga kunder.<\/p>\n<p>&nbsp;<\/p>\n<table style=\"width: 100%; border-collapse: collapse; border-style: hidden;\" border=\"0\">\n<tbody>\n<tr>\n<td style=\"width: 33.3333%;\"><img decoding=\"async\" class=\"size-medium wp-image-39229 aligncenter\" src=\"https:\/\/translinguoglobal.com\/wp-content\/uploads\/2022\/04\/ortografia-300x300-1-300x300.png\" alt=\"\" width=\"80\" height=\"80\" srcset=\"https:\/\/translinguoglobal.com\/wp-content\/uploads\/2022\/04\/ortografia-300x300-1.png 300w, https:\/\/translinguoglobal.com\/wp-content\/uploads\/2022\/04\/ortografia-300x300-1-150x150.png 150w\" sizes=\"(max-width: 80px) 100vw, 80px\" \/><\/p>\n<p style=\"text-align: center;\">Skapande, planerande <a href=\"\/?page_id=40790\">inneh\u00e5llsredaktion<\/a> och stukturen av webbportalen eller bloggen<\/p>\n<\/td>\n<td style=\"width: 33.3333%;\"><img decoding=\"async\" class=\"size-full wp-image-39715 aligncenter\" src=\"https:\/\/translinguoglobal.com\/wp- p-content\/uploads\/2022\/04\/computer-1.png\" alt=\"\" width=\"80\" height=\"80\" srcset=\"https:\/\/translinguoglobal.com\/wp-content\/uploads\/2022\/04\/computer-1.png 250w, https:\/\/translinguoglobal.com\/wp-content\/uploads\/2022\/04\/computer-1-150x150.png 150w\" sizes=\"(max-width: 80px) 100vw, 80px\" \/><\/p>\n<p style=\"text-align: center;\">Underh\u00e5ll av webbplatsen eller bloggen<\/p>\n<\/td>\n<td style=\"width: 33.3333%;\"><img decoding=\"async\" class=\"size-full wp-image-39722 aligncenter\" src=\"https:\/\/translinguoglobal.com\/wp-content\/uploads\/2022\/04\/seo.png\" alt=\"\" width=\"80\" height=\"80\" srcset=\"https:\/\/translinguoglobal.com\/wp-content\/uploads\/2022\/04\/seo.png 250w, https:\/\/translinguoglobal.com\/wp-content\/uploads\/2022\/04\/seo-150x150.png 150w\" sizes=\"(max-width: 80px) 100vw, 80px\" \/><\/p>\n<p style=\"text-align: center;\">Positionering av flerspr\u00e5kig SEO, SEM och SEO.<\/p>\n<\/td>\n<\/tr>\n<tr>\n<td style=\"width: 33.3333%;\"><img loading=\"lazy\" decoding=\"async\" class=\"size-full wp-image-39729 aligncenter\" src=\"https:\/\/translinguoglobal.com\/wp-content\/uploads\/2022\/04\/analitycs.png\" alt=\"\" width=\"80\" height=\"80\" srcset=\"https:\/\/translinguoglobal.com\/wp-content\/uploads\/2022\/04\/analitycs.png 250w, https:\/\/translinguoglobal.com\/wp-content\/uploads\/2022\/04\/analitycs-150x150.png 150w\" sizes=\"(max-width: 80px) 100vw, 80px\" \/><\/p>\n<p style=\"text-align: center;\">Hantering av kriser om anseende <em>online.<\/em><\/p>\n<\/td>\n<td style=\"width: 33.3333%;\"><img loading=\"lazy\" decoding=\"async\" class=\"size-full wp-image-39736 aligncenter\" src=\"https:\/\/translinguoglobal.com\/wp-content\/uploads\/2022\/04\/ok.png\" alt=\"\u00d6vervakning av inneh\u00e5ll.\" width=\"80\" height=\"80\" srcset=\"https:\/\/translinguoglobal.com\/wp-content\/uploads\/2022\/04\/ok.png 250w, https:\/\/translinguoglobal.com\/wp-content\/uploads\/2022\/04\/ok-150x150.png 150w\" sizes=\"(max-width: 80px) 100vw, 80px\" \/><\/p>\n<p style=\"text-align: center;\">\u00d6vervakning av inneh\u00e5ll <em>mailing<\/em><\/p>\n<p>&nbsp;<\/td>\n<td style=\"width: 33.3333%;\"><img loading=\"lazy\" decoding=\"async\" class=\"size-full wp-image-39743 aligncenter\" src=\"https:\/\/translinguoglobal.com\/wp-content\/uploads\/2022\/04\/email.png\" alt=\"\" width=\"80\" height=\"80\" srcset=\"https:\/\/translinguoglobal.com\/wp-content\/uploads\/2022\/04\/email.png 250w, https:\/\/translinguoglobal.com\/wp-content\/uploads\/2022\/04\/email-150x150.png 150w\" sizes=\"(max-width: 80px) 100vw, 80px\" \/><\/p>\n<p style=\"text-align: center;\">Nyhetsbrev\/<em>newsletters<\/em>.<\/p>\n<\/td>\n<\/tr>\n<\/tbody>\n<\/table>\n<p>SEO:n \u00e4r det b\u00e4sta s\u00e4ttet f\u00f6r dina anv\u00e4ndare att hitta dig genom de s\u00f6kresultat d\u00e4r din webbsida \u00e4r relevant. Anv\u00e4ndarna letar efter det du erbjuder, s\u00e5 det b\u00e4sta s\u00e4ttet att n\u00e5 dem p\u00e5 \u00e4r genom en s\u00f6kmotor.<\/p>\n<h3 style=\"text-align: center;\">Strukturering, nycklar och genomf\u00f6rande f\u00f6r att \u00f6ka den flerspr\u00e5kiga SEO:n<\/h3>\n<p>P\u00e5 <strong>Translinguo Global\u00ae<\/strong>, har vi designat en ny tj\u00e4nst f\u00f6r SEO-omvandling. Omvandlingen \u00e4r avg\u00f6rande f\u00f6r<br \/>\n<em>marketing<\/em> flerspr\u00e5kiga s\u00f6kmotorer. Att f\u00f6rena de olika marknaderna och spr\u00e5ken i ett och samma projekt \u00e4r den b\u00e4sta l\u00f6sningen f\u00f6r f\u00f6retagen och individerna som vill spara tid och pengar. Dessutom ger det ocks\u00e5 h\u00f6gkvalitativa resultat fr\u00e5n den f\u00f6rsta publiceringen av inneh\u00e5llet.<\/p>\n<blockquote>\n<p class=\"p1\"><span class=\"s1\" style=\"color: #000000;\">Testa den flerspr\u00e5kiga SEO:n och ta steget ut p\u00e5 den internationella scenen. <\/span><\/p>\n<\/blockquote>\n<h3 style=\"text-align: center;\">Skapande av inneh\u00e5ll<\/h3>\n<p>P\u00e5 <strong>Translinguo Global\u00ae<\/strong> contamos con redactores creativos y que posean un amplio conocimiento en varios sectores. Adem\u00e1s, coordinamos todas las estrategias de SEO, SEM y SMM de tu empresa con la gesti\u00f3n de contenidos para que siempre se sigan los criterios corporativos: har vi kreativa copywriters med omfattande kunskaper inom olika sektorer. Dessutom samordnar vi alla f\u00f6retagets SEO-, SEM och SMM-strategier med inneh\u00e5llshantering s\u00e5 att f\u00f6retagets kriterier alltid f\u00f6ljs:<\/p>\n<p>&nbsp;<\/p>\n<p>&nbsp;<\/p>\n<table style=\"width: 100%; border-collapse: collapse; border-style: hidden;\" border=\"0\">\n<tbody>\n<tr>\n<td style=\"width: 25%;\"><img loading=\"lazy\" decoding=\"async\" class=\"size-full wp-image-39839 aligncenter\" src=\"https:\/\/translinguoglobal.com\/wp-content\/uploads\/2022\/04\/iux-1-1.png\" alt=\"\" width=\"80\" height=\"80\" srcset=\"https:\/\/translinguoglobal.com\/wp-content\/uploads\/2022\/04\/iux-1-1.png 250w, https:\/\/translinguoglobal.com\/wp-content\/uploads\/2022\/04\/iux-1-1-150x150.png 150w\" sizes=\"(max-width: 80px) 100vw, 80px\" \/><\/p>\n<p style=\"text-align: center;\">Anv\u00e4ndbarhet<\/p>\n<\/td>\n<td style=\"width: 25%;\"><img loading=\"lazy\" decoding=\"async\" class=\"size-full wp-image-39763 aligncenter\" src=\"https:\/\/translinguoglobal.com\/wp- content\/uploads\/2022\/04\/seguridad.png\" alt=\"Tillg\u00e4nglighet\" width=\"80\" height=\"80\" srcset=\"https:\/\/translinguoglobal.com\/wp-content\/uploads\/2022\/04\/seguridad.png 250w, https:\/\/translinguoglobal.com\/wp-content\/uploads\/2022\/04\/seguridad-150x150.png 150w\" sizes=\"(max-width: 80px) 100vw, 80px\" \/><\/p>\n<p style=\"text-align: center;\">Tillg\u00e4nglighet<\/p>\n<\/td>\n<td style=\"width: 25%;\"><img loading=\"lazy\" decoding=\"async\" class=\"size-full wp-image-39771 aligncenter\" src=\"https:\/\/translinguoglobal.com\/wp-content\/uploads\/2022\/04\/identidad-corportiva.png\" alt=\"\" width=\"80\" height=\"80\" srcset=\"https:\/\/translinguoglobal.com\/wp-content\/uploads\/2022\/04\/identidad-corportiva.png 250w, https:\/\/translinguoglobal.com\/wp-content\/uploads\/2022\/04\/identidad-corportiva-150x150.png 150w\" sizes=\"(max-width: 80px) 100vw, 80px\" \/><\/p>\n<p style=\"text-align: center;\">F\u00f6retagsidentitet<\/p>\n<\/td>\n<td style=\"width: 25%;\"><img loading=\"lazy\" decoding=\"async\" class=\"size-full wp-image-39781 aligncenter\" src=\"https:\/\/translinguoglobal.com\/wp- content\/uploads\/2022\/04\/rates.png\" alt=\"Kvalitet .\" width=\"80\" height=\"80\" srcset=\"https:\/\/translinguoglobal.com\/wp-content\/uploads\/2022\/04\/rates.png 250w, https:\/\/translinguoglobal.com\/wp-content\/uploads\/2022\/04\/rates-150x150.png 150w\" sizes=\"(max-width: 80px) 100vw, 80px\" \/><\/p>\n<p style=\"text-align: center;\">Kvalitet<\/p>\n<\/td>\n<\/tr>\n<\/tbody>\n<\/table>\n<p>Nuestro equipo de expertos sabe que un buen gestor de contenidos ha de ser creativo, experto en el tema que va a tratar y conocedor de lo que a cada cliente le viene bien para su objetivo. Por ello, nuestros profesionales son interdisciplinares y poseen amplios conocimientos en marketing, tecnolog\u00eda y ling\u00fc\u00edstica.<\/p>\n","protected":false},"excerpt":{"rendered":"<p>Positionering i s\u00f6kmotorer SEO, SEM. Nyckeln f\u00f6r denflerspr\u00e5kiga SEO:n\u00e4r att det kort sagt \u00e4r det som g\u00f6r din webbplats mer anv\u00e4ndbar f\u00f6r b\u00e5de anv\u00e4ndare och motores de b\u00fasqueda. P\u00e5 Translinguo Global\u00aehj\u00e4lper vi dig s\u00e5 att s\u00f6kmotorerna f\u00f6rst\u00e5r b\u00e4ttre vad din webbsida handlar om. Om du vill internationalisera ditt f\u00f6retag, lita p\u00e5 v\u00e5r flerspr\u00e5kiga SEO. Mejoramos [&hellip;]<\/p>\n","protected":false},"author":3,"featured_media":54777,"parent":0,"menu_order":0,"comment_status":"closed","ping_status":"closed","template":"","meta":{"_crdt_document":"","inline_featured_image":false,"site-sidebar-layout":"default","site-content-layout":"default","ast-site-content-layout":"default","site-content-style":"default","site-sidebar-style":"default","ast-global-header-display":"","ast-banner-title-visibility":"","ast-main-header-display":"","ast-hfb-above-header-display":"","ast-hfb-below-header-display":"","ast-hfb-mobile-header-display":"","site-post-title":"","ast-breadcrumbs-content":"","ast-featured-img":"","footer-sml-layout":"","ast-disable-related-posts":"","theme-transparent-header-meta":"default","adv-header-id-meta":"","stick-header-meta":"","header-above-stick-meta":"","header-main-stick-meta":"","header-below-stick-meta":"","astra-migrate-meta-layouts":"set","ast-page-background-enabled":"default","ast-page-background-meta":{"desktop":{"background-color":"var(--ast-global-color-4)","background-image":"","background-repeat":"repeat","background-position":"center center","background-size":"auto","background-attachment":"scroll","background-type":"","background-media":"","overlay-type":"","overlay-color":"","overlay-opacity":"","overlay-gradient":""},"tablet":{"background-color":"","background-image":"","background-repeat":"repeat","background-position":"center center","background-size":"auto","background-attachment":"scroll","background-type":"","background-media":"","overlay-type":"","overlay-color":"","overlay-opacity":"","overlay-gradient":""},"mobile":{"background-color":"","background-image":"","background-repeat":"repeat","background-position":"center center","background-size":"auto","background-attachment":"scroll","background-type":"","background-media":"","overlay-type":"","overlay-color":"","overlay-opacity":"","overlay-gradient":""}},"ast-content-background-meta":{"desktop":{"background-color":"var(--ast-global-color-5)","background-image":"","background-repeat":"repeat","background-position":"center center","background-size":"auto","background-attachment":"scroll","background-type":"","background-media":"","overlay-type":"","overlay-color":"","overlay-opacity":"","overlay-gradient":""},"tablet":{"background-color":"var(--ast-global-color-5)","background-image":"","background-repeat":"repeat","background-position":"center center","background-size":"auto","background-attachment":"scroll","background-type":"","background-media":"","overlay-type":"","overlay-color":"","overlay-opacity":"","overlay-gradient":""},"mobile":{"background-color":"var(--ast-global-color-5)","background-image":"","background-repeat":"repeat","background-position":"center center","background-size":"auto","background-attachment":"scroll","background-type":"","background-media":"","overlay-type":"","overlay-color":"","overlay-opacity":"","overlay-gradient":""}},"footnotes":""},"class_list":["post-55633","page","type-page","status-publish","has-post-thumbnail","hentry"],"_links":{"self":[{"href":"https:\/\/translinguoglobal.com\/sv\/wp-json\/wp\/v2\/pages\/55633","targetHints":{"allow":["GET"]}}],"collection":[{"href":"https:\/\/translinguoglobal.com\/sv\/wp-json\/wp\/v2\/pages"}],"about":[{"href":"https:\/\/translinguoglobal.com\/sv\/wp-json\/wp\/v2\/types\/page"}],"author":[{"embeddable":true,"href":"https:\/\/translinguoglobal.com\/sv\/wp-json\/wp\/v2\/users\/3"}],"replies":[{"embeddable":true,"href":"https:\/\/translinguoglobal.com\/sv\/wp-json\/wp\/v2\/comments?post=55633"}],"version-history":[{"count":1,"href":"https:\/\/translinguoglobal.com\/sv\/wp-json\/wp\/v2\/pages\/55633\/revisions"}],"predecessor-version":[{"id":70852,"href":"https:\/\/translinguoglobal.com\/sv\/wp-json\/wp\/v2\/pages\/55633\/revisions\/70852"}],"wp:featuredmedia":[{"embeddable":true,"href":"https:\/\/translinguoglobal.com\/sv\/wp-json\/wp\/v2\/media\/54777"}],"wp:attachment":[{"href":"https:\/\/translinguoglobal.com\/sv\/wp-json\/wp\/v2\/media?parent=55633"}],"curies":[{"name":"wp","href":"https:\/\/api.w.org\/{rel}","templated":true}]}}