{"id":55632,"date":"2023-03-30T14:30:03","date_gmt":"2023-03-30T12:30:03","guid":{"rendered":"https:\/\/translinguoglobal.com\/redaccion-de-contenidos\/"},"modified":"2023-04-25T22:31:06","modified_gmt":"2023-04-25T20:31:06","slug":"redaccion-de-contenidos","status":"publish","type":"page","link":"https:\/\/translinguoglobal.com\/sv\/redaccion-de-contenidos\/","title":{"rendered":"Content Writing"},"content":{"rendered":"<p>Redaktionen av inneh\u00e5ll \u00e4r en av de viktiga delarna f\u00f6r framg\u00e5ngen eller misslyckandet av en webbsida, p\u00e5 grund av kvaliteten och precisionen som det kan ge. Men vet du vilket v\u00e4rde och vilken betydelse det har att redaktionen av inneh\u00e5ll har en uts\u00f6kt professionalism?<\/p>\n<h3 style=\"text-align: center;\">Var inte r\u00e4dd f\u00f6r Googles sp\u00e5rare. Redaktionen av din webbsida hj\u00e4lper dig att f\u00f6rb\u00e4ttra positionen f\u00f6r din webbplats<\/h3>\n<p>Dessutom b\u00f6r du veta att inneh\u00e5llet \u00e4r \u201cbr\u00e4nslet\u201d f\u00f6r Googles stora sp\u00e5rare. Just d\u00e4rf\u00f6r \u00e4r en optimal anv\u00e4ndning av inneh\u00e5llet extremt viktig. Det \u00e4r nycklarna till en effektiv och m\u00e5linriktad redaktion av inneh\u00e5llet:<\/p>\n<p>&nbsp;<\/p>\n<table style=\"width: 100%; border-collapse: collapse; border-style: hidden;\">\n<tbody>\n<tr>\n<td style=\"width: 25%;\"><img decoding=\"async\" class=\"size-full wp-image-39811 aligncenter\" src=\"https:\/\/translinguoglobal.com\/wp- content\/uploads\/2022\/04\/read.png\" alt=\"Intressant ur anv\u00e4ndarens synpunkt\" width=\"80\" height=\"80\" srcset=\"https:\/\/translinguoglobal.com\/wp-content\/uploads\/2022\/04\/read.png 250w, https:\/\/translinguoglobal.com\/wp-content\/uploads\/2022\/04\/read-150x150.png 150w\" sizes=\"(max-width: 80px) 100vw, 80px\" \/><\/p>\n<p style=\"text-align: center;\">Intressant ur anv\u00e4ndarens synpunkt.<\/p>\n<\/td>\n<td style=\"width: 25%;\"><img decoding=\"async\" class=\"size-full wp-image-39818 aligncenter\" src=\"https:\/\/translinguoglobal.com\/wp-content\/uploads\/2022\/04\/Interesante-desde-el-punto-de-vista-del-usuario.png\" alt=\"\" width=\"80\" height=\"80\" srcset=\"https:\/\/translinguoglobal.com\/wp-content\/uploads\/2022\/04\/Interesante-desde-el-punto-de-vista-del-usuario.png 250w, https:\/\/translinguoglobal.com\/wp-content\/uploads\/2022\/04\/Interesante-desde-el-punto-de-vista-del-usuario-150x150.png 150w\" sizes=\"(max-width: 80px) 100vw, 80px\" \/><\/p>\n<p style=\"text-align: center;\">Det b\u00f6r vara bra distribuerat och korrekt presenterat.<\/p>\n<\/td>\n<td style=\"width: 25%;\"><img decoding=\"async\" class=\"size-full wp-image-39825 aligncenter\" src=\"https:\/\/translinguoglobal.com\/wp-content\/uploads\/2022\/04\/puzzle.png\" alt=\"Logiskt, koherent och enhetligt\" width=\"80\" height=\"80\" srcset=\"https:\/\/translinguoglobal.com\/wp-content\/uploads\/2022\/04\/puzzle.png 250w, https:\/\/translinguoglobal.com\/wp-content\/uploads\/2022\/04\/puzzle-150x150.png 150w\" sizes=\"(max-width: 80px) 100vw, 80px\" \/><\/p>\n<p style=\"text-align: center;\">Logiskt, koherent och enhetligt.<\/p>\n<\/td>\n<td style=\"width: 25%;\"><img loading=\"lazy\" decoding=\"async\" class=\"size-full wp-image-39839 aligncenter\" src=\"https:\/\/translinguoglobal.com\/wp-content\/uploads\/2022\/04\/iux-1-1.png\" alt=\"\" width=\"80\" height=\"80\" srcset=\"https:\/\/translinguoglobal.com\/wp-content\/uploads\/2022\/04\/iux-1-1.png 250w, https:\/\/translinguoglobal.com\/wp-content\/uploads\/2022\/04\/iux-1-1-150x150.png 150w\" sizes=\"(max-width: 80px) 100vw, 80px\" \/><\/p>\n<p style=\"text-align: center;\">Tillg\u00e4ngligt f\u00f6r anv\u00e4ndaren.<\/p>\n<\/td>\n<\/tr>\n<\/tbody>\n<\/table>\n<p>Vinn auktoritet och rykte med kvalitetsinneh\u00e5ll. Annars kan det leda till att din sida hamnar l\u00e4ngst ner p\u00e5 listan. Den centrala axeln p\u00e5 <a href=\"https:\/\/translinguoglobal.com\/\"><strong>Translinguo Global\u00ae<\/strong><\/a> \u00e4r <a href=\"\/?page_id=40776\">positioneringen<\/a> i s\u00f6kmotorer (SEO), aktiviteten i sociala medier (SMM), bilden av f\u00f6retaget, auktoriteten och ryktet. Kort sagt \u00e4r inneh\u00e5llet p\u00e5 en webbplats avg\u00f6rande eftersom det direkt p\u00e5verkar hur n\u00f6jda v\u00e5ra bes\u00f6kare \u00e4r.<\/p>\n<blockquote><p>\u00abBra inneh\u00e5ll \u00e4r samma sak som bra resultat\u00bb<\/p><\/blockquote>\n<table style=\"width: 100%; border-collapse: collapse; border-style: hidden;\">\n<tbody>\n<tr>\n<td style=\"width: 25%;\"><img loading=\"lazy\" decoding=\"async\" class=\"size-full wp-image-39839 aligncenter\" src=\"https:\/\/translinguoglobal.com\/wp-content\/uploads\/2022\/04\/iux-1-1.png\" alt=\"\" width=\"80\" height=\"80\" srcset=\"https:\/\/translinguoglobal.com\/wp-content\/uploads\/2022\/04\/iux-1-1.png 250w, https:\/\/translinguoglobal.com\/wp-content\/uploads\/2022\/04\/iux-1-1-150x150.png 150w\" sizes=\"(max-width: 80px) 100vw, 80px\" \/><\/p>\n<p style=\"text-align: center;\">Anv\u00e4ndbarhet.<\/p>\n<\/td>\n<td style=\"width: 25%;\"><img loading=\"lazy\" decoding=\"async\" class=\"size-full wp-image-39763 aligncenter\" src=\"https:\/\/translinguoglobal.com\/wp-content\/uploads\/2022\/04\/seguridad.png\" alt=\"Accesibilidad\" width=\"80\" height=\"80\" srcset=\"https:\/\/translinguoglobal.com\/wp-content\/uploads\/2022\/04\/seguridad.png 250w, https:\/\/translinguoglobal.com\/wp-content\/uploads\/2022\/04\/seguridad-150x150.png 150w\" sizes=\"(max-width: 80px) 100vw, 80px\" \/><\/p>\n<p style=\"text-align: center;\">Tillg\u00e4nglighet.<\/p>\n<\/td>\n<td style=\"width: 25%;\"><img loading=\"lazy\" decoding=\"async\" class=\"size-full wp-image-39771 aligncenter\" src=\"https:\/\/translinguoglobal.com\/wp -content\/uploads\/2022\/04\/identidad-corportiva.png\" alt=\"\" width=\"80\" height=\"80\" srcset=\"https:\/\/translinguoglobal.com\/wp-content\/uploads\/2022\/04\/identidad-corportiva.png 250w, https:\/\/translinguoglobal.com\/wp-content\/uploads\/2022\/04\/identidad-corportiva-150x150.png 150w\" sizes=\"(max-width: 80px) 100vw, 80px\" \/><\/p>\n<p style=\"text-align: center;\">F\u00f6retagsidentitet.<\/p>\n<\/td>\n<td style=\"width: 25%;\"><img loading=\"lazy\" decoding=\"async\" class=\"size-full wp-image-39781 aligncenter\" src=\"https:\/\/translinguoglobal.com\/wp-content\/uploads\/2022\/04\/rates.png\" alt=\"Kvalitet .\" width=\"80\" height=\"80\" srcset=\"https:\/\/translinguoglobal.com\/wp-content\/uploads\/2022\/04\/rates.png 250w, https:\/\/translinguoglobal.com\/wp-content\/uploads\/2022\/04\/rates-150x150.png 150w\" sizes=\"(max-width: 80px) 100vw, 80px\" \/><\/p>\n<div class=\"elementor-element elementor-element-ebaf323 elementor-widget elementor-widget-text-editor\" data-id=\"ebaf323\" data-element_type=\"widget\" data-widget_type=\"text-editor.default\">\n<div class=\"elementor-widget-container\" style=\"text -align: center;\">Kvalitet.<\/div>\n<\/div>\n<\/td>\n<\/tr>\n<\/tbody>\n<\/table>\n<p>Slutligen vet v\u00e5rt team av experter att en bra inneh\u00e5lls ansvarig m\u00e5ste vara: <a href=\"https:\/\/es.wikipedia.org\/wiki\/Sistema_de_gesti\u00f3n_de_contenidos\" target=\"_blank\" rel=\"noopener\">ginneh\u00e5llsansvarig<\/a> m\u00e5ste vara:<\/p>\n<table style=\"width: 100%; border-collapse: collapse; border-style: hidden;\">\n<tbody>\n<tr>\n<td style=\"width: 33.3333%;\"><img class=\"size-full wp-image-39860 aligncenter\" \/>gestor de contenidos m\u00e5ste vara:<\/p>\n<table style=\"width: 100%; border-collapse: collapse; border-style: hidden;\">\n<tbody>\n<tr>\n<td style=\"width: 33.3333%;\"><img loading=\"lazy\" decoding=\"async\" class=\"size-full wp-image-39860 aligncenter\" src=\"https:\/\/translinguoglobal.com\/wp-content\/uploads\/2022\/04\/idea.png\" alt=\"Slutligen vet v\u00e5rt team av experter att en bra inneh\u00e5llsansvarig m\u00e5ste vara:\" width=\"80\" height=\"80\" srcset=\"https:\/\/translinguoglobal.com\/wp-content\/uploads\/2022\/04\/idea.png 250w, https:\/\/translinguoglobal.com\/wp-content\/uploads\/2022\/04\/idea-150x150.png 150w\" sizes=\"(max-width: 80px) 100vw, 80px\" \/><\/p>\n<p style=\"text-align: center;\">CKreativ och stimulerande.<\/p>\n<\/td>\n<td style=\"width: 33.3333%;\"><img loading=\"lazy\" decoding=\"async\" class=\"size-full wp-image-39867 aligncenter\" src=\"https:\/\/translinguoglobal.com\/wp-content\/uploads\/2022\/04\/ook.png\" alt=\"\" width=\"80\" height=\"80\" srcset=\"https:\/\/translinguoglobal.com\/wp-content\/uploads\/2022\/04\/ook.png 250w, https:\/\/translinguoglobal.com\/wp-content\/uploads\/2022\/04\/ook-150x150.png 150w\" sizes=\"(max-width: 80px) 100vw, 80px\" \/><\/p>\n<p style=\"text-align: center;\">Expert p\u00e5 temat det kommer handla om<\/p>\n<\/td>\n<td style=\"width: 33.3333%;\"><img loading=\"lazy\" decoding=\"async\" class=\"size-full wp-image-39874 aligncenter\" src=\"https:\/\/translinguoglobal.com\/wp-content\/uploads\/2022\/04\/objetivos.png\" alt=\"\" width=\"80\" height=\"80\" srcset=\"https:\/\/translinguoglobal.com\/wp-content\/uploads\/2022\/04\/objetivos.png 250w, https:\/\/translinguoglobal.com\/wp-content\/uploads\/2022\/04\/objetivos-150x150.png 150w\" sizes=\"(max-width: 80px) 100vw, 80px\" \/><\/p>\n<p style=\"text-align: center;\">Kapabel till att f\u00e5nga l\u00e4sarens uppm\u00e4rksamhet.<\/p>\n<\/td>\n<\/tr>\n<\/tbody>\n<\/table>\n<p>D\u00e4rf\u00f6r \u00e4r v\u00e5ra professionella<a href=\"https:\/\/es.wikipedia.org\/wiki\/Interdisciplinariedad\" target=\"_blank\" rel=\"noopener\"> interdisciplinerade<\/a> och de har omfattande kunskaper inom marknadsf\u00f6ring, teknik och lingvistik.<\/td>\n<\/tr>\n<\/tbody>\n<\/table>\n","protected":false},"excerpt":{"rendered":"<p>Redaktionen av inneh\u00e5ll \u00e4r en av de viktiga delarna f\u00f6r framg\u00e5ngen eller misslyckandet av en webbsida, p\u00e5 grund av kvaliteten och precisionen som det kan ge. Men vet du vilket v\u00e4rde och vilken betydelse det har att redaktionen av inneh\u00e5ll har en uts\u00f6kt professionalism? Var inte r\u00e4dd f\u00f6r Googles sp\u00e5rare. Redaktionen av din webbsida hj\u00e4lper [&hellip;]<\/p>\n","protected":false},"author":3,"featured_media":54778,"parent":0,"menu_order":0,"comment_status":"closed","ping_status":"closed","template":"","meta":{"_crdt_document":"","inline_featured_image":false,"site-sidebar-layout":"default","site-content-layout":"default","ast-site-content-layout":"default","site-content-style":"default","site-sidebar-style":"default","ast-global-header-display":"","ast-banner-title-visibility":"","ast-main-header-display":"","ast-hfb-above-header-display":"","ast-hfb-below-header-display":"","ast-hfb-mobile-header-display":"","site-post-title":"","ast-breadcrumbs-content":"","ast-featured-img":"","footer-sml-layout":"","ast-disable-related-posts":"","theme-transparent-header-meta":"default","adv-header-id-meta":"","stick-header-meta":"","header-above-stick-meta":"","header-main-stick-meta":"","header-below-stick-meta":"","astra-migrate-meta-layouts":"default","ast-page-background-enabled":"default","ast-page-background-meta":{"desktop":{"background-color":"var(--ast-global-color-4)","background-image":"","background-repeat":"repeat","background-position":"center center","background-size":"auto","background-attachment":"scroll","background-type":"","background-media":"","overlay-type":"","overlay-color":"","overlay-opacity":"","overlay-gradient":""},"tablet":{"background-color":"","background-image":"","background-repeat":"repeat","background-position":"center center","background-size":"auto","background-attachment":"scroll","background-type":"","background-media":"","overlay-type":"","overlay-color":"","overlay-opacity":"","overlay-gradient":""},"mobile":{"background-color":"","background-image":"","background-repeat":"repeat","background-position":"center center","background-size":"auto","background-attachment":"scroll","background-type":"","background-media":"","overlay-type":"","overlay-color":"","overlay-opacity":"","overlay-gradient":""}},"ast-content-background-meta":{"desktop":{"background-color":"var(--ast-global-color-5)","background-image":"","background-repeat":"repeat","background-position":"center center","background-size":"auto","background-attachment":"scroll","background-type":"","background-media":"","overlay-type":"","overlay-color":"","overlay-opacity":"","overlay-gradient":""},"tablet":{"background-color":"var(--ast-global-color-5)","background-image":"","background-repeat":"repeat","background-position":"center center","background-size":"auto","background-attachment":"scroll","background-type":"","background-media":"","overlay-type":"","overlay-color":"","overlay-opacity":"","overlay-gradient":""},"mobile":{"background-color":"var(--ast-global-color-5)","background-image":"","background-repeat":"repeat","background-position":"center center","background-size":"auto","background-attachment":"scroll","background-type":"","background-media":"","overlay-type":"","overlay-color":"","overlay-opacity":"","overlay-gradient":""}},"footnotes":""},"class_list":["post-55632","page","type-page","status-publish","has-post-thumbnail","hentry"],"_links":{"self":[{"href":"https:\/\/translinguoglobal.com\/sv\/wp-json\/wp\/v2\/pages\/55632","targetHints":{"allow":["GET"]}}],"collection":[{"href":"https:\/\/translinguoglobal.com\/sv\/wp-json\/wp\/v2\/pages"}],"about":[{"href":"https:\/\/translinguoglobal.com\/sv\/wp-json\/wp\/v2\/types\/page"}],"author":[{"embeddable":true,"href":"https:\/\/translinguoglobal.com\/sv\/wp-json\/wp\/v2\/users\/3"}],"replies":[{"embeddable":true,"href":"https:\/\/translinguoglobal.com\/sv\/wp-json\/wp\/v2\/comments?post=55632"}],"version-history":[{"count":0,"href":"https:\/\/translinguoglobal.com\/sv\/wp-json\/wp\/v2\/pages\/55632\/revisions"}],"wp:featuredmedia":[{"embeddable":true,"href":"https:\/\/translinguoglobal.com\/sv\/wp-json\/wp\/v2\/media\/54778"}],"wp:attachment":[{"href":"https:\/\/translinguoglobal.com\/sv\/wp-json\/wp\/v2\/media?parent=55632"}],"curies":[{"name":"wp","href":"https:\/\/api.w.org\/{rel}","templated":true}]}}