{"id":55631,"date":"2023-03-30T14:30:02","date_gmt":"2023-03-30T12:30:02","guid":{"rendered":"https:\/\/translinguoglobal.com\/servicio-de-marketing-multilingue\/"},"modified":"2024-04-16T17:22:28","modified_gmt":"2024-04-16T15:22:28","slug":"servicio-de-marketing-multilingue","status":"publish","type":"page","link":"https:\/\/translinguoglobal.com\/sv\/servicio-de-marketing-multilingue\/","title":{"rendered":"Flerspr\u00e5kig marknadsf\u00f6ringstj\u00e4nst"},"content":{"rendered":"<h3 style=\"text-align: left;\">Betydelsen av flerspr\u00e5kig marknadsf\u00f6ring<\/h3>\n<p>En av de stora utmaningarna som m\u00e5nga f\u00f6retag idag st\u00e5r inf\u00f6r \u00e4r utan tvekan att uppn\u00e5 st\u00f6rre synlighet p\u00e5 <a href=\"https:\/\/sv.wikipedia.org\/wiki\/Marknad_(ekonomi)\" target=\"_blank\" rel=\"noopener\">internationella<\/a> marknader. P\u00e5 <strong>Translinguo Global\u00ae<\/strong> vet vi att detta endast kan vara effektivt om en korrekt flerspr\u00e5kig <em>marknadsf\u00f6ringskampanj<\/em> genomf\u00f6rs.<\/p>\n<p>En l\u00e4mplig synlighet och relevans p\u00e5 andra marknader kan g\u00f6ras m\u00f6jlig med en strategi f\u00f6r <a href=\"https:\/\/sv.wikipedia.org\/wiki\/Varum%C3%A4rkesutveckling\" target=\"_blank\" rel=\"noopener\"><em>varum\u00e4rkesutveckling<\/em><\/a> och <em>marknadsf\u00f6ring<\/em>, samt inneh\u00e5llshantering p\u00e5 andra spr\u00e5k.<\/p>\n<p>Vi f\u00f6renar s\u00e5v\u00e4l strategin f\u00f6r <em>marknadsf\u00f6ring<\/em> som den specialiserade \u00f6vers\u00e4ttningen av ditt inneh\u00e5ll f\u00f6r att skapa en utm\u00e4rkt <em>flerspr\u00e5kig marknadsf\u00f6ring<\/em>.<\/p>\n<p>Vi har en specialiserad tj\u00e4nst som kommer att g\u00f6ra din reklamkampanj till den mest korrekta och effektiva.<\/p>\n<p>Tack vare den interkulturella utbildningen av v\u00e5ra <a href=\"\/?page_id=40887\">\u00f6vers\u00e4ttare<\/a> och det st\u00e4ndiga st\u00f6det fr\u00e5n ett team inom <em>marknadsf\u00f6ring<\/em> och <em>varum\u00e4rkesutveckling<\/em> kommer dina kampanjer n\u00e5 dina kunder p\u00e5 ett effektivt s\u00e4tt.<\/p>\n<h3>Nycklarna till Translinguo Global\u00ae<\/h3>\n<table style=\"width: 100%; border-collapse: collapse; border-style: hidden;\">\n<tbody>\n<tr>\n<td style=\"width: 33.3333%;\"><img decoding=\"async\" class=\"size-full wp-image-39905 aligncenter\" src=\"https:\/\/translinguoglobal.com\/wp-content\/uploads\/2022\/04\/comunidad.png\" alt=\"\" width=\"80\" height=\"80\" srcset=\"https:\/\/translinguoglobal.com\/wp-content\/uploads\/2022\/04\/comunidad.png 250w, https:\/\/translinguoglobal.com\/wp-content\/uploads\/2022\/04\/comunidad-150x150.png 150w\" sizes=\"(max-width: 80px) 100vw, 80px\" \/><\/p>\n<p style=\"text-align: center;\">Skapande och hantering av<em> n\u00e4tgemenskap<\/em><\/p>\n<\/td>\n<td style=\"width: 33.3333%;\"><img decoding=\"async\" class=\"size-full wp-image-39664 aligncenter\" src=\"https:\/\/translinguoglobal.com\/wp-content\/uploads\/2022\/04\/pagina-web.png\" alt=\"\" width=\"80\" height=\"80\" srcset=\"https:\/\/translinguoglobal.com\/wp-content\/uploads\/2022\/04\/pagina-web.png 250w, https:\/\/translinguoglobal.com\/wp-content\/uploads\/2022\/04\/pagina-web-150x150.png 150w\" sizes=\"(max-width: 80px) 100vw, 80px\" \/><\/p>\n<p style=\"text-align: center;\"><a href=\"\/?page_id=40776\">SEO och SEM<\/a><\/p>\n<\/td>\n<td style=\"width: 33.3333%;\"><img decoding=\"async\" class=\"size-medium wp-image-39588 aligncenter\" src=\"https:\/\/translinguoglobal.com\/wp-content\/uploads\/2022\/04\/estilo-300x300-1-300x300.png\" alt=\"\" width=\"80\" height=\"80\" srcset=\"https:\/\/translinguoglobal.com\/wp-content\/uploads\/2022\/04\/estilo-300x300-1.png 300w, https:\/\/translinguoglobal.com\/wp-content\/uploads\/2022\/04\/estilo-300x300-1-150x150.png 150w\" sizes=\"(max-width: 80px) 100vw, 80px\" \/><\/p>\n<p style=\"text-align: center;\">Spr\u00e5klig och kulturell anpassning<\/p>\n<\/td>\n<\/tr>\n<tr>\n<td style=\"width: 33.3333%;\"><img loading=\"lazy\" decoding=\"async\" class=\"size-full wp-image-39771 aligncenter\" src=\"https:\/\/translinguoglobal.com\/wp-content\/uploads\/2022\/04\/identidad-corportiva.png\" alt=\"\" width=\"80\" height=\"80\" srcset=\"https:\/\/translinguoglobal.com\/wp-content\/uploads\/2022\/04\/identidad-corportiva.png 250w, https:\/\/translinguoglobal.com\/wp-content\/uploads\/2022\/04\/identidad-corportiva-150x150.png 150w\" sizes=\"(max-width: 80px) 100vw, 80px\" \/><\/p>\n<p style=\"text-align: center;\">Personligt anpassad internationaliseringsprocess<\/p>\n<\/td>\n<td style=\"width: 33.3333%;\"><img loading=\"lazy\" decoding=\"async\" class=\"size-full wp-image-39867 aligncenter\" src=\"https:\/\/translinguoglobal.com\/wp-content\/uploads\/2022\/04\/ook.png\" alt=\"\" width=\"80\" height=\"80\" srcset=\"https:\/\/translinguoglobal.com\/wp-content\/uploads\/2022\/04\/ook.png 250w, https:\/\/translinguoglobal.com\/wp-content\/uploads\/2022\/04\/ook-150x150.png 150w\" sizes=\"(max-width: 80px) 100vw, 80px\" \/><\/p>\n<p style=\"text-align: center;\">Modersm\u00e5ls\u00f6vers\u00e4ttare<\/p>\n<\/td>\n<td style=\"width: 33.3333%;\"><img loading=\"lazy\" decoding=\"async\" class=\"size-full wp-image-39736 aligncenter\" src=\"https:\/\/translinguoglobal.com\/wp-content\/uploads\/2022\/04\/ok.png\" alt=\"\u00d6vervakning av inneh\u00e5ll.\" width=\"80\" height=\"80\" srcset=\"https:\/\/translinguoglobal.com\/wp-content\/uploads\/2022\/04\/ok.png 250w, https:\/\/translinguoglobal.com\/wp-content\/uploads\/2022\/04\/ok-150x150.png 150w\" sizes=\"(max-width: 80px) 100vw, 80px\" \/><\/p>\n<p style=\"text-align: center;\">Team av experter p\u00e5 kommunikation och <em>marknadsf\u00f6ring<\/em><\/p>\n<\/td>\n<\/tr>\n<\/tbody>\n<\/table>\n<p>Om du vil g\u00f6ra ditt f\u00f6retag internationellt s\u00e5 kontakta oss f\u00f6r att diskutera en internationell plan f\u00f6r <em>marknadsf\u00f6ring<\/em> och de b\u00e4sta priserna f\u00f6r b\u00e5da tj\u00e4nsterna.<\/p>\n<p>Vi kommer att f\u00f6resl\u00e5 den b\u00e4sta och mest personliga strategin s\u00e5 att ditt f\u00f6retag, blogg eller webbplats ska f\u00e5 auktoritet och relevans i s\u00f6kmotorerna p\u00e5 andra <em>sajter<\/em>.<\/p>\n<h5><a href=\"https:\/\/translinguoglobal.com\/sv\/servicio-de-marketing-multilingue\/\">L\u00e4r k\u00e4nna alla v\u00e5ra tj\u00e4nster f\u00f6r <em>digital<\/em> marknadsf\u00f6ring<\/a><\/h5>\n","protected":false},"excerpt":{"rendered":"<p>Betydelsen av flerspr\u00e5kig marknadsf\u00f6ring En av de stora utmaningarna som m\u00e5nga f\u00f6retag idag st\u00e5r inf\u00f6r \u00e4r utan tvekan att uppn\u00e5 st\u00f6rre synlighet p\u00e5 internationella marknader. P\u00e5 Translinguo Global\u00ae vet vi att detta endast kan vara effektivt om en korrekt flerspr\u00e5kig marknadsf\u00f6ringskampanj genomf\u00f6rs. En l\u00e4mplig synlighet och relevans p\u00e5 andra marknader kan g\u00f6ras m\u00f6jlig med en [&hellip;]<\/p>\n","protected":false},"author":3,"featured_media":54779,"parent":0,"menu_order":0,"comment_status":"closed","ping_status":"closed","template":"","meta":{"_crdt_document":"","inline_featured_image":false,"site-sidebar-layout":"default","site-content-layout":"default","ast-site-content-layout":"default","site-content-style":"default","site-sidebar-style":"default","ast-global-header-display":"","ast-banner-title-visibility":"","ast-main-header-display":"","ast-hfb-above-header-display":"","ast-hfb-below-header-display":"","ast-hfb-mobile-header-display":"","site-post-title":"","ast-breadcrumbs-content":"","ast-featured-img":"","footer-sml-layout":"","ast-disable-related-posts":"","theme-transparent-header-meta":"default","adv-header-id-meta":"","stick-header-meta":"","header-above-stick-meta":"","header-main-stick-meta":"","header-below-stick-meta":"","astra-migrate-meta-layouts":"set","ast-page-background-enabled":"default","ast-page-background-meta":{"desktop":{"background-color":"var(--ast-global-color-4)","background-image":"","background-repeat":"repeat","background-position":"center center","background-size":"auto","background-attachment":"scroll","background-type":"","background-media":"","overlay-type":"","overlay-color":"","overlay-opacity":"","overlay-gradient":""},"tablet":{"background-color":"","background-image":"","background-repeat":"repeat","background-position":"center center","background-size":"auto","background-attachment":"scroll","background-type":"","background-media":"","overlay-type":"","overlay-color":"","overlay-opacity":"","overlay-gradient":""},"mobile":{"background-color":"","background-image":"","background-repeat":"repeat","background-position":"center center","background-size":"auto","background-attachment":"scroll","background-type":"","background-media":"","overlay-type":"","overlay-color":"","overlay-opacity":"","overlay-gradient":""}},"ast-content-background-meta":{"desktop":{"background-color":"var(--ast-global-color-5)","background-image":"","background-repeat":"repeat","background-position":"center center","background-size":"auto","background-attachment":"scroll","background-type":"","background-media":"","overlay-type":"","overlay-color":"","overlay-opacity":"","overlay-gradient":""},"tablet":{"background-color":"var(--ast-global-color-5)","background-image":"","background-repeat":"repeat","background-position":"center center","background-size":"auto","background-attachment":"scroll","background-type":"","background-media":"","overlay-type":"","overlay-color":"","overlay-opacity":"","overlay-gradient":""},"mobile":{"background-color":"var(--ast-global-color-5)","background-image":"","background-repeat":"repeat","background-position":"center center","background-size":"auto","background-attachment":"scroll","background-type":"","background-media":"","overlay-type":"","overlay-color":"","overlay-opacity":"","overlay-gradient":""}},"footnotes":""},"class_list":["post-55631","page","type-page","status-publish","has-post-thumbnail","hentry"],"_links":{"self":[{"href":"https:\/\/translinguoglobal.com\/sv\/wp-json\/wp\/v2\/pages\/55631","targetHints":{"allow":["GET"]}}],"collection":[{"href":"https:\/\/translinguoglobal.com\/sv\/wp-json\/wp\/v2\/pages"}],"about":[{"href":"https:\/\/translinguoglobal.com\/sv\/wp-json\/wp\/v2\/types\/page"}],"author":[{"embeddable":true,"href":"https:\/\/translinguoglobal.com\/sv\/wp-json\/wp\/v2\/users\/3"}],"replies":[{"embeddable":true,"href":"https:\/\/translinguoglobal.com\/sv\/wp-json\/wp\/v2\/comments?post=55631"}],"version-history":[{"count":0,"href":"https:\/\/translinguoglobal.com\/sv\/wp-json\/wp\/v2\/pages\/55631\/revisions"}],"wp:featuredmedia":[{"embeddable":true,"href":"https:\/\/translinguoglobal.com\/sv\/wp-json\/wp\/v2\/media\/54779"}],"wp:attachment":[{"href":"https:\/\/translinguoglobal.com\/sv\/wp-json\/wp\/v2\/media?parent=55631"}],"curies":[{"name":"wp","href":"https:\/\/api.w.org\/{rel}","templated":true}]}}