{"id":55630,"date":"2023-03-30T14:30:01","date_gmt":"2023-03-30T12:30:01","guid":{"rendered":"https:\/\/translinguoglobal.com\/servicio-de-diseno-grafico\/"},"modified":"2023-04-04T13:56:17","modified_gmt":"2023-04-04T11:56:17","slug":"servicio-de-diseno-grafico","status":"publish","type":"page","link":"https:\/\/translinguoglobal.com\/sv\/servicio-de-diseno-grafico\/","title":{"rendered":"Grafisk designtj\u00e4nst"},"content":{"rendered":"<p>Tj\u00e4nst f\u00f6r grafisk design. Lyckas n\u00e5 kunden och \u00f6verf\u00f6ra det budskap hen vill uttrycka genom sin kreativitet och kompetens. D\u00e4rf\u00f6r har vi designers som \u00e4r<a href=\"\/?page_id=40887\"> experimenterade<\/a> som kommer att g\u00f6ra det m\u00f6jligt f\u00f6r din reklamkampanj. <a href=\"https:\/\/sv.wikipedia.org\/wiki\/Grafisk_formgivning\" target=\"_blank\" rel=\"noopener\">grafisk formgivning<\/a> betyder alla kommersiella element och reklamelement som ett f\u00f6retag eller privatperson kan beh\u00f6va. Det \u00e4r en tj\u00e4nst som kr\u00e4ver s\u00e4rskild uppm\u00e4rksamhet. Av denna anledning har vi ett professionellt team som ger ditt f\u00f6retag eller persojnliga profil en aktuell och kommersiell touch.<\/p>\n<table style=\"width: 100%; border-collapse: collapse; border-style: hidden;\">\n<tbody>\n<tr>\n<td style=\"width: 33.3333%;\"><img decoding=\"async\" class=\"size-full wp-image-39935 aligncenter\" src=\"https:\/\/translinguoglobal.com\/wp-content\/uploads\/2022\/04\/photo.png\" alt=\"F\u00f6retagsidentitet.\" width=\"80\" height=\"80\" srcset=\"https:\/\/translinguoglobal.com\/wp-content\/uploads\/2022\/04\/photo.png 250w, https:\/\/translinguoglobal.com\/wp-content\/uploads\/2022\/04\/photo-150x150.png 150w\" sizes=\"(max-width: 80px) 100vw, 80px\" \/><\/p>\n<p style=\"text-align: center;\"><a href=\"https:\/\/es.wikipedia.org\/wiki\/Identidad_corporativa\" target=\"_blank\" rel=\"noopener\">F\u00f6retagsidentitet<\/a>.Design f\u00f6r reklammedier. Illustrationer. Grafisk bildkonception.<\/p>\n<\/td>\n<td style=\"width: 33.3333%;\"><img decoding=\"async\" class=\"size-full wp-image-39942 aligncenter\" src=\"https:\/\/translinguoglobal.com\/wp-content\/uploads\/2022\/04\/logotipo.png\" alt=\"Design av logotyper, tidsskrifter, banners och f\u00f6retagsidentitet. F\u00f6rpackningar och grafiskt material.\" width=\"80\" height=\"80\" srcset=\"https:\/\/translinguoglobal.com\/wp-content\/uploads\/2022\/04\/logotipo.png 250w, https:\/\/translinguoglobal.com\/wp-content\/uploads\/2022\/04\/logotipo-150x150.png 150w\" sizes=\"(max-width: 80px) 100vw, 80px\" \/><\/p>\n<p style=\"text-align: center;\">Design av logotyper, tidsskrifter, banners och f\u00f6retagsidentitet. F\u00f6rpackningar och grafiskt material. <\/p>\n<\/td>\n<td style=\"width: 33.3333%;\"><img decoding=\"async\" class=\"size-full wp-image-39949 aligncenter\" src=\"https:\/\/translinguoglobal.com\/wp-content\/uploads\/2022\/04\/folleto.png\" alt=\"\" width=\"80\" height=\"80\" srcset=\"https:\/\/translinguoglobal.com\/wp-content\/uploads\/2022\/04\/folleto.png 250w, https:\/\/translinguoglobal.com\/wp-content\/uploads\/2022\/04\/folleto-150x150.png 150w\" sizes=\"(max-width: 80px) 100vw, 80px\" \/><\/p>\n<p style=\"text-align: center;\">Design av broschyrer, <em>flygblad<\/em>, illustrationer och grafisk identitet.<\/p>\n<\/td>\n<\/tr>\n<\/tbody>\n<\/table>\n<p>Om du eller ditt f\u00f6retag vill ge en kraftfull och professionell bild, s\u00e5 <a href=\"\/?page_id=36018\">lita<\/a> p\u00e5 v\u00e5ra proffs och kreativa designers. Bilden av ditt f\u00f6retag \u00e4r viktig f\u00f6r oss. <\/p>\n","protected":false},"excerpt":{"rendered":"<p>Genom tj\u00e4nsten f\u00f6r grafisk design kommer du att l\u00e4mna ett m\u00e4rke p\u00e5 dina kunders minne, eftersom en effektiv och minnesv\u00e4rd design kommer att \u201ckomma in i deras \u00f6gon\u201d. <\/p>\n","protected":false},"author":3,"featured_media":54832,"parent":0,"menu_order":0,"comment_status":"closed","ping_status":"closed","template":"","meta":{"_crdt_document":"","inline_featured_image":false,"site-sidebar-layout":"default","site-content-layout":"default","ast-site-content-layout":"default","site-content-style":"default","site-sidebar-style":"default","ast-global-header-display":"","ast-banner-title-visibility":"","ast-main-header-display":"","ast-hfb-above-header-display":"","ast-hfb-below-header-display":"","ast-hfb-mobile-header-display":"","site-post-title":"","ast-breadcrumbs-content":"","ast-featured-img":"","footer-sml-layout":"","ast-disable-related-posts":"","theme-transparent-header-meta":"default","adv-header-id-meta":"","stick-header-meta":"","header-above-stick-meta":"","header-main-stick-meta":"","header-below-stick-meta":"","astra-migrate-meta-layouts":"default","ast-page-background-enabled":"default","ast-page-background-meta":{"desktop":{"background-color":"var(--ast-global-color-4)","background-image":"","background-repeat":"repeat","background-position":"center center","background-size":"auto","background-attachment":"scroll","background-type":"","background-media":"","overlay-type":"","overlay-color":"","overlay-opacity":"","overlay-gradient":""},"tablet":{"background-color":"","background-image":"","background-repeat":"repeat","background-position":"center center","background-size":"auto","background-attachment":"scroll","background-type":"","background-media":"","overlay-type":"","overlay-color":"","overlay-opacity":"","overlay-gradient":""},"mobile":{"background-color":"","background-image":"","background-repeat":"repeat","background-position":"center center","background-size":"auto","background-attachment":"scroll","background-type":"","background-media":"","overlay-type":"","overlay-color":"","overlay-opacity":"","overlay-gradient":""}},"ast-content-background-meta":{"desktop":{"background-color":"var(--ast-global-color-5)","background-image":"","background-repeat":"repeat","background-position":"center center","background-size":"auto","background-attachment":"scroll","background-type":"","background-media":"","overlay-type":"","overlay-color":"","overlay-opacity":"","overlay-gradient":""},"tablet":{"background-color":"var(--ast-global-color-5)","background-image":"","background-repeat":"repeat","background-position":"center center","background-size":"auto","background-attachment":"scroll","background-type":"","background-media":"","overlay-type":"","overlay-color":"","overlay-opacity":"","overlay-gradient":""},"mobile":{"background-color":"var(--ast-global-color-5)","background-image":"","background-repeat":"repeat","background-position":"center center","background-size":"auto","background-attachment":"scroll","background-type":"","background-media":"","overlay-type":"","overlay-color":"","overlay-opacity":"","overlay-gradient":""}},"footnotes":""},"class_list":["post-55630","page","type-page","status-publish","has-post-thumbnail","hentry"],"_links":{"self":[{"href":"https:\/\/translinguoglobal.com\/sv\/wp-json\/wp\/v2\/pages\/55630","targetHints":{"allow":["GET"]}}],"collection":[{"href":"https:\/\/translinguoglobal.com\/sv\/wp-json\/wp\/v2\/pages"}],"about":[{"href":"https:\/\/translinguoglobal.com\/sv\/wp-json\/wp\/v2\/types\/page"}],"author":[{"embeddable":true,"href":"https:\/\/translinguoglobal.com\/sv\/wp-json\/wp\/v2\/users\/3"}],"replies":[{"embeddable":true,"href":"https:\/\/translinguoglobal.com\/sv\/wp-json\/wp\/v2\/comments?post=55630"}],"version-history":[{"count":0,"href":"https:\/\/translinguoglobal.com\/sv\/wp-json\/wp\/v2\/pages\/55630\/revisions"}],"wp:featuredmedia":[{"embeddable":true,"href":"https:\/\/translinguoglobal.com\/sv\/wp-json\/wp\/v2\/media\/54832"}],"wp:attachment":[{"href":"https:\/\/translinguoglobal.com\/sv\/wp-json\/wp\/v2\/media?parent=55630"}],"curies":[{"name":"wp","href":"https:\/\/api.w.org\/{rel}","templated":true}]}}