{"id":55629,"date":"2023-03-30T14:30:00","date_gmt":"2023-03-30T12:30:00","guid":{"rendered":"https:\/\/translinguoglobal.com\/material-publicitario\/"},"modified":"2023-04-04T13:56:29","modified_gmt":"2023-04-04T11:56:29","slug":"material-publicitario","status":"publish","type":"page","link":"https:\/\/translinguoglobal.com\/sv\/material-publicitario\/","title":{"rendered":"Reklammaterial"},"content":{"rendered":"<p>Reklammaterial. Vanliga anv\u00e4ndningar av <a href=\"\/?page_id=40801\">grafisk design<\/a> inkluderar identitet <strong>(logotyper och varum\u00e4rken)<\/strong>, publiceringar <strong>(tidsskrifter, tidningar och b\u00f6cker)<\/strong>, reklam och produktf\u00f6rpackningar. Till exempel kan ett produktpaket inneh\u00e5lla en <a href=https:\/\/sv.wikipedia.org\/wiki\/Logotyp>logotyp<\/a> eller annan design, organiserad text och f\u00f6rem\u00e5l av ren design som former och f\u00e4rger som f\u00f6renar delarna. <\/p>\n<p>Kompositionen, formerna och f\u00e4rgerna \u00e4r de viktigaste karakt\u00e4rsdragen f\u00f6r grafisk design, s\u00e4rskilt n\u00e4r redan existerande dokument eller olika delar anv\u00e4nds. <\/p>\n<h3 style=\"text-align: center;\">Grafisk design och skapande av reklam. Reklammaterial<\/h3>\n<p>Denna multimedia-twist ger dig m\u00f6jligheten att uppfylla alla dina behov inom <a href=\"https:\/\/es.wikipedia.org\/wiki\/Dise\u00f1o_gr\u00e1fico\" target=\"_blank\" rel=\"noopener\">dise\u00f1o gr\u00e1fico<\/a>. Vi erbjuder dig ett brett utbud av <a href=\"\/?page_id=40774\">multimediatj\u00e4nster<\/a> som<\/p>\n<table style=\"width: 100%; border-collapse: collapse; border-style: hidden;\">\n<tbody>\n<tr>\n<td style=\"width: 33.3333%;\"><img decoding=\"async\" class=\"size-full wp-image-39935 aligncenter\" src=\"https:\/\/translinguoglobal.com\/wp-content\/uploads\/2022\/04\/photo.png\" alt=\"Identidad corporativa.\" width=\"80\" height=\"80\" srcset=\"https:\/\/translinguoglobal.com\/wp-content\/uploads\/2022\/04\/photo.png 250w, https:\/\/translinguoglobal.com\/wp-content\/uploads\/2022\/04\/photo-150x150.png 150w\" sizes=\"(max-width: 80px) 100vw, 80px\" \/><\/p>\n<p style=\"text-align: center;\"F\u00f6retagsidentitet och bild av varum\u00e4rket. Grafisk formgivning och koncept.<\/p>\n<\/td>\n<td style=\"width: 33.3333%;\"><img decoding=\"async\" class=\"size-full wp-image-39942 aligncenter\" src=\"https:\/\/translinguoglobal.com\/wp-content\/uploads\/2022\/04\/logotipo.png\" alt=\"Design av logotyper, tidsskrifter, banners och f\u00f6retagsidentitet. \" width=\"80\" height=\"80\" srcset=\"https:\/\/translinguoglobal.com\/wp-content\/uploads\/2022\/04\/logotipo.png 250w, https:\/\/translinguoglobal.com\/wp-content\/uploads\/2022\/04\/logotipo-150x150.png 150w\" sizes=\"(max-width: 80px) 100vw, 80px\" \/><\/p>\n<p style=\"text-align: center;\">Design av logotyper<\/p>\n<\/td>\n<td style=\"width: 33.3333%;\"><img decoding=\"async\" class=\"size-full wp-image-39949 aligncenter\" src=\"https:\/\/translinguoglobal.com\/wp-content\/uploads\/2022\/04\/folleto.png\" alt=\"\" width=\"80\" height=\"80\" srcset=\"https:\/\/translinguoglobal.com\/wp-content\/uploads\/2022\/04\/folleto.png 250w, https:\/\/translinguoglobal.com\/wp-content\/uploads\/2022\/04\/folleto-150x150.png 150w\" sizes=\"(max-width: 80px) 100vw, 80px\" \/><\/p>\n<p style=\"text-align: center;\">Design av affischer, broschyrer, nyhetsbrev och brevpapper<\/p>\n<\/td>\n<\/tr>\n<\/tbody>\n<\/table>\n<p>&nbsp;<\/p>\n","protected":false},"excerpt":{"rendered":"<p>Reklammaterial. Vanliga anv\u00e4ndningar av grafisk design inkluderar identitet (logotyper och varum\u00e4rken), publiceringar (tidsskrifter, tidningar och b\u00f6cker), reklam och produktf\u00f6rpackningar. Till exempel kan ett produktpaket inneh\u00e5lla en logotyp eller annan design, organiserad text och f\u00f6rem\u00e5l av ren design som former och f\u00e4rger som f\u00f6renar delarna. Kompositionen, formerna och f\u00e4rgerna \u00e4r de viktigaste karakt\u00e4rsdragen f\u00f6r grafisk design, [&hellip;]<\/p>\n","protected":false},"author":3,"featured_media":54836,"parent":0,"menu_order":0,"comment_status":"closed","ping_status":"closed","template":"","meta":{"_crdt_document":"","inline_featured_image":false,"site-sidebar-layout":"default","site-content-layout":"default","ast-site-content-layout":"default","site-content-style":"default","site-sidebar-style":"default","ast-global-header-display":"","ast-banner-title-visibility":"","ast-main-header-display":"","ast-hfb-above-header-display":"","ast-hfb-below-header-display":"","ast-hfb-mobile-header-display":"","site-post-title":"","ast-breadcrumbs-content":"","ast-featured-img":"","footer-sml-layout":"","ast-disable-related-posts":"","theme-transparent-header-meta":"default","adv-header-id-meta":"","stick-header-meta":"","header-above-stick-meta":"","header-main-stick-meta":"","header-below-stick-meta":"","astra-migrate-meta-layouts":"default","ast-page-background-enabled":"default","ast-page-background-meta":{"desktop":{"background-color":"var(--ast-global-color-4)","background-image":"","background-repeat":"repeat","background-position":"center center","background-size":"auto","background-attachment":"scroll","background-type":"","background-media":"","overlay-type":"","overlay-color":"","overlay-opacity":"","overlay-gradient":""},"tablet":{"background-color":"","background-image":"","background-repeat":"repeat","background-position":"center center","background-size":"auto","background-attachment":"scroll","background-type":"","background-media":"","overlay-type":"","overlay-color":"","overlay-opacity":"","overlay-gradient":""},"mobile":{"background-color":"","background-image":"","background-repeat":"repeat","background-position":"center center","background-size":"auto","background-attachment":"scroll","background-type":"","background-media":"","overlay-type":"","overlay-color":"","overlay-opacity":"","overlay-gradient":""}},"ast-content-background-meta":{"desktop":{"background-color":"var(--ast-global-color-5)","background-image":"","background-repeat":"repeat","background-position":"center center","background-size":"auto","background-attachment":"scroll","background-type":"","background-media":"","overlay-type":"","overlay-color":"","overlay-opacity":"","overlay-gradient":""},"tablet":{"background-color":"var(--ast-global-color-5)","background-image":"","background-repeat":"repeat","background-position":"center center","background-size":"auto","background-attachment":"scroll","background-type":"","background-media":"","overlay-type":"","overlay-color":"","overlay-opacity":"","overlay-gradient":""},"mobile":{"background-color":"var(--ast-global-color-5)","background-image":"","background-repeat":"repeat","background-position":"center center","background-size":"auto","background-attachment":"scroll","background-type":"","background-media":"","overlay-type":"","overlay-color":"","overlay-opacity":"","overlay-gradient":""}},"footnotes":""},"class_list":["post-55629","page","type-page","status-publish","has-post-thumbnail","hentry"],"_links":{"self":[{"href":"https:\/\/translinguoglobal.com\/sv\/wp-json\/wp\/v2\/pages\/55629","targetHints":{"allow":["GET"]}}],"collection":[{"href":"https:\/\/translinguoglobal.com\/sv\/wp-json\/wp\/v2\/pages"}],"about":[{"href":"https:\/\/translinguoglobal.com\/sv\/wp-json\/wp\/v2\/types\/page"}],"author":[{"embeddable":true,"href":"https:\/\/translinguoglobal.com\/sv\/wp-json\/wp\/v2\/users\/3"}],"replies":[{"embeddable":true,"href":"https:\/\/translinguoglobal.com\/sv\/wp-json\/wp\/v2\/comments?post=55629"}],"version-history":[{"count":0,"href":"https:\/\/translinguoglobal.com\/sv\/wp-json\/wp\/v2\/pages\/55629\/revisions"}],"wp:featuredmedia":[{"embeddable":true,"href":"https:\/\/translinguoglobal.com\/sv\/wp-json\/wp\/v2\/media\/54836"}],"wp:attachment":[{"href":"https:\/\/translinguoglobal.com\/sv\/wp-json\/wp\/v2\/media?parent=55629"}],"curies":[{"name":"wp","href":"https:\/\/api.w.org\/{rel}","templated":true}]}}