{"id":55628,"date":"2023-03-30T14:29:59","date_gmt":"2023-03-30T12:29:59","guid":{"rendered":"https:\/\/translinguoglobal.com\/maquetacion-de-textos\/"},"modified":"2023-04-04T13:56:46","modified_gmt":"2023-04-04T11:56:46","slug":"maquetacion-de-textos","status":"publish","type":"page","link":"https:\/\/translinguoglobal.com\/sv\/maquetacion-de-textos\/","title":{"rendered":"Textlayout"},"content":{"rendered":"<p><a href=\"https:\/\/sv.wikipedia.org\/w\/index.php?title=Layout&#038;redirect=no\" target=\"_blank\" rel=\"noopener\">Layout<\/a> av texter. Denna tj\u00e4nst inneb\u00e4r att organisera skriftligt, visuellt och i vissa fall audiovisuellt inneh\u00e5ll (<a href=\"https:\/\/sv.wikipedia.org\/wiki\/Multimedia\" target=\"_blank\" rel=\"noopener\">multimedia<\/a>)i tryckta och elektroniska medier som b\u00f6cker, tidningar och tidsskrifter.<br \/>\nDen tekniska layouten best\u00e5r av att placera texten med specifik sk\u00e4rpa som kombinerar grafisk design, redaktionell design och textredigering. Utan tvekan ett perfekt komplement till ditt \u00f6vers\u00e4ttningsprojekt. <\/p>\n<h4 style=\"text-align: center;\">Servicio dServicio de maquetaci\u00f3n de textos<\/h4>\n<p>P\u00e5 <a href=\"https:\/\/translinguoglobal.com\"><strong>Translinguo Global\u00ae<\/strong><\/a>, anv\u00e4nder vi program som <em>InDesign<\/em>, <em>QuarkXpress<\/em> eller <em>Illustrator<\/em>. D\u00e4rf\u00f6r kan vi garantera dig ett spektakul\u00e4rt resultat. Dessutom har vi experter som \u00e4r uppdaterade p\u00e5 de mest banbrytande designteknikerna och marknadstrenderna, samt flerspr\u00e5kiga texter, vilket inneb\u00e4r idealisk kvalitet och idealiska konsekvenser f\u00f6r dina textlayoutprojekt. <\/p>\n<p>Vi erbjuder ocks\u00e5 en bearbetningstj\u00e4nst med <a href=\"\/?page_id=40887\">\u00f6vers\u00e4ttning<\/a> inom varje spr\u00e5k eller alfabet eftersom vi har modersm\u00e5lstalande experter. <\/p>\n<p>Vi kan designa din budget utifr\u00e5n dina specifika behov, oavsett om det \u00e4r en kompletterande \u00f6vers\u00e4ttningstj\u00e4nst eller n\u00e5gon annan, eller helt enkelt en separat textlayouttj\u00e4nst. <\/p>\n<table style=\"height: 18px; width: 100%; border-collapse: collapse; border-style: hidden;\">\n<tbody>\n<tr style=\"height: 18px;\">\n<td style=\"width: 25%; height: 18px;\"><img decoding=\"async\" class=\"size-full wp-image-39459 alignleft\" src=\"https:\/\/translinguoglobal.com\/wp-content\/uploads\/2022\/04\/check-300x261-1.png\" alt=\"\" width=\"20\" height=\"20\"> Avhandlingar. Forskningsarbete. <\/td>\n<td style=\"width: 25%; height: 18px;\"><img decoding=\"async\" class=\"size-full wp-image-39459 alignleft\" src=\"https:\/\/translinguoglobal.com\/wp-content\/uploads\/2022\/04\/check-300x261-1.png\" alt=\"\" width=\"20\" height=\"20\"> Informes de todo tipo.<\/td>\n<td style=\"width: 25%; height: 18px;\"><img decoding=\"async\" class=\"size-full wp-image-39459 alignleft\" src=\"https:\/\/translinguoglobal.com\/wp-content\/uploads\/2022\/04\/check-300x261-1.png\" alt=\"\" width=\"20\" height=\"20\">\u00c5rliga rapporter<\/td>\n<td style=\"width: 25%; height: 18px;\"><img decoding=\"async\" class=\"size-full wp-image-39459 alignleft\" src=\"https:\/\/translinguoglobal.com\/wp-content\/uploads\/2022\/04\/check-300x261-1.png\" alt=\"\" width=\"20\" height=\"20\"> Guider, presentationer, etc.<\/td>\n<\/tr>\n<\/tbody>\n<\/table>\n<p>P\u00e5 <strong>Translinguo Global\u00ae<\/strong> anv\u00e4nder vi program som<em>InDesign<\/em>,<br \/>\n<em>QuarkXpress<\/em> eller <em>Illustrator<\/em>.D\u00e4rf\u00f6r kan vi garantera dig ett spektakul\u00e4rt resultat. <\/p>\n<table style=\"width: 100%; border-collapse: collapse; border-style: hidden;\" border=\"0\">\n<tbody>\n<tr>\n<td style=\"width: 33.3333%;\"><img decoding=\"async\" class=\"size-full wp-image-40007 aligncenter\" src=\"https:\/\/translinguoglobal.com\/wp-content\/uploads\/2022\/04\/QuarkXPress_2017_Icon-300x297-1.png\" alt=\"\" width=\"90\" height=\"90\" srcset=\"https:\/\/translinguoglobal.com\/wp-content\/uploads\/2022\/04\/QuarkXPress_2017_Icon-300x297-1.png 300w, https:\/\/translinguoglobal.com\/wp-content\/uploads\/2022\/04\/QuarkXPress_2017_Icon-300x297-1-150x150.png 150w\" sizes=\"(max-width: 90px) 100vw, 90px\" \/><\/td>\n<td style=\"width: 33.3333%;\"><img decoding=\"async\" class=\"size-medium wp-image-40014 aligncenter\" src=\"https:\/\/translinguoglobal.com\/wp-\ncontent\/uploads\/2022\/04\/illustrator-300x300-1-300x300.png\" alt=\"\" width=\"90\" height=\"90\" srcset=\"https:\/\/translinguoglobal.com\/wp-content\/uploads\/2022\/04\/illustrator-300x300-1.png 300w, https:\/\/translinguoglobal.com\/wp-content\/uploads\/2022\/04\/illustrator-300x300-1-150x150.png 150w\" sizes=\"(max-width: 90px) 100vw, 90px\" \/><\/td>\n<td style=\"width: 33.3333%;\"><img loading=\"lazy\" decoding=\"async\" class=\"size-full wp-image-40021 aligncenter\" src=\"https:\/\/translinguoglobal.com\/wp-content\/uploads\/2022\/04\/descarga-1.png\" alt=\"\" width=\"90\" height=\"90\"><\/td>\n<\/tr>\n<\/tbody>\n<\/table>\n<p>Dessutom har vi experter som \u00e4r uppdaterade med de mest avancerade designteknikerna och marknadstrenderna, samt flerspr\u00e5kiga texter, vilket inneb\u00e4r ideal kvalitet och konsistens f\u00f6r dina projekt. <\/p>\n<p>Vi erbjuder dig ocks\u00e5 en layouttj\u00e4nst med \u00f6vers\u00e4ttning till alla spr\u00e5k och alfabet, eftersom vi har experter som \u00e4r\u00a8modersm\u00e5lstalande.<\/p>\n<p>Vi kan designa din budget enligt dina specifika behov, oavsett om det handlar om en kompletterande \u00f6vers\u00e4ttningstj\u00e4nst eller n\u00e5gon annan tj\u00e4nst, eller helt enkelt en separat textlayouttj\u00e4nst. <\/p>\n","protected":false},"excerpt":{"rendered":"<p>Layout av texter. Denna tj\u00e4nst inneb\u00e4r att organisera skriftligt, visuellt och i vissa fall audiovisuellt inneh\u00e5ll (multimedia)i tryckta och elektroniska medier som b\u00f6cker, tidningar och tidsskrifter. Den tekniska layouten best\u00e5r av att placera texten med specifik sk\u00e4rpa som kombinerar grafisk design, redaktionell design och textredigering. Utan tvekan ett perfekt komplement till ditt \u00f6vers\u00e4ttningsprojekt. Servicio dServicio [&hellip;]<\/p>\n","protected":false},"author":3,"featured_media":54837,"parent":0,"menu_order":0,"comment_status":"closed","ping_status":"closed","template":"","meta":{"_crdt_document":"","inline_featured_image":false,"site-sidebar-layout":"no-sidebar","site-content-layout":"page-builder","ast-site-content-layout":"full-width-container","site-content-style":"default","site-sidebar-style":"default","ast-global-header-display":"","ast-banner-title-visibility":"","ast-main-header-display":"","ast-hfb-above-header-display":"","ast-hfb-below-header-display":"","ast-hfb-mobile-header-display":"","site-post-title":"disabled","ast-breadcrumbs-content":"","ast-featured-img":"disabled","footer-sml-layout":"","ast-disable-related-posts":"","theme-transparent-header-meta":"default","adv-header-id-meta":"","stick-header-meta":"","header-above-stick-meta":"","header-main-stick-meta":"","header-below-stick-meta":"","astra-migrate-meta-layouts":"default","ast-page-background-enabled":"default","ast-page-background-meta":{"desktop":{"background-color":"var(--ast-global-color-4)","background-image":"","background-repeat":"repeat","background-position":"center center","background-size":"auto","background-attachment":"scroll","background-type":"","background-media":"","overlay-type":"","overlay-color":"","overlay-opacity":"","overlay-gradient":""},"tablet":{"background-color":"","background-image":"","background-repeat":"repeat","background-position":"center center","background-size":"auto","background-attachment":"scroll","background-type":"","background-media":"","overlay-type":"","overlay-color":"","overlay-opacity":"","overlay-gradient":""},"mobile":{"background-color":"","background-image":"","background-repeat":"repeat","background-position":"center center","background-size":"auto","background-attachment":"scroll","background-type":"","background-media":"","overlay-type":"","overlay-color":"","overlay-opacity":"","overlay-gradient":""}},"ast-content-background-meta":{"desktop":{"background-color":"var(--ast-global-color-5)","background-image":"","background-repeat":"repeat","background-position":"center center","background-size":"auto","background-attachment":"scroll","background-type":"","background-media":"","overlay-type":"","overlay-color":"","overlay-opacity":"","overlay-gradient":""},"tablet":{"background-color":"var(--ast-global-color-5)","background-image":"","background-repeat":"repeat","background-position":"center center","background-size":"auto","background-attachment":"scroll","background-type":"","background-media":"","overlay-type":"","overlay-color":"","overlay-opacity":"","overlay-gradient":""},"mobile":{"background-color":"var(--ast-global-color-5)","background-image":"","background-repeat":"repeat","background-position":"center center","background-size":"auto","background-attachment":"scroll","background-type":"","background-media":"","overlay-type":"","overlay-color":"","overlay-opacity":"","overlay-gradient":""}},"footnotes":""},"class_list":["post-55628","page","type-page","status-publish","has-post-thumbnail","hentry"],"_links":{"self":[{"href":"https:\/\/translinguoglobal.com\/sv\/wp-json\/wp\/v2\/pages\/55628","targetHints":{"allow":["GET"]}}],"collection":[{"href":"https:\/\/translinguoglobal.com\/sv\/wp-json\/wp\/v2\/pages"}],"about":[{"href":"https:\/\/translinguoglobal.com\/sv\/wp-json\/wp\/v2\/types\/page"}],"author":[{"embeddable":true,"href":"https:\/\/translinguoglobal.com\/sv\/wp-json\/wp\/v2\/users\/3"}],"replies":[{"embeddable":true,"href":"https:\/\/translinguoglobal.com\/sv\/wp-json\/wp\/v2\/comments?post=55628"}],"version-history":[{"count":0,"href":"https:\/\/translinguoglobal.com\/sv\/wp-json\/wp\/v2\/pages\/55628\/revisions"}],"wp:featuredmedia":[{"embeddable":true,"href":"https:\/\/translinguoglobal.com\/sv\/wp-json\/wp\/v2\/media\/54837"}],"wp:attachment":[{"href":"https:\/\/translinguoglobal.com\/sv\/wp-json\/wp\/v2\/media?parent=55628"}],"curies":[{"name":"wp","href":"https:\/\/api.w.org\/{rel}","templated":true}]}}