{"id":55617,"date":"2023-03-30T14:29:50","date_gmt":"2023-03-30T12:29:50","guid":{"rendered":"https:\/\/translinguoglobal.com\/descuentos\/"},"modified":"2023-04-04T13:58:58","modified_gmt":"2023-04-04T11:58:58","slug":"descuentos","status":"publish","type":"page","link":"https:\/\/translinguoglobal.com\/sv\/descuentos\/","title":{"rendered":"Rabatter"},"content":{"rendered":"<h3 style=\"text-align: center;\"><strong>Rabatter<\/strong><\/h3>\n<p>Rabatter. Vi vet att en professionell \u00f6vers\u00e4ttningstj\u00e4nst kan vara kostsam, och d\u00e4rf\u00f6r studerar vi p\u00e5<a href=\"https:\/\/translinguoglobal.com\/wp-admin\/post.php?post=35895&amp;action=edit&amp;lang=es\"> Translinguo Global\u00ae<\/a> varje f\u00f6rslag p\u00e5 ett oberoende s\u00e4tt. Vi anser att \u00e4rlighet och \u00f6ppenhet \u00e4r tv\u00e5 av v\u00e5ra k\u00e4nnetecken. <\/p>\n<p>D\u00e4rf\u00f6r kan du kontakta oss p\u00e5 vilket s\u00e4tt som helst om ditt projekt \u00e4r komplext och t\u00e4tt och du vill att vi pratar. Naturligtvis beror rabatterna p\u00e5 projektets l\u00f6ptid, volym och egenskaper. Kontakta oss s\u00e5 pratar vi!<\/p>\n<h3 style=\"text-: center;\"><strong>\u00d6verenskommelser och speciella avtal<\/strong><\/h3>\n<p>Nuf\u00f6rtiden \u00e4r det m\u00e5nga f\u00f6retag som kr\u00e4ver en konstant tj\u00e4nst f\u00f6r \u00f6vers\u00e4ttning eller <a href=\"https:\/\/sv.wikipedia.org\/wiki\/Marknadsf%C3%B6ring\" target=\"_blank\" rel=\"noopener\"><em>marknadsf\u00f6ring<\/em><\/a>. F\u00f6r detta erbjuder <strong>Translinguo Global\u00ae<\/strong> m\u00f6jligheten att teckna avtal eller specialrabatter f\u00f6r \u00e5terkommande best\u00e4llningar. <\/p>\n<p><strong>Translinguo Global\u00ae<\/strong> erbjuder sina stamkunder, och de som vill vara det, rabatter och m\u00f6jligheter att teckna avtal med motsvarande reducerade priser och speciella villkor anpassade efter deras behov. <\/p>\n<p>Ta kontakt med oss och f\u00f6rklara din situation f\u00f6r att n\u00e5 ett avtal som gynnar alla. <\/p>\n","protected":false},"excerpt":{"rendered":"<p>Rabatter Rabatter. Vi vet att en professionell \u00f6vers\u00e4ttningstj\u00e4nst kan vara kostsam, och d\u00e4rf\u00f6r studerar vi p\u00e5 Translinguo Global\u00ae varje f\u00f6rslag p\u00e5 ett oberoende s\u00e4tt. Vi anser att \u00e4rlighet och \u00f6ppenhet \u00e4r tv\u00e5 av v\u00e5ra k\u00e4nnetecken. D\u00e4rf\u00f6r kan du kontakta oss p\u00e5 vilket s\u00e4tt som helst om ditt projekt \u00e4r komplext och t\u00e4tt och du vill [&hellip;]<\/p>\n","protected":false},"author":3,"featured_media":55158,"parent":0,"menu_order":0,"comment_status":"closed","ping_status":"closed","template":"","meta":{"_crdt_document":"","inline_featured_image":false,"site-sidebar-layout":"default","site-content-layout":"default","ast-site-content-layout":"default","site-content-style":"default","site-sidebar-style":"default","ast-global-header-display":"","ast-banner-title-visibility":"","ast-main-header-display":"","ast-hfb-above-header-display":"","ast-hfb-below-header-display":"","ast-hfb-mobile-header-display":"","site-post-title":"","ast-breadcrumbs-content":"","ast-featured-img":"","footer-sml-layout":"","ast-disable-related-posts":"","theme-transparent-header-meta":"default","adv-header-id-meta":"","stick-header-meta":"","header-above-stick-meta":"","header-main-stick-meta":"","header-below-stick-meta":"","astra-migrate-meta-layouts":"default","ast-page-background-enabled":"default","ast-page-background-meta":{"desktop":{"background-color":"var(--ast-global-color-4)","background-image":"","background-repeat":"repeat","background-position":"center center","background-size":"auto","background-attachment":"scroll","background-type":"","background-media":"","overlay-type":"","overlay-color":"","overlay-opacity":"","overlay-gradient":""},"tablet":{"background-color":"","background-image":"","background-repeat":"repeat","background-position":"center center","background-size":"auto","background-attachment":"scroll","background-type":"","background-media":"","overlay-type":"","overlay-color":"","overlay-opacity":"","overlay-gradient":""},"mobile":{"background-color":"","background-image":"","background-repeat":"repeat","background-position":"center center","background-size":"auto","background-attachment":"scroll","background-type":"","background-media":"","overlay-type":"","overlay-color":"","overlay-opacity":"","overlay-gradient":""}},"ast-content-background-meta":{"desktop":{"background-color":"var(--ast-global-color-5)","background-image":"","background-repeat":"repeat","background-position":"center center","background-size":"auto","background-attachment":"scroll","background-type":"","background-media":"","overlay-type":"","overlay-color":"","overlay-opacity":"","overlay-gradient":""},"tablet":{"background-color":"var(--ast-global-color-5)","background-image":"","background-repeat":"repeat","background-position":"center center","background-size":"auto","background-attachment":"scroll","background-type":"","background-media":"","overlay-type":"","overlay-color":"","overlay-opacity":"","overlay-gradient":""},"mobile":{"background-color":"var(--ast-global-color-5)","background-image":"","background-repeat":"repeat","background-position":"center center","background-size":"auto","background-attachment":"scroll","background-type":"","background-media":"","overlay-type":"","overlay-color":"","overlay-opacity":"","overlay-gradient":""}},"footnotes":""},"class_list":["post-55617","page","type-page","status-publish","has-post-thumbnail","hentry"],"_links":{"self":[{"href":"https:\/\/translinguoglobal.com\/sv\/wp-json\/wp\/v2\/pages\/55617","targetHints":{"allow":["GET"]}}],"collection":[{"href":"https:\/\/translinguoglobal.com\/sv\/wp-json\/wp\/v2\/pages"}],"about":[{"href":"https:\/\/translinguoglobal.com\/sv\/wp-json\/wp\/v2\/types\/page"}],"author":[{"embeddable":true,"href":"https:\/\/translinguoglobal.com\/sv\/wp-json\/wp\/v2\/users\/3"}],"replies":[{"embeddable":true,"href":"https:\/\/translinguoglobal.com\/sv\/wp-json\/wp\/v2\/comments?post=55617"}],"version-history":[{"count":0,"href":"https:\/\/translinguoglobal.com\/sv\/wp-json\/wp\/v2\/pages\/55617\/revisions"}],"wp:featuredmedia":[{"embeddable":true,"href":"https:\/\/translinguoglobal.com\/sv\/wp-json\/wp\/v2\/media\/55158"}],"wp:attachment":[{"href":"https:\/\/translinguoglobal.com\/sv\/wp-json\/wp\/v2\/media?parent=55617"}],"curies":[{"name":"wp","href":"https:\/\/api.w.org\/{rel}","templated":true}]}}