{"id":55685,"date":"2023-03-30T14:31:26","date_gmt":"2023-03-30T12:31:26","guid":{"rendered":"https:\/\/translinguoglobal.com\/traduccion-del-aleman\/"},"modified":"2023-04-04T13:42:37","modified_gmt":"2023-04-04T11:42:37","slug":"traduccion-del-aleman","status":"publish","type":"page","link":"https:\/\/translinguoglobal.com\/ru\/traduccion-del-aleman\/","title":{"rendered":"\u00d6vers\u00e4ttning av tyska"},"content":{"rendered":"<p>h3 style=&#187;text-align: center;&#187;><strong>\u00d6vers\u00e4ttning av tyska och specialiseringar<\/strong><\/h3>\n<p> \u00d6vers\u00e4ttning av tyska. Ett \u00f6vers\u00e4ttningsf\u00f6retag f\u00f6r <a href=\"https:\/\/sv.wikipedia.org\/wiki\/Tyska\" target=\"_blank\" rel=\"noopener\">tyska<\/a> har en s\u00e4rskild betydelse eftersom det \u00e4r en av de mest efterfr\u00e5gade \u00f6vers\u00e4ttningarna. Tyskland \u00e4r en v\u00e4rldskraft och tyskan \u00e4r det tionde mest talade spr\u00e5ket i v\u00e4rlden, med totalt 185 miljoner talare. <\/p>\n<p>Av denna anledning \u00e4r vi p\u00e5 <a href=\"https:\/\/translinguoglobal.com\"> TRANSLINGUO GLOBAL<\/a> medvetna om betydelsen att erbjuda en professionell tj\u00e4nst, som \u00e4r av kvalitet och lojal emot originaltexten d\u00e4r man riktar uppm\u00e4rksamhet till varje detalj och inte g\u00e5r miste om inneh\u00e5ll i \u00f6vers\u00e4ttningsprocessen. <\/p>\n<p>Som ett f\u00f6retag f\u00f6r tysk \u00f6vers\u00e4ttning \u00e4r vi uppm\u00e4rksamma p\u00e5 de olika detaljerna som inneb\u00e4r en utmaning vid tolkning av detta spr\u00e5k och vi f\u00f6rs\u00e4krar att n\u00e5gon av de professionella \u00f6vers\u00e4ttarna och de specialiserade p\u00e5 tyska inom v\u00e5rt team kommer att lyckas med en tydlig och flytande kommunikation. <\/p>\n<p>40% av den tyska BNP:n kommer fr\u00e5n exporten. D\u00e4rf\u00f6r \u00e4r det inte konstigt att den mest efterfr\u00e5gade specialiteten av tysk \u00f6vers\u00e4ttning \u00e4r ekonomisk, juridisk och auktoriserad. Denna sista specialitet \u00e4r mycket viktig d\u00e5 Tyskland \u00e4r ett mycket byr\u00e5kratiskt land. D\u00e4rf\u00f6r lyfter vi fram hur viktigt det \u00e4r att ha specialiserade \u00f6vers\u00e4ttare i ett f\u00f6retag f\u00f6r tysk \u00f6vers\u00e4ttning.<\/p>\n<h3 style=\"text-align: center;\"><strong>Budget f\u00f6r \u00f6vers\u00e4ttning av tyska<\/strong><\/h3>\n<p>Det vanligaste s\u00e4ttet att r\u00e4kna ut budgeten f\u00f6r en \u00a0<strong>\u00f6vers\u00e4ttning<\/strong> \u00e4r att r\u00e4kna ordantalet och multiplicera det med priset. D\u00e4remot syntetiserar tyskan m\u00e5nga ord till ett enda. Detta g\u00f6r en n\u00e4stan 30 procents skillnad i ordantalet.<\/p>\n<p>En av de l\u00f6sningar som v\u00e5rt f\u00f6retag f\u00f6r tysk \u00f6vers\u00e4ttning har \u00e4r att r\u00e4kna antal karakt\u00e4rer per rad. P\u00e5 s\u00e5 vis hittar vi den mest r\u00e4ttvisa l\u00f6sningen n\u00e4r man r\u00e4knar ut en <strong>tysk \u00f6vers\u00e4ttning.<\/strong> <\/p>\n<p>Dessutom b\u00f6r man ta h\u00e4nsyn till flera faktorer n\u00e4r man r\u00e4knar ut budgeten. Dessa \u00e4r <b>specialiteten, hur br\u00e5ttom det \u00e4r, volymen och originaldokumentets skick<\/b>, med flera.<\/p>\n<h3 style=\"text-align: center;\"><strong>Problem med den tyska \u00f6vers\u00e4ttningen<\/strong><\/h3>\n<p>N\u00e4r man \u00f6vers\u00e4tter tyska \u00e4r de olika dialekterna som finns ett hinder som vi p\u00e5 ett f\u00f6retag f\u00f6r tysk \u00f6vers\u00e4ttning st\u00e5r inf\u00f6r. Den uppenbara skillnaden i termer, med ord som har upp till 67 bokst\u00e4ver, och syntetiseringar av flera ord till ett enda ord g\u00f6r ocks\u00e5 den tyska \u00f6vers\u00e4ttningen sv\u00e5r. <\/p>\n<p>Dessutom st\u00e5r vi inf\u00f6r en kr\u00e4vande kundkrets som beg\u00e4r att \u00f6vers\u00e4ttningsbyr\u00e5erna f\u00f6r dess spr\u00e5k f\u00f6ljer ISO-17100 standarden, eftersom de utf\u00f6r ett stort antal exporter. <\/p>\n","protected":false},"excerpt":{"rendered":"<p>Tyskan \u00e4r ett germanskt spr\u00e5k som talas av mer \u00e4n 100 miljoner m\u00e4nniskor i centrala Europa.<\/p>\n","protected":false},"author":3,"featured_media":41307,"parent":0,"menu_order":0,"comment_status":"closed","ping_status":"closed","template":"","meta":{"_crdt_document":"","inline_featured_image":false,"site-sidebar-layout":"no-sidebar","site-content-layout":"page-builder","ast-site-content-layout":"full-width-container","site-content-style":"default","site-sidebar-style":"default","ast-global-header-display":"","ast-banner-title-visibility":"","ast-main-header-display":"","ast-hfb-above-header-display":"","ast-hfb-below-header-display":"","ast-hfb-mobile-header-display":"","site-post-title":"disabled","ast-breadcrumbs-content":"","ast-featured-img":"disabled","footer-sml-layout":"","ast-disable-related-posts":"","theme-transparent-header-meta":"default","adv-header-id-meta":"","stick-header-meta":"","header-above-stick-meta":"","header-main-stick-meta":"","header-below-stick-meta":"","astra-migrate-meta-layouts":"default","ast-page-background-enabled":"default","ast-page-background-meta":{"desktop":{"background-color":"var(--ast-global-color-4)","background-image":"","background-repeat":"repeat","background-position":"center center","background-size":"auto","background-attachment":"scroll","background-type":"","background-media":"","overlay-type":"","overlay-color":"","overlay-opacity":"","overlay-gradient":""},"tablet":{"background-color":"","background-image":"","background-repeat":"repeat","background-position":"center center","background-size":"auto","background-attachment":"scroll","background-type":"","background-media":"","overlay-type":"","overlay-color":"","overlay-opacity":"","overlay-gradient":""},"mobile":{"background-color":"","background-image":"","background-repeat":"repeat","background-position":"center center","background-size":"auto","background-attachment":"scroll","background-type":"","background-media":"","overlay-type":"","overlay-color":"","overlay-opacity":"","overlay-gradient":""}},"ast-content-background-meta":{"desktop":{"background-color":"var(--ast-global-color-5)","background-image":"","background-repeat":"repeat","background-position":"center center","background-size":"auto","background-attachment":"scroll","background-type":"","background-media":"","overlay-type":"","overlay-color":"","overlay-opacity":"","overlay-gradient":""},"tablet":{"background-color":"var(--ast-global-color-5)","background-image":"","background-repeat":"repeat","background-position":"center center","background-size":"auto","background-attachment":"scroll","background-type":"","background-media":"","overlay-type":"","overlay-color":"","overlay-opacity":"","overlay-gradient":""},"mobile":{"background-color":"var(--ast-global-color-5)","background-image":"","background-repeat":"repeat","background-position":"center center","background-size":"auto","background-attachment":"scroll","background-type":"","background-media":"","overlay-type":"","overlay-color":"","overlay-opacity":"","overlay-gradient":""}},"footnotes":""},"class_list":["post-55685","page","type-page","status-publish","has-post-thumbnail","hentry"],"_links":{"self":[{"href":"https:\/\/translinguoglobal.com\/ru\/wp-json\/wp\/v2\/pages\/55685","targetHints":{"allow":["GET"]}}],"collection":[{"href":"https:\/\/translinguoglobal.com\/ru\/wp-json\/wp\/v2\/pages"}],"about":[{"href":"https:\/\/translinguoglobal.com\/ru\/wp-json\/wp\/v2\/types\/page"}],"author":[{"embeddable":true,"href":"https:\/\/translinguoglobal.com\/ru\/wp-json\/wp\/v2\/users\/3"}],"replies":[{"embeddable":true,"href":"https:\/\/translinguoglobal.com\/ru\/wp-json\/wp\/v2\/comments?post=55685"}],"version-history":[{"count":0,"href":"https:\/\/translinguoglobal.com\/ru\/wp-json\/wp\/v2\/pages\/55685\/revisions"}],"wp:featuredmedia":[{"embeddable":true,"href":"https:\/\/translinguoglobal.com\/ru\/wp-json\/wp\/v2\/media\/41307"}],"wp:attachment":[{"href":"https:\/\/translinguoglobal.com\/ru\/wp-json\/wp\/v2\/media?parent=55685"}],"curies":[{"name":"wp","href":"https:\/\/api.w.org\/{rel}","templated":true}]}}