{"id":55684,"date":"2023-03-30T14:31:25","date_gmt":"2023-03-30T12:31:25","guid":{"rendered":"https:\/\/translinguoglobal.com\/servicios-de-traduccion-para-arquitectura-y-construccion\/"},"modified":"2023-04-04T13:42:52","modified_gmt":"2023-04-04T11:42:52","slug":"servicios-de-traduccion-para-arquitectura-y-construccion","status":"publish","type":"page","link":"https:\/\/translinguoglobal.com\/ru\/servicios-de-traduccion-para-arquitectura-y-construccion\/","title":{"rendered":"\u00d6vers\u00e4ttningstj\u00e4nster f\u00f6r arkitektur och konstruktion"},"content":{"rendered":"<p>\u00d6vers\u00e4ttningstj\u00e4nster f\u00f6r arkitektur och konstruktion. Det handlar om delar som har f\u00f6ljt med m\u00e4nskligheten sedan b\u00f6rjan av dess existens. Av denna anledning \u00e4r det s\u00e5 viktigt att ha tillg\u00e5ng till en \u00f6vers\u00e4ttningstj\u00e4nst f\u00f6r arkitektur och konstruktion som den p\u00e5 <a href=\"https:\/\/translinguoglobal.com\/\">Translinguo<\/a>.<\/p>\n<h3 style=\"text-align: center;\"><\/h3>\n<h3 style=\"text-align: center;\"><strong>Skillnader mellan \u00f6vers\u00e4ttning f\u00f6r arkitektur och konstruktion <\/strong><\/h3>\n<p>Vi anser att det \u00e4r viktigt att kontextualisera och se skillnaden mellan dessa tv\u00e5 discipliner f\u00f6r att kunna ta itu med dem i \u00f6vers\u00e4ttningen. I f\u00f6rsta hand erbjuder vi en definition av <a href=\"https:\/\/sv.wikipedia.org\/wiki\/Arkitektur\" target=\"_blank\" rel=\"noopener\">arkitektur<\/a> och av  <a href=\"https:\/\/es.wikipedia.org\/wiki\/Construcci%C3%B3n\" target=\"_blank\" rel=\"noopener\">konstruktion<\/a>. D\u00e4refter f\u00f6rklarar vi karakt\u00e4rsdragen f\u00f6r b\u00e5da \u00f6vers\u00e4ttningsomr\u00e5dena. Allt detta kommer vara anv\u00e4ndbart f\u00f6r att f\u00f6rtydliga vad <strong>\u00f6vers\u00e4ttningstj\u00e4nsterna f\u00f6r arkitektur och konstruktion<\/strong> fokuserar p\u00e5. <\/p>\n<p>Arkitekturen \u00e4r konsten att utforma och bygga byggnader, framf\u00f6r allt. Arkitekturen k\u00e4nnetecknas f\u00f6r att vara en punkt d\u00e5 olika historiska eller sociala event sammanstr\u00e5lar. Man skulle kunna s\u00e4ga att arkitekturen \u00e4r reflektionen av f\u00f6r\u00e4ndringarna som  samh\u00e4llet g\u00e5r igenom.<\/p>\n<p>Det faktum att arkitekturen best\u00e5r av s\u00e5 m\u00e5nga element g\u00f6r det till en utmaning att \u00f6vers\u00e4tta den.<\/p>\n<p>Konstruktionen begr\u00e4nsar handlingarna att konstruera men utan syftet att gl\u00e4dja de som njuter av den. Detta \u00e4r huvudskillnaden mellan b\u00e5da disciplinerna d\u00e5 arkitekturen visst vill gl\u00e4dja. Konstruktionen uppstod innan arkitekturen, f\u00f6r 17500 \u00e5r sedan. D\u00e4rf\u00f6r kan vi s\u00e4ga att arkitekturen \u00e4r en typ av konstruktion som har g\u00e5tt igenom en f\u00f6rvandling. <\/p>\n<p>\u00c4ven om b\u00e5da tj\u00e4nster erbjuds gemensamt av v\u00e5rt f\u00f6retag kommer de presenteras separerade.<\/p>\n<h2><\/h2>\n<h2 style=\"text-align: center;\"><strong>\u00d6vers\u00e4ttningstj\u00e4nster f\u00f6r arkitektur <\/strong><\/h2>\n<p><strong>\u00d6vers\u00e4ttningstj\u00e4nsterna f\u00f6r arkitektur<\/strong> har hand om texter som de f\u00f6ljande:<\/p>\n<ul>\n<li>Beskrivningar av en arkitektonisk konstruktion med turistiska drag.<\/li>\n<li>Olika artiklar om arkitektoniska verk och r\u00f6relser.<\/li>\n<li>Arkitektoniska projekt med kommentarer av arkitekten sj\u00e4lv. <\/li>\n<li>Akademisk reklam av andra omr\u00e5den d\u00e4r arkitektoniska aspekter n\u00e4mns.<\/li>\n<\/ul>\n<p>\u00c4ven om det vid f\u00f6rsta anblicken kan verka som ett omr\u00e5de f\u00f6r allm\u00e4n prestanda s\u00e5 kr\u00e4ver arkitekturen en mycket specialiserad k\u00e4nnedom. Till exempel m\u00e5ste man lokalisera i vilka perioder arkitekturen \u00e4r fr\u00e5n och vilka konstn\u00e4rliga begrepp som beskrivs. Man m\u00e5ste ocks\u00e5 vara bekant med ben\u00e4mningarna f\u00f6r delar som en arkitektonisk struktur har.<\/p>\n<h3 style=\"text-align: center;\"><strong>\u00d6vers\u00e4ttningstj\u00e4nster f\u00f6r konstruktion<\/strong><\/h3>\n<p>Sortimentet \u00e4r b\u00e4ttre f\u00f6r texterna som kan kr\u00e4va en \u00f6vers\u00e4ttningstj\u00e4nst inom konstruktionsomr\u00e5det. Detta beror p\u00e5 att man anv\u00e4nder olika material, maskinerier och verktyg som kan komma fr\u00e5n utlandet. D\u00e4rf\u00f6r s\u00e4ger vi att n\u00e5gra av texterna som kr\u00e4vs \u00e4r f\u00f6ljande: <\/p>\n<ul>\n<li>Bruksanvisningar f\u00f6r anv\u00e4ndning av maskiner (kranar, gr\u00e4vmaskiner eller borrar).<\/li>\n<li>Instruktioner f\u00f6r montering av verktyg (radialer eller laserniv\u00e5er).<\/li>\n<li>Instruktioner f\u00f6r beredning av byggmaterial (cement, gips, pegoland).<\/li>\n<\/ul>\n<p>D\u00e4remot, ut\u00f6ver att bara konstruera, kan <strong>\u00f6vers\u00e4ttningstj\u00e4nsterna f\u00f6r konstruktion<\/strong> \u00e4ven inkludera andra texter. Vi refererar till dokument som de f\u00f6ljande: <\/p>\n<ul>\n<li>Bygglov, som ligger halvv\u00e4gs mellan konstruktion och juridisk \u00f6vers\u00e4ttning. <\/li>\n<li>\u00d6versiktliga planer med anteckningar om konstruktionen som ska genomf\u00f6ras.<\/li>\n<li>Budgetblad.<\/li>\n<li>Tekniska rapporter om projektet.<\/li>\n<\/ul>\n<p>Som tydligt har konstaterats s\u00e5 \u00e4r \u00f6vers\u00e4ttningen f\u00f6r arkitektur och konstruktion ett specialiserat omr\u00e5de. D\u00e4rf\u00f6r m\u00e5ste vi v\u00e4nda oss till ett proffs om vi vill ha en professionell \u00f6vers\u00e4ttning och en garanti f\u00f6r gott bruk. Dessa proffs erbjuds av f\u00f6retag som <strong>Translinguo<\/strong>, d\u00e4r v\u00e5r professionalism alltid kommer f\u00f6rst. <\/p>\n","protected":false},"excerpt":{"rendered":"<p>Translinguos \u00f6vers\u00e4ttningstj\u00e4nster t\u00e4cker omr\u00e5den som \u00e4r s\u00e5 tv\u00e4rvetenskapliga som arkitektur eller \u00f6vers\u00e4ttning.  <\/p>\n","protected":false},"author":3,"featured_media":43225,"parent":0,"menu_order":0,"comment_status":"closed","ping_status":"closed","template":"","meta":{"_crdt_document":"","inline_featured_image":false,"site-sidebar-layout":"default","site-content-layout":"default","ast-site-content-layout":"default","site-content-style":"default","site-sidebar-style":"default","ast-global-header-display":"","ast-banner-title-visibility":"","ast-main-header-display":"","ast-hfb-above-header-display":"","ast-hfb-below-header-display":"","ast-hfb-mobile-header-display":"","site-post-title":"","ast-breadcrumbs-content":"","ast-featured-img":"","footer-sml-layout":"","ast-disable-related-posts":"","theme-transparent-header-meta":"default","adv-header-id-meta":"","stick-header-meta":"","header-above-stick-meta":"","header-main-stick-meta":"","header-below-stick-meta":"","astra-migrate-meta-layouts":"default","ast-page-background-enabled":"default","ast-page-background-meta":{"desktop":{"background-color":"var(--ast-global-color-4)","background-image":"","background-repeat":"repeat","background-position":"center center","background-size":"auto","background-attachment":"scroll","background-type":"","background-media":"","overlay-type":"","overlay-color":"","overlay-opacity":"","overlay-gradient":""},"tablet":{"background-color":"","background-image":"","background-repeat":"repeat","background-position":"center center","background-size":"auto","background-attachment":"scroll","background-type":"","background-media":"","overlay-type":"","overlay-color":"","overlay-opacity":"","overlay-gradient":""},"mobile":{"background-color":"","background-image":"","background-repeat":"repeat","background-position":"center center","background-size":"auto","background-attachment":"scroll","background-type":"","background-media":"","overlay-type":"","overlay-color":"","overlay-opacity":"","overlay-gradient":""}},"ast-content-background-meta":{"desktop":{"background-color":"var(--ast-global-color-5)","background-image":"","background-repeat":"repeat","background-position":"center center","background-size":"auto","background-attachment":"scroll","background-type":"","background-media":"","overlay-type":"","overlay-color":"","overlay-opacity":"","overlay-gradient":""},"tablet":{"background-color":"var(--ast-global-color-5)","background-image":"","background-repeat":"repeat","background-position":"center center","background-size":"auto","background-attachment":"scroll","background-type":"","background-media":"","overlay-type":"","overlay-color":"","overlay-opacity":"","overlay-gradient":""},"mobile":{"background-color":"var(--ast-global-color-5)","background-image":"","background-repeat":"repeat","background-position":"center center","background-size":"auto","background-attachment":"scroll","background-type":"","background-media":"","overlay-type":"","overlay-color":"","overlay-opacity":"","overlay-gradient":""}},"footnotes":""},"class_list":["post-55684","page","type-page","status-publish","has-post-thumbnail","hentry"],"_links":{"self":[{"href":"https:\/\/translinguoglobal.com\/ru\/wp-json\/wp\/v2\/pages\/55684","targetHints":{"allow":["GET"]}}],"collection":[{"href":"https:\/\/translinguoglobal.com\/ru\/wp-json\/wp\/v2\/pages"}],"about":[{"href":"https:\/\/translinguoglobal.com\/ru\/wp-json\/wp\/v2\/types\/page"}],"author":[{"embeddable":true,"href":"https:\/\/translinguoglobal.com\/ru\/wp-json\/wp\/v2\/users\/3"}],"replies":[{"embeddable":true,"href":"https:\/\/translinguoglobal.com\/ru\/wp-json\/wp\/v2\/comments?post=55684"}],"version-history":[{"count":0,"href":"https:\/\/translinguoglobal.com\/ru\/wp-json\/wp\/v2\/pages\/55684\/revisions"}],"wp:featuredmedia":[{"embeddable":true,"href":"https:\/\/translinguoglobal.com\/ru\/wp-json\/wp\/v2\/media\/43225"}],"wp:attachment":[{"href":"https:\/\/translinguoglobal.com\/ru\/wp-json\/wp\/v2\/media?parent=55684"}],"curies":[{"name":"wp","href":"https:\/\/api.w.org\/{rel}","templated":true}]}}