{"id":51273,"date":"2022-08-23T07:51:26","date_gmt":"2022-08-23T07:51:26","guid":{"rendered":"https:\/\/translinguoglobal.com\/%d0%ba%d0%be%d0%bc%d0%bf%d0%b0%d0%bd%d0%b8%d1%8f-%d1%8f%d0%bf%d0%be%d0%bd%d1%81%d0%ba%d0%be%d0%b3%d0%be-%d0%bf%d0%b5%d1%80%d0%b5%d0%b2%d0%be%d0%b4%d0%b0\/"},"modified":"2023-04-04T13:27:29","modified_gmt":"2023-04-04T11:27:29","slug":"%d0%ba%d0%be%d0%bc%d0%bf%d0%b0%d0%bd%d0%b8%d1%8f-%d1%8f%d0%bf%d0%be%d0%bd%d1%81%d0%ba%d0%be%d0%b3%d0%be-%d0%bf%d0%b5%d1%80%d0%b5%d0%b2%d0%be%d0%b4%d0%b0","status":"publish","type":"page","link":"https:\/\/translinguoglobal.com\/ru\/%d0%ba%d0%be%d0%bc%d0%bf%d0%b0%d0%bd%d0%b8%d1%8f-%d1%8f%d0%bf%d0%be%d0%bd%d1%81%d0%ba%d0%be%d0%b3%d0%be-%d0%bf%d0%b5%d1%80%d0%b5%d0%b2%d0%be%d0%b4%d0%b0\/","title":{"rendered":"F\u00f6retag som \u00f6vers\u00e4tter japanska"},"content":{"rendered":"<h3 style=\"text-align: center;\"><strong>Kunskaper i japanska<\/strong><\/h3>\n<p>F\u00f6retag som \u00f6vers\u00e4tter japanska <a href=\" https:\/\/sv.wikipedia.org\/wiki\/Japanska\">japanska<\/a>. Japanskan har inget med kinesiskan att g\u00f6ra, eftersom de inte tillh\u00f6r samma spr\u00e5kfamilj. Den associeras bara med den altaiska spr\u00e5kfamiljen d\u00e4r bland annat turkiska, mongoliska eller koreanska ing\u00e5r. Faktum \u00e4r att det inte har n\u00e5got direkt ursprungsspr\u00e5k. D\u00e4rf\u00f6r anses det vara ett av de mest unika spr\u00e5ken i v\u00e4rlden. Det japanska spr\u00e5ket talas av cirka 150 miljoner m\u00e4nniskor. Intressant fakta om japanska \u00e4r att det \u00e4r det spr\u00e5ket som talas snabbast. I sin tur \u00e4r det det spr\u00e5ket som ger minst information per sekund. <\/p>\n<p>Man tror att detta spr\u00e5ket f\u00f6ddes \u00e5r 40 0000 f. Kr. Det \u00f6verf\u00f6rdes den muntliga v\u00e4gen, precis som andra spr\u00e5k n\u00e4r de japansktalande bodde i den japanska sk\u00e4rg\u00e5rden. D\u00e4remot var det de kinesiska buddhistiska munkarna som utvecklade den japanska skriften.<\/p>\n<h3 style=\"text-align: center;\"><strong>Problem som f\u00f6rsv\u00e5rar \u00f6vers\u00e4ttningen av japanska<\/strong><\/h3>\n<p> Japanskan har flera och olika sv\u00e5righeter, det vill s\u00e4ga att dess komplexitet \u00e4r h\u00f6g. F\u00f6r det f\u00f6rsta har det japanska spr\u00e5ket inga artiklar. Japanerna g\u00f6r till exempel inte skillnad p\u00e5 \u201cen\u201d och \u201cn\u00e5gra\u201d. Till skillnad fr\u00e5n de flesta andra spr\u00e5k m\u00e5ste man p\u00e5 japanskan l\u00e4ra sig en m\u00e4ngd olika ord om man vill tala formellt. <\/p>\n<p>Japanskan \u00e4r ett agglutinerande spr\u00e5k (som ungerskan). Det vill s\u00e4ga att det bildar grammatiska meningar genom att f\u00f6rena flera element i ett enda ord, som har en fast situation. Till skillnad fr\u00e5n spanska s\u00e5 finns det inget alfabet p\u00e5 samma s\u00e4tt. Japanskan har tv\u00e5 stavelserier och tusentals idiogram (kinesiska bokst\u00e4ver). Att studera japanska kr\u00e4ver mycket engagemang och t\u00e5lamod.<\/p>\n<h3 style=\"text-align: center;\"><strong>\u00d6vers\u00e4ttningstj\u00e4nster som f\u00f6retagen erbjuder<\/strong><\/h3>\n<p>Att best\u00e4lla japanska \u00f6vers\u00e4ttningstj\u00e4nster kan s\u00e4kerst\u00e4lla den internationella tillv\u00e4xten av ditt f\u00f6retag. Till exempel bes\u00f6ks <a href=\"\/?page_id=34869\">Spanien<\/a> av mer \u00e4n 200 000 japanska turister. Av denna anledning \u00e4r spanska f\u00f6retag relaterade till turism ganska framg\u00e5ngsrika. Med det sagt kan det gynna dig att \u00f6vers\u00e4tta ditt f\u00f6retags inneh\u00e5ll till japanska. <\/p>\n<p>N\u00e4r du \u00f6vers\u00e4tter vill du uppn\u00e5 en flytande och sammanh\u00e4ngande text som \u00e4r effektiv och exakt. Men f\u00f6r detta m\u00e5ste du ha n\u00e5gon som k\u00e4nner till spr\u00e5ket och dess kultur. F\u00f6r att \u00f6vers\u00e4tta till japanska beh\u00f6vs d\u00e4rf\u00f6r modersm\u00e5ls\u00f6vers\u00e4ttare och proffs som \u00e4r specialiserade p\u00e5 spr\u00e5ket. Detta eftersom syftet med \u00f6vers\u00e4ttningen \u00e4r att \u00f6verf\u00f6ra det huvudsakliga budskapet, med h\u00e4nsyn till spr\u00e5kets kultur.   <\/p>\n<p>Man kan \u00f6vers\u00e4tta alla typer av texter till japanska, inklusive undertexter till videor. De tj\u00e4nster som \u00f6vers\u00e4ttningsbyr\u00e5er brukar erbjuda \u00e4r: \u00f6vers\u00e4ttning av webbsidor, applikationer, broschyrer, kataloger, annonser, med mera. <\/p>\n<p>Bes\u00f6k v\u00e5ra profiler p\u00e5 <a title=\"Translinguo Global\" href=\"https:\/\/www.facebook.com\/translinguoglobal\" target=\"_blank\" rel=\"noopener\">Facebook<\/a>, <a title=\"Translinguo Global\" href=\"https:\/\/www.instagram.com\/translinguoglobal\/\" target=\"_blank\" rel=\"noopener\">Instagram<\/a> och <a title=\"Translinguo Global\" href=\"https:\/\/es.linkedin.com\/company\/agencia-de-traduccion-translinguo-global\" target=\"_blank\" rel=\"noopener\">Linkedin<\/a><\/p>\n","protected":false},"excerpt":{"rendered":"<p>Kunskaper i japanska F\u00f6retag som \u00f6vers\u00e4tter japanska japanska. Japanskan har inget med kinesiskan att g\u00f6ra, eftersom de inte tillh\u00f6r samma spr\u00e5kfamilj. Den associeras bara med den altaiska spr\u00e5kfamiljen d\u00e4r bland annat turkiska, mongoliska eller koreanska ing\u00e5r. Faktum \u00e4r att det inte har n\u00e5got direkt ursprungsspr\u00e5k. D\u00e4rf\u00f6r anses det vara ett av de mest unika spr\u00e5ken [&hellip;]<\/p>\n","protected":false},"author":3,"featured_media":41797,"parent":0,"menu_order":0,"comment_status":"closed","ping_status":"closed","template":"","meta":{"_crdt_document":"","inline_featured_image":false,"site-sidebar-layout":"no-sidebar","site-content-layout":"page-builder","ast-site-content-layout":"full-width-container","site-content-style":"default","site-sidebar-style":"default","ast-global-header-display":"","ast-banner-title-visibility":"","ast-main-header-display":"","ast-hfb-above-header-display":"","ast-hfb-below-header-display":"","ast-hfb-mobile-header-display":"","site-post-title":"disabled","ast-breadcrumbs-content":"","ast-featured-img":"disabled","footer-sml-layout":"","ast-disable-related-posts":"","theme-transparent-header-meta":"default","adv-header-id-meta":"","stick-header-meta":"","header-above-stick-meta":"","header-main-stick-meta":"","header-below-stick-meta":"","astra-migrate-meta-layouts":"default","ast-page-background-enabled":"default","ast-page-background-meta":{"desktop":{"background-color":"var(--ast-global-color-4)","background-image":"","background-repeat":"repeat","background-position":"center center","background-size":"auto","background-attachment":"scroll","background-type":"","background-media":"","overlay-type":"","overlay-color":"","overlay-opacity":"","overlay-gradient":""},"tablet":{"background-color":"","background-image":"","background-repeat":"repeat","background-position":"center center","background-size":"auto","background-attachment":"scroll","background-type":"","background-media":"","overlay-type":"","overlay-color":"","overlay-opacity":"","overlay-gradient":""},"mobile":{"background-color":"","background-image":"","background-repeat":"repeat","background-position":"center center","background-size":"auto","background-attachment":"scroll","background-type":"","background-media":"","overlay-type":"","overlay-color":"","overlay-opacity":"","overlay-gradient":""}},"ast-content-background-meta":{"desktop":{"background-color":"var(--ast-global-color-5)","background-image":"","background-repeat":"repeat","background-position":"center center","background-size":"auto","background-attachment":"scroll","background-type":"","background-media":"","overlay-type":"","overlay-color":"","overlay-opacity":"","overlay-gradient":""},"tablet":{"background-color":"var(--ast-global-color-5)","background-image":"","background-repeat":"repeat","background-position":"center center","background-size":"auto","background-attachment":"scroll","background-type":"","background-media":"","overlay-type":"","overlay-color":"","overlay-opacity":"","overlay-gradient":""},"mobile":{"background-color":"var(--ast-global-color-5)","background-image":"","background-repeat":"repeat","background-position":"center center","background-size":"auto","background-attachment":"scroll","background-type":"","background-media":"","overlay-type":"","overlay-color":"","overlay-opacity":"","overlay-gradient":""}},"footnotes":""},"class_list":["post-51273","page","type-page","status-publish","has-post-thumbnail","hentry"],"_links":{"self":[{"href":"https:\/\/translinguoglobal.com\/ru\/wp-json\/wp\/v2\/pages\/51273","targetHints":{"allow":["GET"]}}],"collection":[{"href":"https:\/\/translinguoglobal.com\/ru\/wp-json\/wp\/v2\/pages"}],"about":[{"href":"https:\/\/translinguoglobal.com\/ru\/wp-json\/wp\/v2\/types\/page"}],"author":[{"embeddable":true,"href":"https:\/\/translinguoglobal.com\/ru\/wp-json\/wp\/v2\/users\/3"}],"replies":[{"embeddable":true,"href":"https:\/\/translinguoglobal.com\/ru\/wp-json\/wp\/v2\/comments?post=51273"}],"version-history":[{"count":0,"href":"https:\/\/translinguoglobal.com\/ru\/wp-json\/wp\/v2\/pages\/51273\/revisions"}],"wp:featuredmedia":[{"embeddable":true,"href":"https:\/\/translinguoglobal.com\/ru\/wp-json\/wp\/v2\/media\/41797"}],"wp:attachment":[{"href":"https:\/\/translinguoglobal.com\/ru\/wp-json\/wp\/v2\/media?parent=51273"}],"curies":[{"name":"wp","href":"https:\/\/api.w.org\/{rel}","templated":true}]}}