{"id":51269,"date":"2022-08-23T07:51:23","date_gmt":"2022-08-23T07:51:23","guid":{"rendered":"https:\/\/translinguoglobal.com\/%d0%b4%d0%b0%d1%82%d1%81%d0%ba%d0%b8%d0%b9-%d0%bf%d0%b5%d1%80%d0%b5%d0%b2%d0%be%d0%b4\/"},"modified":"2024-05-14T20:40:05","modified_gmt":"2024-05-14T18:40:05","slug":"%d0%b4%d0%b0%d1%82%d1%81%d0%ba%d0%b8%d0%b9-%d0%bf%d0%b5%d1%80%d0%b5%d0%b2%d0%be%d0%b4","status":"publish","type":"page","link":"https:\/\/translinguoglobal.com\/ru\/%d0%b4%d0%b0%d1%82%d1%81%d0%ba%d0%b8%d0%b9-%d0%bf%d0%b5%d1%80%d0%b5%d0%b2%d0%be%d0%b4\/","title":{"rendered":"\u00d6vers\u00e4ttning fr\u00e5n danska"},"content":{"rendered":"<h3 style=\"text-align: center;\"><strong>Danskan och dess betydelse<\/strong><\/h3>\n<p>\u00d6vers\u00e4ttning av danska. Danska danska \u00e4r ett nordiskt spr\u00e5k som kommer fr\u00e5n de germanska spr\u00e5ken. Det \u00e4r det officiella spr\u00e5ket i Danmark och det har 6 miljoner talare, och d\u00e4rf\u00f6r finns det inte med bland de viktigaste spr\u00e5ken i v\u00e4rlden.<\/p>\n<p>Det str\u00e4cker sig ocks\u00e5 till andra territorier, som F\u00e4r\u00f6arna, d\u00e4r det \u00e4r ett av flera officiella spr\u00e5k. Dessutom, \u00e4ven om det inte \u00e4r p\u00e5 ett officiellt s\u00e4tt, talas det p\u00e5 Gr\u00f6nland, Island och i en liten del av norra Tyskland.<\/p>\n<p>Danmark best\u00e5r av m\u00e5nga \u00f6ar, och detta g\u00f6r att det skapas dialekter inom territoriet. De mest framtr\u00e4dande \u00e4r sj\u00e4ll\u00e4ndska, jyska, bornholmska och fynska. Standarddialekten i Danmark kallas Rigsdansk (som betyder \u201cKungarikets danska\u201d).<\/p>\n<p>&nbsp;<\/p>\n<h3 style=\"text-align: center;\"><strong>Kultur och ekonomi<\/strong><\/h3>\n<p>Danmark \u00e4r det sjunde rikaste landet i v\u00e4rlden, det har en marknadsekonomi och skattearbetsl\u00f6sheten l\u00e5g endast p\u00e5 5,6% under 2020. Inom EU \u00e4r Danmark det ledande landet f\u00f6r elproduktion genom vindenergi.<\/p>\n<p>Som ett intressant faktum har detta land, tillsammans med andra, planer f\u00f6r att g\u00f6ra sig av med kontanter. 75% av betalningarna g\u00f6rs redan med kort, eftersom m\u00e5nga st\u00e4llen inte l\u00e4ngre accepterar kontanter.<\/p>\n<p>K\u00e4nda figurer som HC Andersen, f\u00f6rfattaren till Den lilla sj\u00f6jungfrun och Den fula ankungen; S\u00f8ren Kirkegaard, filosof som anses var existentialismens fader; och Karen Blixen, f\u00f6rfattare till boken Den afrikanska farmen.<\/p>\n<p>Den danska \u00f6vers\u00e4ttningen har varit viktig f\u00f6r att ge uppm\u00e4rksamhet till dessa k\u00e4nda verk som vi alla k\u00e4nner till.<\/p>\n<h3><\/h3>\n<h3 style=\"text-align: center;\"><strong>Dansk \u00f6vers\u00e4ttning<\/strong><\/h3>\n<p>Eftersom danska inte \u00e4r lika utbrett \u00f6ver hela v\u00e4rlden s\u00e5 \u00e4r den inte lika vanlig som engelskan, kinesiskan eller spanskan kan vara.<\/p>\n<p>N\u00e4r vi s\u00f6ker efter danska \u00f6vers\u00e4ttare \u00e4r det vanligt att vi inte hittar s\u00e5 m\u00e5nga resultat, varf\u00f6r dessa typer av \u00f6vers\u00e4ttningar har ett h\u00f6gre pris. Priset per ord ligger p\u00e5 cirka 0,5 euro, men som p\u00e5 alla spr\u00e5k beror det p\u00e5 det uppdrag som \u00f6vers\u00e4ttaren st\u00e5r inf\u00f6r. Om texten \u00e4r \u201cstandard\u201d blir priset detsamma men om vi pratar om vetenskapliga, tekniska eller auktoriserade \u00f6vers\u00e4ttningar kommer priset \u00f6ka.<\/p>\n<p>Spanien \u00e4r ett av Danmarks leverant\u00f6rsl\u00e4nder. Spanien f\u00f6rser Danmark med produkter som frukt, baljv\u00e4xter och gr\u00f6nsaker samt mekaniska apparater och traktorer. I detta sammanhang kan vi dra slutsatsen att bland de vanligaste \u00f6vers\u00e4ttningarna hittar man teman som fordonsteknik, livsmedel, regelverk, avtal eller kontrakt.<\/p>\n<p>Man f\u00e5r inte gl\u00f6mma att jordbruket spelar en viktig roll i Danmark, precis som i Spanien. Det \u00e4r d\u00e4rf\u00f6r vi ocks\u00e5 kan hitta \u00f6vers\u00e4ttningar av avtal mellan b\u00f6nder och f\u00f6retag fr\u00e5n b\u00e5da l\u00e4nderna. \u00c4ven tolkningar och m\u00f6ten mellan f\u00f6retag som kr\u00e4ver jordbruksprodukter som Danmark inte kan erbjuda.<\/p>\n<p>Bes\u00f6k v\u00e5ra profiler p\u00e5 <a title=\"Translinguo Global\" href=\"https:\/\/www.facebook.com\/translinguoglobal\" target=\"_blank\" rel=\"noopener\">Facebook<\/a>, <a title=\"Translinguo Global\" href=\"https:\/\/www.instagram.com\/translinguoglobal\/\" target=\"_blank\" rel=\"noopener\">Instagram<\/a> och <a title=\"Translinguo Global\" href=\"https:\/\/es.linkedin.com\/company\/agencia-de-traduccion-translinguo-global\" target=\"_blank\" rel=\"noopener\">Linkedin<\/a><\/p>\n","protected":false},"excerpt":{"rendered":"<p>Den danska \u00f6vers\u00e4ttningen \u00e4r inte l\u00e4tt. Sv\u00e5righeten \u00e4r att det inte \u00e4r ett lika vanligt spr\u00e5k som engelskan. <\/p>\n","protected":false},"author":3,"featured_media":38139,"parent":0,"menu_order":0,"comment_status":"closed","ping_status":"closed","template":"","meta":{"_crdt_document":"","inline_featured_image":false,"site-sidebar-layout":"no-sidebar","site-content-layout":"page-builder","ast-site-content-layout":"full-width-container","site-content-style":"default","site-sidebar-style":"default","ast-global-header-display":"","ast-banner-title-visibility":"","ast-main-header-display":"","ast-hfb-above-header-display":"","ast-hfb-below-header-display":"","ast-hfb-mobile-header-display":"","site-post-title":"disabled","ast-breadcrumbs-content":"","ast-featured-img":"disabled","footer-sml-layout":"","ast-disable-related-posts":"","theme-transparent-header-meta":"default","adv-header-id-meta":"","stick-header-meta":"","header-above-stick-meta":"","header-main-stick-meta":"","header-below-stick-meta":"","astra-migrate-meta-layouts":"set","ast-page-background-enabled":"default","ast-page-background-meta":{"desktop":{"background-color":"var(--ast-global-color-4)","background-image":"","background-repeat":"repeat","background-position":"center center","background-size":"auto","background-attachment":"scroll","background-type":"","background-media":"","overlay-type":"","overlay-color":"","overlay-opacity":"","overlay-gradient":""},"tablet":{"background-color":"","background-image":"","background-repeat":"repeat","background-position":"center center","background-size":"auto","background-attachment":"scroll","background-type":"","background-media":"","overlay-type":"","overlay-color":"","overlay-opacity":"","overlay-gradient":""},"mobile":{"background-color":"","background-image":"","background-repeat":"repeat","background-position":"center center","background-size":"auto","background-attachment":"scroll","background-type":"","background-media":"","overlay-type":"","overlay-color":"","overlay-opacity":"","overlay-gradient":""}},"ast-content-background-meta":{"desktop":{"background-color":"var(--ast-global-color-5)","background-image":"","background-repeat":"repeat","background-position":"center center","background-size":"auto","background-attachment":"scroll","background-type":"","background-media":"","overlay-type":"","overlay-color":"","overlay-opacity":"","overlay-gradient":""},"tablet":{"background-color":"var(--ast-global-color-5)","background-image":"","background-repeat":"repeat","background-position":"center center","background-size":"auto","background-attachment":"scroll","background-type":"","background-media":"","overlay-type":"","overlay-color":"","overlay-opacity":"","overlay-gradient":""},"mobile":{"background-color":"var(--ast-global-color-5)","background-image":"","background-repeat":"repeat","background-position":"center center","background-size":"auto","background-attachment":"scroll","background-type":"","background-media":"","overlay-type":"","overlay-color":"","overlay-opacity":"","overlay-gradient":""}},"footnotes":""},"class_list":["post-51269","page","type-page","status-publish","has-post-thumbnail","hentry"],"_links":{"self":[{"href":"https:\/\/translinguoglobal.com\/ru\/wp-json\/wp\/v2\/pages\/51269","targetHints":{"allow":["GET"]}}],"collection":[{"href":"https:\/\/translinguoglobal.com\/ru\/wp-json\/wp\/v2\/pages"}],"about":[{"href":"https:\/\/translinguoglobal.com\/ru\/wp-json\/wp\/v2\/types\/page"}],"author":[{"embeddable":true,"href":"https:\/\/translinguoglobal.com\/ru\/wp-json\/wp\/v2\/users\/3"}],"replies":[{"embeddable":true,"href":"https:\/\/translinguoglobal.com\/ru\/wp-json\/wp\/v2\/comments?post=51269"}],"version-history":[{"count":1,"href":"https:\/\/translinguoglobal.com\/ru\/wp-json\/wp\/v2\/pages\/51269\/revisions"}],"predecessor-version":[{"id":66973,"href":"https:\/\/translinguoglobal.com\/ru\/wp-json\/wp\/v2\/pages\/51269\/revisions\/66973"}],"wp:featuredmedia":[{"embeddable":true,"href":"https:\/\/translinguoglobal.com\/ru\/wp-json\/wp\/v2\/media\/38139"}],"wp:attachment":[{"href":"https:\/\/translinguoglobal.com\/ru\/wp-json\/wp\/v2\/media?parent=51269"}],"curies":[{"name":"wp","href":"https:\/\/api.w.org\/{rel}","templated":true}]}}