{"id":51268,"date":"2022-08-23T07:51:23","date_gmt":"2022-08-23T07:51:23","guid":{"rendered":"https:\/\/translinguoglobal.com\/%d0%b0%d1%80%d0%b0%d0%b1%d1%81%d0%ba%d0%b8%d0%b9-%d0%bf%d0%b5%d1%80%d0%b5%d0%b2%d0%be%d0%b4\/"},"modified":"2024-05-14T20:04:53","modified_gmt":"2024-05-14T18:04:53","slug":"%d0%b0%d1%80%d0%b0%d0%b1%d1%81%d0%ba%d0%b8%d0%b9-%d0%bf%d0%b5%d1%80%d0%b5%d0%b2%d0%be%d0%b4","status":"publish","type":"page","link":"https:\/\/translinguoglobal.com\/ru\/%d0%b0%d1%80%d0%b0%d0%b1%d1%81%d0%ba%d0%b8%d0%b9-%d0%bf%d0%b5%d1%80%d0%b5%d0%b2%d0%be%d0%b4\/","title":{"rendered":"\u00d6vers\u00e4ttning fr\u00e5n arabiska"},"content":{"rendered":"<p>\u00d6vers\u00e4ttning av arabiska. Tack vare arbetet som de professionella \u00f6vers\u00e4ttarna g\u00f6r s\u00e5 synligg\u00f6rs inte de spr\u00e5kliga och kulturella skillnaderna. I denna artikeln kommer vi att prata om arabisk \u00f6vers\u00e4ttning,<strong>\u00f6vers\u00e4ttning av <a href=\"https:\/\/es.wikipedia.org\/wiki\/%C3%81rabe\" target=\"_blank\" rel=\"noopener\">arabiska<\/a>:<\/strong> allm\u00e4n kunskap, sv\u00e5righeterna med arabisk \u00f6vers\u00e4ttning, vilka tj\u00e4nster om erbjuds.<\/p>\n<h3 style=\"text-align: center;\"><strong>Generell kunskap om arabiskan<\/strong><\/h3>\n<p>&gt;<br \/>\nArabiskan \u00e4r ett makrospr\u00e5k som tillh\u00f6r den semitiska grenen av den afroasiatiska familjen, precis som hebreiskan. Det finns 280 miljoner m\u00e4nniskor som talar spr\u00e5ket. Det \u00e4r i sin tur det femte mest talade spr\u00e5ket i v\u00e4rlden. Faktum \u00e4r att det \u00e4r ett officiellt spr\u00e5k i tjugo l\u00e4nder och officiellt tillsammans med andra spr\u00e5k i ungef\u00e4r sex ytterligare. Alla arabisktalande har sin egen spr\u00e5kliga variant. Trots det brukar de l\u00e4ra sig standardarabiska som anv\u00e4nds p\u00e5 arbetet och i medierna.<\/p>\n<p>Det \u00e4r ett mycket komplext spr\u00e5k eftersom det skiljer sig mycket fr\u00e5n v\u00e5rt spr\u00e5k, spanskan. Arabiskan har en mycket specifik kalligrafi och alfabet, plus en stor skillnad mellan dess talade och skrivna form. Dess alfabet skiljer sig helt fr\u00e5n det latinska alfabetet som till exempel anv\u00e4nds p\u00e5 spanska. Dess kalligrafi har 28 konsonanter, tre l\u00e5nga vokaler och andra med ett mycket kort ljud. Dessutom skrivs arabiska fr\u00e5n h\u00f6ger till v\u00e4nster och texter l\u00e4ses bakifr\u00e5n och fram. I slut\u00e4ndan \u00e4r den helt annorlunda fr\u00e5n till exempel spanskan.<\/p>\n<p>&nbsp;<\/p>\n<h3 style=\"text-align: center;\"><strong>Sv\u00e5righeter i den arabiska \u00f6vers\u00e4ttningen<\/strong><\/h3>\n<p>N\u00e4r man \u00f6vers\u00e4tter finns det m\u00e5nga problem som g\u00f6r <strong>\u00f6vers\u00e4ttningen till arabiska<\/strong> sv\u00e5r. F\u00f6r det f\u00f6rsta finns det inga prepositioner i arabiskan n\u00e4r man uttrycker syntaktiska relationer. Detta problem st\u00e4ller bara till sv\u00e5righeter n\u00e4r man \u00f6vers\u00e4tter spanska till arabiska. En spansktalande tenderar till exempel alltid att anv\u00e4nda prepositioner f\u00f6r att ange direkta och indirekta komplement.<\/p>\n<p>F\u00f6r det andra s\u00e5 har verbet \u201caspekt\u201d och inte \u201ctid\u201d p\u00e5 arabiska. Av denna anledning anv\u00e4nder de temporala partiklar och modifierande verb f\u00f6r att kvalificera dessa tider och l\u00e4gen. Ett annat drag hos det arabiska spr\u00e5ket \u00e4r att meningarna \u00e4r samordnade och det finns n\u00e4stan inga underordningar. Ett bra knep f\u00f6r att \u00f6vers\u00e4tta fr\u00e5n arabiska till spanska \u00e4r till exempel anv\u00e4ndningen av gerundium. .<\/p>\n<h3 style=\"text-align: center;\">Vilka typer av tj\u00e4nster f\u00f6r arabisk \u00f6vers\u00e4ttning erbjuder f\u00f6retagen?<\/h3>\n<p>F\u00f6r att kunna utf\u00f6ra en optimal \u00f6vers\u00e4ttning har \u00f6vers\u00e4ttningsbyr\u00e5erna modersm\u00e5ls\u00f6vers\u00e4ttare och \u00f6vers\u00e4ttare som \u00e4r specialiserade p\u00e5 spr\u00e5ket. Dessutom \u00e4r arabiska ett spr\u00e5k som har stor religi\u00f6s, kulturell och historisk betydelse. D\u00e4rf\u00f6r b\u00f6r man ta stor h\u00e4nsyn till den kulturella kontexten n\u00e4r man lokaliserar en text.<\/p>\n<p>\u00d6vers\u00e4ttningsbyr\u00e5erna erbjuder m\u00e5nga arabiska tj\u00e4nster, som generiska texter, juridiska \u00f6vers\u00e4ttningar, tekniska \u00f6vers\u00e4ttningar av manualer, etc. Exempel p\u00e5 byr\u00e5er som erbjuder dessa tj\u00e4nster \u00e4r <em>Amal Traductores, Ibidem Group, Blarlo, Agestrad<\/em>, bland andra.<\/p>\n<p>Bes\u00f6k v\u00e5ra profiler p\u00e5 <a title=\"Translinguo Global\" href=\"https:\/\/www.facebook.com\/translinguoglobal\" target=\"_blank\" rel=\"noopener\">Facebook<\/a>, <a title=\"Translinguo Global\" href=\"https:\/\/www.instagram.com\/translinguoglobal\/\" target=\"_blank\" rel=\"noopener\">Instagram<\/a> och <a title=\"Translinguo Global\" href=\"https:\/\/es.linkedin.com\/company\/agencia-de-traduccion-translinguo-global\" target=\"_blank\" rel=\"noopener\">Linkedin.<\/a><\/p>\n","protected":false},"excerpt":{"rendered":"<p>N\u00e4r vi pratar om att \u00f6vers\u00e4tta tar m\u00e5nga endast h\u00e4nsyn till de spr\u00e5k som de \u00e4r mest bekanta med.<\/p>\n","protected":false},"author":3,"featured_media":68761,"parent":0,"menu_order":0,"comment_status":"closed","ping_status":"closed","template":"","meta":{"_crdt_document":"","inline_featured_image":false,"site-sidebar-layout":"no-sidebar","site-content-layout":"page-builder","ast-site-content-layout":"full-width-container","site-content-style":"default","site-sidebar-style":"default","ast-global-header-display":"","ast-banner-title-visibility":"","ast-main-header-display":"","ast-hfb-above-header-display":"","ast-hfb-below-header-display":"","ast-hfb-mobile-header-display":"","site-post-title":"disabled","ast-breadcrumbs-content":"","ast-featured-img":"disabled","footer-sml-layout":"","ast-disable-related-posts":"","theme-transparent-header-meta":"default","adv-header-id-meta":"","stick-header-meta":"","header-above-stick-meta":"","header-main-stick-meta":"","header-below-stick-meta":"","astra-migrate-meta-layouts":"set","ast-page-background-enabled":"default","ast-page-background-meta":{"desktop":{"background-color":"var(--ast-global-color-4)","background-image":"","background-repeat":"repeat","background-position":"center center","background-size":"auto","background-attachment":"scroll","background-type":"","background-media":"","overlay-type":"","overlay-color":"","overlay-opacity":"","overlay-gradient":""},"tablet":{"background-color":"","background-image":"","background-repeat":"repeat","background-position":"center center","background-size":"auto","background-attachment":"scroll","background-type":"","background-media":"","overlay-type":"","overlay-color":"","overlay-opacity":"","overlay-gradient":""},"mobile":{"background-color":"","background-image":"","background-repeat":"repeat","background-position":"center center","background-size":"auto","background-attachment":"scroll","background-type":"","background-media":"","overlay-type":"","overlay-color":"","overlay-opacity":"","overlay-gradient":""}},"ast-content-background-meta":{"desktop":{"background-color":"var(--ast-global-color-5)","background-image":"","background-repeat":"repeat","background-position":"center center","background-size":"auto","background-attachment":"scroll","background-type":"","background-media":"","overlay-type":"","overlay-color":"","overlay-opacity":"","overlay-gradient":""},"tablet":{"background-color":"var(--ast-global-color-5)","background-image":"","background-repeat":"repeat","background-position":"center center","background-size":"auto","background-attachment":"scroll","background-type":"","background-media":"","overlay-type":"","overlay-color":"","overlay-opacity":"","overlay-gradient":""},"mobile":{"background-color":"var(--ast-global-color-5)","background-image":"","background-repeat":"repeat","background-position":"center center","background-size":"auto","background-attachment":"scroll","background-type":"","background-media":"","overlay-type":"","overlay-color":"","overlay-opacity":"","overlay-gradient":""}},"footnotes":""},"class_list":["post-51268","page","type-page","status-publish","has-post-thumbnail","hentry"],"_links":{"self":[{"href":"https:\/\/translinguoglobal.com\/ru\/wp-json\/wp\/v2\/pages\/51268","targetHints":{"allow":["GET"]}}],"collection":[{"href":"https:\/\/translinguoglobal.com\/ru\/wp-json\/wp\/v2\/pages"}],"about":[{"href":"https:\/\/translinguoglobal.com\/ru\/wp-json\/wp\/v2\/types\/page"}],"author":[{"embeddable":true,"href":"https:\/\/translinguoglobal.com\/ru\/wp-json\/wp\/v2\/users\/3"}],"replies":[{"embeddable":true,"href":"https:\/\/translinguoglobal.com\/ru\/wp-json\/wp\/v2\/comments?post=51268"}],"version-history":[{"count":1,"href":"https:\/\/translinguoglobal.com\/ru\/wp-json\/wp\/v2\/pages\/51268\/revisions"}],"predecessor-version":[{"id":66958,"href":"https:\/\/translinguoglobal.com\/ru\/wp-json\/wp\/v2\/pages\/51268\/revisions\/66958"}],"wp:featuredmedia":[{"embeddable":true,"href":"https:\/\/translinguoglobal.com\/ru\/wp-json\/wp\/v2\/media\/68761"}],"wp:attachment":[{"href":"https:\/\/translinguoglobal.com\/ru\/wp-json\/wp\/v2\/media?parent=51268"}],"curies":[{"name":"wp","href":"https:\/\/api.w.org\/{rel}","templated":true}]}}