{"id":51265,"date":"2022-08-23T07:51:20","date_gmt":"2022-08-23T07:51:20","guid":{"rendered":"https:\/\/translinguoglobal.com\/%d0%ba%d0%be%d0%bc%d0%bf%d0%b0%d0%bd%d0%b8%d1%8f-%d0%bf%d0%be%d0%bb%d1%8c%d1%81%d0%ba%d0%be%d0%b3%d0%be-%d0%bf%d0%b5%d1%80%d0%b5%d0%b2%d0%be%d0%b4%d0%b0\/"},"modified":"2023-04-04T13:23:27","modified_gmt":"2023-04-04T11:23:27","slug":"%d0%ba%d0%be%d0%bc%d0%bf%d0%b0%d0%bd%d0%b8%d1%8f-%d0%bf%d0%be%d0%bb%d1%8c%d1%81%d0%ba%d0%be%d0%b3%d0%be-%d0%bf%d0%b5%d1%80%d0%b5%d0%b2%d0%be%d0%b4%d0%b0","status":"publish","type":"page","link":"https:\/\/translinguoglobal.com\/ru\/%d0%ba%d0%be%d0%bc%d0%bf%d0%b0%d0%bd%d0%b8%d1%8f-%d0%bf%d0%be%d0%bb%d1%8c%d1%81%d0%ba%d0%be%d0%b3%d0%be-%d0%bf%d0%b5%d1%80%d0%b5%d0%b2%d0%be%d0%b4%d0%b0\/","title":{"rendered":"F\u00f6retag som \u00f6vers\u00e4tter polska"},"content":{"rendered":"<h3 style=\"text-align: center;\"><strong>S\u00e4rdrag f\u00f6r \u00f6vers\u00e4ttning av polska<\/strong><\/h3>\n<p>F\u00f6retag som \u00f6vers\u00e4tter <a href=\" https:\/\/sv.wikipedia.org\/wiki\/Polska\">polska<\/a>. H\u00e4r presenteras vissa drag som kan g\u00f6ra <strong>\u00f6vers\u00e4ttning fr\u00e5n polska<\/strong> sv\u00e5r. Detta spr\u00e5k har sju dialekter, varav de mest anv\u00e4nda \u00e4r <em>Wielkopolski<\/em> eller storpolska, som talas i v\u00e4stra Polen och <em>Malopolski<\/em> eller mindre polska, som talas i s\u00f6der och sydost; <em>Mazowiecki<\/em> eller Mazoviska och Schlesiska, som talas i nordv\u00e4st vilket \u00e4ven inkluderar huvudstaden Warszawa. Inom polsk \u00f6vers\u00e4ttning anv\u00e4nds fr\u00e4mst <em>Wielkopolski.<\/em> Om \u00f6vers\u00e4ttningen kr\u00e4ver det kan den dock \u00f6vers\u00e4ttas till den \u00f6nskade dialekten.<\/p>\n<h3 style=\"text-align: center;\"><strong>Aspekter som man b\u00f6r ta h\u00e4nsyn till<\/strong><\/h3>\n<p>Andra problem som kan uppst\u00e5 \u00e4r de s\u00e5 kallade \u201cfalska v\u00e4nnerna\u201d som man uppt\u00e4cker n\u00e4r man \u00f6vers\u00e4tter polska i f\u00f6rh\u00e5llande till andra slaviska och icke-slaviska spr\u00e5k, som till exempel engelska. Dessutom anv\u00e4nds det ett o\u00e4ndligt antal diminutiv. N\u00e4r det g\u00e4ller bildandet av ord s\u00e5 finns det m\u00e5nga verb som skapar f\u00f6rvirring eftersom varje h\u00e4rlett ord har en s\u00e4rskild betydelse. Ett annat karakt\u00e4rsdrag som b\u00f6r n\u00e4mnas \u00e4r digraferna och de nio av 32 bokst\u00e4ver som n\u00e4stan inte finns p\u00e5 n\u00e5got annat spr\u00e5k:  \u0105, \u0107, \u0119, \u0142, \u0144, \u00f3, \u015b, \u017a, \u017c.\u017c.<\/p>\n<h3 style=\"text-align: center;\"><strong>Tre polska k\u00f6n<\/strong><\/h3>\n<p> 3><br \/>\nEtt annat intressant faktum som man inte b\u00f6r f\u00f6rbise handlar om k\u00f6n. J\u00e4mf\u00f6rt med de tv\u00e5 k\u00f6n som till exempel finns i det spanska spr\u00e5ket och de tre k\u00f6nen som finns i tyskan s\u00e5 finns det fem i polskan. Dessa \u00e4r femininum, neutrum och tre maskulina k\u00f6n. Dessutom finns det sju kasus: nominativ, genitiv, dativ, ackusativ, instrumental, lokativ och vokativ. Likas\u00e5 \u00e4r det viktigt att ta h\u00e4nsyn till att substantiven, adjektiven och verben \u00e4r b\u00f6jbara och presenterar m\u00e5nga regler och undantag, som exemplet ovan d\u00e4r alla verb kan vara perfektiva eller imperfektiva..<\/p>\n<h3 style=\"text-align: center;\"><strong>Budget f\u00f6r en \u00f6vers\u00e4ttning av polska<\/strong><\/h3>\n<p> F\u00f6r att kunna ber\u00e4kna priset f\u00f6r en polsk \u00f6vers\u00e4ttning b\u00f6r vi ta h\u00e4nsyn till en rad faktorer som kommer in i denna process, s\u00e5som::<\/p>\n<ul>\n<li> Antalet ord som dokumentet och sidorna inneh\u00e5ller.<\/li>\n<li>\u00d6vers\u00e4ttarens pris. \/li>\n<li>Textens specialisering, oavsett om det \u00e4r en normal eller <a href=\"\/?page_id=40733\">auktoriserad \u00f6vers\u00e4ttning<\/a>. .<\/li>\n<li>Hur br\u00e5ttom det \u00e4r med best\u00e4llningen.<\/li>\n<li>Formatet p\u00e5 dokumentet samt dess f\u00f6rst\u00e5elighet. <\/li>\n<li>Man m\u00e5ste ta h\u00e4nsyn till alla dessa faktorer vid ber\u00e4kningen av priset p\u00e5 \u00f6vers\u00e4ttningen.<\/li>\n<\/ul>\n<h3 style=\"text-align: center;\"><strong>Faktorer som s\u00e4nker priset p\u00e5 \u00f6vers\u00e4ttningar av polska<\/strong><\/h3>\n<p>Det finns \u00e4ven faktorer som s\u00e4nker priset p\u00e5 \u00f6vers\u00e4ttningen, s\u00e5som <strong>volymen p\u00e5 arbetet<\/strong>. Om \u00f6vers\u00e4ttningen har en stor volym kan en \u00f6vers\u00e4ttare till\u00e4mpa en rabatt p\u00e5 <strong>upprepningar av fragment<\/strong>. Detta eftersom att fragmenten inte kommer att debiteras tv\u00e5 g\u00e5nger om de \u00e4r stora och identiska, men det beror ocks\u00e5 p\u00e5 varje \u00f6vers\u00e4ttare. <\/p>\n<p>Bes\u00f6k v\u00e5ra profiler p\u00e5 <a title=\"Translinguo Global\" href=\"https:\/\/www.facebook.com\/translinguoglobal\" target=\"_blank\" rel=\"noopener\">Facebook<\/a>, <a title=\"Translinguo Global\" href=\"https:\/\/www.instagram.com\/translinguoglobal\/\" target=\"_blank\" rel=\"noopener\">Instagram<\/a> och <a title=\"Translinguo Global\" href=\"https:\/\/es.linkedin.com\/company\/agencia-de-traduccion-translinguo-global\" target=\"_blank\" rel=\"noopener\">Linkedin<\/a><\/p>\n","protected":false},"excerpt":{"rendered":"<p>Polska \u00e4r ett slaviskt spr\u00e5k som fr\u00e4mst talas i Polen. <\/p>\n","protected":false},"author":3,"featured_media":38175,"parent":0,"menu_order":0,"comment_status":"closed","ping_status":"closed","template":"","meta":{"_crdt_document":"","inline_featured_image":false,"site-sidebar-layout":"no-sidebar","site-content-layout":"page-builder","ast-site-content-layout":"full-width-container","site-content-style":"default","site-sidebar-style":"default","ast-global-header-display":"","ast-banner-title-visibility":"","ast-main-header-display":"","ast-hfb-above-header-display":"","ast-hfb-below-header-display":"","ast-hfb-mobile-header-display":"","site-post-title":"disabled","ast-breadcrumbs-content":"","ast-featured-img":"disabled","footer-sml-layout":"","ast-disable-related-posts":"","theme-transparent-header-meta":"default","adv-header-id-meta":"","stick-header-meta":"","header-above-stick-meta":"","header-main-stick-meta":"","header-below-stick-meta":"","astra-migrate-meta-layouts":"default","ast-page-background-enabled":"default","ast-page-background-meta":{"desktop":{"background-color":"var(--ast-global-color-4)","background-image":"","background-repeat":"repeat","background-position":"center center","background-size":"auto","background-attachment":"scroll","background-type":"","background-media":"","overlay-type":"","overlay-color":"","overlay-opacity":"","overlay-gradient":""},"tablet":{"background-color":"","background-image":"","background-repeat":"repeat","background-position":"center center","background-size":"auto","background-attachment":"scroll","background-type":"","background-media":"","overlay-type":"","overlay-color":"","overlay-opacity":"","overlay-gradient":""},"mobile":{"background-color":"","background-image":"","background-repeat":"repeat","background-position":"center center","background-size":"auto","background-attachment":"scroll","background-type":"","background-media":"","overlay-type":"","overlay-color":"","overlay-opacity":"","overlay-gradient":""}},"ast-content-background-meta":{"desktop":{"background-color":"var(--ast-global-color-5)","background-image":"","background-repeat":"repeat","background-position":"center center","background-size":"auto","background-attachment":"scroll","background-type":"","background-media":"","overlay-type":"","overlay-color":"","overlay-opacity":"","overlay-gradient":""},"tablet":{"background-color":"var(--ast-global-color-5)","background-image":"","background-repeat":"repeat","background-position":"center center","background-size":"auto","background-attachment":"scroll","background-type":"","background-media":"","overlay-type":"","overlay-color":"","overlay-opacity":"","overlay-gradient":""},"mobile":{"background-color":"var(--ast-global-color-5)","background-image":"","background-repeat":"repeat","background-position":"center center","background-size":"auto","background-attachment":"scroll","background-type":"","background-media":"","overlay-type":"","overlay-color":"","overlay-opacity":"","overlay-gradient":""}},"footnotes":""},"class_list":["post-51265","page","type-page","status-publish","has-post-thumbnail","hentry"],"_links":{"self":[{"href":"https:\/\/translinguoglobal.com\/ru\/wp-json\/wp\/v2\/pages\/51265","targetHints":{"allow":["GET"]}}],"collection":[{"href":"https:\/\/translinguoglobal.com\/ru\/wp-json\/wp\/v2\/pages"}],"about":[{"href":"https:\/\/translinguoglobal.com\/ru\/wp-json\/wp\/v2\/types\/page"}],"author":[{"embeddable":true,"href":"https:\/\/translinguoglobal.com\/ru\/wp-json\/wp\/v2\/users\/3"}],"replies":[{"embeddable":true,"href":"https:\/\/translinguoglobal.com\/ru\/wp-json\/wp\/v2\/comments?post=51265"}],"version-history":[{"count":0,"href":"https:\/\/translinguoglobal.com\/ru\/wp-json\/wp\/v2\/pages\/51265\/revisions"}],"wp:featuredmedia":[{"embeddable":true,"href":"https:\/\/translinguoglobal.com\/ru\/wp-json\/wp\/v2\/media\/38175"}],"wp:attachment":[{"href":"https:\/\/translinguoglobal.com\/ru\/wp-json\/wp\/v2\/media?parent=51265"}],"curies":[{"name":"wp","href":"https:\/\/api.w.org\/{rel}","templated":true}]}}