{"id":51264,"date":"2022-08-23T07:51:20","date_gmt":"2022-08-23T07:51:20","guid":{"rendered":"https:\/\/translinguoglobal.com\/%d0%ba%d0%be%d0%bc%d0%bf%d0%b0%d0%bd%d0%b8%d1%8f-%d0%b8%d1%82%d0%b0%d0%bb%d1%8c%d1%8f%d0%bd%d1%81%d0%ba%d0%be%d0%b3%d0%be-%d0%bf%d0%b5%d1%80%d0%b5%d0%b2%d0%be%d0%b4%d0%b0\/"},"modified":"2023-04-04T13:23:03","modified_gmt":"2023-04-04T11:23:03","slug":"%d0%ba%d0%be%d0%bc%d0%bf%d0%b0%d0%bd%d0%b8%d1%8f-%d0%b8%d1%82%d0%b0%d0%bb%d1%8c%d1%8f%d0%bd%d1%81%d0%ba%d0%be%d0%b3%d0%be-%d0%bf%d0%b5%d1%80%d0%b5%d0%b2%d0%be%d0%b4%d0%b0","status":"publish","type":"page","link":"https:\/\/translinguoglobal.com\/ru\/%d0%ba%d0%be%d0%bc%d0%bf%d0%b0%d0%bd%d0%b8%d1%8f-%d0%b8%d1%82%d0%b0%d0%bb%d1%8c%d1%8f%d0%bd%d1%81%d0%ba%d0%be%d0%b3%d0%be-%d0%bf%d0%b5%d1%80%d0%b5%d0%b2%d0%be%d0%b4%d0%b0\/","title":{"rendered":"F\u00f6retag som \u00f6vers\u00e4tter italienska"},"content":{"rendered":"<p>F\u00f6retag som \u00f6vers\u00e4tter <a href=\"https:\/\/sv.wikipedia.org\/wiki\/Italienska\u201d>italienska<\/a>. Italienskan tillh\u00f6r den romanska spr\u00e5kfamiljen tillsammans med franska, portugisiska, spanska, katalanska och m\u00e5nga andra spr\u00e5k. Det b\u00f6r n\u00e4mnas att utvecklingen av italienskan skulle ha skett senare om det inte vore f\u00f6r poeter som Dante Alighieri, Francesco Petrarca eller Giovanni Boccaccio. Italienskan har mer \u00e4n 62 miljoner talare \u00f6ver hela v\u00e4rlden. Det \u00e4r faktorer som dessa som h\u00f6jer efterfr\u00e5gan p\u00e5 ett \u00f6vers\u00e4ttningsf\u00f6retag f\u00f6r italienska. <\/p>\n<h3 style=\"text-align: center;\"><strong>\u00d6vers\u00e4ttning fr\u00e5n italienska till spanska<\/strong><\/h3>\n<p>En av f\u00f6rdelarna som Italien har f\u00f6r att utf\u00f6ra \u00f6vers\u00e4ttningar av italienska \u00e4r att det \u00e4r ett grannland till Spanien. Dessutom \u00e4r Italien ett inflytelserikt land tack vare dess politik, ekonomi, kultur och geografiska strategi. <\/p>\n<p><a href=\"\/?page_id=34869\">Spanien<\/a> och Italien har handelsf\u00f6rbindelser som gynnar b\u00e5da l\u00e4nderna. P\u00e5 grund av denna relation \u00e4r det n\u00f6dv\u00e4ndigt att ha ett f\u00f6retag som kan \u00f6vers\u00e4tta italienska. <\/p>\n<p>\u00c4ven om italienska och spanska har m\u00e5nga likheter b\u00f6r vi inte vara s\u00e4kra. F\u00f6r att en italiensk \u00f6vers\u00e4ttning ska vara av kvalitet \u00e4r det n\u00f6dv\u00e4ndigt att ha professionella \u00f6vers\u00e4ttare inom ett \u00f6vers\u00e4ttningsf\u00f6retag f\u00f6r italienska. En \u00f6vers\u00e4ttning som g\u00f6rs av en automatisk \u00f6vers\u00e4ttare \u00e4r inte densamma som en \u00f6vers\u00e4ttning av en kvalificerad yrkesman. <\/p>\n<p>Det \u00e4r d\u00e4rf\u00f6r italienska \u00f6vers\u00e4ttningsf\u00f6retag som <a href=\"https:\/\/translinguoglobal.com\">TRANSLINGUO GLOBAL<\/a> har kvalificerade proffs p\u00e5 italiensk \u00f6vers\u00e4ttning inom olika omr\u00e5den. Tveka inte att kontakta oss och be om ett kostnadsf\u00f6rslag om du vill ha en \u00f6vers\u00e4ttning av italienska. <\/p>\n<h3 style=\"text-align: center;\"><strong>Italienskans karakt\u00e4rsdrag<\/strong><\/h3>\n<p>Eftersom italienskan tillh\u00f6r de indoeuropeiska spr\u00e5ken s\u00e5 liknar den franskan eftersom dess ursprung \u00e4r en kombination av flera dialekter. \u00c4ven om detta spr\u00e5k har mycket gemensamt med spanskan och franskan b\u00f6r det n\u00e4mnas att det finns n\u00e5gra s\u00e4rdrag som kommer att f\u00f6rsv\u00e5ra tolkningsprocessen inom ett \u00f6vers\u00e4ttningsf\u00f6retag f\u00f6r italienska:<\/p>\n<ul>\n<li style=\"list-style-type: none;\">\n<ul>\n<li>De enda bokst\u00e4verna som inte finns i det italienska alfabetet \u00e4r K, J, W, X och Y.<\/li>\n<li>Lexikal niv\u00e5. Ist\u00e4llet f\u00f6r att bilda det f\u00f6rflutna genom att l\u00e4gga till -s eller -es l\u00e4gger man till -i eller -e beroende p\u00e5 ordets slut.<\/li>\n<li>Detta spr\u00e5k delar 89% av sitt ordf\u00f6rr\u00e5d med franskan och d\u00e4rf\u00f6r \u00e4r italiensk \u00f6vers\u00e4ttning s\u00e5 underh\u00e5llande.<\/li>\n<li>Spr\u00e5k och dialekt. Man s\u00e4ger att det finns cirka 30 dialekter av italienska. Napolitanska \u00e4r den mest talade italienska varianten med cirka fem miljoner talare.<\/li>\n<li>Officiellt spr\u00e5k. Italienskan blev inte ett officiellt spr\u00e5k f\u00f6rr\u00e4n p\u00e5 nittonhundratalet. <\/li>\n<li>Det l\u00e4ngsta italienska ordet \u00e4r Sovramagnificentissimamente och det betyder \u201cmycket mer \u00e4n magnifik\u201d. Bes\u00f6k v\u00e5ra profiler p\u00e5<br \/>\n <a href=\"https:\/\/www.facebook.com\/translinguoglobal\" target=\"_blank\" rel=\"noopener\" >Facebook<\/a>, <a title=\"Translinguo Global\" href=\"https:\/\/www.instagram.com\/translinguoglobal\/\" target=\"_blank\" rel=\"noopener\">Instagram<\/a> och <a title=\"Trasnslinguo Global\" href=\"https:\/\/es.linkedin.com\/company\/agencia-de-traduccion-translinguo-global\" target=\"_blank\" rel=\"noopener\">Linkedin<\/a><\/p>\n","protected":false},"excerpt":{"rendered":"<p>Ett italienskt \u00f6vers\u00e4ttningsf\u00f6retag \u00e4r mycket efterfr\u00e5gat eftersom Italien \u00e4r ett mycket inflytelserikt land. <\/p>\n","protected":false},"author":3,"featured_media":38085,"parent":0,"menu_order":0,"comment_status":"closed","ping_status":"closed","template":"","meta":{"_crdt_document":"","inline_featured_image":false,"site-sidebar-layout":"default","site-content-layout":"default","ast-site-content-layout":"default","site-content-style":"default","site-sidebar-style":"default","ast-global-header-display":"","ast-banner-title-visibility":"","ast-main-header-display":"","ast-hfb-above-header-display":"","ast-hfb-below-header-display":"","ast-hfb-mobile-header-display":"","site-post-title":"","ast-breadcrumbs-content":"","ast-featured-img":"","footer-sml-layout":"","ast-disable-related-posts":"","theme-transparent-header-meta":"default","adv-header-id-meta":"","stick-header-meta":"","header-above-stick-meta":"","header-main-stick-meta":"","header-below-stick-meta":"","astra-migrate-meta-layouts":"default","ast-page-background-enabled":"default","ast-page-background-meta":{"desktop":{"background-color":"var(--ast-global-color-4)","background-image":"","background-repeat":"repeat","background-position":"center center","background-size":"auto","background-attachment":"scroll","background-type":"","background-media":"","overlay-type":"","overlay-color":"","overlay-opacity":"","overlay-gradient":""},"tablet":{"background-color":"","background-image":"","background-repeat":"repeat","background-position":"center center","background-size":"auto","background-attachment":"scroll","background-type":"","background-media":"","overlay-type":"","overlay-color":"","overlay-opacity":"","overlay-gradient":""},"mobile":{"background-color":"","background-image":"","background-repeat":"repeat","background-position":"center center","background-size":"auto","background-attachment":"scroll","background-type":"","background-media":"","overlay-type":"","overlay-color":"","overlay-opacity":"","overlay-gradient":""}},"ast-content-background-meta":{"desktop":{"background-color":"var(--ast-global-color-5)","background-image":"","background-repeat":"repeat","background-position":"center center","background-size":"auto","background-attachment":"scroll","background-type":"","background-media":"","overlay-type":"","overlay-color":"","overlay-opacity":"","overlay-gradient":""},"tablet":{"background-color":"var(--ast-global-color-5)","background-image":"","background-repeat":"repeat","background-position":"center center","background-size":"auto","background-attachment":"scroll","background-type":"","background-media":"","overlay-type":"","overlay-color":"","overlay-opacity":"","overlay-gradient":""},"mobile":{"background-color":"var(--ast-global-color-5)","background-image":"","background-repeat":"repeat","background-position":"center center","background-size":"auto","background-attachment":"scroll","background-type":"","background-media":"","overlay-type":"","overlay-color":"","overlay-opacity":"","overlay-gradient":""}},"footnotes":""},"class_list":["post-51264","page","type-page","status-publish","has-post-thumbnail","hentry"],"_links":{"self":[{"href":"https:\/\/translinguoglobal.com\/ru\/wp-json\/wp\/v2\/pages\/51264","targetHints":{"allow":["GET"]}}],"collection":[{"href":"https:\/\/translinguoglobal.com\/ru\/wp-json\/wp\/v2\/pages"}],"about":[{"href":"https:\/\/translinguoglobal.com\/ru\/wp-json\/wp\/v2\/types\/page"}],"author":[{"embeddable":true,"href":"https:\/\/translinguoglobal.com\/ru\/wp-json\/wp\/v2\/users\/3"}],"replies":[{"embeddable":true,"href":"https:\/\/translinguoglobal.com\/ru\/wp-json\/wp\/v2\/comments?post=51264"}],"version-history":[{"count":0,"href":"https:\/\/translinguoglobal.com\/ru\/wp-json\/wp\/v2\/pages\/51264\/revisions"}],"wp:featuredmedia":[{"embeddable":true,"href":"https:\/\/translinguoglobal.com\/ru\/wp-json\/wp\/v2\/media\/38085"}],"wp:attachment":[{"href":"https:\/\/translinguoglobal.com\/ru\/wp-json\/wp\/v2\/media?parent=51264"}],"curies":[{"name":"wp","href":"https:\/\/api.w.org\/{rel}","templated":true}]}}