{"id":51263,"date":"2022-08-23T07:51:19","date_gmt":"2022-08-23T07:51:19","guid":{"rendered":"https:\/\/translinguoglobal.com\/%d0%bd%d0%be%d1%80%d0%b2%d0%b5%d0%b6%d1%81%d0%ba%d0%b8%d0%b9-%d0%bf%d0%b5%d1%80%d0%b5%d0%b2%d0%be%d0%b4\/"},"modified":"2023-04-04T13:22:13","modified_gmt":"2023-04-04T11:22:13","slug":"%d0%bd%d0%be%d1%80%d0%b2%d0%b5%d0%b6%d1%81%d0%ba%d0%b8%d0%b9-%d0%bf%d0%b5%d1%80%d0%b5%d0%b2%d0%be%d0%b4","status":"publish","type":"page","link":"https:\/\/translinguoglobal.com\/ru\/%d0%bd%d0%be%d1%80%d0%b2%d0%b5%d0%b6%d1%81%d0%ba%d0%b8%d0%b9-%d0%bf%d0%b5%d1%80%d0%b5%d0%b2%d0%be%d0%b4\/","title":{"rendered":"\u00d6vers\u00e4ttning fr\u00e5n norska"},"content":{"rendered":"<p>\u00d6vers\u00e4ttning fr\u00e5n <a href=\" https:\/\/sv.wikipedia.org\/wiki\/Norska\">norska<\/a>. Eftersom det handlar om ett nordiskt spr\u00e5k s\u00e5 \u00e4r \u00f6vers\u00e4ttningen fr\u00e5n norska till romanska spr\u00e5k som spanska en klurig uppgift. Detta beror p\u00e5 bristen p\u00e5 likheter mellan spr\u00e5ken, men vi kommer titta mer detaljerat p\u00e5 dessa skillnader senare.<\/p>\n<h3 style=\"text-align: center;\"><strong>Norskan i Spanien och dess \u00f6vers\u00e4ttning<\/strong><\/h3>\n<p>F\u00f6r n\u00e5gra \u00e5r sedan upplevde Spanien en ganska stor ankomst av norrm\u00e4n till landet. Detta inneb\u00e4r att norrm\u00e4nnen har \u00f6kat sin efterfr\u00e5gan p\u00e5 tj\u00e4nster. Dessa tj\u00e4nster finns vanligtvis p\u00e5 spanska, vilket innebar att mer norsk \u00f6vers\u00e4ttning beh\u00f6vdes. <\/p>\n<p>Det som h\u00e4nde var att denna \u00f6kning av den norska befolkningen \u00f6verraskade landet, vilket innebar att det inte fanns tillr\u00e4ckligt m\u00e5nga norska \u00f6vers\u00e4ttare f\u00f6r att uppfylla kundernas efterfr\u00e5gan vid den tiden. <\/p>\n<p>Nuf\u00f6rtiden har detta problem en enkel l\u00f6sning, tack vare globaliseringen och telematiken. Det finns nu m\u00e5nga f\u00f6retag som erbjuder norska \u00f6vers\u00e4ttningstj\u00e4nster p\u00e5 distans, inklusive v\u00e5rt f\u00f6retag.<\/p>\n<p><a href=\"https:\/\/translinguoglobal.com\">TRANSLINGUO GLOBAL<\/a> \u00e4r ett av de aktiva f\u00f6retagen p\u00e5 den norska \u00f6vers\u00e4ttningsmarknaden som har deltagit i \u00f6kningen av \u00f6vers\u00e4ttningstj\u00e4nster till och fr\u00e5n norska. Det som fr\u00e5n b\u00f6rjan knappt hade n\u00e5gra proffs har nu erfarna arbetare som underl\u00e4ttar en exakt och effektiv kommunikation. <\/p>\n<p>V\u00e5rt arbete inneb\u00e4r att forts\u00e4tta blomstra inom norsk \u00f6vers\u00e4ttning och arbeta f\u00f6r att ge b\u00e4sta m\u00f6jliga service. P\u00e5 s\u00e5 s\u00e4tt kommer norskan inte att drabbas av en spr\u00e5kbarri\u00e4r igen.<\/p>\n<h3 style=\"text-align: center;\"><strong>Norskans situation i Spanien<\/strong><\/h3>\n<p>Enligt de senaste uppgifterna bor det nu 12 313 norrm\u00e4n i Spanien. De flesta av den norska befolkningen bor i kustomr\u00e5den som Alicante, M\u00e1laga eller Las Palmas. Den nordiska befolkningen bes\u00f6ker v\u00e5rt land f\u00f6r sol- och strandturism, men Norge \u00e4r ocks\u00e5 viktigt p\u00e5 en politisk niv\u00e5.<\/p>\n<p>Med tanke p\u00e5 denna situation erbjuder vi en felfri \u00f6vers\u00e4ttningstj\u00e4nst f\u00f6r norska, inte bara f\u00f6r kommunikativa syften utan som ett s\u00e4tt att st\u00e4rka relationerna mellan b\u00e5da l\u00e4nderna.<\/p>\n<h3 style=\"text-align: center;\"><strong>Norskans karakt\u00e4rsdrag<\/strong><\/h3>\n<p>Nordiskan anv\u00e4nder det latinska alfabetet, tillsammans med tre andra bokst\u00e4ver som \u00e4r \u00c6, \u00d8 och \u00c5.<\/p>\n<p>N\u00e5gra karakt\u00e4rsdrag f\u00f6r detta spr\u00e5k \u00e4r de f\u00f6ljande:<\/p>\n<ul>\n<li>Norskan har tv\u00e5 skriftspr\u00e5k: bokm\u00e5l och nynorsk. En stor del av norskans ordf\u00f6rr\u00e5d g\u00e5r tillbaka till fornnordiskan. <\/li>\n<li>Norskan har samma k\u00f6nsklassificering som de indoeuropeiska spr\u00e5ken.<\/li>\n<li> Pronomen \u00e4r ett undantag f\u00f6r fall som tyska. Kasusen i norskan \u00e4r nominativ och ackusativ. <\/li>\n<\/ul>\n<p>Bes\u00f6k v\u00e5ra profiler p\u00e5 <a title=\"Translinguo Global\" href=\"https:\/\/www.facebook.com\/translinguoglobal\" target=\"_blank\" rel=\"noopener\">Facebook<\/a>, <a title=\"Translinguo Global\" href=\"https:\/\/www.instagram.com\/translinguoglobal\/\" target=\"_blank\" rel=\"noopener\">Instagram<\/a> och <a title=\"Trasnslinguo Global\" href=\"https:\/\/es.linkedin.com\/company\/agencia-de-traduccion-translinguo-global\" target=\"_blank\" rel=\"noopener\">Linkedin<\/a><\/p>\n","protected":false},"excerpt":{"rendered":"<p>Norska \u00e4r ett nordiskt spr\u00e5k, det officiella spr\u00e5ket i Norge. Tillsammans med svenskan och danskan \u00e4r det ett av de tre befintliga nordiska spr\u00e5ken. <\/p>\n","protected":false},"author":3,"featured_media":38091,"parent":0,"menu_order":0,"comment_status":"closed","ping_status":"closed","template":"","meta":{"_crdt_document":"","inline_featured_image":false,"site-sidebar-layout":"no-sidebar","site-content-layout":"page-builder","ast-site-content-layout":"full-width-container","site-content-style":"default","site-sidebar-style":"default","ast-global-header-display":"","ast-banner-title-visibility":"","ast-main-header-display":"","ast-hfb-above-header-display":"","ast-hfb-below-header-display":"","ast-hfb-mobile-header-display":"","site-post-title":"disabled","ast-breadcrumbs-content":"","ast-featured-img":"disabled","footer-sml-layout":"","ast-disable-related-posts":"","theme-transparent-header-meta":"default","adv-header-id-meta":"","stick-header-meta":"","header-above-stick-meta":"","header-main-stick-meta":"","header-below-stick-meta":"","astra-migrate-meta-layouts":"default","ast-page-background-enabled":"default","ast-page-background-meta":{"desktop":{"background-color":"var(--ast-global-color-4)","background-image":"","background-repeat":"repeat","background-position":"center center","background-size":"auto","background-attachment":"scroll","background-type":"","background-media":"","overlay-type":"","overlay-color":"","overlay-opacity":"","overlay-gradient":""},"tablet":{"background-color":"","background-image":"","background-repeat":"repeat","background-position":"center center","background-size":"auto","background-attachment":"scroll","background-type":"","background-media":"","overlay-type":"","overlay-color":"","overlay-opacity":"","overlay-gradient":""},"mobile":{"background-color":"","background-image":"","background-repeat":"repeat","background-position":"center center","background-size":"auto","background-attachment":"scroll","background-type":"","background-media":"","overlay-type":"","overlay-color":"","overlay-opacity":"","overlay-gradient":""}},"ast-content-background-meta":{"desktop":{"background-color":"var(--ast-global-color-5)","background-image":"","background-repeat":"repeat","background-position":"center center","background-size":"auto","background-attachment":"scroll","background-type":"","background-media":"","overlay-type":"","overlay-color":"","overlay-opacity":"","overlay-gradient":""},"tablet":{"background-color":"var(--ast-global-color-5)","background-image":"","background-repeat":"repeat","background-position":"center center","background-size":"auto","background-attachment":"scroll","background-type":"","background-media":"","overlay-type":"","overlay-color":"","overlay-opacity":"","overlay-gradient":""},"mobile":{"background-color":"var(--ast-global-color-5)","background-image":"","background-repeat":"repeat","background-position":"center center","background-size":"auto","background-attachment":"scroll","background-type":"","background-media":"","overlay-type":"","overlay-color":"","overlay-opacity":"","overlay-gradient":""}},"footnotes":""},"class_list":["post-51263","page","type-page","status-publish","has-post-thumbnail","hentry"],"_links":{"self":[{"href":"https:\/\/translinguoglobal.com\/ru\/wp-json\/wp\/v2\/pages\/51263","targetHints":{"allow":["GET"]}}],"collection":[{"href":"https:\/\/translinguoglobal.com\/ru\/wp-json\/wp\/v2\/pages"}],"about":[{"href":"https:\/\/translinguoglobal.com\/ru\/wp-json\/wp\/v2\/types\/page"}],"author":[{"embeddable":true,"href":"https:\/\/translinguoglobal.com\/ru\/wp-json\/wp\/v2\/users\/3"}],"replies":[{"embeddable":true,"href":"https:\/\/translinguoglobal.com\/ru\/wp-json\/wp\/v2\/comments?post=51263"}],"version-history":[{"count":0,"href":"https:\/\/translinguoglobal.com\/ru\/wp-json\/wp\/v2\/pages\/51263\/revisions"}],"wp:featuredmedia":[{"embeddable":true,"href":"https:\/\/translinguoglobal.com\/ru\/wp-json\/wp\/v2\/media\/38091"}],"wp:attachment":[{"href":"https:\/\/translinguoglobal.com\/ru\/wp-json\/wp\/v2\/media?parent=51263"}],"curies":[{"name":"wp","href":"https:\/\/api.w.org\/{rel}","templated":true}]}}