{"id":51262,"date":"2022-08-23T07:51:18","date_gmt":"2022-08-23T07:51:18","guid":{"rendered":"https:\/\/translinguoglobal.com\/%d0%b3%d0%b0%d0%bb%d0%b8%d1%81%d0%b8%d0%b9%d1%81%d0%ba%d0%b8%d0%b9-%d0%bf%d0%b5%d1%80%d0%b5%d0%b2%d0%be%d0%b4\/"},"modified":"2024-05-14T20:38:03","modified_gmt":"2024-05-14T18:38:03","slug":"%d0%b3%d0%b0%d0%bb%d0%b8%d1%81%d0%b8%d0%b9%d1%81%d0%ba%d0%b8%d0%b9-%d0%bf%d0%b5%d1%80%d0%b5%d0%b2%d0%be%d0%b4","status":"publish","type":"page","link":"https:\/\/translinguoglobal.com\/ru\/%d0%b3%d0%b0%d0%bb%d0%b8%d1%81%d0%b8%d0%b9%d1%81%d0%ba%d0%b8%d0%b9-%d0%bf%d0%b5%d1%80%d0%b5%d0%b2%d0%be%d0%b4\/","title":{"rendered":"\u00d6vers\u00e4ttning fr\u00e5n galiciska"},"content":{"rendered":"<h3 style=\"text-align: center;\"><strong>\u00d6vers\u00e4ttning fr\u00e5n galiciska och dess marknad<\/strong><\/h3>\n<p>\u00d6vers\u00e4ttning fr\u00e5n galiciska.galiciska \u00e4r ett spr\u00e5k som talas av cirka tre miljoner m\u00e4nniskor, fr\u00e4mst i och omkring Galicien. Idag finns det m\u00e5nga galiciska \u00f6vers\u00e4ttningsf\u00f6retag i Spanien som erbjuder spr\u00e5kliga tj\u00e4nster, precis som TRANSLINGUO GLOBAL. Priserna ligger p\u00e5 cirka 0,08 euro per ord f\u00f6r icke-officiella dokument och 0,12 euro f\u00f6r auktoriserade \u00f6vers\u00e4ttningar.<\/p>\n<p>Eftersom det \u00e4r ett officiellt spr\u00e5k i Spanien finns det auktoriserade \u00f6vers\u00e4ttare f\u00f6r galiciska som utsetts av utrikesministeriet och som kallas \u00ab<em>traductores xurados<\/em>\u00ab. De ansvarar f\u00f6r handlingar som tillh\u00f6r offentliga organ som vill ha en galicisk \u00f6vers\u00e4ttning.<\/p>\n<p>Inom v\u00e5r firma f\u00f6r galicisk \u00f6vers\u00e4ttning har vi de b\u00e4sta yrkesm\u00e4nnen som specialiserat sig p\u00e5 omr\u00e5den som de ovan n\u00e4mnda, med flera. TRANSLINGUO \u00e4r fast beslutna att arbeta troget med originaltexten utan att l\u00e4mna n\u00e5gon detalj bakom sig.<\/p>\n<p>&nbsp;<\/p>\n<h3 style=\"text-align: center;\"><strong>Galiciskans inflytande p\u00e5 spanskan<\/strong><\/h3>\n<p>&gt;<br \/>\nSpanskan som talas i Galicien har flera karakt\u00e4rsdrag. Till exempel finns det gallicismer, ett problem som man b\u00f6r undvika n\u00e4r man \u00f6vers\u00e4tter galiciska. Dessa \u00e4r n\u00e5gra av de vanligaste hinderna:<\/p>\n<ul>\n<li>Inkludering av bokst\u00e4verna -ct- d\u00e4r de p\u00e5 kastilianska \u00e4r f\u00f6renklade; \u201csubjectivo\u201d och \u201csubjetivo\u201d;<\/li>\n<li><em>\u00c4ndring av anv\u00e4ndningen av b och v, som i \u201cm\u00f3bil\u201d och \u201cm\u00f3vil\u201d;<\/em><\/li>\n<li><em>Artiklar i egennamn, p\u00e5 galiciska \u201cA Lua\u201d, p\u00e5 spanska \u201cL\u00faa\u201d;<\/em><\/li>\n<li><em>Anv\u00e4nd inte reflexiva pronomen som i \u201c*cort\u00e9 el pelo\u201d ist\u00e4llet f\u00f6r \u201cme cort\u00e9 el pelo\u201d.<\/em><\/li>\n<\/ul>\n<p>&nbsp;<\/p>\n<h3 style=\"text-align: center;\"><strong>Det andra grannspr\u00e5ket, portugisiskan<\/strong><\/h3>\n<p>Vi vet att galiciska l\u00e5ter som spanska, men i verkligheten \u00e4r galiciskan mycket n\u00e4rmare portugisiskan historiskt sett. Fram till mitten av medeltiden var galiciska och portugisiska ett och samma spr\u00e5k som kallades galicisk-portugisiska.<\/p>\n<p>Numera anv\u00e4nds det av organisationer som f\u00f6respr\u00e5kar \u201creintegrationistiska\u201d best\u00e4mmelser. Till exempel anv\u00e4nder Academia Galega da L\u00edngua Portuguesa en ortografi som liknar den portugisiska.<\/p>\n<p>D\u00e4remot \u00e4r galiciskan mer spansk \u00e4n portugisisk n\u00e4r det g\u00e4ller fonetiska termer. Det finns till exempel inga nasala vokaler, inga tonande stavelser som \/z\/ \/\u0292\/, och ingen skillnad mellan fonemen \/v\/ och \/b\/. I ortografin skrivs ljuden \/\u028e\/ i och \/\u0272\/ som \u201clj\u201d och \u201cnj\u201d, inte \u201clh\u201d och inte heller \u201cnh\u201d.<\/p>\n<p>Bes\u00f6k v\u00e5ra profiler p\u00e5 <a title=\"Translinguo Global\" href=\"https:\/\/www.facebook.com\/translinguoglobal\" target=\"_blank\" rel=\"noopener\">Facebook<\/a>, <a title=\"Translinguo Global\" href=\"https:\/\/www.instagram.com\/translinguoglobal\/\" target=\"_blank\" rel=\"noopener\">Instagram<\/a> och <a title=\"Translinguo Global\" href=\"https:\/\/es.linkedin.com\/company\/agencia-de-traduccion-translinguo-global\" target=\"_blank\" rel=\"noopener\">Linkedin<\/a><\/p>\n","protected":false},"excerpt":{"rendered":"<p>Galiciska \u00e4r ett spr\u00e5k som kommer fr\u00e5n utvecklingen av vulg\u00e4rlatin i den nordv\u00e4stra delen av halv\u00f6n. <\/p>\n","protected":false},"author":3,"featured_media":68745,"parent":0,"menu_order":0,"comment_status":"closed","ping_status":"closed","template":"","meta":{"_crdt_document":"","inline_featured_image":false,"site-sidebar-layout":"no-sidebar","site-content-layout":"page-builder","ast-site-content-layout":"full-width-container","site-content-style":"default","site-sidebar-style":"default","ast-global-header-display":"","ast-banner-title-visibility":"","ast-main-header-display":"","ast-hfb-above-header-display":"","ast-hfb-below-header-display":"","ast-hfb-mobile-header-display":"","site-post-title":"disabled","ast-breadcrumbs-content":"","ast-featured-img":"disabled","footer-sml-layout":"","ast-disable-related-posts":"","theme-transparent-header-meta":"default","adv-header-id-meta":"","stick-header-meta":"","header-above-stick-meta":"","header-main-stick-meta":"","header-below-stick-meta":"","astra-migrate-meta-layouts":"set","ast-page-background-enabled":"default","ast-page-background-meta":{"desktop":{"background-color":"var(--ast-global-color-4)","background-image":"","background-repeat":"repeat","background-position":"center center","background-size":"auto","background-attachment":"scroll","background-type":"","background-media":"","overlay-type":"","overlay-color":"","overlay-opacity":"","overlay-gradient":""},"tablet":{"background-color":"","background-image":"","background-repeat":"repeat","background-position":"center center","background-size":"auto","background-attachment":"scroll","background-type":"","background-media":"","overlay-type":"","overlay-color":"","overlay-opacity":"","overlay-gradient":""},"mobile":{"background-color":"","background-image":"","background-repeat":"repeat","background-position":"center center","background-size":"auto","background-attachment":"scroll","background-type":"","background-media":"","overlay-type":"","overlay-color":"","overlay-opacity":"","overlay-gradient":""}},"ast-content-background-meta":{"desktop":{"background-color":"var(--ast-global-color-5)","background-image":"","background-repeat":"repeat","background-position":"center center","background-size":"auto","background-attachment":"scroll","background-type":"","background-media":"","overlay-type":"","overlay-color":"","overlay-opacity":"","overlay-gradient":""},"tablet":{"background-color":"var(--ast-global-color-5)","background-image":"","background-repeat":"repeat","background-position":"center center","background-size":"auto","background-attachment":"scroll","background-type":"","background-media":"","overlay-type":"","overlay-color":"","overlay-opacity":"","overlay-gradient":""},"mobile":{"background-color":"var(--ast-global-color-5)","background-image":"","background-repeat":"repeat","background-position":"center center","background-size":"auto","background-attachment":"scroll","background-type":"","background-media":"","overlay-type":"","overlay-color":"","overlay-opacity":"","overlay-gradient":""}},"footnotes":""},"class_list":["post-51262","page","type-page","status-publish","has-post-thumbnail","hentry"],"_links":{"self":[{"href":"https:\/\/translinguoglobal.com\/ru\/wp-json\/wp\/v2\/pages\/51262","targetHints":{"allow":["GET"]}}],"collection":[{"href":"https:\/\/translinguoglobal.com\/ru\/wp-json\/wp\/v2\/pages"}],"about":[{"href":"https:\/\/translinguoglobal.com\/ru\/wp-json\/wp\/v2\/types\/page"}],"author":[{"embeddable":true,"href":"https:\/\/translinguoglobal.com\/ru\/wp-json\/wp\/v2\/users\/3"}],"replies":[{"embeddable":true,"href":"https:\/\/translinguoglobal.com\/ru\/wp-json\/wp\/v2\/comments?post=51262"}],"version-history":[{"count":2,"href":"https:\/\/translinguoglobal.com\/ru\/wp-json\/wp\/v2\/pages\/51262\/revisions"}],"predecessor-version":[{"id":66971,"href":"https:\/\/translinguoglobal.com\/ru\/wp-json\/wp\/v2\/pages\/51262\/revisions\/66971"}],"wp:featuredmedia":[{"embeddable":true,"href":"https:\/\/translinguoglobal.com\/ru\/wp-json\/wp\/v2\/media\/68745"}],"wp:attachment":[{"href":"https:\/\/translinguoglobal.com\/ru\/wp-json\/wp\/v2\/media?parent=51262"}],"curies":[{"name":"wp","href":"https:\/\/api.w.org\/{rel}","templated":true}]}}