{"id":51261,"date":"2022-08-23T07:51:17","date_gmt":"2022-08-23T07:51:17","guid":{"rendered":"https:\/\/translinguoglobal.com\/%d0%ba%d0%be%d0%bc%d0%bf%d0%b0%d0%bd%d0%b8%d1%8f-%d0%bf%d0%b5%d1%80%d0%b5%d0%b2%d0%be%d0%b4%d0%b0-%d0%b2-%d0%b8%d1%81%d0%bf%d0%b0%d0%bd%d0%b8%d0%b8\/"},"modified":"2024-04-16T17:18:58","modified_gmt":"2024-04-16T15:18:58","slug":"%d0%ba%d0%be%d0%bc%d0%bf%d0%b0%d0%bd%d0%b8%d1%8f-%d0%bf%d0%b5%d1%80%d0%b5%d0%b2%d0%be%d0%b4%d0%b0-%d0%b2-%d0%b8%d1%81%d0%bf%d0%b0%d0%bd%d0%b8%d0%b8","status":"publish","type":"page","link":"https:\/\/translinguoglobal.com\/ru\/%d0%ba%d0%be%d0%bc%d0%bf%d0%b0%d0%bd%d0%b8%d1%8f-%d0%bf%d0%b5%d1%80%d0%b5%d0%b2%d0%be%d0%b4%d0%b0-%d0%b2-%d0%b8%d1%81%d0%bf%d0%b0%d0%bd%d0%b8%d0%b8\/","title":{"rendered":"\u00d6vers\u00e4ttningsf\u00f6retag i Spanien"},"content":{"rendered":"<p>\u00d6vers\u00e4ttningsf\u00f6retag i Spanien. Idag beh\u00f6ver alla f\u00f6retag en \u00f6vers\u00e4ttningstj\u00e4nst. Antingen f\u00f6r att de k\u00f6per sina r\u00e5varor eller material fr\u00e5n f\u00f6retag i andra l\u00e4nder eller f\u00f6r att de best\u00e4mmer sig f\u00f6r att internationalisera sig. I b\u00e5da fallen kan stora problem uppst\u00e5 p\u00e5 grund av spr\u00e5kbarri\u00e4rer om du inte har en bra \u00f6vers\u00e4ttningstj\u00e4nst.<\/p>\n<p>I det f\u00f6rsta fallet kan problem som missf\u00f6rst\u00e5nd med best\u00e4llningar, f\u00f6rseningar med betalningar och leveranser m.m. I det andra fallet kan problemen f\u00e5 allvarligare konsekvenser f\u00f6r f\u00f6retaget och leda till stora ekonomiska f\u00f6rluster. D\u00e4rf\u00f6r kommer v\u00e5rt <strong>\u00f6vers\u00e4ttningsf\u00f6retag i <a href=\"https:\/\/sv.wikipedia.org\/wiki\/Spanien\" target=\"_blank\" rel=\"noopener\">Spanien<\/a><\/strong> hj\u00e4lpa till s\u00e5 att ditt f\u00f6retag inte drabbas av dessa konsekvenser.<\/p>\n<h2 style=\"text-align: center;\"><strong>Varf\u00f6r ska man ha ett \u00f6vers\u00e4ttningsf\u00f6retag i Spanien<\/strong><\/h2>\n<p>V\u00e5rt <strong>\u00f6vers\u00e4ttningsf\u00f6retag i Spanien<\/strong> har st\u00f6d av ett team av modersm\u00e5lstalare inom spr\u00e5ken vi arbetar med. Till skillnad fr\u00e5n andra leverant\u00f6rer av \u00f6vers\u00e4ttningstj\u00e4nster tycker vi att detta \u00e4r viktigt f\u00f6r att kunna erbjuda ett jobb av h\u00f6gsta kvalitet. En modersm\u00e5ls\u00f6vers\u00e4ttare vet vilka uttryck som \u00e4r mest flytande och sammanh\u00e4ngande, samt att de vet hur man \u00e4r trogen till originaltexten. Den kulturella l\u00e4nken som en modersm\u00e5lstalare besitter undviker ocks\u00e5 att det bildas obekv\u00e4ma kulturklyftor mellan din originalprodukt och den produkt du vill s\u00e4lja till en ny publik. Dessa detaljer skiljer en kvalitativ \u00f6vers\u00e4ttning fr\u00e5n en mindre professionell \u00f6vers\u00e4ttning.<\/p>\n<h2 style=\"text-align: center;\"><strong>Varf\u00f6r i Spanien?<\/strong><\/h2>\n<p>Spanien \u00e4r en av de viktigaste turistdestinationerna i v\u00e4rlden. Faktum \u00e4r att det \u00e4r ett av de tre mest bes\u00f6kta l\u00e4nderna i v\u00e4rlden. Landet har ocks\u00e5 en mycket utvecklad infrastruktur inom tj\u00e4nstesektorn.<\/p>\n<p>Denna utvecklade turism g\u00f6r \u00f6vers\u00e4ttningstj\u00e4nsterna v\u00e4ldigt n\u00f6dv\u00e4ndiga. Fr\u00e5n museer, som b\u00f6r ha ljudguider p\u00e5 alla m\u00f6jliga spr\u00e5k till restauranger som ska ha menyer p\u00e5 varje spr\u00e5k. Alla beh\u00f6ver en bra \u00f6vers\u00e4ttningstj\u00e4nst, och enbart f\u00f6r engelska r\u00e4cker inte.<\/p>\n<h2 style=\"text-align: center;\"><strong>Vad erbjuder vi inom v\u00e5ra tj\u00e4nster<\/strong><\/h2>\n<p>V\u00e5r <a href=\"https:\/\/translinguoglobal.com\"><strong>\u00f6vers\u00e4ttningsbyr\u00e5 i Spanien<\/strong><\/a> garanterar personlig service och punktlighet i leveranstiderna. Vi uppr\u00e4tth\u00e5ller alltid en n\u00e4ra kommunikation med v\u00e5ra kunder f\u00f6r att uppfylla deras behov och beh\u00e5lla h\u00f6gsta kvalitet f\u00f6r v\u00e5ra tj\u00e4nster. Dessutom erbjuder vi v\u00e5ra flerspr\u00e5kiga tj\u00e4nster inom olika omr\u00e5den av \u00f6vers\u00e4ttning.<\/p>\n<ul>\n<li><span style=\"text-decoration: underline;\">general<\/span> (reklamtexter, journalistiska texter, osv.);<\/li>\n<li>de <span style=\"text-decoration: underline;\"><a href=\"\/?page_id=35694\">webbsidor<\/a>;<\/span><\/li>\n<li><a href=\"\/?page_id=35590\"><span style=\"text-decoration: underline;\">lokalisering<\/span><\/a>;<\/li>\n<li><span style=\"text-decoration: underline;\"><a href=\"\/?page_id=40733\">auktoriserad<\/a>;<\/span><\/li>\n<li><span style=\"text-decoration: underline;\"><a href=\"\/?page_id=35581\">specifik<\/a>,<\/span> s\u00e4rskilt inom livsmedels- och l\u00e4kemedelsomr\u00e5det.<\/li>\n<\/ul>\n<p><strong>Om du vill ha ditt f\u00f6retag p\u00e5 den spanska marknaden eller ta det vidare s\u00e5 lita p\u00e5 v\u00e5ra tj\u00e4nster. Vi f\u00f6rs\u00e4krar dig kvalitet. Du kommer inte att \u00e5ngra dig!<\/strong><\/p>\n","protected":false},"excerpt":{"rendered":"<p>Idag \u00e4r spanskan ett av de mest utbredda spr\u00e5ken i v\u00e4rlden. Faktum \u00e4r att det \u00e4r ett av de fem mest talade spr\u00e5ken. <\/p>\n","protected":false},"author":3,"featured_media":37294,"parent":0,"menu_order":0,"comment_status":"closed","ping_status":"closed","template":"","meta":{"_crdt_document":"","inline_featured_image":false,"site-sidebar-layout":"default","site-content-layout":"default","ast-site-content-layout":"default","site-content-style":"default","site-sidebar-style":"default","ast-global-header-display":"","ast-banner-title-visibility":"","ast-main-header-display":"","ast-hfb-above-header-display":"","ast-hfb-below-header-display":"","ast-hfb-mobile-header-display":"","site-post-title":"","ast-breadcrumbs-content":"","ast-featured-img":"","footer-sml-layout":"","ast-disable-related-posts":"","theme-transparent-header-meta":"default","adv-header-id-meta":"","stick-header-meta":"","header-above-stick-meta":"","header-main-stick-meta":"","header-below-stick-meta":"","astra-migrate-meta-layouts":"set","ast-page-background-enabled":"default","ast-page-background-meta":{"desktop":{"background-color":"var(--ast-global-color-4)","background-image":"","background-repeat":"repeat","background-position":"center center","background-size":"auto","background-attachment":"scroll","background-type":"","background-media":"","overlay-type":"","overlay-color":"","overlay-opacity":"","overlay-gradient":""},"tablet":{"background-color":"","background-image":"","background-repeat":"repeat","background-position":"center center","background-size":"auto","background-attachment":"scroll","background-type":"","background-media":"","overlay-type":"","overlay-color":"","overlay-opacity":"","overlay-gradient":""},"mobile":{"background-color":"","background-image":"","background-repeat":"repeat","background-position":"center center","background-size":"auto","background-attachment":"scroll","background-type":"","background-media":"","overlay-type":"","overlay-color":"","overlay-opacity":"","overlay-gradient":""}},"ast-content-background-meta":{"desktop":{"background-color":"var(--ast-global-color-5)","background-image":"","background-repeat":"repeat","background-position":"center center","background-size":"auto","background-attachment":"scroll","background-type":"","background-media":"","overlay-type":"","overlay-color":"","overlay-opacity":"","overlay-gradient":""},"tablet":{"background-color":"var(--ast-global-color-5)","background-image":"","background-repeat":"repeat","background-position":"center center","background-size":"auto","background-attachment":"scroll","background-type":"","background-media":"","overlay-type":"","overlay-color":"","overlay-opacity":"","overlay-gradient":""},"mobile":{"background-color":"var(--ast-global-color-5)","background-image":"","background-repeat":"repeat","background-position":"center center","background-size":"auto","background-attachment":"scroll","background-type":"","background-media":"","overlay-type":"","overlay-color":"","overlay-opacity":"","overlay-gradient":""}},"footnotes":""},"class_list":["post-51261","page","type-page","status-publish","has-post-thumbnail","hentry"],"_links":{"self":[{"href":"https:\/\/translinguoglobal.com\/ru\/wp-json\/wp\/v2\/pages\/51261","targetHints":{"allow":["GET"]}}],"collection":[{"href":"https:\/\/translinguoglobal.com\/ru\/wp-json\/wp\/v2\/pages"}],"about":[{"href":"https:\/\/translinguoglobal.com\/ru\/wp-json\/wp\/v2\/types\/page"}],"author":[{"embeddable":true,"href":"https:\/\/translinguoglobal.com\/ru\/wp-json\/wp\/v2\/users\/3"}],"replies":[{"embeddable":true,"href":"https:\/\/translinguoglobal.com\/ru\/wp-json\/wp\/v2\/comments?post=51261"}],"version-history":[{"count":0,"href":"https:\/\/translinguoglobal.com\/ru\/wp-json\/wp\/v2\/pages\/51261\/revisions"}],"wp:featuredmedia":[{"embeddable":true,"href":"https:\/\/translinguoglobal.com\/ru\/wp-json\/wp\/v2\/media\/37294"}],"wp:attachment":[{"href":"https:\/\/translinguoglobal.com\/ru\/wp-json\/wp\/v2\/media?parent=51261"}],"curies":[{"name":"wp","href":"https:\/\/api.w.org\/{rel}","templated":true}]}}