{"id":51260,"date":"2022-08-23T07:51:17","date_gmt":"2022-08-23T07:51:17","guid":{"rendered":"https:\/\/translinguoglobal.com\/%d0%ba%d0%be%d0%bc%d0%bf%d0%b0%d0%bd%d0%b8%d1%8f-%d0%ba%d0%b8%d1%82%d0%b0%d0%b9%d1%81%d0%ba%d0%be%d0%b3%d0%be-%d0%bf%d0%b5%d1%80%d0%b5%d0%b2%d0%be%d0%b4%d0%b0\/"},"modified":"2023-04-04T13:20:50","modified_gmt":"2023-04-04T11:20:50","slug":"%d0%ba%d0%be%d0%bc%d0%bf%d0%b0%d0%bd%d0%b8%d1%8f-%d0%ba%d0%b8%d1%82%d0%b0%d0%b9%d1%81%d0%ba%d0%be%d0%b3%d0%be-%d0%bf%d0%b5%d1%80%d0%b5%d0%b2%d0%be%d0%b4%d0%b0","status":"publish","type":"page","link":"https:\/\/translinguoglobal.com\/ru\/%d0%ba%d0%be%d0%bc%d0%bf%d0%b0%d0%bd%d0%b8%d1%8f-%d0%ba%d0%b8%d1%82%d0%b0%d0%b9%d1%81%d0%ba%d0%be%d0%b3%d0%be-%d0%bf%d0%b5%d1%80%d0%b5%d0%b2%d0%be%d0%b4%d0%b0\/","title":{"rendered":"F\u00f6retag som \u00f6vers\u00e4tter kinesiska"},"content":{"rendered":"<h3 style=\"text-align: center;\"><strong>Kinesiskan: en ny marknad f\u00f6r \u00f6vers\u00e4ttning<\/strong><\/h3>\n<p>><br \/>\nF\u00f6retag som \u00f6vers\u00e4tter <a href=\"https:\/\/sv.wikipedia.org\/wiki\/Kinesiska\" \/a target=\"_blank\" rel=\"noopener\">. Med tanke p\u00e5 globaliseringens framsteg skulle man kunna s\u00e4ga att Kinas framv\u00e4xt \u00f6kar mer f\u00f6r varje g\u00e5ng. Kina \u00e4r ett konkurrenskraftigt land i ett i en aff\u00e4rs- och ekonomisk v\u00e4rld. Tack vare detta lands framsteg \u00e4r Spanien alltmer relaterat till Kina, och dessa relationer, i allm\u00e4nhet aff\u00e4rsrelationer, har gett upphov till m\u00e5nga n\u00f6dv\u00e4ndigheter n\u00e4r det g\u00e4ller de gemensamma verksamheterna.   <\/p>\n<p>N\u00e4r man beh\u00f6ver f\u00f6rmedla kommersiella \u00f6verenskommelser mellan de tv\u00e5 l\u00e4nderna \u00e4r \u00f6vers\u00e4ttningen viktig och d\u00e4rf\u00f6r finns det ett kinesiskt \u00f6vers\u00e4ttningsf\u00f6retag som s\u00e4kerst\u00e4ller en specialiserad och professionell tj\u00e4nst, precis som den vi erbjuder. <\/p>\n<p>De transaktioner som genomf\u00f6rs mellan Kina och Spanien \u00e4r mycket viktiga n\u00e4r det g\u00e4ller den ekonomiska aspekten. Med tanke p\u00e5 hur viktiga dessa transaktioner \u00e4r m\u00e5ste \u00f6vers\u00e4ttningsuppdragen hanteras med st\u00f6rsta m\u00f6jliga f\u00f6rsiktighet och av kvalificerad personal inom detta omr\u00e5de som har goda asiatiska spr\u00e5kkunskaper, s\u00e5som teamet som f\u00f6r kinesisk \u00f6vers\u00e4ttning p\u00e5 TRANSLINGUO. <\/p>\n<p>Turismen \u00e4r ett annat fokus att ta h\u00e4nsyn till och d\u00e4rf\u00f6r \u00e4r f\u00f6rekomsten av ett kinesiskt \u00f6vers\u00e4ttningsf\u00f6retag betydelsefull. P\u00e5 <a href=\"https:\/\/translinguoglobal.com\/\">TRANSLINGUO GLOBAL<\/a> vill vi underl\u00e4tta det kommunikativa utbytet med den kinesiska befolkningen och det stora antalet turister som bes\u00f6ker v\u00e5rt land. <\/p>\n<p>P\u00e5 detta s\u00e4tt \u00e4r det arbete som utf\u00f6rs av v\u00e5rt kinesiska \u00f6vers\u00e4ttningsf\u00f6retag det ideala verktyget f\u00f6r att st\u00e4rka relationerna med en v\u00e4rldsmakt som Kina.<\/p>\n<p>&nbsp;<\/p>\n<h3 style=\"text-align: center;\"><strong>Kommer kinesiskan bli det framtida spr\u00e5ket?<\/strong><\/h3>\n<p>\u00d6vers\u00e4ttningen av spr\u00e5k g\u00f6r att kommunikation mellan flera spr\u00e5k och kulturer kan utf\u00f6ras. Eftersom USA \u00e4r den fr\u00e4msta makten i v\u00e4rlden s\u00e5 \u00e4r engelska det mest talade spr\u00e5ket globalt sett. <\/p>\n<p>N\u00e4r det g\u00e4ller teknik s\u00e5 har engelskan en f\u00f6rdel j\u00e4mf\u00f6rt med kinesiskan eftersom uppfinningarna \u00e4r baserade p\u00e5 engelskan. Dessutom brukar all teknik och dess terminologi vara p\u00e5 engelska, inklusive termer som inte \u00f6vers\u00e4tts. \u00c4ven om Kina avancerar som en makt betyder det inte att kinesiskan \u00e4r det nya officiella spr\u00e5ket. I allm\u00e4nhet har utbildningsspr\u00e5k kopplade till de utl\u00e4ndska imperierna legat i framkant. Detta h\u00e4nvisar till det faktum att modersm\u00e5lstalarna kan befinna sig p\u00e5 olika geografiska platser. <\/p>\n<p>D\u00e4remot anv\u00e4nds kinesiska endast som modersm\u00e5l i asiatiska l\u00e4nder, till skillnad fr\u00e5n engelskan som \u00e4r det dominerande utbildningsspr\u00e5ket \u00f6ver hela v\u00e4rlden. \u00c5 andra sidan \u00e4r det v\u00e4rt att notera att vi inte skulle bli f\u00f6rv\u00e5nade om spanskan blev det framtida utbildningsspr\u00e5ket. Detta beror p\u00e5 att det \u00e4r det n\u00e4st mest talade spr\u00e5ket och det har en stark n\u00e4rvaro i Europa, Amerika och Afrika.<\/p>\n<p>F\u00f6r n\u00e4rvarande verkar det som att engelskan kommer att f\u00f6rbli det officiella spr\u00e5ket baserat p\u00e5 teknik och kommunikation. Det \u00e4r d\u00e4remot inte m\u00f6jligt att f\u00f6ruts\u00e4ga framtiden och d\u00e4rf\u00f6r g\u00e5r det inte heller att f\u00f6ruts\u00e4ga spr\u00e5kutvecklingen. <\/p>\n<p>Bes\u00f6k v\u00e5ra profiler p\u00e5  <a title=\"Translinguo Global href=\"https:\/\/www.facebook.com\/translinguoglobal\" target=\"_blank\" rel=\"noopener\">Facebook<\/a>, <a title=\"Translinguo Global\" href=\"https:\/\/www.instagram.com\/translinguoglobal\/\" target=\"_blank\" rel=\"noopener\">Instagram<\/a> och <a title=\"Translinguo Global\" href=\"https:\/\/es.linkedin.com\/company\/agencia-de-traduccion-translinguo-global\" target=\"_blank\" rel=\"noopener\">Linkedin<\/a><\/p>\n","protected":false},"excerpt":{"rendered":"<p>Mandarin \u00e4r det officiella talade spr\u00e5ket och undervisningsspr\u00e5ket i hela landet med 836 miljoner talare. F\u00f6rv\u00e4xla inte mandarin med kinesiska. <\/p>\n","protected":false},"author":3,"featured_media":38103,"parent":0,"menu_order":0,"comment_status":"closed","ping_status":"closed","template":"","meta":{"_crdt_document":"","inline_featured_image":false,"site-sidebar-layout":"no-sidebar","site-content-layout":"page-builder","ast-site-content-layout":"full-width-container","site-content-style":"default","site-sidebar-style":"default","ast-global-header-display":"","ast-banner-title-visibility":"","ast-main-header-display":"","ast-hfb-above-header-display":"","ast-hfb-below-header-display":"","ast-hfb-mobile-header-display":"","site-post-title":"disabled","ast-breadcrumbs-content":"","ast-featured-img":"disabled","footer-sml-layout":"","ast-disable-related-posts":"","theme-transparent-header-meta":"default","adv-header-id-meta":"","stick-header-meta":"","header-above-stick-meta":"","header-main-stick-meta":"","header-below-stick-meta":"","astra-migrate-meta-layouts":"default","ast-page-background-enabled":"default","ast-page-background-meta":{"desktop":{"background-color":"var(--ast-global-color-4)","background-image":"","background-repeat":"repeat","background-position":"center center","background-size":"auto","background-attachment":"scroll","background-type":"","background-media":"","overlay-type":"","overlay-color":"","overlay-opacity":"","overlay-gradient":""},"tablet":{"background-color":"","background-image":"","background-repeat":"repeat","background-position":"center center","background-size":"auto","background-attachment":"scroll","background-type":"","background-media":"","overlay-type":"","overlay-color":"","overlay-opacity":"","overlay-gradient":""},"mobile":{"background-color":"","background-image":"","background-repeat":"repeat","background-position":"center center","background-size":"auto","background-attachment":"scroll","background-type":"","background-media":"","overlay-type":"","overlay-color":"","overlay-opacity":"","overlay-gradient":""}},"ast-content-background-meta":{"desktop":{"background-color":"var(--ast-global-color-5)","background-image":"","background-repeat":"repeat","background-position":"center center","background-size":"auto","background-attachment":"scroll","background-type":"","background-media":"","overlay-type":"","overlay-color":"","overlay-opacity":"","overlay-gradient":""},"tablet":{"background-color":"var(--ast-global-color-5)","background-image":"","background-repeat":"repeat","background-position":"center center","background-size":"auto","background-attachment":"scroll","background-type":"","background-media":"","overlay-type":"","overlay-color":"","overlay-opacity":"","overlay-gradient":""},"mobile":{"background-color":"var(--ast-global-color-5)","background-image":"","background-repeat":"repeat","background-position":"center center","background-size":"auto","background-attachment":"scroll","background-type":"","background-media":"","overlay-type":"","overlay-color":"","overlay-opacity":"","overlay-gradient":""}},"footnotes":""},"class_list":["post-51260","page","type-page","status-publish","has-post-thumbnail","hentry"],"_links":{"self":[{"href":"https:\/\/translinguoglobal.com\/ru\/wp-json\/wp\/v2\/pages\/51260","targetHints":{"allow":["GET"]}}],"collection":[{"href":"https:\/\/translinguoglobal.com\/ru\/wp-json\/wp\/v2\/pages"}],"about":[{"href":"https:\/\/translinguoglobal.com\/ru\/wp-json\/wp\/v2\/types\/page"}],"author":[{"embeddable":true,"href":"https:\/\/translinguoglobal.com\/ru\/wp-json\/wp\/v2\/users\/3"}],"replies":[{"embeddable":true,"href":"https:\/\/translinguoglobal.com\/ru\/wp-json\/wp\/v2\/comments?post=51260"}],"version-history":[{"count":0,"href":"https:\/\/translinguoglobal.com\/ru\/wp-json\/wp\/v2\/pages\/51260\/revisions"}],"wp:featuredmedia":[{"embeddable":true,"href":"https:\/\/translinguoglobal.com\/ru\/wp-json\/wp\/v2\/media\/38103"}],"wp:attachment":[{"href":"https:\/\/translinguoglobal.com\/ru\/wp-json\/wp\/v2\/media?parent=51260"}],"curies":[{"name":"wp","href":"https:\/\/api.w.org\/{rel}","templated":true}]}}