{"id":51252,"date":"2022-08-23T07:50:18","date_gmt":"2022-08-23T07:50:18","guid":{"rendered":"https:\/\/translinguoglobal.com\/%d1%83%d1%81%d0%bb%d1%83%d0%b3%d0%b8-%d0%b2-%d0%be%d0%b1%d0%bb%d0%b0%d1%81%d1%82%d0%b8-%d0%bc%d0%be%d0%b4%d1%8b-%d0%b8-%d0%ba%d1%80%d0%b0%d1%81%d0%be%d1%82%d1%8b\/"},"modified":"2023-04-04T13:39:51","modified_gmt":"2023-04-04T11:39:51","slug":"%d1%83%d1%81%d0%bb%d1%83%d0%b3%d0%b8-%d0%b2-%d0%be%d0%b1%d0%bb%d0%b0%d1%81%d1%82%d0%b8-%d0%bc%d0%be%d0%b4%d1%8b-%d0%b8-%d0%ba%d1%80%d0%b0%d1%81%d0%be%d1%82%d1%8b","status":"publish","type":"page","link":"https:\/\/translinguoglobal.com\/ru\/%d1%83%d1%81%d0%bb%d1%83%d0%b3%d0%b8-%d0%b2-%d0%be%d0%b1%d0%bb%d0%b0%d1%81%d1%82%d0%b8-%d0%bc%d0%be%d0%b4%d1%8b-%d0%b8-%d0%ba%d1%80%d0%b0%d1%81%d0%be%d1%82%d1%8b\/","title":{"rendered":"\u00d6vers\u00e4ttningstj\u00e4nster f\u00f6r mode och sk\u00f6nhet"},"content":{"rendered":"<p>Det \u00e4r d\u00e4rf\u00f6r f\u00f6retagen beh\u00f6ver \u00f6vers\u00e4ttningstj\u00e4nster som \u00e4r specialiserade p\u00e5 <a href=\" https:\/\/sv.wikipedia.org\/wiki\/Mode\">mode<\/a> och sk\u00f6nhet. I denna artikeln pratar vi om \u00f6vers\u00e4ttningstj\u00e4nsterna f\u00f6r mode och sk\u00f6nhet: vad de best\u00e5r av, varf\u00f6r man ska anv\u00e4nda dem och exempel p\u00e5 dessa \u00f6vers\u00e4ttningstj\u00e4nster. <\/p>\n<h3 style=\"text-align: center;\"><strong>Vad best\u00e5r dessa tj\u00e4nster av?<\/strong><\/h3>\n<p>\u00c4ven om modebranschen har sitt eget \u201cuniversella spr\u00e5k\u201d beh\u00f6ver det \u00f6vers\u00e4ttning f\u00f6r att kunna finnas kvar. F\u00f6r varje f\u00f6retag \u00e4r det viktigt att kommersialisera mode- och sk\u00f6nhetsprodukterna p\u00e5 olika spr\u00e5k. P\u00e5 detta s\u00e4tt n\u00e5r produkterna fler m\u00e4nniskor och f\u00f6retaget f\u00e5r fler konsumenter. Dessa \u00f6vers\u00e4ttningar kan inte utf\u00f6ras utan att ta h\u00e4nsyn till kundernas kulturella kontext. <\/p>\n<p>Processen som \u00f6vers\u00e4ttarna f\u00f6ljer f\u00f6r att kunna utf\u00f6ra en bra \u00f6vers\u00e4ttning kallas \u201clokalisering\u201d. Generellt sett best\u00e5r lokaliseringen av att anpassa en produkt genom att inte bara ta h\u00e4nsyn till vem den \u00e4r riktad till utan \u00e4ven s\u00e4rskilda kulturella v\u00e4rderingar. Dessutom m\u00e5ste det n\u00e4mnas att man b\u00f6r anv\u00e4nda sig av professionella \u00f6vers\u00e4ttare f\u00f6r denna typ av \u00f6vers\u00e4ttning. Eftersom inte hela v\u00e4rlden har tillg\u00e5ng till lokaliseringskonceptet n\u00e4r man \u00f6vers\u00e4tter s\u00e5 beh\u00f6vs hj\u00e4lp fr\u00e5n proffs.<\/p>\n<h3 style=\"text-align: center;\"><strong>Anledningar till att anv\u00e4nda \u00f6vers\u00e4ttningstj\u00e4nster f\u00f6r mode och sk\u00f6nhet<\/strong><\/h3>\n<p>Som tidigare n\u00e4mnts s\u00e5 \u00e4r det viktigt att \u00f6vers\u00e4ttningarna inom modebranschen \u00e4r gjord av ett proffs. Detta uttalande har m\u00e5nga anledningar. F\u00f6r det f\u00f6rsta kr\u00e4ver \u00f6vers\u00e4ttning inom modebranschen att man har djup k\u00e4nnedom om b\u00e5de spr\u00e5ket och kulturen. Det s\u00e4gs det \u00e4ven att det finns utl\u00e4ndska kunder som inte skulle k\u00f6pa fr\u00e5n en webbsida som \u00e4r fel\u00f6versatt. F\u00f6rmodligen k\u00e4nner sig inte kunden s\u00e4ker p\u00e5 att k\u00f6pa en produkt om den har varit \u00f6versatt av en automatisk \u00f6vers\u00e4ttare. <\/p>\n<p>F\u00f6r det andra spelar lokaliseringen en stor roll vid \u00f6vers\u00e4ttningar. P\u00e5 det s\u00e4ttet kommer produktens inneh\u00e5ll vara perfekt anpassat, eftersom man tar h\u00e4nsyn till spr\u00e5ket och kulturen. Det s\u00e4ger sig sj\u00e4lvt att denna process \u00e4r om\u00f6jlig att utf\u00f6ra f\u00f6r en automatisk \u00f6vers\u00e4ttare.<\/p>\n<h3 style=\"text-align: center;\"><strong>Exempel p\u00e5 \u00f6vers\u00e4ttningstj\u00e4nster f\u00f6r mode och sk\u00f6nhet<\/strong><\/h3>\n<p>Man b\u00f6r leta efter f\u00f6retag eller \u00f6vers\u00e4ttare som \u00e4r specialiserade p\u00e5 \u00f6vers\u00e4ttningar f\u00f6r mode, och p\u00e5 det s\u00e4ttet f\u00e5 en trov\u00e4rdig \u00f6vers\u00e4ttning av produkten. F\u00f6r att sprida information om \u00f6vers\u00e4ttningstj\u00e4nsterna som riktar sig till mode och sk\u00f6nhet s\u00e5 kommer flera exempel n\u00e4mnas.<\/p>\n<p>I Spanien finns \u00f6vers\u00e4ttningstj\u00e4nster som <em>Blarlo<\/em>, <em>Max Traducciones,<\/em> <em>Okodia<\/em>, <em>Berba<\/em> bland andra, som \u00f6vers\u00e4tter inneh\u00e5ll f\u00f6r sk\u00f6nhet och mode. Genom att v\u00e4lja \u00f6vers\u00e4ttningstj\u00e4nster av denna stil m\u00e5ste man ta h\u00e4nsyn till flera faktorer. <\/p>\n<p>Den f\u00f6rsta faktorn \u00e4r att f\u00f6retaget r\u00e4knar med inf\u00f6dda och specialiserade \u00f6vers\u00e4ttare. P\u00e5 detta s\u00e4tt kommer det vara l\u00e4ttare f\u00f6r f\u00f6retaget att hitta produkten. \u00c5 andra sidan b\u00f6r f\u00f6retaget ha kunskaper om <a href=\"\/?page_id=40740\">SEO<\/a> f\u00f6r att din produkt ska kunna placeras i s\u00f6kmotorerna. P\u00e5 s\u00e5 s\u00e4tt vet de hur inneh\u00e5llet i din produkt optimeras p\u00e5 ett effektivt s\u00e4tt.  <\/p>\n<p>\u00c4ven om ett visst f\u00f6retag ligger i ett land m\u00e5ste det anpassa sig till andra kulturer. Detta beror p\u00e5 att modebranschen \u00e4r global, och d\u00e4rf\u00f6r har den en internationell efterfr\u00e5gan. D\u00e4rf\u00f6r b\u00f6r \u00f6vers\u00e4ttningarna l\u00e4ggas i professionella h\u00e4nder. <\/p>\n","protected":false},"excerpt":{"rendered":"<p>Det \u00e4r d\u00e4rf\u00f6r f\u00f6retagen beh\u00f6ver \u00f6vers\u00e4ttningstj\u00e4nster som \u00e4r specialiserade p\u00e5 mode och sk\u00f6nhet. I denna artikeln pratar vi om \u00f6vers\u00e4ttningstj\u00e4nsterna f\u00f6r mode och sk\u00f6nhet: vad de best\u00e5r av, varf\u00f6r man ska anv\u00e4nda dem och exempel p\u00e5 dessa \u00f6vers\u00e4ttningstj\u00e4nster. Vad best\u00e5r dessa tj\u00e4nster av? \u00c4ven om modebranschen har sitt eget \u201cuniversella spr\u00e5k\u201d beh\u00f6ver det \u00f6vers\u00e4ttning f\u00f6r [&hellip;]<\/p>\n","protected":false},"author":3,"featured_media":57008,"parent":0,"menu_order":0,"comment_status":"closed","ping_status":"closed","template":"elementor_header_footer","meta":{"_crdt_document":"","inline_featured_image":false,"site-sidebar-layout":"no-sidebar","site-content-layout":"page-builder","ast-site-content-layout":"full-width-container","site-content-style":"default","site-sidebar-style":"default","ast-global-header-display":"","ast-banner-title-visibility":"","ast-main-header-display":"","ast-hfb-above-header-display":"","ast-hfb-below-header-display":"","ast-hfb-mobile-header-display":"","site-post-title":"disabled","ast-breadcrumbs-content":"","ast-featured-img":"disabled","footer-sml-layout":"","ast-disable-related-posts":"","theme-transparent-header-meta":"default","adv-header-id-meta":"","stick-header-meta":"","header-above-stick-meta":"","header-main-stick-meta":"","header-below-stick-meta":"","astra-migrate-meta-layouts":"default","ast-page-background-enabled":"default","ast-page-background-meta":{"desktop":{"background-color":"var(--ast-global-color-4)","background-image":"","background-repeat":"repeat","background-position":"center center","background-size":"auto","background-attachment":"scroll","background-type":"","background-media":"","overlay-type":"","overlay-color":"","overlay-opacity":"","overlay-gradient":""},"tablet":{"background-color":"","background-image":"","background-repeat":"repeat","background-position":"center center","background-size":"auto","background-attachment":"scroll","background-type":"","background-media":"","overlay-type":"","overlay-color":"","overlay-opacity":"","overlay-gradient":""},"mobile":{"background-color":"","background-image":"","background-repeat":"repeat","background-position":"center center","background-size":"auto","background-attachment":"scroll","background-type":"","background-media":"","overlay-type":"","overlay-color":"","overlay-opacity":"","overlay-gradient":""}},"ast-content-background-meta":{"desktop":{"background-color":"var(--ast-global-color-5)","background-image":"","background-repeat":"repeat","background-position":"center center","background-size":"auto","background-attachment":"scroll","background-type":"","background-media":"","overlay-type":"","overlay-color":"","overlay-opacity":"","overlay-gradient":""},"tablet":{"background-color":"var(--ast-global-color-5)","background-image":"","background-repeat":"repeat","background-position":"center center","background-size":"auto","background-attachment":"scroll","background-type":"","background-media":"","overlay-type":"","overlay-color":"","overlay-opacity":"","overlay-gradient":""},"mobile":{"background-color":"var(--ast-global-color-5)","background-image":"","background-repeat":"repeat","background-position":"center center","background-size":"auto","background-attachment":"scroll","background-type":"","background-media":"","overlay-type":"","overlay-color":"","overlay-opacity":"","overlay-gradient":""}},"footnotes":""},"class_list":["post-51252","page","type-page","status-publish","has-post-thumbnail","hentry"],"_links":{"self":[{"href":"https:\/\/translinguoglobal.com\/ru\/wp-json\/wp\/v2\/pages\/51252","targetHints":{"allow":["GET"]}}],"collection":[{"href":"https:\/\/translinguoglobal.com\/ru\/wp-json\/wp\/v2\/pages"}],"about":[{"href":"https:\/\/translinguoglobal.com\/ru\/wp-json\/wp\/v2\/types\/page"}],"author":[{"embeddable":true,"href":"https:\/\/translinguoglobal.com\/ru\/wp-json\/wp\/v2\/users\/3"}],"replies":[{"embeddable":true,"href":"https:\/\/translinguoglobal.com\/ru\/wp-json\/wp\/v2\/comments?post=51252"}],"version-history":[{"count":0,"href":"https:\/\/translinguoglobal.com\/ru\/wp-json\/wp\/v2\/pages\/51252\/revisions"}],"wp:featuredmedia":[{"embeddable":true,"href":"https:\/\/translinguoglobal.com\/ru\/wp-json\/wp\/v2\/media\/57008"}],"wp:attachment":[{"href":"https:\/\/translinguoglobal.com\/ru\/wp-json\/wp\/v2\/media?parent=51252"}],"curies":[{"name":"wp","href":"https:\/\/api.w.org\/{rel}","templated":true}]}}