{"id":51251,"date":"2022-08-23T07:50:17","date_gmt":"2022-08-23T07:50:17","guid":{"rendered":"https:\/\/translinguoglobal.com\/%d0%bc%d0%b5%d0%b4%d0%b8%d1%86%d0%b8%d0%bd%d1%81%d0%ba%d0%be%d0%b3%d0%be-%d0%bf%d0%b5%d1%80%d0%b5%d0%b2%d0%be%d0%b4%d0%b0\/"},"modified":"2023-04-04T13:39:20","modified_gmt":"2023-04-04T11:39:20","slug":"%d0%bc%d0%b5%d0%b4%d0%b8%d1%86%d0%b8%d0%bd%d1%81%d0%ba%d0%be%d0%b3%d0%be-%d0%bf%d0%b5%d1%80%d0%b5%d0%b2%d0%be%d0%b4%d0%b0","status":"publish","type":"page","link":"https:\/\/translinguoglobal.com\/ru\/%d0%bc%d0%b5%d0%b4%d0%b8%d1%86%d0%b8%d0%bd%d1%81%d0%ba%d0%be%d0%b3%d0%be-%d0%bf%d0%b5%d1%80%d0%b5%d0%b2%d0%be%d0%b4%d0%b0\/","title":{"rendered":"Medicinsk \u00f6vers\u00e4ttning"},"content":{"rendered":"<h3 style=\"text-align: center;\"><strong>Vad \u00e4r medicinsk \u00f6vers\u00e4ttning?<\/strong><\/h3>\n<p>Den <a href=\"https:\/\/es.wikipedia.org\/wiki\/Traducci%C3%B3n_m%C3%A9dica\" target=\"_blank\" rel=\"noopener\">medicinska \u00f6vers\u00e4ttningen<\/a> best\u00e5r av alla dokument som \u00e4r relaterade till l\u00e4kemedels- och h\u00e4lsov\u00e5rdsomr\u00e5det. Denna typ av \u00f6vers\u00e4ttning \u00e4r viktig s\u00e5 att de olika yrkesm\u00e4nnen inom branschen kan kommunicera med patienterna eller med andra yrkesm\u00e4n. \u00d6vers\u00e4ttningen av dessa dokument erbjuder i sin tur m\u00f6jligheten att utf\u00f6ra nya behandlingar och ny v\u00e5rd till patienterna.<\/p>\n<h3 style=\"text-align: center;\"><strong>Mycket specifik terminologi<\/strong><\/h3>\n<p>Denna typ av dokument har ett mycket specialiserat spr\u00e5k som kanske inte \u00e4r begripligt f\u00f6r de som inte k\u00e4nner till materialet. Inom den <strong>medicinska \u00f6vers\u00e4ttningen<\/strong> m\u00e5ste de medicinska \u00f6vers\u00e4ttarna ha ett stort vokabul\u00e4r av specialiserade termer, b\u00e5de p\u00e5 originalspr\u00e5ket och m\u00e5lspr\u00e5ket. Det \u00e4r s\u00e5 eftersom ett \u00f6vers\u00e4ttningsfel inte bara p\u00e5verkar dokumenten utan det kan \u00e4ven ge patienterna allvarliga h\u00e4lsoproblem. <\/p>\n<p>Denna typ av \u00f6vers\u00e4ttningar handlar inte om att \u00f6vers\u00e4tta inneh\u00e5llet ord f\u00f6r ord, utan beh\u00e5lla betydelsen fr\u00e5n originaltexten. F\u00f6r att uppn\u00e5 detta b\u00f6r man leta efter de mest korrekta \u00f6vers\u00e4ttningarna f\u00f6r att erbjuda en bra \u00f6vers\u00e4ttningar och inte falla f\u00f6r \u201cfalska v\u00e4nner\u201d. D\u00e4rf\u00f6r b\u00f6r \u00f6vers\u00e4ttaren anpassa \u00f6vers\u00e4ttningen till det slutliga syftet med dokumentet. Dessa syften kan bland annat vara yrkesm\u00e4ssiga, pedagogiska eller informativa.<\/p>\n<h3 style=\"text-align: center;\"><strong>N\u00e4r \u00e4r den medicinska \u00f6vers\u00e4ttningen anv\u00e4ndbar?<\/strong><\/h3>\n<p>Den medicinska \u00f6vers\u00e4ttningen har ett stort antal discipliner inom h\u00e4lsoomr\u00e5det. Bland dessa finns apoteket, laboratoriet, virologin och m\u00e5nga andra specialiteter. F\u00f6r att kunna erbjuda en bra \u00f6vers\u00e4ttning utan misstag b\u00f6r \u00f6vers\u00e4ttaren beh\u00e4rska termerna f\u00f6r dessa specialiteter, inte bara de generella termerna. <\/p>\n<p>Bland de medicinska dokument som oftast \u00f6vers\u00e4tts inom den <strong>medicinska \u00f6vers\u00e4ttningen<\/strong> kan vi hitta bipacksedlar f\u00f6r l\u00e4kemedel. Bland annat \u00e4r \u00f6vers\u00e4ttning av medicinska rapporter, sjukf\u00f6rs\u00e4kringsrapporter och vetenskaplig forskning ocks\u00e5 mycket vanlig. <\/p>\n<p>I sin tur \u00e4r den <strong>medicinska \u00f6vers\u00e4ttningen<\/strong> viktig f\u00f6r de som bor utomlands eller som kommer f\u00f6r att bo i v\u00e5rt land. Detta eftersom att de kan beh\u00f6va delta i medicinska konsultationer, genomg\u00e5 operationer eller annan behandling. Och om s\u00e5 \u00e4r fallet s\u00e5 beh\u00f6ver de en viss dokumentation som b\u00f6r \u00f6vers\u00e4ttas s\u00e5 att b\u00e5da parter kan f\u00f6rst\u00e5 dess helhet. <\/p>\n<p>Som slutsats s\u00e5 \u00e4r den <strong>medicinska \u00f6vers\u00e4ttningen<\/strong> en mycket bred <a href=\"\/?page_id=40747\">specialitet inom \u00f6vers\u00e4ttning<\/a>. Den t\u00e4cker ett brett spektrum av specialiteter inom h\u00e4lsosektorn. Dessutom \u00e4r det v\u00e4ldigt specifika texter och \u00f6vers\u00e4ttaren b\u00f6r ha en stor k\u00e4nnedom om materialet inom ursprungs- och m\u00e5lkulturerna. I annat fall kan resultatet bli hemskt f\u00f6r patienten. <\/p>\n","protected":false},"excerpt":{"rendered":"<p>Vad \u00e4r medicinsk \u00f6vers\u00e4ttning? Den medicinska \u00f6vers\u00e4ttningen best\u00e5r av alla dokument som \u00e4r relaterade till l\u00e4kemedels- och h\u00e4lsov\u00e5rdsomr\u00e5det. Denna typ av \u00f6vers\u00e4ttning \u00e4r viktig s\u00e5 att de olika yrkesm\u00e4nnen inom branschen kan kommunicera med patienterna eller med andra yrkesm\u00e4n. \u00d6vers\u00e4ttningen av dessa dokument erbjuder i sin tur m\u00f6jligheten att utf\u00f6ra nya behandlingar och ny v\u00e5rd [&hellip;]<\/p>\n","protected":false},"author":3,"featured_media":57000,"parent":0,"menu_order":0,"comment_status":"closed","ping_status":"closed","template":"elementor_header_footer","meta":{"_crdt_document":"","inline_featured_image":false,"site-sidebar-layout":"default","site-content-layout":"default","ast-site-content-layout":"default","site-content-style":"default","site-sidebar-style":"default","ast-global-header-display":"","ast-banner-title-visibility":"","ast-main-header-display":"","ast-hfb-above-header-display":"","ast-hfb-below-header-display":"","ast-hfb-mobile-header-display":"","site-post-title":"","ast-breadcrumbs-content":"","ast-featured-img":"","footer-sml-layout":"","ast-disable-related-posts":"","theme-transparent-header-meta":"default","adv-header-id-meta":"","stick-header-meta":"","header-above-stick-meta":"","header-main-stick-meta":"","header-below-stick-meta":"","astra-migrate-meta-layouts":"default","ast-page-background-enabled":"default","ast-page-background-meta":{"desktop":{"background-color":"var(--ast-global-color-4)","background-image":"","background-repeat":"repeat","background-position":"center center","background-size":"auto","background-attachment":"scroll","background-type":"","background-media":"","overlay-type":"","overlay-color":"","overlay-opacity":"","overlay-gradient":""},"tablet":{"background-color":"","background-image":"","background-repeat":"repeat","background-position":"center center","background-size":"auto","background-attachment":"scroll","background-type":"","background-media":"","overlay-type":"","overlay-color":"","overlay-opacity":"","overlay-gradient":""},"mobile":{"background-color":"","background-image":"","background-repeat":"repeat","background-position":"center center","background-size":"auto","background-attachment":"scroll","background-type":"","background-media":"","overlay-type":"","overlay-color":"","overlay-opacity":"","overlay-gradient":""}},"ast-content-background-meta":{"desktop":{"background-color":"var(--ast-global-color-5)","background-image":"","background-repeat":"repeat","background-position":"center center","background-size":"auto","background-attachment":"scroll","background-type":"","background-media":"","overlay-type":"","overlay-color":"","overlay-opacity":"","overlay-gradient":""},"tablet":{"background-color":"var(--ast-global-color-5)","background-image":"","background-repeat":"repeat","background-position":"center center","background-size":"auto","background-attachment":"scroll","background-type":"","background-media":"","overlay-type":"","overlay-color":"","overlay-opacity":"","overlay-gradient":""},"mobile":{"background-color":"var(--ast-global-color-5)","background-image":"","background-repeat":"repeat","background-position":"center center","background-size":"auto","background-attachment":"scroll","background-type":"","background-media":"","overlay-type":"","overlay-color":"","overlay-opacity":"","overlay-gradient":""}},"footnotes":""},"class_list":["post-51251","page","type-page","status-publish","has-post-thumbnail","hentry"],"_links":{"self":[{"href":"https:\/\/translinguoglobal.com\/ru\/wp-json\/wp\/v2\/pages\/51251","targetHints":{"allow":["GET"]}}],"collection":[{"href":"https:\/\/translinguoglobal.com\/ru\/wp-json\/wp\/v2\/pages"}],"about":[{"href":"https:\/\/translinguoglobal.com\/ru\/wp-json\/wp\/v2\/types\/page"}],"author":[{"embeddable":true,"href":"https:\/\/translinguoglobal.com\/ru\/wp-json\/wp\/v2\/users\/3"}],"replies":[{"embeddable":true,"href":"https:\/\/translinguoglobal.com\/ru\/wp-json\/wp\/v2\/comments?post=51251"}],"version-history":[{"count":0,"href":"https:\/\/translinguoglobal.com\/ru\/wp-json\/wp\/v2\/pages\/51251\/revisions"}],"wp:featuredmedia":[{"embeddable":true,"href":"https:\/\/translinguoglobal.com\/ru\/wp-json\/wp\/v2\/media\/57000"}],"wp:attachment":[{"href":"https:\/\/translinguoglobal.com\/ru\/wp-json\/wp\/v2\/media?parent=51251"}],"curies":[{"name":"wp","href":"https:\/\/api.w.org\/{rel}","templated":true}]}}