{"id":51247,"date":"2022-08-23T07:50:14","date_gmt":"2022-08-23T07:50:14","guid":{"rendered":"https:\/\/translinguoglobal.com\/%d1%83%d1%81%d0%bb%d1%83%d0%b3%d0%b8-%d1%84%d0%b8%d0%bd%d0%b0%d0%bd%d1%81%d0%be%d0%b2%d0%be%d0%b3%d0%be-%d0%bf%d0%b5%d1%80%d0%b5%d0%b2%d0%be%d0%b4%d0%b0\/"},"modified":"2023-04-04T13:36:56","modified_gmt":"2023-04-04T11:36:56","slug":"%d1%83%d1%81%d0%bb%d1%83%d0%b3%d0%b8-%d1%84%d0%b8%d0%bd%d0%b0%d0%bd%d1%81%d0%be%d0%b2%d0%be%d0%b3%d0%be-%d0%bf%d0%b5%d1%80%d0%b5%d0%b2%d0%be%d0%b4%d0%b0","status":"publish","type":"page","link":"https:\/\/translinguoglobal.com\/ru\/%d1%83%d1%81%d0%bb%d1%83%d0%b3%d0%b8-%d1%84%d0%b8%d0%bd%d0%b0%d0%bd%d1%81%d0%be%d0%b2%d0%be%d0%b3%d0%be-%d0%bf%d0%b5%d1%80%d0%b5%d0%b2%d0%be%d0%b4%d0%b0\/","title":{"rendered":"Finansiella \u00f6vers\u00e4ttningstj\u00e4nster"},"content":{"rendered":"<p>Finansiella \u00f6vers\u00e4ttningstj\u00e4nster. F\u00f6r att kunna lokalisera potentiella kunder lite mer kommer vi att ge en definition av den finansiella \u00f6vers\u00e4ttningen. Den finansiella \u00f6vers\u00e4ttningen \u00e4r en typ av specialiserad \u00f6vers\u00e4ttning som utf\u00f6rs inom ekonomi- och finansomr\u00e5det. Detta omr\u00e5de inkluderar finansmarknader, banker eller till och med aktiemarknaden.<\/p>\n<h3 style=\"text-align: center;\"><strong>Karakt\u00e4rsdrag f\u00f6r den finansiella \u00f6vers\u00e4ttningen<\/strong><\/h3>\n<p>Tj\u00e4nsterna f\u00f6r <a href=\"https:\/\/es.wikipedia.org\/wiki\/Traducci\u00f3n_financiera\" target=\"_blank\" rel=\"noopener\">finansiell \u00f6vers\u00e4ttning<\/a><\/strong> \u00e4r utan tvekan bland de sv\u00e5raste \u00f6vers\u00e4ttningstj\u00e4nsterna. De fr\u00e4msta anledningarna till dess sv\u00e5righet \u00e4r de s\u00e4rdrag som definierar denna disciplin och dess h\u00f6ga komplexitetsniv\u00e5.<\/p>\n<p>Nedan kommer vi att illustrera n\u00e5gra av den finansiella \u00f6vers\u00e4ttningens egenskaper f\u00f6r att s\u00e4tta l\u00e4sarna i ett sammanhang. <\/p>\n<p>F\u00f6r det f\u00f6rsta m\u00e5ste vi \u00f6verv\u00e4ga komplexiteten i det finansiella spr\u00e5ket som finns i de texter som \u00f6vers\u00e4tts. En finansiell text kommer att vara full av specifik terminologi. F\u00f6r att kunna identifiera s\u00e5dana termer och \u00f6vers\u00e4tta dem korrekt \u00e4r det n\u00f6dv\u00e4ndigt att ha k\u00e4nnedom om dess omr\u00e5de. Ibland \u00e5tf\u00f6ljs dessa termer av en jargong som \u00e4r karakt\u00e4ristisk f\u00f6r det finansiella omr\u00e5det. Detta kan vara sv\u00e5rt att m\u00e4rka eftersom det maskeras som ett vanligt spr\u00e5k i m\u00e5nga situationer. <\/p>\n<p>\u00c5 andra sidan m\u00e5ste vi ta h\u00e4nsyn till externa faktorer som vilka utgivarna och mottagarna av texten \u00e4r. Utgivarna \u00e4r ofta proffs som har ett h\u00f6gt rekord och niv\u00e5 av finansiell kunskap. Mottagarna kan d\u00e4remot b\u00e5de vara proffs och personer som \u00e4r nya inom finansv\u00e4rlden. <\/p>\n<p>En l\u00e4mplig <strong>finansiell \u00f6vers\u00e4ttningstj\u00e4nst<\/strong> kommer att analysera aspekter som de tidigare n\u00e4mnda f\u00f6r att erbjuda en optimal tj\u00e4nst. P\u00e5 detta s\u00e4tt \u00e4r det garanterat att kundens f\u00f6rv\u00e4ntningar och behov uppfylls, och alltid p\u00e5 det mest professionella s\u00e4ttet.<\/p>\n<h3 style=\"text-align: center;\"><strong>N\u00e4r kan vi beh\u00f6va en finansiell \u00f6vers\u00e4ttning?<\/strong><\/h3>\n<p>Innan har vi n\u00e4mnt att den finansiella \u00f6vers\u00e4ttningen t\u00e4cker omr\u00e5den som bankverksamhet, finansmarknader eller aktiemarknaden. Men i vilka s\u00e4rskilda fall kr\u00e4vs en <strong>finansiell \u00f6vers\u00e4ttningstj\u00e4nst<\/strong>? N\u00e5gra av scenarierna d\u00e4r en finansiell \u00f6vers\u00e4ttning beh\u00f6vs \u00e4r de f\u00f6ljande:<\/p>\n<ul>\n<li>Ett utl\u00e4ndskt f\u00f6retag ber om den marknadsanalys som v\u00e5rt f\u00f6retag utf\u00f6r:<\/li>\n<li>En nationell tidning ber om nyheter om en finansmarknad fr\u00e5n en utl\u00e4ndsk tidning:<\/li>\n<li> F\u00f6r att kunna sl\u00e5 ihop oss med ett stort utl\u00e4ndskt f\u00f6retag ber dem om en \u00f6vers\u00e4ttning av v\u00e5r senaste rapport om f\u00f6rfattarskap:<\/li>\n<li>V\u00e5r aff\u00e4rsplan har p\u00e5verkat ett stort utl\u00e4ndskt f\u00f6rvaltningsbolag och de vill ha versionen p\u00e5 sitt spr\u00e5k.<\/li>\n<\/ul>\n<h3 style=\"text-align: center;\"><strong>Varf\u00f6r \u00e4r det viktigt att ha en professionell tj\u00e4nst?<\/strong><\/h3>\n<p>&nbsp;<\/p>\n<p>Inom den finansiella \u00f6vers\u00e4ttningen, precis som inom varenda \u00f6vers\u00e4ttningsomr\u00e5de, \u00e4r det avg\u00f6rande att ha tillg\u00e5ng till en professionell tj\u00e4nst. Att ha en professionell \u00f6vers\u00e4ttare garanterar en framg\u00e5ngsrik \u00f6vers\u00e4ttning och tar den professionella faktorn f\u00f6r givet. <\/p>\n<p>Vi t\u00e4nker i liten skala: om vi vill ha ett par skor som inte g\u00f6r ont s\u00e5 v\u00e4ljer vi ett par bra skor, av kvalitet. Samma sak sker med den professionella \u00f6vers\u00e4ttningen eftersom den garanterar att irriterande s\u00e5r och skrapor inte uppst\u00e5r. <\/p>\n<p>En <strong>professionell finansiell \u00f6vers\u00e4ttningstj\u00e4nst<\/strong> ger kunden en trygghet i att dess arbete \u00e4r i goda h\u00e4nder. Vi kan inte bortse fr\u00e5n den stora inverkan som m\u00e5nga av dessa texterna kan ha p\u00e5 kunderna. V\u00e5rt f\u00f6retags framtid kan komma att bero p\u00e5 \u00f6vers\u00e4ttningen av en revisionsrapport. <\/p>\n<p>P\u00e5 grund av allt detta, s\u00e4kerheten, lugnet och professionaliteten, m\u00e5ste man alltid anv\u00e4nda sig av en professionell \u00f6vers\u00e4ttning. Det \u00e4r vad vi p\u00e5 <a href=\"https:\/\/translinguoglobal.com\">Translinguo<\/a> vill f\u00f6rs\u00e4kra v\u00e5ra kunder: professionalismen \u00e4r alltid n\u00e4rvarande. <\/p>\n","protected":false},"excerpt":{"rendered":"<p>Bland de m\u00e5nga tj\u00e4nster som erbjuds av v\u00e5rt f\u00f6retag ing\u00e5r specialiserade \u00f6vers\u00e4ttningstj\u00e4nster. Mer specifikt \u00e4r en av dessa tj\u00e4nster<\/p>\n","protected":false},"author":3,"featured_media":43278,"parent":0,"menu_order":0,"comment_status":"closed","ping_status":"closed","template":"elementor_header_footer","meta":{"_crdt_document":"","inline_featured_image":false,"site-sidebar-layout":"no-sidebar","site-content-layout":"page-builder","ast-site-content-layout":"full-width-container","site-content-style":"default","site-sidebar-style":"default","ast-global-header-display":"","ast-banner-title-visibility":"","ast-main-header-display":"","ast-hfb-above-header-display":"","ast-hfb-below-header-display":"","ast-hfb-mobile-header-display":"","site-post-title":"disabled","ast-breadcrumbs-content":"","ast-featured-img":"disabled","footer-sml-layout":"","ast-disable-related-posts":"","theme-transparent-header-meta":"default","adv-header-id-meta":"","stick-header-meta":"","header-above-stick-meta":"","header-main-stick-meta":"","header-below-stick-meta":"","astra-migrate-meta-layouts":"default","ast-page-background-enabled":"default","ast-page-background-meta":{"desktop":{"background-color":"var(--ast-global-color-4)","background-image":"","background-repeat":"repeat","background-position":"center center","background-size":"auto","background-attachment":"scroll","background-type":"","background-media":"","overlay-type":"","overlay-color":"","overlay-opacity":"","overlay-gradient":""},"tablet":{"background-color":"","background-image":"","background-repeat":"repeat","background-position":"center center","background-size":"auto","background-attachment":"scroll","background-type":"","background-media":"","overlay-type":"","overlay-color":"","overlay-opacity":"","overlay-gradient":""},"mobile":{"background-color":"","background-image":"","background-repeat":"repeat","background-position":"center center","background-size":"auto","background-attachment":"scroll","background-type":"","background-media":"","overlay-type":"","overlay-color":"","overlay-opacity":"","overlay-gradient":""}},"ast-content-background-meta":{"desktop":{"background-color":"var(--ast-global-color-5)","background-image":"","background-repeat":"repeat","background-position":"center center","background-size":"auto","background-attachment":"scroll","background-type":"","background-media":"","overlay-type":"","overlay-color":"","overlay-opacity":"","overlay-gradient":""},"tablet":{"background-color":"var(--ast-global-color-5)","background-image":"","background-repeat":"repeat","background-position":"center center","background-size":"auto","background-attachment":"scroll","background-type":"","background-media":"","overlay-type":"","overlay-color":"","overlay-opacity":"","overlay-gradient":""},"mobile":{"background-color":"var(--ast-global-color-5)","background-image":"","background-repeat":"repeat","background-position":"center center","background-size":"auto","background-attachment":"scroll","background-type":"","background-media":"","overlay-type":"","overlay-color":"","overlay-opacity":"","overlay-gradient":""}},"footnotes":""},"class_list":["post-51247","page","type-page","status-publish","has-post-thumbnail","hentry"],"_links":{"self":[{"href":"https:\/\/translinguoglobal.com\/ru\/wp-json\/wp\/v2\/pages\/51247","targetHints":{"allow":["GET"]}}],"collection":[{"href":"https:\/\/translinguoglobal.com\/ru\/wp-json\/wp\/v2\/pages"}],"about":[{"href":"https:\/\/translinguoglobal.com\/ru\/wp-json\/wp\/v2\/types\/page"}],"author":[{"embeddable":true,"href":"https:\/\/translinguoglobal.com\/ru\/wp-json\/wp\/v2\/users\/3"}],"replies":[{"embeddable":true,"href":"https:\/\/translinguoglobal.com\/ru\/wp-json\/wp\/v2\/comments?post=51247"}],"version-history":[{"count":0,"href":"https:\/\/translinguoglobal.com\/ru\/wp-json\/wp\/v2\/pages\/51247\/revisions"}],"wp:featuredmedia":[{"embeddable":true,"href":"https:\/\/translinguoglobal.com\/ru\/wp-json\/wp\/v2\/media\/43278"}],"wp:attachment":[{"href":"https:\/\/translinguoglobal.com\/ru\/wp-json\/wp\/v2\/media?parent=51247"}],"curies":[{"name":"wp","href":"https:\/\/api.w.org\/{rel}","templated":true}]}}