{"id":51246,"date":"2022-08-23T07:50:14","date_gmt":"2022-08-23T07:50:14","guid":{"rendered":"https:\/\/translinguoglobal.com\/%d1%83%d1%81%d0%bb%d1%83%d0%b3%d0%b8-%d0%bd%d0%b0%d1%83%d1%87%d0%bd%d0%be%d0%b3%d0%be-%d0%bf%d0%b5%d1%80%d0%b5%d0%b2%d0%be%d0%b4%d0%b0\/"},"modified":"2023-04-04T13:36:30","modified_gmt":"2023-04-04T11:36:30","slug":"%d1%83%d1%81%d0%bb%d1%83%d0%b3%d0%b8-%d0%bd%d0%b0%d1%83%d1%87%d0%bd%d0%be%d0%b3%d0%be-%d0%bf%d0%b5%d1%80%d0%b5%d0%b2%d0%be%d0%b4%d0%b0","status":"publish","type":"page","link":"https:\/\/translinguoglobal.com\/ru\/%d1%83%d1%81%d0%bb%d1%83%d0%b3%d0%b8-%d0%bd%d0%b0%d1%83%d1%87%d0%bd%d0%be%d0%b3%d0%be-%d0%bf%d0%b5%d1%80%d0%b5%d0%b2%d0%be%d0%b4%d0%b0\/","title":{"rendered":"Vetenskapliga \u00f6vers\u00e4ttningstj\u00e4nster"},"content":{"rendered":"<p>h3 style=&#187;text-align: center;&#187;><strong>Vad best\u00e5r vetenskaplig \u00f6vers\u00e4ttning av?<\/strong><\/h3>\n<p>><br \/>\n<strong>Tj\u00e4nsterna f\u00f6r <a href=\"\"https:\/\/es.wikipedia.org\/wiki\/Traducci\u00f3n\">traducci\u00f3n cient\u00edfica<\/a><\/strong> vetenskaplig \u00f6vers\u00e4ttning \u00e4r en av de k\u00e4nsligaste grenarna av \u00f6vers\u00e4ttning, eftersom den kr\u00e4ver mycket uppm\u00e4rksamhet p\u00e5 detaljerna. D\u00e4rf\u00f6r kr\u00e4ver den professionellt arbete. Det \u00e4r en specialisering inom teknisk \u00f6vers\u00e4ttning som \u00e4r relaterad till alla vetenskapliga discipliner. I dessa fall m\u00e5ste \u00f6vers\u00e4ttarna vara specialiserade och v\u00e4lkvalificerade inom detta omr\u00e5de, eftersom \u00f6vers\u00e4ttningen m\u00e5ste vara korrekt. <\/p>\n<p>Terminologin spelar en mycket viktig roll i den vetenskapliga \u00f6vers\u00e4ttningen. D\u00e4rf\u00f6r m\u00e5ste \u00f6vers\u00e4ttarna ha omfattande kunskaper om den specifika vetenskapsgren som ska \u00f6vers\u00e4ttas. \u00d6vers\u00e4ttaren m\u00e5ste inte bara ha en bred spr\u00e5klig kunskap inom spr\u00e5ket det handlar om utan \u00e4ven terminologin f\u00f6r denna vetenskapsgren. P\u00e5 s\u00e5 s\u00e4tt blir \u00f6vers\u00e4ttningen detaljerad och fullst\u00e4ndig.<\/p>\n<h3 style=\"text-align: center;\"><strong>Vetenskapliga \u00f6vers\u00e4ttningstj\u00e4nster som erbjuds<\/strong><\/h3>\n<p> ><br \/>\nDen typ av inneh\u00e5ll som vanligtvis \u00f6vers\u00e4tts \u00e4r: konferenser, presentationer, avhandlingar, protokoll, b\u00f6cker, vetenskapliga manualer, forskningsartiklar osv. Det b\u00f6r noteras att de <strong>vetenskapliga \u00f6vers\u00e4ttningstj\u00e4nsterna<\/strong> inte bara \u00e4r specialiserade p\u00e5 vetenskap utan de tar \u00e4ven h\u00e4nsyn till omr\u00e5den inom teknik och humaniora. <\/p>\n<p>Inom vetenskapsomr\u00e5det finner vi bland annat biologi, geologi, kemi, fysik, medicin, matematik och genetik. Inom teknikomr\u00e5det har vi till exempel omr\u00e5den som robotik, nanoteknik, datavetenskap <a href=\" https:\/\/sv.wikipedia.org\/wiki\/Bioteknik>bioteknik<\/a>, etc. Inom humaniora finns till exempel psykologi, sociologi, pedagogik, antropologi, konsthistoria osv. <\/p>\n<p>Det \u00e4r sant att det dominerande spr\u00e5ket nom vetenskapen \u00e4r <a href=\"\/?page_id=35671\">engelskan<\/a>. D\u00e4remot \u00e4r m\u00e5nga nationer intresserade av studierna som utf\u00f6rs i icke-engelskspr\u00e5kiga l\u00e4nder. B\u00e5de institutioner dedikerade till forskning och vetenskapliga f\u00f6retag vill ha en internationalisering av sina f\u00f6retag. D\u00e4rf\u00f6r s\u00f6ker de efter <strong>vetenskapliga \u00f6vers\u00e4ttningstj\u00e4nster<\/strong>..<\/p>\n<h3 style=\"text-align: center;\"><strong>Komplexiteten inom vetenskaplig \u00f6vers\u00e4ttning<\/strong><\/h3>\n<p>Det g\u00f6r stor skillnad att ha en god f\u00f6rst\u00e5else f\u00f6r spr\u00e5ket och det omr\u00e5de du \u00f6vers\u00e4tter till. F\u00f6r att uppn\u00e5 denna f\u00f6rst\u00e5else m\u00e5ste man l\u00f6sa vissa fel som uppst\u00e5r n\u00e4r man \u00f6vers\u00e4tter. Till exempel \u00e4r det mest uppenbara att kontrollera \u00f6vers\u00e4ttningen och se om en automatisk \u00f6vers\u00e4ttare har anv\u00e4nts. De flesta automatiska \u00f6vers\u00e4ttare brukar inte ha n\u00e5gon bred kunskap inom terminologi, och d\u00e4rf\u00f6r kommer de att g\u00f6ra fel.<\/p>\n<p>Bokstavliga \u00f6vers\u00e4ttningar \u00e4r ett annat fel. Dessa typer av \u00f6vers\u00e4ttningar sker eftersom \u00f6vers\u00e4ttaren inte f\u00f6rst\u00e5r textens inneh\u00e5ll p\u00e5 ett korrekt s\u00e4tt, vilket leder till en felaktig \u00f6vers\u00e4ttning. De<em> falska v\u00e4nnerna<\/em> \u00e4r ytterligare ett av de vanligaste felen. Detta fel kan uppst\u00e5 om \u00f6vers\u00e4ttaren inte \u00e4r specialiserat p\u00e5 omr\u00e5det och inte k\u00e4nner till dess terminologi.<\/p>\n<p>Ett m\u00e4rkligt faktum \u00e4r att vetenskapliga \u00f6vers\u00e4ttningar \u00e4r dyrare \u00e4n allm\u00e4nna \u00f6vers\u00e4ttningar. Detta beror p\u00e5 att \u00f6vers\u00e4ttaren beh\u00f6ver mycket mer utbildning och precision f\u00f6r att \u00f6vers\u00e4tta. D\u00e4rf\u00f6r blir tiden som l\u00e4ggs ner p\u00e5 \u00f6vers\u00e4ttningen l\u00e4ngre. <\/p>\n","protected":false},"excerpt":{"rendered":"<p>h3 style=&#187;text-align: center;&#187;>Vad best\u00e5r vetenskaplig \u00f6vers\u00e4ttning av? > Tj\u00e4nsterna f\u00f6r bioteknik, etc. Inom humaniora finns till exempel psykologi, sociologi, pedagogik, antropologi, konsthistoria osv. Det \u00e4r sant att det dominerande spr\u00e5ket nom vetenskapen \u00e4r engelskan. D\u00e4remot \u00e4r m\u00e5nga nationer intresserade av studierna som utf\u00f6rs i icke-engelskspr\u00e5kiga l\u00e4nder. B\u00e5de institutioner dedikerade till forskning och vetenskapliga f\u00f6retag vill [&hellip;]<\/p>\n","protected":false},"author":3,"featured_media":43266,"parent":0,"menu_order":0,"comment_status":"closed","ping_status":"closed","template":"elementor_header_footer","meta":{"_crdt_document":"","inline_featured_image":false,"site-sidebar-layout":"no-sidebar","site-content-layout":"page-builder","ast-site-content-layout":"full-width-container","site-content-style":"default","site-sidebar-style":"default","ast-global-header-display":"","ast-banner-title-visibility":"","ast-main-header-display":"","ast-hfb-above-header-display":"","ast-hfb-below-header-display":"","ast-hfb-mobile-header-display":"","site-post-title":"disabled","ast-breadcrumbs-content":"","ast-featured-img":"disabled","footer-sml-layout":"","ast-disable-related-posts":"","theme-transparent-header-meta":"default","adv-header-id-meta":"","stick-header-meta":"","header-above-stick-meta":"","header-main-stick-meta":"","header-below-stick-meta":"","astra-migrate-meta-layouts":"default","ast-page-background-enabled":"default","ast-page-background-meta":{"desktop":{"background-color":"var(--ast-global-color-4)","background-image":"","background-repeat":"repeat","background-position":"center center","background-size":"auto","background-attachment":"scroll","background-type":"","background-media":"","overlay-type":"","overlay-color":"","overlay-opacity":"","overlay-gradient":""},"tablet":{"background-color":"","background-image":"","background-repeat":"repeat","background-position":"center center","background-size":"auto","background-attachment":"scroll","background-type":"","background-media":"","overlay-type":"","overlay-color":"","overlay-opacity":"","overlay-gradient":""},"mobile":{"background-color":"","background-image":"","background-repeat":"repeat","background-position":"center center","background-size":"auto","background-attachment":"scroll","background-type":"","background-media":"","overlay-type":"","overlay-color":"","overlay-opacity":"","overlay-gradient":""}},"ast-content-background-meta":{"desktop":{"background-color":"var(--ast-global-color-5)","background-image":"","background-repeat":"repeat","background-position":"center center","background-size":"auto","background-attachment":"scroll","background-type":"","background-media":"","overlay-type":"","overlay-color":"","overlay-opacity":"","overlay-gradient":""},"tablet":{"background-color":"var(--ast-global-color-5)","background-image":"","background-repeat":"repeat","background-position":"center center","background-size":"auto","background-attachment":"scroll","background-type":"","background-media":"","overlay-type":"","overlay-color":"","overlay-opacity":"","overlay-gradient":""},"mobile":{"background-color":"var(--ast-global-color-5)","background-image":"","background-repeat":"repeat","background-position":"center center","background-size":"auto","background-attachment":"scroll","background-type":"","background-media":"","overlay-type":"","overlay-color":"","overlay-opacity":"","overlay-gradient":""}},"footnotes":""},"class_list":["post-51246","page","type-page","status-publish","has-post-thumbnail","hentry"],"_links":{"self":[{"href":"https:\/\/translinguoglobal.com\/ru\/wp-json\/wp\/v2\/pages\/51246","targetHints":{"allow":["GET"]}}],"collection":[{"href":"https:\/\/translinguoglobal.com\/ru\/wp-json\/wp\/v2\/pages"}],"about":[{"href":"https:\/\/translinguoglobal.com\/ru\/wp-json\/wp\/v2\/types\/page"}],"author":[{"embeddable":true,"href":"https:\/\/translinguoglobal.com\/ru\/wp-json\/wp\/v2\/users\/3"}],"replies":[{"embeddable":true,"href":"https:\/\/translinguoglobal.com\/ru\/wp-json\/wp\/v2\/comments?post=51246"}],"version-history":[{"count":0,"href":"https:\/\/translinguoglobal.com\/ru\/wp-json\/wp\/v2\/pages\/51246\/revisions"}],"wp:featuredmedia":[{"embeddable":true,"href":"https:\/\/translinguoglobal.com\/ru\/wp-json\/wp\/v2\/media\/43266"}],"wp:attachment":[{"href":"https:\/\/translinguoglobal.com\/ru\/wp-json\/wp\/v2\/media?parent=51246"}],"curies":[{"name":"wp","href":"https:\/\/api.w.org\/{rel}","templated":true}]}}