{"id":51244,"date":"2022-08-23T07:50:12","date_gmt":"2022-08-23T07:50:12","guid":{"rendered":"https:\/\/translinguoglobal.com\/%d1%83%d1%81%d0%bb%d1%83%d0%b3%d0%b8-%d0%bf%d0%b5%d1%80%d0%b5%d0%b2%d0%be%d0%b4%d0%b0-%d1%8d%d0%bb%d0%b5%d0%ba%d1%82%d1%80%d0%be%d0%bd%d0%bd%d0%be%d0%b3%d0%be-%d0%be%d0%b1%d1%83%d1%87%d0%b5%d0%bd\/"},"modified":"2023-04-04T13:35:38","modified_gmt":"2023-04-04T11:35:38","slug":"%d1%83%d1%81%d0%bb%d1%83%d0%b3%d0%b8-%d0%bf%d0%b5%d1%80%d0%b5%d0%b2%d0%be%d0%b4%d0%b0-%d1%8d%d0%bb%d0%b5%d0%ba%d1%82%d1%80%d0%be%d0%bd%d0%bd%d0%be%d0%b3%d0%be-%d0%be%d0%b1%d1%83%d1%87%d0%b5%d0%bd","status":"publish","type":"page","link":"https:\/\/translinguoglobal.com\/ru\/%d1%83%d1%81%d0%bb%d1%83%d0%b3%d0%b8-%d0%bf%d0%b5%d1%80%d0%b5%d0%b2%d0%be%d0%b4%d0%b0-%d1%8d%d0%bb%d0%b5%d0%ba%d1%82%d1%80%d0%be%d0%bd%d0%bd%d0%be%d0%b3%d0%be-%d0%be%d0%b1%d1%83%d1%87%d0%b5%d0%bd\/","title":{"rendered":"\u00d6vers\u00e4ttningstj\u00e4nster f\u00f6r e-l\u00e4rande"},"content":{"rendered":"<h3 style=\"text-align: center;\"><strong>\u00d6vers\u00e4ttningstj\u00e4nster f\u00f6r <em>e-l\u00e4rande<\/em><\/strong><\/h3>\n<p>Idag finns det redan flera f\u00f6retag som erbjuder denna starka \u00f6vers\u00e4ttningstj\u00e4nst f\u00f6r <em>e-l\u00e4rande<\/em><\/strong>. <a href=\"https:\/\/translinguoglobal.com\">Translinguo<\/a>, som ett innovativt och uppdaterat f\u00f6retag, ligger inte efter i denna aspekt. <\/p>\n<p><strong>\u00d6vers\u00e4ttningstj\u00e4nsterna f\u00f6r <em>e-l\u00e4rande<\/em><\/strong> har en betydelse som g\u00e5r ut\u00f6ver att bara \u00f6vers\u00e4tta. Tack vare \u00f6vers\u00e4ttning av inneh\u00e5ll \u00e4r det m\u00f6jligt att ta undervisningen ett steg l\u00e4ngre. Vad vill detta s\u00e4ga? Jo, att resurser kan n\u00e5 ut till fler platser tack vare \u00f6vers\u00e4ttningstj\u00e4nsterna f\u00f6r em>e-l\u00e4rande<\/em>. Dessa kan i sin tur delas, modifieras och f\u00f6rb\u00e4ttras av de som har ansvar f\u00f6r utbildningen. <\/p>\n<p>D\u00e4rf\u00f6r kan vi dra slutsatsen att det finns \u00f6vers\u00e4ttning inom m\u00e5nga omr\u00e5den f\u00f6r innovation och f\u00f6rb\u00e4ttring. <a href=\"https:\/\/sv.wikipedia.org\/wiki\/Globalisering>globaliseringen<\/a> och de internationella relationerna underl\u00e4ttar delningen av resurser, som till exempel utbildningsresurser. Alla dessa resurser skulle ha hamnat i en skr\u00e4dderil\u00e5da om det inte vore f\u00f6r <strong>\u00f6vers\u00e4ttningstj\u00e4nsterna f\u00f6r <em>e-l\u00e4rande<\/em><\/strong>.<\/p>\n<h3 style=\"text-align: center;\"><strong>Hur uppst\u00e5r<a href=\"https:\/\/sv.wikipedia.org\/wiki\/Utbildning i e-l\u00e4rande? Denna modell f\u00f6r l\u00e4rande och utbildning uppstod p\u00e5 90-talet som en innovativ metod som m\u00f6jliggjorde utbildning p\u00e5 distans. Det f\u00f6rekommer fr\u00e4mst i privata f\u00f6retag d\u00e4r man genomf\u00f6rde kontinuerlig utbildning av arbetstagare. Faktorerna som har lett att detta utbildningssystem skapades \u00e4r m\u00e5nga.  Bland dessa faktorer \u00e4r de kontinuerliga tekniska framstegen, globaliseringen eller \u00f6kningen av internationalisering i samh\u00e4llena. \n\nParallellt med social f\u00f6r\u00e4ndring inom det tekniska omr\u00e5det sker det f\u00f6r\u00e4ndringar inom utbildningsomr\u00e5det. Utbildningens behov, ambitioner och m\u00e5l v\u00e4xer och beh\u00f6ver nya verktyg. <em>E-l\u00e4rande<\/em> \u00e4r ett av de m\u00e5nga verktyg som m\u00f6jligg\u00f6r att utbildning kan f\u00f6r\u00e4ndras mot utveckling och f\u00f6rb\u00e4ttring.<\/p>\n<p><strong>\u00d6vers\u00e4ttningstj\u00e4nsterna f\u00f6r<em>e-l\u00e4<\/em><ra>nde<\/em><\/strong> \u00e4r d\u00e4rf\u00f6r ytterligare en del av redskapet f\u00f6r pedagogisk utbildning och f\u00f6rb\u00e4ttring.<\/p>\n<h3 style=\"text-align: center;\"><strong>Vilka \u00e4r dess f\u00f6rdelar?<\/strong><\/h3>\n<p>&nbsp;<\/p>\n<p>Bland de fr\u00e4msta f\u00f6rdelarna med <em>e-handel<\/em> vill vi lyfta fram de f\u00f6ljande:<\/p>\n<ul>\n<li>Flexibilitet: Till\u00e5ter anv\u00e4ndare att ansluta baserat p\u00e5 n\u00e4r de \u00e4r tillg\u00e4ngliga..<\/li>\n<li>Internationalitet: Tack vare internationell tillg\u00e5ng till n\u00e4tverket \u00e4r det m\u00f6jligt att utnyttja tj\u00e4nsterna f\u00f6r <em>e-l\u00e4rande<\/em> fr\u00e5n olika delar av v\u00e4rlden.<\/li>\n<li> St\u00f6rre besparingar: Att ha resurser p\u00e5 webben g\u00f6r att du kan spara p\u00e5 material till utbildning som b\u00f6cker eller resor till centrum.\/li>\n<\/ul>\n<p> \u00d6vers\u00e4ttningstj\u00e4nsterna f\u00f6r <em>e-l\u00e4rande<\/em><\/strong> deltar i internationaliseringen av redan n\u00e4mnda resurser. Tack vare dessa \u00f6vers\u00e4ttningstj\u00e4nsterna f\u00f6r <em>e-l\u00e4rande\/em><\/strong> kan det italienska utbildningskollektivet f\u00e5 tillg\u00e5ng till en resurs som skapades i Spanien. <\/p>\n<p>\u00c5terigen spelar <a href=\"\/?page_id=40887\">\u00f6vers\u00e4ttningen<\/a> en roll som f\u00f6rbindelsel\u00e4nk mellan spr\u00e5k och kulturer, och den bryter ner gr\u00e4nsbarri\u00e4rer. <\/p>\n<p>Bes\u00f6k v\u00e5ra profiler p\u00e5 <a title=\"Translinguo Global\" href=\"https:\/\/www.facebook.com\/translinguoglobal\" target=\"_blank\" rel=\"noopener\">Facebook<\/a>, <a title=\"Translinguo Global\" href=\"https:\/\/www.instagram.com\/translinguoglobal\/\" target=\"_blank\" rel=\"noopener\">Instagram<\/a> och <a title=\"Trasnslinguo Global\" href=\"https:\/\/es.linkedin.com\/company\/agencia-de-traduccion-translinguo-global\" target=\"_blank\" rel=\"noopener\">Linkedin<\/a><\/p>\n","protected":false},"excerpt":{"rendered":"<p>\u00d6vers\u00e4ttningstj\u00e4nster f\u00f6r e-l\u00e4rande Idag finns det redan flera f\u00f6retag som erbjuder denna starka \u00f6vers\u00e4ttningstj\u00e4nst f\u00f6r e-l\u00e4rande. Translinguo, som ett innovativt och uppdaterat f\u00f6retag, ligger inte efter i denna aspekt. \u00d6vers\u00e4ttningstj\u00e4nsterna f\u00f6r e-l\u00e4rande har en betydelse som g\u00e5r ut\u00f6ver att bara \u00f6vers\u00e4tta. Tack vare \u00f6vers\u00e4ttning av inneh\u00e5ll \u00e4r det m\u00f6jligt att ta undervisningen ett steg l\u00e4ngre. [&hellip;]<\/p>\n","protected":false},"author":3,"featured_media":38169,"parent":0,"menu_order":0,"comment_status":"closed","ping_status":"closed","template":"","meta":{"_crdt_document":"","inline_featured_image":false,"site-sidebar-layout":"default","site-content-layout":"default","ast-site-content-layout":"default","site-content-style":"default","site-sidebar-style":"default","ast-global-header-display":"","ast-banner-title-visibility":"","ast-main-header-display":"","ast-hfb-above-header-display":"","ast-hfb-below-header-display":"","ast-hfb-mobile-header-display":"","site-post-title":"","ast-breadcrumbs-content":"","ast-featured-img":"","footer-sml-layout":"","ast-disable-related-posts":"","theme-transparent-header-meta":"default","adv-header-id-meta":"","stick-header-meta":"","header-above-stick-meta":"","header-main-stick-meta":"","header-below-stick-meta":"","astra-migrate-meta-layouts":"default","ast-page-background-enabled":"default","ast-page-background-meta":{"desktop":{"background-color":"var(--ast-global-color-4)","background-image":"","background-repeat":"repeat","background-position":"center center","background-size":"auto","background-attachment":"scroll","background-type":"","background-media":"","overlay-type":"","overlay-color":"","overlay-opacity":"","overlay-gradient":""},"tablet":{"background-color":"","background-image":"","background-repeat":"repeat","background-position":"center center","background-size":"auto","background-attachment":"scroll","background-type":"","background-media":"","overlay-type":"","overlay-color":"","overlay-opacity":"","overlay-gradient":""},"mobile":{"background-color":"","background-image":"","background-repeat":"repeat","background-position":"center center","background-size":"auto","background-attachment":"scroll","background-type":"","background-media":"","overlay-type":"","overlay-color":"","overlay-opacity":"","overlay-gradient":""}},"ast-content-background-meta":{"desktop":{"background-color":"var(--ast-global-color-5)","background-image":"","background-repeat":"repeat","background-position":"center center","background-size":"auto","background-attachment":"scroll","background-type":"","background-media":"","overlay-type":"","overlay-color":"","overlay-opacity":"","overlay-gradient":""},"tablet":{"background-color":"var(--ast-global-color-5)","background-image":"","background-repeat":"repeat","background-position":"center center","background-size":"auto","background-attachment":"scroll","background-type":"","background-media":"","overlay-type":"","overlay-color":"","overlay-opacity":"","overlay-gradient":""},"mobile":{"background-color":"var(--ast-global-color-5)","background-image":"","background-repeat":"repeat","background-position":"center center","background-size":"auto","background-attachment":"scroll","background-type":"","background-media":"","overlay-type":"","overlay-color":"","overlay-opacity":"","overlay-gradient":""}},"footnotes":""},"class_list":["post-51244","page","type-page","status-publish","has-post-thumbnail","hentry"],"_links":{"self":[{"href":"https:\/\/translinguoglobal.com\/ru\/wp-json\/wp\/v2\/pages\/51244","targetHints":{"allow":["GET"]}}],"collection":[{"href":"https:\/\/translinguoglobal.com\/ru\/wp-json\/wp\/v2\/pages"}],"about":[{"href":"https:\/\/translinguoglobal.com\/ru\/wp-json\/wp\/v2\/types\/page"}],"author":[{"embeddable":true,"href":"https:\/\/translinguoglobal.com\/ru\/wp-json\/wp\/v2\/users\/3"}],"replies":[{"embeddable":true,"href":"https:\/\/translinguoglobal.com\/ru\/wp-json\/wp\/v2\/comments?post=51244"}],"version-history":[{"count":0,"href":"https:\/\/translinguoglobal.com\/ru\/wp-json\/wp\/v2\/pages\/51244\/revisions"}],"wp:featuredmedia":[{"embeddable":true,"href":"https:\/\/translinguoglobal.com\/ru\/wp-json\/wp\/v2\/media\/38169"}],"wp:attachment":[{"href":"https:\/\/translinguoglobal.com\/ru\/wp-json\/wp\/v2\/media?parent=51244"}],"curies":[{"name":"wp","href":"https:\/\/api.w.org\/{rel}","templated":true}]}}