{"id":51243,"date":"2022-08-23T07:50:11","date_gmt":"2022-08-23T07:50:11","guid":{"rendered":"https:\/\/translinguoglobal.com\/%d1%83%d1%81%d0%bb%d1%83%d0%b3%d0%b8-%d0%bf%d0%b5%d1%80%d0%b5%d0%b2%d0%be%d0%b4%d0%b0-%d1%8d%d0%bb%d0%b5%d0%ba%d1%82%d1%80%d0%be%d0%bd%d0%bd%d0%be%d0%b9-%d0%ba%d0%be%d0%bc%d0%bc%d0%b5%d1%80%d1%86\/"},"modified":"2023-04-04T13:35:15","modified_gmt":"2023-04-04T11:35:15","slug":"%d1%83%d1%81%d0%bb%d1%83%d0%b3%d0%b8-%d0%bf%d0%b5%d1%80%d0%b5%d0%b2%d0%be%d0%b4%d0%b0-%d1%8d%d0%bb%d0%b5%d0%ba%d1%82%d1%80%d0%be%d0%bd%d0%bd%d0%be%d0%b9-%d0%ba%d0%be%d0%bc%d0%bc%d0%b5%d1%80%d1%86","status":"publish","type":"page","link":"https:\/\/translinguoglobal.com\/ru\/%d1%83%d1%81%d0%bb%d1%83%d0%b3%d0%b8-%d0%bf%d0%b5%d1%80%d0%b5%d0%b2%d0%be%d0%b4%d0%b0-%d1%8d%d0%bb%d0%b5%d0%ba%d1%82%d1%80%d0%be%d0%bd%d0%bd%d0%be%d0%b9-%d0%ba%d0%be%d0%bc%d0%bc%d0%b5%d1%80%d1%86\/","title":{"rendered":"\u00d6vers\u00e4ttningstj\u00e4nst f\u00f6r e-handel."},"content":{"rendered":"<h3 style=\"text-align: center;\"><strong>Vad best\u00e5r \u00f6vers\u00e4ttningen f\u00f6r e-handel av?<\/strong><\/h3>\n<p>\u00d6vers\u00e4ttningstj\u00e4nst f\u00f6r e-handel.<a href=\"https:\/\/sv.wikipedia.org\/wiki\/E-handel\" target=\"_blank\" rel=\"noopener\">e-handel<\/a> \u00e4r ocks\u00e5 k\u00e4nd som elektronisk handel. Det vill s\u00e4ga att f\u00f6retagen s\u00e4ljer sina produkter online, genom internet. Eftersom vi idag lever i en v\u00e4rld d\u00e4r tekniken \u00e4r viktig \u00e4r onlinef\u00f6rs\u00e4ljning ett s\u00e4tt att expandera. Med andra ord kan produkterna n\u00e5 fler m\u00e4nniskor p\u00e5 internationell niv\u00e5 genom sin onlinef\u00f6rs\u00e4ljning. <\/p>\n<p>Eftersom <em>e-handeln<\/em>s v\u00e4rld \u00e4r ganska komplex s\u00e5 kommenterar vi flera aspekter av den. F\u00f6rst och fr\u00e4mst kan <em>e-handel<\/em> g\u00f6ras genom olika applikationer som e-post, kataloger, webbtj\u00e4nster, bland annat. F\u00f6r det andra best\u00e5r <em>e-handel<\/em> ocks\u00e5 av olika modeller. Precis som de fysiska butikerna s\u00e5 m\u00e5ste onlinehandeln uppfylla olika typer av behov beroende p\u00e5 varje kund. Vi hittar n\u00e5gra modeller f\u00f6r onlinebutiker eller <em>marknadsplatser<\/em>, som till exempel Amazon.<\/p>\n<h3 style=\"text-align: center;\"><strong>Vilken typ av \u00f6vers\u00e4ttningar g\u00f6rs f\u00f6r e-handel?<\/strong><\/h3>\n<p>Med tanke p\u00e5 alla <a href=\"\/?page_id=40747\">specialiserade \u00f6vers\u00e4ttningar<\/a> \u00e4r det viktigt att anv\u00e4nda professionella \u00f6vers\u00e4ttare med omfattande kunskaper inom \u00e4mnet. Annars kommer inte meddelandet kunna anpassas kulturellt till publiken det riktar sig till vid anv\u00e4ndning av en automatisk \u00f6vers\u00e4ttare. D\u00e4rf\u00f6r kommer den m\u00e4nskliga faktorn alltid beh\u00f6vas, det vill s\u00e4ga en \u00f6vers\u00e4ttare som \u00e4r specialiserad p\u00e5 \u00f6vers\u00e4ttningar f\u00f6r <em>e-handel<\/em>. P\u00e5 det s\u00e4ttet blir internationaliseringen av onlinemarknaden en succ\u00e9. <\/p>\n<p>\u00d6vers\u00e4ttningstj\u00e4nsterna kan ocks\u00e5 hj\u00e4lpa dig att ta reda p\u00e5 om din produkt skulle kunna s\u00e4ljas bra i ett visst land. Dessutom kan man skapa <a href=\"https:\/\/es.wikipedia.org\/wiki\/Canal_de_comunicaci\u00f3n\" target=\"_blank\" rel=\"noopener\">kommunikationskanaler<\/a> som \u00e4r de mest l\u00e4mpliga f\u00f6r varje land. Detta kan m\u00f6jligg\u00f6ras tack vare professionella \u00f6vers\u00e4ttares omfattande spr\u00e5kliga och kulturella kunskaper. <\/p>\n<p>\u00d6vers\u00e4ttningarna f\u00f6r <em>e-handel<\/em> som professionella \u00f6vers\u00e4ttare kan utf\u00f6ra \u00e4r <em>nyhetsbrev<\/em>, reklamkampanjer, eller inneh\u00e5ll f\u00f6r sociala n\u00e4tverk. P\u00e5 samma vis utf\u00f6r de \u00f6vers\u00e4ttningar av webbplatser, mobilapplikationer eller mjukvaruprogram. Och inte bara det, utan de kan \u00e4ven \u00f6vers\u00e4tta sekretesspolicyer och juridiska meddelanden, s\u00e5v\u00e4l som regelbundna lageruppdateringar. <\/p>\n<p>&nbsp;<\/p>\n<h3 style=\"text-align: center;\"><strong>Exempel p\u00e5 \u00f6vers\u00e4ttningstj\u00e4nster f\u00f6r<em> e-handel<\/em><\/strong><\/h3>\n<p>Om din produkt n\u00e5r fler kunder kommer det att \u00f6ka dina antal f\u00f6rs\u00e4ljningar och ut\u00f6ka handeln med denna produkt. F\u00f6r att g\u00f6ra detta b\u00f6r din butik ha text p\u00e5 flera spr\u00e5k eftersom att bara ha ett spr\u00e5k begr\u00e4nsar f\u00f6rs\u00e4ljningen kraftigt. Dessutom lockar internationalisering av din butik nya kunder och p\u00e5 s\u00e5 s\u00e4tt skulle efterfr\u00e5gan p\u00e5 produkten \u00f6ka. Av denna anledning \u00e4r det proffs som har hand om \u00f6vers\u00e4ttningar f\u00f6r <em>e-handel.<\/em><\/p>\n<p>F\u00f6r att din internationella e-handel ska bli framg\u00e5ngsrik m\u00e5ste \u00f6vers\u00e4ttare till\u00e4mpa lokaliseringskonceptet. Detta eftersom att produktens inneh\u00e5ll anpassas kulturellt till m\u00e5lspr\u00e5ket genom att lokalisera en produkt.<\/p>\n<p>Bes\u00f6k v\u00e5ra profiler p\u00e5  <a title=\"Translinguo Global\" href=\"https:\/\/www.facebook.com\/translinguoglobal\" target=\"_blank\" rel=\"noopener\">Facebook<\/a>, <a title=\"Translinguo Global\" href=\"https:\/\/www.instagram.com\/translinguoglobal\/\" target=\"_blank\" rel=\"noopener\">Instagram<\/a> och <a title=\"Trasnslinguo Global\" href=\"https:\/\/es.linkedin.com\/company\/agencia-de-traduccion-translinguo-global\" target=\"_blank\" rel=\"noopener\">Linkedin<\/a><\/p>\n","protected":false},"excerpt":{"rendered":"<p>Vad best\u00e5r \u00f6vers\u00e4ttningen f\u00f6r e-handel av? \u00d6vers\u00e4ttningstj\u00e4nst f\u00f6r e-handel.e-handel \u00e4r ocks\u00e5 k\u00e4nd som elektronisk handel. Det vill s\u00e4ga att f\u00f6retagen s\u00e4ljer sina produkter online, genom internet. Eftersom vi idag lever i en v\u00e4rld d\u00e4r tekniken \u00e4r viktig \u00e4r onlinef\u00f6rs\u00e4ljning ett s\u00e4tt att expandera. Med andra ord kan produkterna n\u00e5 fler m\u00e4nniskor p\u00e5 internationell niv\u00e5 genom [&hellip;]<\/p>\n","protected":false},"author":3,"featured_media":39310,"parent":0,"menu_order":0,"comment_status":"closed","ping_status":"closed","template":"elementor_header_footer","meta":{"_crdt_document":"","inline_featured_image":false,"site-sidebar-layout":"no-sidebar","site-content-layout":"page-builder","ast-site-content-layout":"full-width-container","site-content-style":"default","site-sidebar-style":"default","ast-global-header-display":"","ast-banner-title-visibility":"","ast-main-header-display":"","ast-hfb-above-header-display":"","ast-hfb-below-header-display":"","ast-hfb-mobile-header-display":"","site-post-title":"disabled","ast-breadcrumbs-content":"","ast-featured-img":"disabled","footer-sml-layout":"","ast-disable-related-posts":"","theme-transparent-header-meta":"default","adv-header-id-meta":"","stick-header-meta":"","header-above-stick-meta":"","header-main-stick-meta":"","header-below-stick-meta":"","astra-migrate-meta-layouts":"default","ast-page-background-enabled":"default","ast-page-background-meta":{"desktop":{"background-color":"var(--ast-global-color-4)","background-image":"","background-repeat":"repeat","background-position":"center center","background-size":"auto","background-attachment":"scroll","background-type":"","background-media":"","overlay-type":"","overlay-color":"","overlay-opacity":"","overlay-gradient":""},"tablet":{"background-color":"","background-image":"","background-repeat":"repeat","background-position":"center center","background-size":"auto","background-attachment":"scroll","background-type":"","background-media":"","overlay-type":"","overlay-color":"","overlay-opacity":"","overlay-gradient":""},"mobile":{"background-color":"","background-image":"","background-repeat":"repeat","background-position":"center center","background-size":"auto","background-attachment":"scroll","background-type":"","background-media":"","overlay-type":"","overlay-color":"","overlay-opacity":"","overlay-gradient":""}},"ast-content-background-meta":{"desktop":{"background-color":"var(--ast-global-color-5)","background-image":"","background-repeat":"repeat","background-position":"center center","background-size":"auto","background-attachment":"scroll","background-type":"","background-media":"","overlay-type":"","overlay-color":"","overlay-opacity":"","overlay-gradient":""},"tablet":{"background-color":"var(--ast-global-color-5)","background-image":"","background-repeat":"repeat","background-position":"center center","background-size":"auto","background-attachment":"scroll","background-type":"","background-media":"","overlay-type":"","overlay-color":"","overlay-opacity":"","overlay-gradient":""},"mobile":{"background-color":"var(--ast-global-color-5)","background-image":"","background-repeat":"repeat","background-position":"center center","background-size":"auto","background-attachment":"scroll","background-type":"","background-media":"","overlay-type":"","overlay-color":"","overlay-opacity":"","overlay-gradient":""}},"footnotes":""},"class_list":["post-51243","page","type-page","status-publish","has-post-thumbnail","hentry"],"_links":{"self":[{"href":"https:\/\/translinguoglobal.com\/ru\/wp-json\/wp\/v2\/pages\/51243","targetHints":{"allow":["GET"]}}],"collection":[{"href":"https:\/\/translinguoglobal.com\/ru\/wp-json\/wp\/v2\/pages"}],"about":[{"href":"https:\/\/translinguoglobal.com\/ru\/wp-json\/wp\/v2\/types\/page"}],"author":[{"embeddable":true,"href":"https:\/\/translinguoglobal.com\/ru\/wp-json\/wp\/v2\/users\/3"}],"replies":[{"embeddable":true,"href":"https:\/\/translinguoglobal.com\/ru\/wp-json\/wp\/v2\/comments?post=51243"}],"version-history":[{"count":0,"href":"https:\/\/translinguoglobal.com\/ru\/wp-json\/wp\/v2\/pages\/51243\/revisions"}],"wp:featuredmedia":[{"embeddable":true,"href":"https:\/\/translinguoglobal.com\/ru\/wp-json\/wp\/v2\/media\/39310"}],"wp:attachment":[{"href":"https:\/\/translinguoglobal.com\/ru\/wp-json\/wp\/v2\/media?parent=51243"}],"curies":[{"name":"wp","href":"https:\/\/api.w.org\/{rel}","templated":true}]}}