{"id":51242,"date":"2022-08-23T07:50:10","date_gmt":"2022-08-23T07:50:10","guid":{"rendered":"https:\/\/translinguoglobal.com\/%d0%ba%d0%be%d0%bc%d0%bf%d0%b0%d0%bd%d0%b8%d1%8f-%d1%80%d1%83%d1%81%d1%81%d0%ba%d0%be%d0%b3%d0%be-%d0%bf%d0%b5%d1%80%d0%b5%d0%b2%d0%be%d0%b4%d0%b0\/"},"modified":"2024-05-17T12:52:15","modified_gmt":"2024-05-17T10:52:15","slug":"%d0%ba%d0%be%d0%bc%d0%bf%d0%b0%d0%bd%d0%b8%d1%8f-%d1%80%d1%83%d1%81%d1%81%d0%ba%d0%be%d0%b3%d0%be-%d0%bf%d0%b5%d1%80%d0%b5%d0%b2%d0%be%d0%b4%d0%b0","status":"publish","type":"page","link":"https:\/\/translinguoglobal.com\/ru\/%d0%ba%d0%be%d0%bc%d0%bf%d0%b0%d0%bd%d0%b8%d1%8f-%d1%80%d1%83%d1%81%d1%81%d0%ba%d0%be%d0%b3%d0%be-%d0%bf%d0%b5%d1%80%d0%b5%d0%b2%d0%be%d0%b4%d0%b0\/","title":{"rendered":"F\u00f6retag som \u00f6vers\u00e4tter ryska"},"content":{"rendered":"<h3 style=\"text-align: center;\"><strong>Kunskaper i det ryska spr\u00e5ket<\/strong><\/h3>\n<p><a href=\"https:\/\/translinguoglobal.com\">F\u00f6retag som \u00f6vers\u00e4tter ryska<\/a>.ryska \u00e4r ett indoeuropeiskt spr\u00e5k i den \u00f6stslaviska grenen. Det \u00e4r det officiella spr\u00e5ket i Ryssland och i l\u00e4nder som Vitryssland, Kirgizistan, Kazakstan. I sin tur talas det i Ukraina och i n\u00e5gra omr\u00e5den i Estland, Lettland och Georgien. Dess spridning beror p\u00e5 den tidigare unionen av sovjetiska socialistiska republiker, Sovjetunionen, som bildades av 15 republiker.<\/p>\n<p>Med sina 278 miljoner talare \u00e4r det det fj\u00e4rde mest talade spr\u00e5ket i v\u00e4rlden. Dessutom \u00e4r det ett av FN:s sex officiella spr\u00e5k tillsammans med arabiskan och engelskan, bland andra. Det b\u00f6r noteras att ryska \u00e4r k\u00e4nt som rymdspr\u00e5ket. Detta eftersom att kunna ryska \u00e4r ett av kraven f\u00f6r att komma in i NASA.<\/p>\n<p>Ryskan anv\u00e4nder ett kyrilliskt alfabet, det vill s\u00e4ga att det kan skrivas med versaler, gemener eller kyrillisk kursiv. Detta kyrilliska alfabet \u00e4r fr\u00e5n tiohundratalet och skapades av en bysantinsk mission\u00e4r. Det \u00e4r etablerat ur det grekiska alfabetet \u00e4ven om det inkluderar element fr\u00e5n det glagotiliska alfabetet (det \u00e4ldsta av slaviskt ursprung).<\/p>\n<h3 style=\"text-align: center;\"><strong>Spr\u00e5kets karakt\u00e4rsdrag<\/strong><\/h3>\n<p>Det ryska spr\u00e5ket best\u00e5r av fem vokalljud och 37 konsonantljud. Dessutom uttalas orden som de \u00e4r skrivna. Det s\u00e4gs att dess grammatik \u00e4r mycket komplex. Tre k\u00f6n anv\u00e4nds: maskulinum, femininum och neutrum. D\u00e4rf\u00f6r har spr\u00e5ket sex deklinationer f\u00f6r substantiv, pronomen, demonstrativa adjektiv och ordningstal. Faktum \u00e4r att deklinationerna brukar g\u00f6ras baserat p\u00e5 k\u00f6n och antal. Artiklar anv\u00e4nds inte och ordens ordning i en mening kan variera.<\/p>\n<p>Bes\u00f6k v\u00e5ra profiler p\u00e5 <a title=\"Translinguo Global\" href=\"https:\/\/www.facebook.com\/translinguoglobal\" target=\"_blank\" rel=\"noopener\">Facebook<\/a>, <a title=\"Translinguo Global\" href=\"https:\/\/www.instagram.com\/translinguoglobal\/\" target=\"_blank\" rel=\"noopener\">Instagram<\/a> och <a title=\"Trasnslinguo Global\" href=\"https:\/\/es.linkedin.com\/company\/agencia-de-traduccion-translinguo-global\" target=\"_blank\" rel=\"noopener\">Linkedin<\/a><\/p>\n","protected":false},"excerpt":{"rendered":"<p>Kunskaper i det ryska spr\u00e5ket F\u00f6retag som \u00f6vers\u00e4tter ryska.ryska \u00e4r ett indoeuropeiskt spr\u00e5k i den \u00f6stslaviska grenen. Det \u00e4r det officiella spr\u00e5ket i Ryssland och i l\u00e4nder som Vitryssland, Kirgizistan, Kazakstan. I sin tur talas det i Ukraina och i n\u00e5gra omr\u00e5den i Estland, Lettland och Georgien. Dess spridning beror p\u00e5 den tidigare unionen av [&hellip;]<\/p>\n","protected":false},"author":3,"featured_media":41927,"parent":0,"menu_order":0,"comment_status":"closed","ping_status":"closed","template":"","meta":{"_crdt_document":"","inline_featured_image":false,"site-sidebar-layout":"no-sidebar","site-content-layout":"page-builder","ast-site-content-layout":"full-width-container","site-content-style":"default","site-sidebar-style":"default","ast-global-header-display":"","ast-banner-title-visibility":"","ast-main-header-display":"","ast-hfb-above-header-display":"","ast-hfb-below-header-display":"","ast-hfb-mobile-header-display":"","site-post-title":"disabled","ast-breadcrumbs-content":"","ast-featured-img":"disabled","footer-sml-layout":"","ast-disable-related-posts":"","theme-transparent-header-meta":"default","adv-header-id-meta":"","stick-header-meta":"","header-above-stick-meta":"","header-main-stick-meta":"","header-below-stick-meta":"","astra-migrate-meta-layouts":"set","ast-page-background-enabled":"default","ast-page-background-meta":{"desktop":{"background-color":"var(--ast-global-color-4)","background-image":"","background-repeat":"repeat","background-position":"center center","background-size":"auto","background-attachment":"scroll","background-type":"","background-media":"","overlay-type":"","overlay-color":"","overlay-opacity":"","overlay-gradient":""},"tablet":{"background-color":"","background-image":"","background-repeat":"repeat","background-position":"center center","background-size":"auto","background-attachment":"scroll","background-type":"","background-media":"","overlay-type":"","overlay-color":"","overlay-opacity":"","overlay-gradient":""},"mobile":{"background-color":"","background-image":"","background-repeat":"repeat","background-position":"center center","background-size":"auto","background-attachment":"scroll","background-type":"","background-media":"","overlay-type":"","overlay-color":"","overlay-opacity":"","overlay-gradient":""}},"ast-content-background-meta":{"desktop":{"background-color":"var(--ast-global-color-5)","background-image":"","background-repeat":"repeat","background-position":"center center","background-size":"auto","background-attachment":"scroll","background-type":"","background-media":"","overlay-type":"","overlay-color":"","overlay-opacity":"","overlay-gradient":""},"tablet":{"background-color":"var(--ast-global-color-5)","background-image":"","background-repeat":"repeat","background-position":"center center","background-size":"auto","background-attachment":"scroll","background-type":"","background-media":"","overlay-type":"","overlay-color":"","overlay-opacity":"","overlay-gradient":""},"mobile":{"background-color":"var(--ast-global-color-5)","background-image":"","background-repeat":"repeat","background-position":"center center","background-size":"auto","background-attachment":"scroll","background-type":"","background-media":"","overlay-type":"","overlay-color":"","overlay-opacity":"","overlay-gradient":""}},"footnotes":""},"class_list":["post-51242","page","type-page","status-publish","has-post-thumbnail","hentry"],"_links":{"self":[{"href":"https:\/\/translinguoglobal.com\/ru\/wp-json\/wp\/v2\/pages\/51242","targetHints":{"allow":["GET"]}}],"collection":[{"href":"https:\/\/translinguoglobal.com\/ru\/wp-json\/wp\/v2\/pages"}],"about":[{"href":"https:\/\/translinguoglobal.com\/ru\/wp-json\/wp\/v2\/types\/page"}],"author":[{"embeddable":true,"href":"https:\/\/translinguoglobal.com\/ru\/wp-json\/wp\/v2\/users\/3"}],"replies":[{"embeddable":true,"href":"https:\/\/translinguoglobal.com\/ru\/wp-json\/wp\/v2\/comments?post=51242"}],"version-history":[{"count":2,"href":"https:\/\/translinguoglobal.com\/ru\/wp-json\/wp\/v2\/pages\/51242\/revisions"}],"predecessor-version":[{"id":67088,"href":"https:\/\/translinguoglobal.com\/ru\/wp-json\/wp\/v2\/pages\/51242\/revisions\/67088"}],"wp:featuredmedia":[{"embeddable":true,"href":"https:\/\/translinguoglobal.com\/ru\/wp-json\/wp\/v2\/media\/41927"}],"wp:attachment":[{"href":"https:\/\/translinguoglobal.com\/ru\/wp-json\/wp\/v2\/media?parent=51242"}],"curies":[{"name":"wp","href":"https:\/\/api.w.org\/{rel}","templated":true}]}}