{"id":50958,"date":"2022-08-09T12:59:05","date_gmt":"2022-08-09T12:59:05","guid":{"rendered":"https:\/\/translinguoglobal.com\/%d0%bf%d0%b5%d1%80%d0%b5%d0%b2%d0%be%d0%b4-%d1%80%d0%b5%d0%b7%d1%8e%d0%bc%d0%b5\/"},"modified":"2023-04-04T13:45:03","modified_gmt":"2023-04-04T11:45:03","slug":"%d0%bf%d0%b5%d1%80%d0%b5%d0%b2%d0%be%d0%b4-%d1%80%d0%b5%d0%b7%d1%8e%d0%bc%d0%b5","status":"publish","type":"page","link":"https:\/\/translinguoglobal.com\/ru\/%d0%bf%d0%b5%d1%80%d0%b5%d0%b2%d0%be%d0%b4-%d1%80%d0%b5%d0%b7%d1%8e%d0%bc%d0%b5\/","title":{"rendered":"\u00d6vers\u00e4ttning av CV:n"},"content":{"rendered":"<p><strong>\u00a0<\/strong><strong>Funderar du p\u00e5 att presentera ditt CV och du fortfarande inte har det \u00f6versatt? <\/strong>Om det \u00e4r s\u00e5 \u00e4r detta din plats. P\u00e5 Translinguo erbjuder vi en \u00f6vers\u00e4ttningstj\u00e4nst f\u00f6r CV:n s\u00e5 att du kan <strong>bredda ditt utbud av arbetsm\u00f6jligheter<\/strong>. L\u00e5t inte denna m\u00f6jlighet glida f\u00f6rbi, vi hj\u00e4lper dig.os.<\/p>\n<h2><strong>Vem riktar sig \u00f6vers\u00e4ttningstj\u00e4nsten f\u00f6r CV:n till?<\/strong><\/h2>\n<p> Om du \u00e4r <strong>student<\/strong> och vill forts\u00e4tta dina <strong>studier<\/strong> i <strong>utlandet<\/strong>, och du vill ans\u00f6ka om ett <strong>stipendium<\/strong>, s\u00e5 \u00e4r det n\u00f6dv\u00e4ndigt att din studieplan \u00e4r \u00f6versatt. <\/p>\n<p>Dessutom, om du \u00e4r intresserad av att <strong>leta efter ett jobb<\/strong>oavsett om det \u00e4r i utlandet eller inte, kommer det p\u00e5verka mycket att ha ett \u00f6versatt CV. Det kommer g\u00f6ra att du <strong>sticker ut bland de andra<\/strong>. Det \u00e4r s\u00e5 eftersom de <strong>stora plurinationella f\u00f6retagen<\/strong> lutar mer \u00e5t de kandidater som har ett CV \u00f6versatt till ett annat spr\u00e5k.<\/p>\n<h2><strong>Vilken typ av texter \u00f6vers\u00e4tter vi? <\/strong><\/h2>\n<p> V\u00e5r \u00f6vers\u00e4ttningsbyr\u00e5 erbjuder de b\u00e4sta tj\u00e4nsterna. Vi har de n\u00f6dv\u00e4ndiga tekniska medierna f\u00f6r att kunna utf\u00f6ra <strong>vilken \u00f6vers\u00e4ttning som helst<\/strong>  i vilket format som helst. <\/p>\n<p>Vi kan \u00f6vers\u00e4tta <strong>alla typer av texter<\/strong>. Inte bara \u00f6vers\u00e4ttningar som kan hj\u00e4lpa dig att hitta ditt dr\u00f6mjobb, som till exempel \u00f6vers\u00e4ttningstj\u00e4nsten f\u00f6r l\u00e4roplaner, f\u00f6ljebrev, motivationsbrev, etc. Utan ocks\u00e5 juridiska, specialiserade, <a href=\"\/?page_id=40733\">auktoriserade \u00f6vers\u00e4ttningar<\/a>, samt \u00f6vers\u00e4ttningar av webbsidor, etc. <\/p>\n<h2><strong>Varf\u00f6r b\u00f6r du lita p\u00e5Translinguo?<\/strong><\/h2>\n<p>Translinguo Global \u00e4r \u00f6vers\u00e4ttningsbyr\u00e5n i Madrid med mest projektion. Vi erbjuder tj\u00e4nster f\u00f6r \u00f6vers\u00e4ttning och<em>marknadsf\u00f6ring<\/em> f\u00f6r s\u00e5v\u00e4l f\u00f6retag som individer. <\/p>\n<p>V\u00e5rt \u00f6vers\u00e4ttningsf\u00f6retag \u00e4r baserat p\u00e5 n\u00e5gra stora <strong>v\u00e4rderingar och principer<\/strong> som g\u00f6r att vi har s\u00e5 mycket framg\u00e5ng och ett perspektiv p\u00e5 <strong>konstant v\u00e4xande<\/strong>. <\/p>\n<p>Det m\u00e5ste ocks\u00e5 lyftas fram att vi har <strong>ISO 9001<\/strong> och <strong>ISO 17100<\/strong> tack vare v\u00e5r anstr\u00e4ngning och uth\u00e5llighet. Det vill s\u00e4ga att v\u00e5ra f\u00f6rvaltningsprocesser f\u00f6ljer h\u00f6ga kvalitetsstandarder. <\/p>\n<p>Andra drag som g\u00f6r oss unika m\u00e5ste ocks\u00e5 n\u00e4mnas:<\/p>\n<ul>\n<li>V\u00e5r \u00f6vers\u00e4ttningsbyr\u00e5 \u00e4r baserad p\u00e5 <strong>punktlighet<\/strong>, vi \u00e5tar oss att utf\u00f6ra \u00f6vers\u00e4ttningarna p\u00e5 s\u00e5 lite tid som m\u00f6jligt. Deadlines \u00e4r viktiga f\u00f6r oss. Dessutom har vi en specialiserad \u00f6vers\u00e4ttningstj\u00e4nst som \u00e4r tillg\u00e4nglig i <strong>alla tidszoner.<\/strong>. Vi har \u00f6vers\u00e4ttare i hela v\u00e4rlden.<\/li>\n<li>Vi har \u00f6vers\u00e4ttare som \u00e4r <strong>specialiserade<\/strong> p\u00e5 ett brett utbud av omr\u00e5den f\u00f6r att dina \u00f6vers\u00e4ttningar ska f\u00e5 en s\u00e5 bra kvalitet som m\u00f6jligt. Det b\u00f6r n\u00e4mnas att, till exempel, de <a href=\"\/?page_id=40733\">auktoriserade \u00f6vers\u00e4ttningarna<\/a> g\u00f6rs av en auktoriserad \u00f6vers\u00e4ttare.Dessutom har vi <strong>modersm\u00e5ls\u00f6vers\u00e4ttare<\/strong> som g\u00f6r att ditt CV blir \u00e4nnu mer naturlig f\u00f6r l\u00e4saren. <\/li>\n<li>Vi \u00e4r en \u00f6vers\u00e4ttningsbyr\u00e5 med mer \u00e4n tio \u00e5rs erfarenhet. Vi har jobbat inom denna sektorn med olika industrier. <\/li>\n<li>Vi \u00e4r ett f\u00f6retag som t\u00e4nker p\u00e5 v\u00e5ra kunder,  <strong>vi anpassar oss till dina behov<\/strong>. D\u00e4rf\u00f6r utf\u00f6r vi en personlig och optimerad \u00f6vers\u00e4ttningsprocess f\u00f6r l\u00e4roplaner. V\u00e5ra kunder \u00e4r alltid <strong>n\u00f6jda<\/strong> med v\u00e5ra \u00f6vers\u00e4ttningar. De rekommenderar inte bara oss f\u00f6r v\u00e5r snabbhet utan \u00e4ven f\u00f6r de fantastiska resultaten.<br \/>\nPriserna f\u00f6r v\u00e5ra \u00f6vers\u00e4ttningar \u00e4r transparenta och konkurrenskraftiga. Vi erbjuder det b\u00e4sta priset och den h\u00f6gsta kvaliteten. <\/li>\n<li>V\u00e5ra \u00f6vers\u00e4ttningspriser \u00e4r av stor vikt och de \u00e4r konkurrenskraftiga. Vi erbjuder det b\u00e4sta priset och den h\u00f6gsta kvaliteten.<\/li>\n<\/ul>\n<h2><strong>Vilka \u00e4r ISO-certifieringarna?<\/strong><\/h2>\n<p>ISO-certifieringarna (<em>International Organization for Standarization<\/em>) \u00e4r dokument som <strong>uppfyller ISO-standarden till punkt och pricka<strong>. I detta fallet f\u00f6ljer v\u00e5rt \u00f6vers\u00e4ttningsf\u00f6retag standarderna ISO 9001 och ISO 17100. <\/p>\n<ul>\n<li>\n<h4><strong>Vad \u00e4r ISO 9001? <\/strong><\/h4>\n<\/li>\n<\/ul>\n<p>Det \u00e4r den mest erk\u00e4nda standarden f\u00f6r kvalitetshantering i hela v\u00e4rlden. Det \u00e4r en internationell standard som tittar p\u00e5 f\u00f6retagets kvalitet utifr\u00e5n <strong>kundernas tillfredsst\u00e4llelse<\/strong>. \u00c5 andra sidan m\u00e4ter den f\u00f6rm\u00e5gan att erbjuda produkter och tj\u00e4nster som uppfyller vissa krav. <\/p>\n<ul>\n<li>\n<h4><strong>Vad \u00e4r ISO 17100?<\/strong><\/h4>\n<\/li>\n<\/ul>\n<p>Det \u00e4r en europeisk standard som fastst\u00e4ller <strong>kvalitetsstandarder<\/strong> <strong> f\u00f6r \u00f6vers\u00e4ttningsarbete. Som konsekvens f\u00f6r denna standard \u00e4r vi skyldiga att uteslutande arbeta med: <\/p>\n<ul>\n<li>\u00d6vers\u00e4ttare som bidrar med <strong>certifierade dokument<\/strong> om deras kompetens inom \u00f6vers\u00e4ttning och tolkning. <\/li>\n<li>\u00d6vers\u00e4ttare som \u00e4r <strong>specialiserade<strong> p\u00e5 ett konkret omr\u00e5de.<\/li>\n<li>\u00d6vers\u00e4ttare med mer \u00e4n fem \u00e5rs <strong>erfarenhet<\/strong> som professionell \u00f6vers\u00e4ttare.<\/li>\n<\/ul>\n<h2><strong>Vad erbjuder vi inom \u00f6vers\u00e4ttningstj\u00e4nsten f\u00f6r CV:n? <\/strong><\/h2>\n<p>Inom \u00f6vers\u00e4ttningstj\u00e4nsten f\u00f6r lCV:n hj\u00e4lper vi dig att \u00f6vers\u00e4tta ditt CV p\u00e5 ett professionellt s\u00e4tt, genom att <strong>anpassa<\/strong> CV-formaten till varje land. Att ha ett <a href=\"\/?p=52768\">v\u00e4lredigerat CV<\/a>\u00e4r nyckeln, men genom att ha det \u00f6versatt s\u00e5 skiljer du dig fr\u00e5n resten<\/strong>. En bra \u00f6vers\u00e4ttning av ditt CV kan vara anledningen till varf\u00f6r du jobbar <strong>d\u00e4r du alltid har \u00f6nskat att vara<\/strong>. <\/p>\n<p>Att r\u00e4kna med en \u00f6vers\u00e4ttningsbyr\u00e5 f\u00f6r \u00f6vers\u00e4ttningstj\u00e4nsten av CV:n \u00e4r mycket viktigt. Du sparar tid och kraft, vilket \u00e4ven leder till att du <strong>sparar dina pengar<\/strong>. <\/p>\n<p>Om \u00f6vers\u00e4ttningen \u00e4r bra eller d\u00e5lig kommer i det h\u00e4r fallet avg\u00f6ra din framtida karri\u00e4r. P\u00e5 Translinguo <strong>hj\u00e4lper vi v\u00e5ra kunder<\/strong> och erbjuder dem en \u00f6vers\u00e4ttning av kvalitet. <\/p>\n<h4><strong>L\u00e5t inte denna m\u00f6jlighet glida f\u00f6rbi! Det \u00e4r mycket l\u00e4tt att kontakta oss. <\/strong><\/h4>\n<ul>\n<li>Fyll i formul\u00e4ret <a href=\"\/?page_id=36018\">formul\u00e4ret<\/a> nedan.o.<\/li>\n<li>Tryck p\u00e5 whatsapp-knappen till h\u00f6ger https:\/\/api.whatsapp.com\/send?phone=34622621527&#8243;><em>WhatsApp<\/em><\/a>li>\n<li>Ring oss p\u00e5 (+34 911232763) (+34622621527).<\/li>\n<\/ul>\n<p>Idag faller m\u00e5nga f\u00f6rs\u00e4ljningar platt p\u00e5 grund av att \u00f6vers\u00e4ttningarna inte \u00e4r tillr\u00e4ckligt professionella. F\u00f6r att detta inte ska h\u00e4nda och f\u00f6r att du ska f\u00e5 ett <strong>CV<\/strong> med fantastisk kvalitet s\u00e5 kontakta oss. <\/p>\n<h6><strong>Du kanske ocks\u00e5 \u00e4r intresserad av andra tj\u00e4nster: <\/strong><\/h6>\n<p style=\"text-align: center;\"><a href=\"\/?page_id=35461\"><button style=\"background: #de183d;\">Skicka oss ditt CV<\/button><\/a><\/p>\n","protected":false},"excerpt":{"rendered":"<p>Vill du ta ett stort steg i din yrkeskarri\u00e4r? P\u00e5 Translinguo Global erbjuder vi \u00f6vers\u00e4ttningstj\u00e4nsten f\u00f6r l\u00e4roplaner f\u00f6r att du ska kunna jobba i utlandet och \u00f6ppna o\u00e4ndliga arbetsm\u00f6jligheter. V\u00e4nta inte l\u00e4ngre och hoppa in i nya m\u00f6jligheter, vi f\u00f6ljer med dig. <\/p>\n","protected":false},"author":3,"featured_media":39626,"parent":0,"menu_order":0,"comment_status":"closed","ping_status":"closed","template":"","meta":{"_crdt_document":"","inline_featured_image":false,"site-sidebar-layout":"default","site-content-layout":"default","ast-site-content-layout":"default","site-content-style":"default","site-sidebar-style":"default","ast-global-header-display":"","ast-banner-title-visibility":"","ast-main-header-display":"","ast-hfb-above-header-display":"","ast-hfb-below-header-display":"","ast-hfb-mobile-header-display":"","site-post-title":"","ast-breadcrumbs-content":"","ast-featured-img":"","footer-sml-layout":"","ast-disable-related-posts":"","theme-transparent-header-meta":"default","adv-header-id-meta":"","stick-header-meta":"","header-above-stick-meta":"","header-main-stick-meta":"","header-below-stick-meta":"","astra-migrate-meta-layouts":"default","ast-page-background-enabled":"default","ast-page-background-meta":{"desktop":{"background-color":"var(--ast-global-color-4)","background-image":"","background-repeat":"repeat","background-position":"center center","background-size":"auto","background-attachment":"scroll","background-type":"","background-media":"","overlay-type":"","overlay-color":"","overlay-opacity":"","overlay-gradient":""},"tablet":{"background-color":"","background-image":"","background-repeat":"repeat","background-position":"center center","background-size":"auto","background-attachment":"scroll","background-type":"","background-media":"","overlay-type":"","overlay-color":"","overlay-opacity":"","overlay-gradient":""},"mobile":{"background-color":"","background-image":"","background-repeat":"repeat","background-position":"center center","background-size":"auto","background-attachment":"scroll","background-type":"","background-media":"","overlay-type":"","overlay-color":"","overlay-opacity":"","overlay-gradient":""}},"ast-content-background-meta":{"desktop":{"background-color":"var(--ast-global-color-5)","background-image":"","background-repeat":"repeat","background-position":"center center","background-size":"auto","background-attachment":"scroll","background-type":"","background-media":"","overlay-type":"","overlay-color":"","overlay-opacity":"","overlay-gradient":""},"tablet":{"background-color":"var(--ast-global-color-5)","background-image":"","background-repeat":"repeat","background-position":"center center","background-size":"auto","background-attachment":"scroll","background-type":"","background-media":"","overlay-type":"","overlay-color":"","overlay-opacity":"","overlay-gradient":""},"mobile":{"background-color":"var(--ast-global-color-5)","background-image":"","background-repeat":"repeat","background-position":"center center","background-size":"auto","background-attachment":"scroll","background-type":"","background-media":"","overlay-type":"","overlay-color":"","overlay-opacity":"","overlay-gradient":""}},"footnotes":""},"class_list":["post-50958","page","type-page","status-publish","has-post-thumbnail","hentry"],"_links":{"self":[{"href":"https:\/\/translinguoglobal.com\/ru\/wp-json\/wp\/v2\/pages\/50958","targetHints":{"allow":["GET"]}}],"collection":[{"href":"https:\/\/translinguoglobal.com\/ru\/wp-json\/wp\/v2\/pages"}],"about":[{"href":"https:\/\/translinguoglobal.com\/ru\/wp-json\/wp\/v2\/types\/page"}],"author":[{"embeddable":true,"href":"https:\/\/translinguoglobal.com\/ru\/wp-json\/wp\/v2\/users\/3"}],"replies":[{"embeddable":true,"href":"https:\/\/translinguoglobal.com\/ru\/wp-json\/wp\/v2\/comments?post=50958"}],"version-history":[{"count":0,"href":"https:\/\/translinguoglobal.com\/ru\/wp-json\/wp\/v2\/pages\/50958\/revisions"}],"wp:featuredmedia":[{"embeddable":true,"href":"https:\/\/translinguoglobal.com\/ru\/wp-json\/wp\/v2\/media\/39626"}],"wp:attachment":[{"href":"https:\/\/translinguoglobal.com\/ru\/wp-json\/wp\/v2\/media?parent=50958"}],"curies":[{"name":"wp","href":"https:\/\/api.w.org\/{rel}","templated":true}]}}