{"id":68131,"date":"2024-06-28T17:06:42","date_gmt":"2024-06-28T15:06:42","guid":{"rendered":"https:\/\/translinguoglobal.com\/financiele-vertaaldiensten\/"},"modified":"2024-07-01T09:39:53","modified_gmt":"2024-07-01T07:39:53","slug":"financiele-vertaaldiensten","status":"publish","type":"page","link":"https:\/\/translinguoglobal.com\/nl\/financiele-vertaaldiensten\/","title":{"rendered":"Financi\u00eble vertaaldiensten"},"content":{"rendered":"<h2 style=\"text-align: center;\"><b>Professionele Financi\u00eble Vertaaldiensten<\/b><\/h2>\n<p><span style=\"font-weight: 400;\">Vertalen omvat vele gebieden, daarom is het gebruikelijk dat vertalers zich specialiseren in een specifiek vakgebied. Maar waarom zouden ze zich specialiseren? Om specifieke kennis op te doen binnen een bepaald vakgebied en om ervoor te zorgen dat het werk van <a href=\"https:\/\/translinguoglobal.com\/wp-content\/uploads\/2022\/05\/Politica-de-Calidad-Translinguo-Global.pdf\">hoogwaardige kwaliteit<\/a> is.<\/span><\/p>\n<p><span style=\"font-weight: 400;\">Vertalers die gespecialiseerd zijn in <\/span><b>financi\u00eble vertalingen<\/b><span style=\"font-weight: 400;\"> zijn bekend met de complexe terminologie\u00ebn. Bovendien hebben ze uitgebreide kennis van financi\u00eble en economische terminologie\u00ebn die nodig zijn voor vertalingen.<\/span><\/p>\n<p><span style=\"font-weight: 400;\">We willen je de verschillende soorten <\/span><b>financi\u00eble vertalingen<\/b><span style=\"font-weight: 400;\"> laten zien en de redenen waarom investeren daarin belangrijk is.<\/span><\/p>\n<h3><b>Wat is een financi\u00eble vertaling?<\/b><\/h3>\n<p><span style=\"font-weight: 400;\">Financi\u00eble vertaling is een specialisatie binnen technische vertalingen. Het is bijzonder complex vanwege het vakjargon dat voornamelijk uit de financi\u00eble en economische sector komt.<\/span><\/p>\n<p><span style=\"font-weight: 400;\">Het houdt zich bezig met het vertalen van financi\u00eble documenten. Je vraagt je misschien af: wat zijn financi\u00eble documenten?<\/span><\/p>\n<p><span style=\"font-weight: 400;\">Financi\u00eble documenten omvatten alle documenten die voortkomen uit financi\u00eble activiteiten. Hieronder staan de meest representatieve voorbeelden.<\/span><\/p>\n<ul>\n<li style=\"font-weight: 400;\" aria-level=\"1\"><span style=\"font-weight: 400;\">Jaarrekeningen of kwartaalverslagen van bedrijven.<\/span><\/li>\n<li style=\"font-weight: 400;\" aria-level=\"1\"><span style=\"font-weight: 400;\">Auditrapporten.<\/span><\/li>\n<li style=\"font-weight: 400;\" aria-level=\"1\"><span style=\"font-weight: 400;\">Documenten met betrekking tot beleggingsfondsen.<\/span><\/li>\n<li style=\"font-weight: 400;\" aria-level=\"1\"><span style=\"font-weight: 400;\">Documenten met betrekking tot financi\u00eble transacties.<\/span><\/li>\n<li style=\"font-weight: 400;\" aria-level=\"1\"><span style=\"font-weight: 400;\">Bankafschriften.<\/span><\/li>\n<li style=\"font-weight: 400;\" aria-level=\"1\"><span style=\"font-weight: 400;\">Contracten voor bankdeposito&#8217;s.<\/span><\/li>\n<li style=\"font-weight: 400;\" aria-level=\"1\"><span style=\"font-weight: 400;\">Marktanalyse en concurrentieanalyse.<\/span><span style=\"font-weight: 400;\"><br \/>\n<\/span><\/li>\n<\/ul>\n<h2><b>Soorten financi\u00eble vertalingen<\/b><\/h2>\n<ul>\n<li style=\"font-weight: 400;\" aria-level=\"1\">\n<h3><b>Eenvoudige financi\u00eble vertaling<\/b><\/h3>\n<\/li>\n<\/ul>\n<p><span style=\"font-weight: 400;\">Dit omvat de conversie van de ene valuta naar de andere zonder rekening te houden met conversiefactoren of de actuele wisselkoers.<\/span><\/p>\n<ul>\n<li style=\"font-weight: 400;\" aria-level=\"1\">\n<h3><b>Geconsolideerde financi\u00eble vertaling<\/b><\/h3>\n<\/li>\n<\/ul>\n<p><span style=\"font-weight: 400;\">Dit wordt uitgevoerd wanneer een bedrijf dochterondernemingen heeft in verschillende landen en de financi\u00eble overzichten van al deze entiteiten moet consolideren naar de rapportagevaluta van het moederbedrijf.<\/span><\/p>\n<ul>\n<li style=\"font-weight: 400;\" aria-level=\"1\">\n<h3><b>Financi\u00eble vertaling<\/b><span style=\"font-weight: 400;\"> van omrekening<\/span><\/h3>\n<\/li>\n<\/ul>\n<p><span style=\"font-weight: 400;\">Dit is een proces waarbij financi\u00eble overzichten van de ene valuta naar de andere worden omgezet met gebruik van de actuele wisselkoers. Dit type vertaling wordt gebruikt voor financi\u00eble analyses en het presenteren van financi\u00eble overzichten in verschillende valuta&#8217;s.<\/span><\/p>\n<ul>\n<li style=\"font-weight: 400;\" aria-level=\"1\">\n<h3><b>Financi\u00eble vertaling<\/b><span style=\"font-weight: 400;\"> van betalingen<\/span><\/h3>\n<\/li>\n<\/ul>\n<p><span style=\"font-weight: 400;\">Dit wordt gebruikt wanneer een bedrijf betalingen verzendt of ontvangt in verschillende valuta&#8217;s en een conversie moet uitvoeren om de waarde in zijn lokale valuta te registreren.<\/span><\/p>\n<ul>\n<li style=\"font-weight: 400;\" aria-level=\"1\">\n<h3><b>Financi\u00eble vertaling<\/b><span style=\"font-weight: 400;\"> van hedging<\/span><\/h3>\n<\/li>\n<\/ul>\n<p><span style=\"font-weight: 400;\">Dit wordt gebruikt om valutarisico&#8217;s te beheren door de blootstelling aan verschillende valuta&#8217;s te dekken. Financi\u00eble dekkingsvertaling omvat het gebruik van financi\u00eble instrumenten om zich te beschermen tegen schommelingen in wisselkoersen.<\/span><\/p>\n<ul>\n<li style=\"font-weight: 400;\" aria-level=\"1\">\n<h3><b>Vertaling van financi\u00eble aanpassing voor inflatie<\/b><\/h3>\n<\/li>\n<\/ul>\n<p><span style=\"font-weight: 400;\">Dit wordt uitgevoerd om financi\u00eble overzichten aan te passen voor inflatie. Dit type vertaling wordt gebruikt om financi\u00eble overzichten in constante valuta te presenteren en de koopkracht van de middelen van het bedrijf nauwkeurig weer te geven.<\/span><\/p>\n<p><span style=\"font-weight: 400;\">Bij <\/span><a href=\"https:\/\/translinguoglobal.com\/\"> <span style=\"font-weight: 400;\">Translinguo<\/span><\/a><span style=\"font-weight: 400;\"> bieden we een uitgebreid scala aan <\/span><b>vertaaldiensten <\/b><span style=\"font-weight: 400;\">die aansluiten op jouw behoeften, essentieel voor effectieve communicatie in de hedendaagse wereld. In ons bureau hebben we een team van hooggekwalificeerde vertalers met de nodige onderzoeks- en analytische vaardigheden voor een goede vertaling. Daarom, als je op zoek bent naar een <\/span><b><a href=\"https:\/\/nl.wikipedia.org\/wiki\/Vertaling\" target=\"_blank\" rel=\"noopener\">vertaalbedrijf<\/a><\/b><span style=\"font-weight: 400;\">, ben je hier op het juiste moment op de juiste plaats.<\/span><\/p>\n<p><span style=\"font-weight: 400;\">Ons werk draait om jouw tevredenheid, daarom streven we bij Translinguo naar het beste voor jou! Aarzel niet om contact met ons op te nemen; je krijgt de behandeling die je verdient. We zullen je adviseren en begeleiden gedurende het hele proces van de vertaaldienst die je kiest!<\/span><\/p>\n<p><span style=\"font-weight: 400;\">We garanderen de professionaliteit van onze vertalers en revisoren. We hebben native speakers en gespecialiseerde vertalers in ons team, verspreid over de hele wereld, waardoor we gespecialiseerde vertaaldiensten kunnen aanbieden in elke tijdzone. Daarom kunnen we zeggen dat we 24\/7 werken.<\/span><\/p>\n<p><span style=\"font-weight: 400;\"> Voor ons zijn de afgesproken deadlines en vertrouwelijkheid van cruciaal belang. Daarom voldoen we te allen tijde aan de AVG en stellen we al onze middelen ter beschikking om te voldoen aan wat we beloven.<\/span><\/p>\n","protected":false},"excerpt":{"rendered":"<p>Een van de vele diensten die ons bedrijf aanbiedt, zijn gespecialiseerde vertaaldiensten. Meer specifiek is een van deze diensten is<\/p>\n","protected":false},"author":3,"featured_media":68132,"parent":0,"menu_order":0,"comment_status":"closed","ping_status":"closed","template":"elementor_header_footer","meta":{"_crdt_document":"","inline_featured_image":false,"site-sidebar-layout":"no-sidebar","site-content-layout":"page-builder","ast-site-content-layout":"full-width-container","site-content-style":"default","site-sidebar-style":"default","ast-global-header-display":"","ast-banner-title-visibility":"","ast-main-header-display":"","ast-hfb-above-header-display":"","ast-hfb-below-header-display":"","ast-hfb-mobile-header-display":"","site-post-title":"disabled","ast-breadcrumbs-content":"","ast-featured-img":"disabled","footer-sml-layout":"","ast-disable-related-posts":"","theme-transparent-header-meta":"default","adv-header-id-meta":"","stick-header-meta":"","header-above-stick-meta":"","header-main-stick-meta":"","header-below-stick-meta":"","astra-migrate-meta-layouts":"default","ast-page-background-enabled":"default","ast-page-background-meta":{"desktop":{"background-color":"var(--ast-global-color-4)","background-image":"","background-repeat":"repeat","background-position":"center center","background-size":"auto","background-attachment":"scroll","background-type":"","background-media":"","overlay-type":"","overlay-color":"","overlay-opacity":"","overlay-gradient":""},"tablet":{"background-color":"","background-image":"","background-repeat":"repeat","background-position":"center center","background-size":"auto","background-attachment":"scroll","background-type":"","background-media":"","overlay-type":"","overlay-color":"","overlay-opacity":"","overlay-gradient":""},"mobile":{"background-color":"","background-image":"","background-repeat":"repeat","background-position":"center center","background-size":"auto","background-attachment":"scroll","background-type":"","background-media":"","overlay-type":"","overlay-color":"","overlay-opacity":"","overlay-gradient":""}},"ast-content-background-meta":{"desktop":{"background-color":"var(--ast-global-color-5)","background-image":"","background-repeat":"repeat","background-position":"center center","background-size":"auto","background-attachment":"scroll","background-type":"","background-media":"","overlay-type":"","overlay-color":"","overlay-opacity":"","overlay-gradient":""},"tablet":{"background-color":"var(--ast-global-color-5)","background-image":"","background-repeat":"repeat","background-position":"center center","background-size":"auto","background-attachment":"scroll","background-type":"","background-media":"","overlay-type":"","overlay-color":"","overlay-opacity":"","overlay-gradient":""},"mobile":{"background-color":"var(--ast-global-color-5)","background-image":"","background-repeat":"repeat","background-position":"center center","background-size":"auto","background-attachment":"scroll","background-type":"","background-media":"","overlay-type":"","overlay-color":"","overlay-opacity":"","overlay-gradient":""}},"footnotes":""},"class_list":["post-68131","page","type-page","status-publish","has-post-thumbnail","hentry"],"_links":{"self":[{"href":"https:\/\/translinguoglobal.com\/nl\/wp-json\/wp\/v2\/pages\/68131","targetHints":{"allow":["GET"]}}],"collection":[{"href":"https:\/\/translinguoglobal.com\/nl\/wp-json\/wp\/v2\/pages"}],"about":[{"href":"https:\/\/translinguoglobal.com\/nl\/wp-json\/wp\/v2\/types\/page"}],"author":[{"embeddable":true,"href":"https:\/\/translinguoglobal.com\/nl\/wp-json\/wp\/v2\/users\/3"}],"replies":[{"embeddable":true,"href":"https:\/\/translinguoglobal.com\/nl\/wp-json\/wp\/v2\/comments?post=68131"}],"version-history":[{"count":1,"href":"https:\/\/translinguoglobal.com\/nl\/wp-json\/wp\/v2\/pages\/68131\/revisions"}],"predecessor-version":[{"id":68285,"href":"https:\/\/translinguoglobal.com\/nl\/wp-json\/wp\/v2\/pages\/68131\/revisions\/68285"}],"wp:featuredmedia":[{"embeddable":true,"href":"https:\/\/translinguoglobal.com\/nl\/wp-json\/wp\/v2\/media\/68132"}],"wp:attachment":[{"href":"https:\/\/translinguoglobal.com\/nl\/wp-json\/wp\/v2\/media?parent=68131"}],"curies":[{"name":"wp","href":"https:\/\/api.w.org\/{rel}","templated":true}]}}