{"id":68123,"date":"2024-06-28T17:06:24","date_gmt":"2024-06-28T15:06:24","guid":{"rendered":"https:\/\/translinguoglobal.com\/baskisch-vertaalbureau\/"},"modified":"2024-07-01T09:39:36","modified_gmt":"2024-07-01T07:39:36","slug":"baskisch-vertaalbureau","status":"publish","type":"page","link":"https:\/\/translinguoglobal.com\/nl\/baskisch-vertaalbureau\/","title":{"rendered":"Baskisch vertaalbureau"},"content":{"rendered":"<h2 style=\"text-align: center;\">Baskisch Vertaalbureau<\/h2>\n<h2 style=\"text-align: center;\"><strong>Belangrijkste kenmerken van het Baskisch<\/strong><\/h2>\n<p>Baskisch vertaalbureau <a href=\"https:\/\/es.wikipedia.org\/wiki\/Euskera\" target=\"_blank\" rel=\"noopener\">Baskisch<\/a>. Voordat we het hebben over de belangrijkste kenmerken van deze taal, moeten we deze eerst situeren op de kaart. Baskisch wordt gesproken aan beide kanten van het westelijke uiteinde van de Pyrenee\u00ebn, in zowel Spaans als Frans grondgebied.<\/p>\n<p>Vanuit lingu\u00efstisch oogpunt deelt het Baskisch bepaalde kenmerken met het Spaans, zoals de systemen van klinkers en medeklinkers. Het gebruikt hetzelfde alfabet als het Spaans.<\/p>\n<p>Een bijzonderheid van deze taal is dat er slechts \u00e9\u00e9n werkwoordsvorm bestaat en het onderwerp van de acties is meewerkend. Bovendien valt het op door zijn uitgesproken toon en melodie in alle toespraken van zijn sprekers, bijna alsof ze zingen.<\/p>\n<p>Zowel het Baskisch als het Galicisch zijn co-offici\u00eble talen van <a href=\"\/?page_id=34869\">Spanje<\/a> en worden gesproken in het noordelijke deel van het nationale grondgebied. Ze moeten echter niet worden verward als dezelfde taal.<\/p>\n<p>Aan de ene kant wordt het Baskisch gesproken in Navarra, Baskenland en het zuidoosten van Frankrijk. Aan de andere kant wordt het Galicisch gesproken in Galici\u00eb, in het Prinsdom Asturi\u00eb en in het noordoosten van Castili\u00eb en Le\u00f3n.<\/p>\n<h3 style=\"text-align: left;\">Baskisch vertalen?<\/h3>\n<p>Het Baskisch heeft niet alleen een enigmatische oorsprong, maar het is ook een taal die is veranderd om te overleven. Zo is het Baskisch aangepast aan de verschillende talen die naast het Baskisch bestonden om niet te verdwijnen.<\/p>\n<p>Zoveel zelfs dat, als we ons verdiepen in de <strong>vertaling van het Baskisch<\/strong>, er enkele woorden zijn die we gemakkelijk zullen herkennen. We hebben het over woorden zoals agur, aquelarre, \u00f3rdago of pachar\u00e1n. Ze zijn allemaal opgenomen in het woordenboek van de Real Academia Espa\u00f1ola als woorden die deel uitmaken van de Spaanse taal.<\/p>\n<p>Dit betekent niet dat de <strong>vertaling van het Baskisch<\/strong> een makkelijke opgave zal zijn voor vertalers. Waarom? Omdat het Baskisch wordt erkend als een van de moeilijkste talen om te leren.<\/p>\n<p>Afgezien van dit kleine probleem, vragen we ons af hoe het is om een taal van mythen en legendes te vertalen. Baskenland is altijd bekend geweest als een plaats vol fantastische verhalen zoals die van <em>La diosa Mari.<\/em> Al in 1870 werd er een aantal legendes vertaald, zoals <em>Aitor: leyenda c\u00e1ntabra<\/em>, vertaald door Arturo Campi\u00f3n.<\/p>\n<p>Toch was het idee om <strong>vertalingen van het Baskisch<\/strong> naar een andere taal te maken, vrijwel ondenkbaar tot het einde van de 20e eeuw.<\/p>\n<p>Misschien waren politieke redenen, zoals de associatie van de Baskische taal met het Baskische nationalisme, of  verkoopredenen de oorzaak. Wat we weten is dat noch de auteurs, noch de uitgevers, ge\u00efnteresseerd waren in het publiceren van <strong>vertalingen van het Baskisch<\/strong>.<\/p>\n<p>De situatie is nu heel anders, want er zijn niet alleen vertalingen van het Baskisch, maar ook naar het Baskisch. Zoveel zelfs dat grote reeksen zoals Harry Potter al een vertaling in het Baskisch hebben.<\/p>\n<p>We konden niet minder verwachten van een taal waarin er ongeveer 100 manieren zijn om vlinder te zeggen, <em>eskerrik asko euskara<\/em>.<\/p>\n<p><span style=\"font-weight: 400;\">In ons bureau hebben we een team van hoogopgeleide vertalers met de nodige onderzoeks- en analysecapaciteiten voor een goede vertaling. Daarom, als je op zoek bent naar een <\/span><b>vertaalbureau <a href=\"https:\/\/es.wikipedia.org\/wiki\/Traducci%C3%B3n\" target=\"_blank\" rel=\"noopener\">vertaling<\/a><\/b><span style=\"font-weight: 400;\">, ben je op de juiste plek op het juiste moment.<\/span><\/p>\n<p><span style=\"font-weight: 400;\">Ons werk is jouw tevredenheid te waarborgen, daarom willen we bij <a href=\"https:\/\/translinguoglobal.com\/\">Translinguo<\/a> het beste voor jou! Aarzel niet om contact met ons op te nemen en je ontvangt de behandeling die je verdient, we zullen je adviseren en begeleiden tijdens het hele vertaalproces dat je kiest!<\/span><\/p>\n<p><span style=\"font-weight: 400;\">We garanderen de professionaliteit van onze vertalers en revisoren. Native en gespecialiseerde vertalers. We hebben een team van vertalers die wereldwijd verspreid zijn, waardoor we gespecialiseerde vertaaldiensten in elke tijdzone kunnen aanbieden. Daarom kunnen we zeggen dat we 24\/7 werken.<\/span><\/p>\n","protected":false},"excerpt":{"rendered":"<p>Baskisch Vertaalbureau Belangrijkste kenmerken van het Baskisch Baskisch vertaalbureau Baskisch. Voordat we het hebben over de belangrijkste kenmerken van deze taal, moeten we deze eerst situeren op de kaart. Baskisch wordt gesproken aan beide kanten van het westelijke uiteinde van de Pyrenee\u00ebn, in zowel Spaans als Frans grondgebied. Vanuit lingu\u00efstisch oogpunt deelt het Baskisch bepaalde [&hellip;]<\/p>\n","protected":false},"author":3,"featured_media":68124,"parent":0,"menu_order":0,"comment_status":"closed","ping_status":"closed","template":"","meta":{"_crdt_document":"","inline_featured_image":false,"site-sidebar-layout":"no-sidebar","site-content-layout":"page-builder","ast-site-content-layout":"full-width-container","site-content-style":"default","site-sidebar-style":"default","ast-global-header-display":"","ast-banner-title-visibility":"","ast-main-header-display":"","ast-hfb-above-header-display":"","ast-hfb-below-header-display":"","ast-hfb-mobile-header-display":"","site-post-title":"disabled","ast-breadcrumbs-content":"","ast-featured-img":"disabled","footer-sml-layout":"","ast-disable-related-posts":"","theme-transparent-header-meta":"default","adv-header-id-meta":"","stick-header-meta":"","header-above-stick-meta":"","header-main-stick-meta":"","header-below-stick-meta":"","astra-migrate-meta-layouts":"default","ast-page-background-enabled":"default","ast-page-background-meta":{"desktop":{"background-color":"var(--ast-global-color-4)","background-image":"","background-repeat":"repeat","background-position":"center center","background-size":"auto","background-attachment":"scroll","background-type":"","background-media":"","overlay-type":"","overlay-color":"","overlay-opacity":"","overlay-gradient":""},"tablet":{"background-color":"","background-image":"","background-repeat":"repeat","background-position":"center center","background-size":"auto","background-attachment":"scroll","background-type":"","background-media":"","overlay-type":"","overlay-color":"","overlay-opacity":"","overlay-gradient":""},"mobile":{"background-color":"","background-image":"","background-repeat":"repeat","background-position":"center center","background-size":"auto","background-attachment":"scroll","background-type":"","background-media":"","overlay-type":"","overlay-color":"","overlay-opacity":"","overlay-gradient":""}},"ast-content-background-meta":{"desktop":{"background-color":"var(--ast-global-color-5)","background-image":"","background-repeat":"repeat","background-position":"center center","background-size":"auto","background-attachment":"scroll","background-type":"","background-media":"","overlay-type":"","overlay-color":"","overlay-opacity":"","overlay-gradient":""},"tablet":{"background-color":"var(--ast-global-color-5)","background-image":"","background-repeat":"repeat","background-position":"center center","background-size":"auto","background-attachment":"scroll","background-type":"","background-media":"","overlay-type":"","overlay-color":"","overlay-opacity":"","overlay-gradient":""},"mobile":{"background-color":"var(--ast-global-color-5)","background-image":"","background-repeat":"repeat","background-position":"center center","background-size":"auto","background-attachment":"scroll","background-type":"","background-media":"","overlay-type":"","overlay-color":"","overlay-opacity":"","overlay-gradient":""}},"footnotes":""},"class_list":["post-68123","page","type-page","status-publish","has-post-thumbnail","hentry"],"_links":{"self":[{"href":"https:\/\/translinguoglobal.com\/nl\/wp-json\/wp\/v2\/pages\/68123","targetHints":{"allow":["GET"]}}],"collection":[{"href":"https:\/\/translinguoglobal.com\/nl\/wp-json\/wp\/v2\/pages"}],"about":[{"href":"https:\/\/translinguoglobal.com\/nl\/wp-json\/wp\/v2\/types\/page"}],"author":[{"embeddable":true,"href":"https:\/\/translinguoglobal.com\/nl\/wp-json\/wp\/v2\/users\/3"}],"replies":[{"embeddable":true,"href":"https:\/\/translinguoglobal.com\/nl\/wp-json\/wp\/v2\/comments?post=68123"}],"version-history":[{"count":1,"href":"https:\/\/translinguoglobal.com\/nl\/wp-json\/wp\/v2\/pages\/68123\/revisions"}],"predecessor-version":[{"id":68281,"href":"https:\/\/translinguoglobal.com\/nl\/wp-json\/wp\/v2\/pages\/68123\/revisions\/68281"}],"wp:featuredmedia":[{"embeddable":true,"href":"https:\/\/translinguoglobal.com\/nl\/wp-json\/wp\/v2\/media\/68124"}],"wp:attachment":[{"href":"https:\/\/translinguoglobal.com\/nl\/wp-json\/wp\/v2\/media?parent=68123"}],"curies":[{"name":"wp","href":"https:\/\/api.w.org\/{rel}","templated":true}]}}