{"id":68113,"date":"2024-06-28T17:05:57","date_gmt":"2024-06-28T15:05:57","guid":{"rendered":"https:\/\/translinguoglobal.com\/russisch-vertaalbureau\/"},"modified":"2024-07-01T09:39:15","modified_gmt":"2024-07-01T07:39:15","slug":"russisch-vertaalbureau","status":"publish","type":"page","link":"https:\/\/translinguoglobal.com\/nl\/russisch-vertaalbureau\/","title":{"rendered":"Russisch vertaalbureau"},"content":{"rendered":"<h2 style=\"text-align: center;\">Russische vertaling<\/h2>\n<h3 style=\"text-align: left;\"><strong>Russische taalvaardigheden<\/strong><\/h3>\n<p><a href=\"https:\/\/translinguoglobal.com\">Russisch vertaalbedrijf<\/a>. <a href=\"https:\/\/es.wikipedia.org\/wiki\/Idioma_ruso\" target=\"_blank\" rel=\"noopener\">Russisch<\/a>  is een Indo-Europese taal van de Oost-Slavische tak. Het is een offici\u00eble taal in Rusland en in landen als Wit-Rusland, Kirgizi\u00eb en Kazachstan. Het wordt ook gesproken in Oekra\u00efne en in delen van Estland, Letland en Georgi\u00eb. De verspreiding is te danken aan de voormalige Unie van Socialistische Sovjetrepublieken, de USSR, die uit 15 republieken bestond.<\/p>\n<p>Met 278 miljoen sprekers is het de op drie na meest gesproken taal ter wereld. Het is ook een van de zes offici\u00eble talen van de VN, samen met onder andere Arabisch en Engels. Het is vermeldenswaard dat Russisch bekend staat als de taal van de ruimte. Russisch kennen is namelijk een van de vereisten om bij NASA te mogen werken.<\/p>\n<p>Russisch gebruikt een Cyrillisch alfabet, dat wil zeggen dat het geschreven kan worden in hoofdletters, kleine letters of Cyrillisch cursief. Dit cyrillische alfabet stamt uit de 10e eeuw en werd gecre\u00eberd door een Byzantijnse missionaris. Het is gebaseerd op het Griekse alfabet, maar bevat elementen van het Glagolitische alfabet (het oudste alfabet van Slavische oorsprong).<\/p>\n<h2 style=\"text-align: center;\"><strong>Eigenschappen van de taal<\/strong><\/h2>\n<p>De Russische taal bestaat uit 5 klinkers en 37 medeklinkers. Bovendien worden woorden uitgesproken zoals ze geschreven worden. De grammatica is zeer complex. Er worden drie geslachten gebruikt: mannelijk, vrouwelijk en onzijdig. Daarom heeft het 6 declinaties voor zelfstandige naamwoorden, voornaamwoorden, aanwijzende bijvoeglijke naamwoorden en rangtelwoorden. In feite worden ze meestal ontleed volgens geslacht en getal. Er worden geen lidwoorden gebruikt en de volgorde van woorden in een zin kan vari\u00ebren.<\/p>\n<p><span style=\"font-weight: 400;\">Bij <\/span><a href=\"https:\/\/translinguoglobal.com\/\"> <span style=\"font-weight: 400;\">Translinguo<\/span><\/a><span style=\"font-weight: 400;\"> bieden we u een breed scala aan <\/span><b>vertaaldiensten<\/b><span style=\"font-weight: 400;\">, afhankelijk van uw behoeften, wat een essenti\u00eble bron is voor effectieve communicatie in de wereld van vandaag. Bij ons bureau hebben we een team van hooggekwalificeerde vertalers met de onderzoeks- en analysevaardigheden die nodig zijn voor een goede vertaling. Dus als je op zoek bent naar een <\/span><b>vertaalbureau<\/a><\/b><span style=\"font-weight: 400;\">, ben je op de juiste plaats op het juiste moment.<\/span><\/p>\n<p><span style=\"font-weight: 400;\">Ons werk is om jouw tevredenheid te waarborgen, daarom willen we bij Translinguo het beste voor jou! Aarzel niet om contact met ons op te nemen, en je zult de behandeling krijgen die je verdient. We zullen je adviseren en begeleiden gedurende het hele proces van de vertaaldienst die je kiest! <\/span><\/p>\n<p><span style=\"font-weight: 400;\">Wij verzekeren de professionaliteit van onze vertalers en revisoren. Moedertaalsprekers en gespecialiseerde vertalers. We beschikken over een team van vertalers die over de hele wereld verspreid zijn. Dit stelt ons in staat om gespecialiseerde vertaaldiensten aan te bieden ongeacht de tijdzone. We kunnen daarom zeggen dat we 24\/7 werken.<\/span><\/p>\n<p><span style=\"font-weight: 400;\"> Voor ons zijn de afgesproken deadlines en vertrouwelijkheid van cruciaal belang. Daarom voldoen we te allen tijde aan de AVG en stellen we al onze middelen ter beschikking om te voldoen aan wat we beloven.<\/span><\/p>\n<p>Bezoek onze profielen op <a title=\"Translinguo Global\" href=\"https:\/\/www.facebook.com\/translinguoglobal\" target=\"_blank\" rel=\"noopener\">Facebook<\/a>, <a title=\"Translinguo Global\" href=\"https:\/\/www.instagram.com\/translinguoglobal\/\" target=\"_blank\" rel=\"noopener\">Instagram<\/a> en <a title=\"Trasnslinguo Global\" href=\"https:\/\/es.linkedin.com\/company\/agencia-de-traduccion-translinguo-global\" target=\"_blank\" rel=\"noopener\">Linkedin<\/a><\/p>\n","protected":false},"excerpt":{"rendered":"<p>Russische vertaling Russische taalvaardigheden Russisch vertaalbedrijf. Russisch is een Indo-Europese taal van de Oost-Slavische tak. Het is een offici\u00eble taal in Rusland en in landen als Wit-Rusland, Kirgizi\u00eb en Kazachstan. Het wordt ook gesproken in Oekra\u00efne en in delen van Estland, Letland en Georgi\u00eb. De verspreiding is te danken aan de voormalige Unie van Socialistische [&hellip;]<\/p>\n","protected":false},"author":3,"featured_media":68114,"parent":0,"menu_order":0,"comment_status":"closed","ping_status":"closed","template":"","meta":{"_crdt_document":"","inline_featured_image":false,"site-sidebar-layout":"no-sidebar","site-content-layout":"page-builder","ast-site-content-layout":"full-width-container","site-content-style":"default","site-sidebar-style":"default","ast-global-header-display":"","ast-banner-title-visibility":"","ast-main-header-display":"","ast-hfb-above-header-display":"","ast-hfb-below-header-display":"","ast-hfb-mobile-header-display":"","site-post-title":"disabled","ast-breadcrumbs-content":"","ast-featured-img":"disabled","footer-sml-layout":"","ast-disable-related-posts":"","theme-transparent-header-meta":"default","adv-header-id-meta":"","stick-header-meta":"","header-above-stick-meta":"","header-main-stick-meta":"","header-below-stick-meta":"","astra-migrate-meta-layouts":"default","ast-page-background-enabled":"default","ast-page-background-meta":{"desktop":{"background-color":"var(--ast-global-color-4)","background-image":"","background-repeat":"repeat","background-position":"center center","background-size":"auto","background-attachment":"scroll","background-type":"","background-media":"","overlay-type":"","overlay-color":"","overlay-opacity":"","overlay-gradient":""},"tablet":{"background-color":"","background-image":"","background-repeat":"repeat","background-position":"center center","background-size":"auto","background-attachment":"scroll","background-type":"","background-media":"","overlay-type":"","overlay-color":"","overlay-opacity":"","overlay-gradient":""},"mobile":{"background-color":"","background-image":"","background-repeat":"repeat","background-position":"center center","background-size":"auto","background-attachment":"scroll","background-type":"","background-media":"","overlay-type":"","overlay-color":"","overlay-opacity":"","overlay-gradient":""}},"ast-content-background-meta":{"desktop":{"background-color":"var(--ast-global-color-5)","background-image":"","background-repeat":"repeat","background-position":"center center","background-size":"auto","background-attachment":"scroll","background-type":"","background-media":"","overlay-type":"","overlay-color":"","overlay-opacity":"","overlay-gradient":""},"tablet":{"background-color":"var(--ast-global-color-5)","background-image":"","background-repeat":"repeat","background-position":"center center","background-size":"auto","background-attachment":"scroll","background-type":"","background-media":"","overlay-type":"","overlay-color":"","overlay-opacity":"","overlay-gradient":""},"mobile":{"background-color":"var(--ast-global-color-5)","background-image":"","background-repeat":"repeat","background-position":"center center","background-size":"auto","background-attachment":"scroll","background-type":"","background-media":"","overlay-type":"","overlay-color":"","overlay-opacity":"","overlay-gradient":""}},"footnotes":""},"class_list":["post-68113","page","type-page","status-publish","has-post-thumbnail","hentry"],"_links":{"self":[{"href":"https:\/\/translinguoglobal.com\/nl\/wp-json\/wp\/v2\/pages\/68113","targetHints":{"allow":["GET"]}}],"collection":[{"href":"https:\/\/translinguoglobal.com\/nl\/wp-json\/wp\/v2\/pages"}],"about":[{"href":"https:\/\/translinguoglobal.com\/nl\/wp-json\/wp\/v2\/types\/page"}],"author":[{"embeddable":true,"href":"https:\/\/translinguoglobal.com\/nl\/wp-json\/wp\/v2\/users\/3"}],"replies":[{"embeddable":true,"href":"https:\/\/translinguoglobal.com\/nl\/wp-json\/wp\/v2\/comments?post=68113"}],"version-history":[{"count":1,"href":"https:\/\/translinguoglobal.com\/nl\/wp-json\/wp\/v2\/pages\/68113\/revisions"}],"predecessor-version":[{"id":68276,"href":"https:\/\/translinguoglobal.com\/nl\/wp-json\/wp\/v2\/pages\/68113\/revisions\/68276"}],"wp:featuredmedia":[{"embeddable":true,"href":"https:\/\/translinguoglobal.com\/nl\/wp-json\/wp\/v2\/media\/68114"}],"wp:attachment":[{"href":"https:\/\/translinguoglobal.com\/nl\/wp-json\/wp\/v2\/media?parent=68113"}],"curies":[{"name":"wp","href":"https:\/\/api.w.org\/{rel}","templated":true}]}}