{"id":68093,"date":"2024-06-28T17:05:16","date_gmt":"2024-06-28T15:05:16","guid":{"rendered":"https:\/\/translinguoglobal.com\/portugese-vertaling\/"},"modified":"2024-07-01T09:38:36","modified_gmt":"2024-07-01T07:38:36","slug":"portugese-vertaling","status":"publish","type":"page","link":"https:\/\/translinguoglobal.com\/nl\/portugese-vertaling\/","title":{"rendered":"Portugese vertaling"},"content":{"rendered":"<h2 style=\"text-align: center;\">Portugese vertaling<\/h2>\n<h3 style=\"text-align: center;\"><strong>Belang van het Portugees<\/strong><\/h3>\n<p>Portugees is , samen met Spaans, de snelst groeiende Europese taal ter wereld, net achter het Engels. Dit komt omdat het de zevende meest gesproken taal ter wereld is, met nog steeds 270 miljoen sprekers. <\/p>\n<p>Het is de offici\u00eble taal van negen landen, waaronder: Portugal, Brazili\u00eb, Guinee-Bissau, Angola, Kaapverdi\u00eb, Mozambique, Sao Tom\u00e9 en Principe en Oost-Timor. Bovendien is het in Macau naast het Chinees een co-offici\u00eble taal. <\/p>\n<p>Het Portugees van Portugal wordt niet over de hele wereld gesproken. Deze taal heeft het kenmerk pluricentrisch te zijn, dat wil zeggen dat het een taal is met twee gesproken standaarden en twee geschreven standaarden. Er bestaan \u200b\u200bdus twee hoofdgroepen dialecten naast elkaar: het dialect van het Iberisch schiereiland (Europees Portugees) en het dialect van Brazili\u00eb (Braziliaans Portugees). <\/p>\n<h3 style=\"text-align: center;\"><strong>Portugal als economische en culturele motor<\/strong><\/h3>\n<p> Tussen 1991 en 2000 kende Portugal een economische ontwikkeling die hoger lag dan het gemiddelde van de Europese Unie, wordt hiervoor een belangrijke drijvende kracht. Op deze manier heeft de vertaling uit het Portugees een onmisbare rol gespeeld bij het kunnen overbrengen van de unieke cultuur die haar kenmerkt. <\/p>\n<p>Bovendien heeft Portugal grote beroemdheden ge\u00ebxporteerd, niet alleen naar Europa, maar naar de hele wereld. Bijvoorbeeld de voetballer Cristiano Ronaldo, de acteur Joaquim de Almeida (Fast and Furious 5) of zelfs de cabaretier Mar\u00eda de Medeiros. <\/p>\n<h3 style=\"text-align: center;\"><strong>Geschiedenis van de Portugese vertaling<\/strong><\/h3>\n<p> In het jaar 1514 gebruikten auteurs de methode van zelfvertaling, zodat hun werken meer mensen bereikten. Deze methode werd vooral gebruikt op het gebied van lyrische po\u00ebzie. Een voorbeeld hiervan is het werk <em>Meditatie van de Passie van Christus NS gemeten door een Portugese monnik uit de provincie La Piedad.<\/em> <\/p>\n<p>Hieruit blijkt dat de <strong>Portugese vertaling<\/strong> vroeger nauw verwant was verbonden met het christendom en de verspreiding van dit soort religieuze werken. Momenteel is deze uitbreiding van taal en cultuur door vertaling uit het Portugees te danken aan de grote economische groei van de afgelopen tien jaar. <\/p>\n<h3 style=\"text-align: center;\"><strong><br \/>\nPortugese vertalingen vandaag de dag<\/strong><\/h3>\n<p> Tegenwoordig zijn <strong>Portugese vertalingen<\/strong> internationaal steeds gebruikelijker dankzij de economische expansie die steeds sterker wordt . En dit is niet iets dat we over het hoofd moeten zien. <\/p>\n<p>Hoewel we als Spanjaarden bijna 80% kunnen begrijpen van wat we lezen of horen, is <strong>Portugese vertaling<\/strong> nog steeds noodzakelijk, omdat dit ons zal helpen uw cultuur of idee\u00ebn correct over te brengen. En volgens een onderzoek van het Camoes Instituut is Portugees tegenwoordig een van de meest invloedrijke talen ter wereld. <\/p>\n<p><span style=\"font-weight: 400;\">Nl<\/span><a href=\"https:\/\/translinguoglobal.com\/\"> <span style=\"font-weight: 400;\">Translinguo<\/span <\/a><span style=\"font-weight: 400;\"> wij bieden u een breed portfolio aan <\/span><b>vertaaldiensten <\/b><span style=\"font-weight: 400;> Afhankelijk van uw behoeften is dit een essentieel hulpmiddel voor effectieve communicatie in de wereld van vandaag. Bij ons bureau beschikken wij over een team van hoogopgeleide vertalers met de onderzoeks- en analysevaardigheden die nodig zijn voor een goede vertaling. Daarom, als u op zoek bent naar een <a href=\"https:\/\/es.wikipedia.org\/wiki\/Traducci%C3%B3n\" target=\"_blank\" rel=\"noopener\">vertaalbedrijf<\/a><\/b><span style=\"font-weight : 400;\">, u bent op het juiste moment op de juiste plaats.<\/p>\n<p><\/span> <span style=\"font-weight: 400;\">Het is onze taak om uw tevredenheid te garanderen, dus bij Translinguo willen we het beste voor Jij! Aarzel niet om contact met ons op te nemen en u krijgt de behandeling die u verdient. Wij adviseren u en begeleiden u tijdens het hele proces van de vertaaldienst die u kiest! <\/p>\n<p><\/span> <span style=\"font-weight: 400;\">Wij garanderen de professionaliteit van onze vertalers en proeflezers. Native en gespecialiseerde vertalers. We hebben een team van vertalers verspreid over de hele wereld, waardoor we in elke tijdzone gespecialiseerde vertaaldiensten kunnen aanbieden. Daarom kunnen we zeggen dat we 24\/7 werken.<\/span> <\/p>\n<p>Bezoek onze profielen op <a title=\"Translinguo Global\" href=\"https:\/\/www.facebook.com\/translinguoglobal\" target=\"_blank\" rel=\"noopener\">Facebook<\/a>, <a title=\"Translinguo Global\" href=\"https:\/\/www.instagram.com\/translinguoglobal\/\" target=\"_blank\" rel=\"noopener\">Instagram<\/a> en <a title=\"Trasnslinguo Global\" href=\"https:\/\/es.linkedin.com\/company\/agencia-de-traduccion-translinguo-global\" target=\"_blank\" rel=\"noopener\">Linkedin<\/a><\/p>\n","protected":false},"excerpt":{"rendered":"<p>Portugese vertaling Belang van het Portugees Portugees is , samen met Spaans, de snelst groeiende Europese taal ter wereld, net achter het Engels. Dit komt omdat het de zevende meest gesproken taal ter wereld is, met nog steeds 270 miljoen sprekers. Het is de offici\u00eble taal van negen landen, waaronder: Portugal, Brazili\u00eb, Guinee-Bissau, Angola, Kaapverdi\u00eb, [&hellip;]<\/p>\n","protected":false},"author":3,"featured_media":68094,"parent":0,"menu_order":0,"comment_status":"closed","ping_status":"closed","template":"","meta":{"_crdt_document":"","inline_featured_image":false,"site-sidebar-layout":"no-sidebar","site-content-layout":"page-builder","ast-site-content-layout":"full-width-container","site-content-style":"default","site-sidebar-style":"default","ast-global-header-display":"","ast-banner-title-visibility":"","ast-main-header-display":"","ast-hfb-above-header-display":"","ast-hfb-below-header-display":"","ast-hfb-mobile-header-display":"","site-post-title":"disabled","ast-breadcrumbs-content":"","ast-featured-img":"disabled","footer-sml-layout":"","ast-disable-related-posts":"","theme-transparent-header-meta":"default","adv-header-id-meta":"","stick-header-meta":"","header-above-stick-meta":"","header-main-stick-meta":"","header-below-stick-meta":"","astra-migrate-meta-layouts":"default","ast-page-background-enabled":"default","ast-page-background-meta":{"desktop":{"background-color":"var(--ast-global-color-4)","background-image":"","background-repeat":"repeat","background-position":"center center","background-size":"auto","background-attachment":"scroll","background-type":"","background-media":"","overlay-type":"","overlay-color":"","overlay-opacity":"","overlay-gradient":""},"tablet":{"background-color":"","background-image":"","background-repeat":"repeat","background-position":"center center","background-size":"auto","background-attachment":"scroll","background-type":"","background-media":"","overlay-type":"","overlay-color":"","overlay-opacity":"","overlay-gradient":""},"mobile":{"background-color":"","background-image":"","background-repeat":"repeat","background-position":"center center","background-size":"auto","background-attachment":"scroll","background-type":"","background-media":"","overlay-type":"","overlay-color":"","overlay-opacity":"","overlay-gradient":""}},"ast-content-background-meta":{"desktop":{"background-color":"var(--ast-global-color-5)","background-image":"","background-repeat":"repeat","background-position":"center center","background-size":"auto","background-attachment":"scroll","background-type":"","background-media":"","overlay-type":"","overlay-color":"","overlay-opacity":"","overlay-gradient":""},"tablet":{"background-color":"var(--ast-global-color-5)","background-image":"","background-repeat":"repeat","background-position":"center center","background-size":"auto","background-attachment":"scroll","background-type":"","background-media":"","overlay-type":"","overlay-color":"","overlay-opacity":"","overlay-gradient":""},"mobile":{"background-color":"var(--ast-global-color-5)","background-image":"","background-repeat":"repeat","background-position":"center center","background-size":"auto","background-attachment":"scroll","background-type":"","background-media":"","overlay-type":"","overlay-color":"","overlay-opacity":"","overlay-gradient":""}},"footnotes":""},"class_list":["post-68093","page","type-page","status-publish","has-post-thumbnail","hentry"],"_links":{"self":[{"href":"https:\/\/translinguoglobal.com\/nl\/wp-json\/wp\/v2\/pages\/68093","targetHints":{"allow":["GET"]}}],"collection":[{"href":"https:\/\/translinguoglobal.com\/nl\/wp-json\/wp\/v2\/pages"}],"about":[{"href":"https:\/\/translinguoglobal.com\/nl\/wp-json\/wp\/v2\/types\/page"}],"author":[{"embeddable":true,"href":"https:\/\/translinguoglobal.com\/nl\/wp-json\/wp\/v2\/users\/3"}],"replies":[{"embeddable":true,"href":"https:\/\/translinguoglobal.com\/nl\/wp-json\/wp\/v2\/comments?post=68093"}],"version-history":[{"count":1,"href":"https:\/\/translinguoglobal.com\/nl\/wp-json\/wp\/v2\/pages\/68093\/revisions"}],"predecessor-version":[{"id":68267,"href":"https:\/\/translinguoglobal.com\/nl\/wp-json\/wp\/v2\/pages\/68093\/revisions\/68267"}],"wp:featuredmedia":[{"embeddable":true,"href":"https:\/\/translinguoglobal.com\/nl\/wp-json\/wp\/v2\/media\/68094"}],"wp:attachment":[{"href":"https:\/\/translinguoglobal.com\/nl\/wp-json\/wp\/v2\/media?parent=68093"}],"curies":[{"name":"wp","href":"https:\/\/api.w.org\/{rel}","templated":true}]}}