{"id":68086,"date":"2024-06-28T17:04:56","date_gmt":"2024-06-28T15:04:56","guid":{"rendered":"https:\/\/translinguoglobal.com\/noorse-vertaling\/"},"modified":"2024-07-01T09:38:19","modified_gmt":"2024-07-01T07:38:19","slug":"noorse-vertaling","status":"publish","type":"page","link":"https:\/\/translinguoglobal.com\/nl\/noorse-vertaling\/","title":{"rendered":"Noorse vertaling"},"content":{"rendered":"<h2 style=\"text-align: center;\">Vertaling van het Noors<\/h2>\n<p>Vertaling van het <a href=\"https:\/\/es.wikipedia.org\/wiki\/Idioma_noruego\" target=\"_blank\" rel=\"noopener\">Noors<\/a>. Aangezien het een Scandinavische taal is, is de vertaling van Noors naar Romaanse talen zoals het Spaans een interessante taak. Dit komt door de geringe gelijkenis tussen de talen, maar we zullen deze verschillen later in detail bespreken.<\/p>\n<h2 style=\"text-align: center;\"><strong>Het Noors in Spanje en de vertaling ervan<\/strong><\/h2>\n<p>Een paar jaar geleden kende Spanje een aanzienlijke toestroom van Noren. Dit zorgde voor een toename van de vraag naar diensten door Noren. Over het algemeen worden deze diensten in het Spaans verleend, wat betekende dat er een toename in de vertaling van Noors nodig was.<\/p>\n<p>Wat er gebeurde, was dat deze groei van de Noorse bevolking het land overviel, wat betekent dat er niet genoeg Noorse vertalers waren om aan de bestaande vraag te voldoen.<\/p>\n<p>Dankzij de globalisering en de telematische verbinding is dit probleem tegenwoordig eenvoudig op te lossen. Er zijn nu veel bedrijven die op afstand vertalingen van Noors aanbieden, waaronder het onze.<\/p>\n<p><a href=\"https:\/\/translinguoglobal.com\">TRANSLINGUO GLOBAL<\/a> is een van de spelers op de markt voor Noorse vertalingen die heeft bijgedragen aan de uitbreiding van dit fenomeen. Wat aanvankelijk nauwelijks professionals had om de taak uit te voeren, heeft nu ervaren werknemers die een nauwkeurige en effectieve communicatie mogelijk maken.<\/p>\n<p>Onze taak is om door te blijven groeien in de vertaling van Noors en te werken om de best mogelijke service te bieden. Zo zal het Noors niet langer een taalbarri\u00e8re ondervinden.<\/p>\n<h2 style=\"text-align: center;\"><strong>De situatie van het Noors in Spanje<\/strong><\/h2>\n<p>Volgens de meest recente gegevens wonen er al in totaal 12 313 Noren in Spanje. Het grootste deel van de Noorse bevolking bevindt zich in kustgebieden zoals Alicante, M\u00e1laga of Las Palmas. Naast als vaste woonplaats, bezoeken de Scandinavi\u00ebrs ons land voor zon- en strandtoerisme, maar bovendien is Noorwegen politiek gezien belangrijk.<\/p>\n<p>Gezien deze situatie bieden wij een <a href=\"https:\/\/es.wikipedia.org\/wiki\/Traducci%C3%B3n\" target=\"_blank\" rel=\"noopener\">vertaaldienst<\/a> van Noors aan die onmisbaar is, niet alleen voor communicatiedoeleinden, maar ook als een manier om de relatie tussen beide landen te versterken.<\/p>\n<h2 style=\"text-align: center;\"><strong>Kenmerken van het Noors<\/strong><\/h2>\n<p>Het Noors gebruikt hetzelfde Latijnse alfabet, aangevuld met drie extra letters: \u00c6, \u00f8 en \u00c5.<\/p>\n<p>Enkele van de kenmerken van deze taal zijn de volgende:<\/p>\n<ul>\n<li>Het Noors heeft twee schrijfwijzen: Bokm\u00e5l en Nynorsk.<\/li>\n<li>Een groot deel van de woordenschat gaat terug tot het Oudnoors.<\/li>\n<li>De taal deelt de geslachtsclassificatie met de Indo-Europese talen.<\/li>\n<li>De voornaamwoorden worden verbogen zoals in het Duits. De gevallen zijn nominatief en accusatief.<\/li>\n<\/ul>\n<p><span style=\"font-weight: 400;\">Bij ons bureau hebben we een team van hoogopgeleide vertalers met de nodige onderzoeks- en analysecapaciteiten voor een goede vertaling. Daarom, als je op zoek bent naar een <\/span><b>vertaalbureau<\/b><span style=\"font-weight: 400;\">, ben je op de juiste plek op het juiste moment.<\/span><\/p>\n<p><span style=\"font-weight: 400;\">Ons werk is gericht op jouw tevredenheid, daarom willen we bij Translinguo het beste voor jou! Aarzel niet om contact met ons op te nemen en je ontvangt de behandeling die je verdient, we zullen je adviseren en begeleiden tijdens het hele proces van de door jou gekozen vertaaldienst!<\/span><\/p>\n<p><span style=\"font-weight: 400;\">We garanderen de professionaliteit van onze vertalers en revisoren. Native en gespecialiseerde vertalers. We hebben een team van vertalers dat over de hele wereld verspreid is, wat ons in staat stelt gespecialiseerde vertaaldiensten aan te bieden in elke tijdzone. Daarom kunnen we zeggen dat we 24\/7 werken.<\/span><\/p>\n<p>Bezoek onze profielen op <a title=\"Translinguo Global\" href=\"https:\/\/www.facebook.com\/translinguoglobal\" target=\"_blank\" rel=\"noopener\">Facebook<\/a>, <a title=\"Translinguo Global\" href=\"https:\/\/www.instagram.com\/translinguoglobal\/\" target=\"_blank\" rel=\"noopener\">Instagram<\/a> en <a title=\"Translinguo Global\" href=\"https:\/\/es.linkedin.com\/company\/agencia-de-traduccion-translinguo-global\" target=\"_blank\" rel=\"noopener\">Linkedin<\/a><\/p>\n","protected":false},"excerpt":{"rendered":"<p>Noors is een Scandinavische taal, de offici\u00eble taal van Noorwegen. Samen met Zweeds en Deens is het een van de drie Scandinavische talen<\/p>\n","protected":false},"author":3,"featured_media":68087,"parent":0,"menu_order":0,"comment_status":"closed","ping_status":"closed","template":"","meta":{"_crdt_document":"","inline_featured_image":false,"site-sidebar-layout":"no-sidebar","site-content-layout":"page-builder","ast-site-content-layout":"full-width-container","site-content-style":"default","site-sidebar-style":"default","ast-global-header-display":"","ast-banner-title-visibility":"","ast-main-header-display":"","ast-hfb-above-header-display":"","ast-hfb-below-header-display":"","ast-hfb-mobile-header-display":"","site-post-title":"disabled","ast-breadcrumbs-content":"","ast-featured-img":"disabled","footer-sml-layout":"","ast-disable-related-posts":"","theme-transparent-header-meta":"default","adv-header-id-meta":"","stick-header-meta":"","header-above-stick-meta":"","header-main-stick-meta":"","header-below-stick-meta":"","astra-migrate-meta-layouts":"default","ast-page-background-enabled":"default","ast-page-background-meta":{"desktop":{"background-color":"var(--ast-global-color-4)","background-image":"","background-repeat":"repeat","background-position":"center center","background-size":"auto","background-attachment":"scroll","background-type":"","background-media":"","overlay-type":"","overlay-color":"","overlay-opacity":"","overlay-gradient":""},"tablet":{"background-color":"","background-image":"","background-repeat":"repeat","background-position":"center center","background-size":"auto","background-attachment":"scroll","background-type":"","background-media":"","overlay-type":"","overlay-color":"","overlay-opacity":"","overlay-gradient":""},"mobile":{"background-color":"","background-image":"","background-repeat":"repeat","background-position":"center center","background-size":"auto","background-attachment":"scroll","background-type":"","background-media":"","overlay-type":"","overlay-color":"","overlay-opacity":"","overlay-gradient":""}},"ast-content-background-meta":{"desktop":{"background-color":"var(--ast-global-color-5)","background-image":"","background-repeat":"repeat","background-position":"center center","background-size":"auto","background-attachment":"scroll","background-type":"","background-media":"","overlay-type":"","overlay-color":"","overlay-opacity":"","overlay-gradient":""},"tablet":{"background-color":"var(--ast-global-color-5)","background-image":"","background-repeat":"repeat","background-position":"center center","background-size":"auto","background-attachment":"scroll","background-type":"","background-media":"","overlay-type":"","overlay-color":"","overlay-opacity":"","overlay-gradient":""},"mobile":{"background-color":"var(--ast-global-color-5)","background-image":"","background-repeat":"repeat","background-position":"center center","background-size":"auto","background-attachment":"scroll","background-type":"","background-media":"","overlay-type":"","overlay-color":"","overlay-opacity":"","overlay-gradient":""}},"footnotes":""},"class_list":["post-68086","page","type-page","status-publish","has-post-thumbnail","hentry"],"_links":{"self":[{"href":"https:\/\/translinguoglobal.com\/nl\/wp-json\/wp\/v2\/pages\/68086","targetHints":{"allow":["GET"]}}],"collection":[{"href":"https:\/\/translinguoglobal.com\/nl\/wp-json\/wp\/v2\/pages"}],"about":[{"href":"https:\/\/translinguoglobal.com\/nl\/wp-json\/wp\/v2\/types\/page"}],"author":[{"embeddable":true,"href":"https:\/\/translinguoglobal.com\/nl\/wp-json\/wp\/v2\/users\/3"}],"replies":[{"embeddable":true,"href":"https:\/\/translinguoglobal.com\/nl\/wp-json\/wp\/v2\/comments?post=68086"}],"version-history":[{"count":1,"href":"https:\/\/translinguoglobal.com\/nl\/wp-json\/wp\/v2\/pages\/68086\/revisions"}],"predecessor-version":[{"id":68263,"href":"https:\/\/translinguoglobal.com\/nl\/wp-json\/wp\/v2\/pages\/68086\/revisions\/68263"}],"wp:featuredmedia":[{"embeddable":true,"href":"https:\/\/translinguoglobal.com\/nl\/wp-json\/wp\/v2\/media\/68087"}],"wp:attachment":[{"href":"https:\/\/translinguoglobal.com\/nl\/wp-json\/wp\/v2\/media?parent=68086"}],"curies":[{"name":"wp","href":"https:\/\/api.w.org\/{rel}","templated":true}]}}