{"id":68062,"date":"2024-06-28T17:03:47","date_gmt":"2024-06-28T15:03:47","guid":{"rendered":"https:\/\/translinguoglobal.com\/beedigd-vertaler-in-madrid\/"},"modified":"2024-07-01T09:37:07","modified_gmt":"2024-07-01T07:37:07","slug":"beedigd-vertaler-in-madrid","status":"publish","type":"page","link":"https:\/\/translinguoglobal.com\/nl\/beedigd-vertaler-in-madrid\/","title":{"rendered":"Be\u00ebdigd vertaler in Madrid"},"content":{"rendered":"<p>Be\u00ebdigd vertaler in <a href=\"https:\/\/es.wikipedia.org\/wiki\/Madrid\" target=\"_blank\" rel=\"noopener\">Madrid<\/a>. Het is heel waarschijnlijk dat je op een bepaald moment in je leven in een situatie terechtkomt waar je naar de rechtbank moet. Dit kan gebeuren in Spanje of in het buitenland. Het kan zelfs gevolgen hebben voor een ander land of een andere taal. Het klinkt als een zeer specifieke en ongewone situatie (dat is het waarschijnlijk ook), maar het is iets dat elke dag gebeurt. In deze situaties heb je de hulp, kennis en ervaring van een be\u00ebdigd vertaler nodig.<\/p>\n<p>Voor iedereen die bij deze processen betrokken is, is taal een probleem. En terwijl we allemaal weten dat advocaten verantwoordelijk zijn voor de juridische aspecten, weten maar weinigen tot wie ze zich moeten wenden als het om talen gaat. Om dit probleem op te helderen, vertellen we je alles wat je moet weten over be\u00ebdigde vertalingen. Zoek niet naar een andere <strong>be\u00ebdigd vertaler in Madrid<\/strong>, je bent op de juiste plaats.<\/p>\n<h3 style=\"text-align: centre;\"><strong>Welke formaliteiten vereisen een be\u00ebdigde vertaling?<br \/>\nNet als bij documenten is er een grote verscheidenheid aan procedures. In Spanje zijn de verblijfs- en werkvergunningen het populairst. Maar ook voor dubbele nationaliteit, verandering van nationaliteit en juridische procedures zijn vaker be\u00ebdigde vertalingen van documenten nodig. In al deze procedures is de moeilijkheid van het begrijpen berucht. Dit maakt het proces erg moeilijk en kan leiden tot fouten of het inhuren van ongekwalificeerde mensen. Daarom is het het veiligst om een ervaren vertaalbureau in de arm te nemen.<\/p>\n<p>Omdat we weten dat het vinden van een <strong>gecertificeerde vertaler in Madrid<\/strong> een moeilijke taak kan zijn, bieden we je onze professionele diensten aan. Bij <a href=\"https:\/\/translinguoglobal.com\">Translinguo Global\u00ae<\/a>, voorzien we u van onze beste be\u00ebdigde vertalers. Deze specialisten voeren het werk nauwgezet uit, zonder fouten en geven u advies wanneer u dat nodig hebt. Op deze manier wordt het proces aangenamer en weet je tot wie je je moet wenden als je deze service weer nodig hebt.<\/p>\n<h3 style=\"text-align: centre;\"><strong>Wat is een be\u00ebdigd vertaler?<\/strong><\/h3>\n<p>Zoals we hebben gezien, zijn be\u00ebdigde vertalingen vertalingen van offici\u00eble documenten. Maar wie voert ze uit? In Spanje kunnen alleen be\u00ebdigde vertalers ze maken. We hebben het hier over vertalers die erkend zijn door het Ministerie van Buitenlandse Zaken en Samenwerking. Deze vertalers moeten een examen afleggen om een persoonlijke handtekening en stempel te krijgen die ze op elke be\u00ebdigde vertaling moeten zetten. Hun handtekening en stempel bevestigen de waarheidsgetrouwheid van de vertaling en maken deze ontvankelijk voor een openbare instantie of autoriteit.<\/p>\n<p>Als je dus op zoek bent naar een <strong>be\u00ebdigd vertaler in Madrid<\/strong>, dan ben je op de juiste plaats. Bij ons bureau worden al onze vertalers voortdurend getraind en bijgeschoold. Want een diploma is noodzakelijk, maar niet genoeg.<\/p>\n<h3 style=\"text-align: centre;\"><strong>Welke soorten documenten vereisen een be\u00ebdigde vertaling<\/strong><\/h3>\n<p>.<br \/>\nWat op dit gebied bepaalt of een be\u00ebdigde vertaling nodig is, is niet zozeer het soort tekst als wel het doel. En met het doel bedoelen we de entiteit die het document nodig heeft of waarvoor het bedoeld is. Normaal gesproken zijn het de autoriteiten of offici\u00eble instanties die om deze vertalingen vragen. Daarom is de mate van nauwkeurigheid, verantwoordelijkheid en specialisatie hoger.<\/p>\n<p>Daarom zijn de documenten die dit vereisen zeer gevarieerd. Deze kunnen zowel algemene documenten als juridische documenten zijn. Wat de laatste betreft, is het heel gebruikelijk om contracten, geboorte- of overlijdensakten, testamenten, diploma&#8217;s en universiteitsdiploma&#8217;s, enz. te vertalen. Zoals je hebt gezien, zijn de documenten erg gevarieerd en hoewel het lijkt alsof ze altijd gerelateerd zijn aan het juridische veld, is dit niet het geval. Daarom is het belangrijk dat je, voordat je een be\u00ebdigde vertaling aanvraagt, zeker weet dat je deze echt nodig hebt.<\/p>\n<p>Bij ons vertaalbureau kunnen we je helpen met dit proces. Met de hulp van onze beste professionals kunt u deze procedures eenvoudiger maken en er zeker van zijn dat u een eindproduct van hoge kwaliteit ontvangt.<\/p>\n<p><strong>Wij willen dat jij je over \u00e9\u00e9n ding minder zorgen hoeft te maken: vertrouw op ons en de kwaliteit van onze be\u00ebdigd vertaler in Madrid!<\/p>\n<p>&nbsp;<\/p>\n","protected":false},"excerpt":{"rendered":"<p>Be\u00ebdigd vertaler in Madrid. Het is heel waarschijnlijk dat je op een bepaald moment in je leven in een situatie terechtkomt waar je naar de rechtbank moet. Dit kan gebeuren in Spanje of in het buitenland. Het kan zelfs gevolgen hebben voor een ander land of een andere taal. Het klinkt als een zeer specifieke [&hellip;]<\/p>\n","protected":false},"author":3,"featured_media":68063,"parent":0,"menu_order":0,"comment_status":"closed","ping_status":"closed","template":"","meta":{"_crdt_document":"","inline_featured_image":false,"site-sidebar-layout":"default","site-content-layout":"default","ast-site-content-layout":"default","site-content-style":"default","site-sidebar-style":"default","ast-global-header-display":"","ast-banner-title-visibility":"","ast-main-header-display":"","ast-hfb-above-header-display":"","ast-hfb-below-header-display":"","ast-hfb-mobile-header-display":"","site-post-title":"","ast-breadcrumbs-content":"","ast-featured-img":"","footer-sml-layout":"","ast-disable-related-posts":"","theme-transparent-header-meta":"default","adv-header-id-meta":"","stick-header-meta":"","header-above-stick-meta":"","header-main-stick-meta":"","header-below-stick-meta":"","astra-migrate-meta-layouts":"default","ast-page-background-enabled":"default","ast-page-background-meta":{"desktop":{"background-color":"var(--ast-global-color-4)","background-image":"","background-repeat":"repeat","background-position":"center center","background-size":"auto","background-attachment":"scroll","background-type":"","background-media":"","overlay-type":"","overlay-color":"","overlay-opacity":"","overlay-gradient":""},"tablet":{"background-color":"","background-image":"","background-repeat":"repeat","background-position":"center center","background-size":"auto","background-attachment":"scroll","background-type":"","background-media":"","overlay-type":"","overlay-color":"","overlay-opacity":"","overlay-gradient":""},"mobile":{"background-color":"","background-image":"","background-repeat":"repeat","background-position":"center center","background-size":"auto","background-attachment":"scroll","background-type":"","background-media":"","overlay-type":"","overlay-color":"","overlay-opacity":"","overlay-gradient":""}},"ast-content-background-meta":{"desktop":{"background-color":"var(--ast-global-color-5)","background-image":"","background-repeat":"repeat","background-position":"center center","background-size":"auto","background-attachment":"scroll","background-type":"","background-media":"","overlay-type":"","overlay-color":"","overlay-opacity":"","overlay-gradient":""},"tablet":{"background-color":"var(--ast-global-color-5)","background-image":"","background-repeat":"repeat","background-position":"center center","background-size":"auto","background-attachment":"scroll","background-type":"","background-media":"","overlay-type":"","overlay-color":"","overlay-opacity":"","overlay-gradient":""},"mobile":{"background-color":"var(--ast-global-color-5)","background-image":"","background-repeat":"repeat","background-position":"center center","background-size":"auto","background-attachment":"scroll","background-type":"","background-media":"","overlay-type":"","overlay-color":"","overlay-opacity":"","overlay-gradient":""}},"footnotes":""},"class_list":["post-68062","page","type-page","status-publish","has-post-thumbnail","hentry"],"_links":{"self":[{"href":"https:\/\/translinguoglobal.com\/nl\/wp-json\/wp\/v2\/pages\/68062","targetHints":{"allow":["GET"]}}],"collection":[{"href":"https:\/\/translinguoglobal.com\/nl\/wp-json\/wp\/v2\/pages"}],"about":[{"href":"https:\/\/translinguoglobal.com\/nl\/wp-json\/wp\/v2\/types\/page"}],"author":[{"embeddable":true,"href":"https:\/\/translinguoglobal.com\/nl\/wp-json\/wp\/v2\/users\/3"}],"replies":[{"embeddable":true,"href":"https:\/\/translinguoglobal.com\/nl\/wp-json\/wp\/v2\/comments?post=68062"}],"version-history":[{"count":1,"href":"https:\/\/translinguoglobal.com\/nl\/wp-json\/wp\/v2\/pages\/68062\/revisions"}],"predecessor-version":[{"id":68234,"href":"https:\/\/translinguoglobal.com\/nl\/wp-json\/wp\/v2\/pages\/68062\/revisions\/68234"}],"wp:featuredmedia":[{"embeddable":true,"href":"https:\/\/translinguoglobal.com\/nl\/wp-json\/wp\/v2\/media\/68063"}],"wp:attachment":[{"href":"https:\/\/translinguoglobal.com\/nl\/wp-json\/wp\/v2\/media?parent=68062"}],"curies":[{"name":"wp","href":"https:\/\/api.w.org\/{rel}","templated":true}]}}