{"id":68058,"date":"2024-06-28T17:03:38","date_gmt":"2024-06-28T15:03:38","guid":{"rendered":"https:\/\/translinguoglobal.com\/beedigd-vertaler-in-barcelona\/"},"modified":"2024-07-12T10:02:18","modified_gmt":"2024-07-12T08:02:18","slug":"beedigd-vertaler-in-barcelona","status":"publish","type":"page","link":"https:\/\/translinguoglobal.com\/nl\/beedigd-vertaler-in-barcelona\/","title":{"rendered":"Be\u00ebdigd vertaler in Barcelona"},"content":{"rendered":"<h2 style=\"text-align: center;\">Be\u00ebdigd vertaler in Barcelona<\/h2>\n<p>Be\u00ebdigd vertaler in <a href=\"https:\/\/es.wikipedia.org\/wiki\/Barcelona\" target=\"_blank\" rel=\"noopener\">Barcelona<\/a>. De figuur van de be\u00ebdigd vertaler speelt momenteel een zeer belangrijke rol. De <strong> Be\u00ebdigde vertalingen in Barcelona zijn in<\/strong> deze stad steeds meer noodzakelijk. Wil je in het buitenland studeren? Alle documenten die van u worden gevraagd, hebben een be\u00ebdigde vertaling nodig. Heb je een rechtszaak in het buitenland? Alle documenten die u indient, hebben een be\u00ebdigde vertaling nodig. Zelfs als je partner een buitenlander is en je wilt trouwen, heb je be\u00ebdigde vertalingen nodig! Een voorbeeld hiervan zijn bedrijven die besluiten te internationaliseren, die in toenemende mate<\/p>\n<h3 style=\"text-align: center;\"><strong>Voor welke procedures is een be\u00ebdigde vertaling vereist?<\/strong><\/h3>\n<p>Als u een vertaling van een document nodig hebt, hoeft u alleen maar contact op te nemen met een vertaler. Dit kan een freelancer of een vertaalbureau zijn. Ze bieden je een offerte aan, je stuurt de documenten, ze sturen je de vertalingen en het voltooide proces. Aan de andere kant vereisen be\u00ebdigde vertalingen een iets ander proces. Hieronder leggen we uit hoe <strong>onze be\u00ebdigde vertalers in Barcelona werken<\/strong>.<\/p>\n<p>Allereerst moet u nagaan welke specifieke documenten van u vereist zijn bij een be\u00ebdigde vertaling. Vervolgens moet u leren hoe u de originelen kunt legaliseren. Dit is nodig omdat het documenten zijn die in het buitenland erkend zullen worden. Als de originele documenten niet gelegaliseerd zijn, heeft het dus geen zin om er een be\u00ebdigde vertaling van te maken. Zodra u de originele documenten naar behoren hebt gelegaliseerd, moet u ze scannen en naar de be\u00ebdigde vertaler sturen.<\/p>\n<h3 style=\"text-align: center;\"><strong>Wat is een be\u00ebdigd vertaler?<\/strong><\/h3>\n<p>Be\u00ebdigde vertalers en tolken zijn die vertalers die geaccrediteerd zijn om een vertaling rechtsgeldig te maken. Zoals we net vermeldden, kan deze vertaling van elk type zijn, van een geboorteakte tot een boete die nodig is als bewijs in een rechtszaak. Daarom kunnen be\u00ebdigde vertalers offici\u00eble documenten vertalen zonder hun geldigheid te verliezen.<\/p>\n<h3 style=\"text-align: center;\"><strong>Welke soorten documenten hebben een be\u00ebdigde vertaling nodig?<\/strong><\/h3>\n<p>Be\u00ebdigde vertalers moeten, net als andere vertalers, uitgebreide kennis hebben op terminologisch en fraseologisch niveau. Maar deze kennis moet niet alleen op juridisch en economisch gebied aanwezig zijn, want voor elk document kan een be\u00ebdigde vertaling nodig zijn. Het is waar dat de meeste documenten waarvoor gewoonlijk een be\u00ebdigde vertaling vereist is, overeenstemmen met de juridische en economische sfeer.<\/p>\n<p>Maar dit is niet altijd het geval. Voor elk document kan een be\u00ebdigde vertaling nodig zijn. We gaan bijvoorbeeld in het buitenland studeren en ze vragen ons om een academisch certificaat; we komen voor de rechter voor een klacht en ze vragen ons om een bewijs van het medisch rapport van blessures; onze partner is een buitenlander en we hebben besloten te trouwen; enz. Wie had gedacht dat een medisch rapport een be\u00ebdigde vertaling nodig zou hebben? Daarom moet elke keer dat offici\u00eble documentatie bij ons wordt aangevraagd, deze door een be\u00ebdigd vertaler worden vertaald.<\/p>\n<p>Opgemerkt moet worden dat Barcelona een stad is waar honderden culturen naast elkaar bestaan. Om deze reden is het heel gebruikelijk dat er een situatie is waarin gecertificeerde vertaaldiensten nodig zijn. En het hebben van een be\u00ebdigd vertaler in Barcelona kan voor ons het meest noodzakelijk zijn. Het vinden van een be\u00ebdigde vertaler is niet altijd eenvoudig. Daarom maakt ons bureau deze zoektocht makkelijker voor u.<\/p>\n<p>Kortom, ons vertaalbureau in Barcelona biedt taaloplossingen van hoge kwaliteit om aan de wereldwijde behoeften van onze klanten te voldoen. Met een team van hoogopgeleide vertalers die gespecialiseerd zijn in verschillende vakgebieden, zijn we toegewijd aan het leveren van nauwkeurige, betrouwbare en tijdige vertaaldiensten.<br \/>\nIn een steeds meer geglobaliseerde wereld is effectieve communicatie in verschillende talen van fundamenteel belang geworden voor zakelijk succes. Ons vertaalbureau streeft ernaar om in dit opzicht uw betrouwbare partner te zijn en u nauwkeurige, contextuele en cultureel passende vertalingen te bieden.<\/p>\n<p>Of u nu vertalingen nodig hebt van juridische, technische, zakelijke of marketingdocumenten, ons team staat klaar om elke taaluitdaging met professionaliteit en ervaring aan te gaan.<\/p>\n<p>Vertrouw ons voor uw vertaalbehoeften in Barcelona en we garanderen uitzonderlijke resultaten die uw wereldwijde aanwezigheid zullen versterken en nieuwe zakelijke kansen zullen bieden. We zijn toegewijd aan uw succes en staan klaar om u te helpen uw doelen op de wereldmarkt te bereiken.<\/p>\n<p>Als je een <strong>be\u00ebdigde vertaler nodig hebt in Barcelona<\/strong>, aarzel dan niet om contact met ons op te nemen. Wij bieden u de beste be\u00ebdigde vertalers tegen zeer betaalbare prijzen.<\/p>\n","protected":false},"excerpt":{"rendered":"<p>Be\u00ebdigd vertaler in Barcelona Be\u00ebdigd vertaler in Barcelona. De figuur van de be\u00ebdigd vertaler speelt momenteel een zeer belangrijke rol. De Be\u00ebdigde vertalingen in Barcelona zijn in deze stad steeds meer noodzakelijk. Wil je in het buitenland studeren? Alle documenten die van u worden gevraagd, hebben een be\u00ebdigde vertaling nodig. Heb je een rechtszaak in [&hellip;]<\/p>\n","protected":false},"author":3,"featured_media":68059,"parent":0,"menu_order":0,"comment_status":"closed","ping_status":"closed","template":"","meta":{"_crdt_document":"","inline_featured_image":false,"site-sidebar-layout":"default","site-content-layout":"default","ast-site-content-layout":"default","site-content-style":"default","site-sidebar-style":"default","ast-global-header-display":"","ast-banner-title-visibility":"","ast-main-header-display":"","ast-hfb-above-header-display":"","ast-hfb-below-header-display":"","ast-hfb-mobile-header-display":"","site-post-title":"","ast-breadcrumbs-content":"","ast-featured-img":"","footer-sml-layout":"","ast-disable-related-posts":"","theme-transparent-header-meta":"default","adv-header-id-meta":"","stick-header-meta":"","header-above-stick-meta":"","header-main-stick-meta":"","header-below-stick-meta":"","astra-migrate-meta-layouts":"set","ast-page-background-enabled":"default","ast-page-background-meta":{"desktop":{"background-color":"var(--ast-global-color-4)","background-image":"","background-repeat":"repeat","background-position":"center center","background-size":"auto","background-attachment":"scroll","background-type":"","background-media":"","overlay-type":"","overlay-color":"","overlay-opacity":"","overlay-gradient":""},"tablet":{"background-color":"","background-image":"","background-repeat":"repeat","background-position":"center center","background-size":"auto","background-attachment":"scroll","background-type":"","background-media":"","overlay-type":"","overlay-color":"","overlay-opacity":"","overlay-gradient":""},"mobile":{"background-color":"","background-image":"","background-repeat":"repeat","background-position":"center center","background-size":"auto","background-attachment":"scroll","background-type":"","background-media":"","overlay-type":"","overlay-color":"","overlay-opacity":"","overlay-gradient":""}},"ast-content-background-meta":{"desktop":{"background-color":"var(--ast-global-color-5)","background-image":"","background-repeat":"repeat","background-position":"center center","background-size":"auto","background-attachment":"scroll","background-type":"","background-media":"","overlay-type":"","overlay-color":"","overlay-opacity":"","overlay-gradient":""},"tablet":{"background-color":"var(--ast-global-color-5)","background-image":"","background-repeat":"repeat","background-position":"center center","background-size":"auto","background-attachment":"scroll","background-type":"","background-media":"","overlay-type":"","overlay-color":"","overlay-opacity":"","overlay-gradient":""},"mobile":{"background-color":"var(--ast-global-color-5)","background-image":"","background-repeat":"repeat","background-position":"center center","background-size":"auto","background-attachment":"scroll","background-type":"","background-media":"","overlay-type":"","overlay-color":"","overlay-opacity":"","overlay-gradient":""}},"footnotes":""},"class_list":["post-68058","page","type-page","status-publish","has-post-thumbnail","hentry"],"_links":{"self":[{"href":"https:\/\/translinguoglobal.com\/nl\/wp-json\/wp\/v2\/pages\/68058","targetHints":{"allow":["GET"]}}],"collection":[{"href":"https:\/\/translinguoglobal.com\/nl\/wp-json\/wp\/v2\/pages"}],"about":[{"href":"https:\/\/translinguoglobal.com\/nl\/wp-json\/wp\/v2\/types\/page"}],"author":[{"embeddable":true,"href":"https:\/\/translinguoglobal.com\/nl\/wp-json\/wp\/v2\/users\/3"}],"replies":[{"embeddable":true,"href":"https:\/\/translinguoglobal.com\/nl\/wp-json\/wp\/v2\/comments?post=68058"}],"version-history":[{"count":2,"href":"https:\/\/translinguoglobal.com\/nl\/wp-json\/wp\/v2\/pages\/68058\/revisions"}],"predecessor-version":[{"id":68954,"href":"https:\/\/translinguoglobal.com\/nl\/wp-json\/wp\/v2\/pages\/68058\/revisions\/68954"}],"wp:featuredmedia":[{"embeddable":true,"href":"https:\/\/translinguoglobal.com\/nl\/wp-json\/wp\/v2\/media\/68059"}],"wp:attachment":[{"href":"https:\/\/translinguoglobal.com\/nl\/wp-json\/wp\/v2\/media?parent=68058"}],"curies":[{"name":"wp","href":"https:\/\/api.w.org\/{rel}","templated":true}]}}