{"id":67996,"date":"2024-06-28T16:10:27","date_gmt":"2024-06-28T14:10:27","guid":{"rendered":"https:\/\/translinguoglobal.com\/privacybeleid\/"},"modified":"2024-06-28T16:21:25","modified_gmt":"2024-06-28T14:21:25","slug":"privacybeleid","status":"publish","type":"page","link":"https:\/\/translinguoglobal.com\/nl\/privacybeleid\/","title":{"rendered":"Privacybeleid"},"content":{"rendered":"<p><strong>POL\u00cdTICA DE PRIVACIDAD<\/strong><\/p>\n<p>Cuando precisemos obtener informaci\u00f3n por su parte, siempre le solicitaremos que nos la proporcione voluntariamente de forma expresa. Los datos recabados a trav\u00e9s de los formularios de recogida de datos del sitio web u otras v\u00edas ser\u00e1n incorporados a los sistemas de tratamiento de\u00a0<strong>TRANSLINGUO CREATIVE GROUP S.L.<\/strong><\/p>\n<p>Esta entidad tratar\u00e1 los datos de forma confidencial y exclusivamente con la finalidad de ofrecer los servicios solicitados, con todas las garant\u00edas legales y de seguridad que impone el Reglamento (UE) 2016\/679 del Parlamento Europeo y del Consejo, de 27 de abril de 2016, relativo a la protecci\u00f3n de las personas f\u00edsicas en lo que respecta al tratamiento de datos personales y a la libre circulaci\u00f3n de estos datos\u00a0y la\u00a0Ley 34\/2002, de 11 de julio, de Servicios de la Sociedad de la Informaci\u00f3n y Comercio Electr\u00f3nico.<\/p>\n<p><strong>\u00bfQui\u00e9n es el responsable de tratamiento de sus datos?<\/strong><\/p>\n<ul>\n<li>El responsable es\u00a0<strong>TRANSLINGUO CREATIVE GROUP S.L.<\/strong><\/li>\n<li>Su CIF es:\u00a0<strong>B88509062<\/strong><\/li>\n<li>Su domicilio est\u00e1 en:\u00a0<b>Calle de Jacometrezo, 15-17, 28013, planta 5, puerta G, Madrid<\/b><\/li>\n<li>Correo electr\u00f3nico<strong>: info@translinguoglobal.com<\/strong><\/li>\n<li>Registro mercantil: T 39680 , F 99, S 8, H M 705077, I\/A 1 (25.10.19)<\/li>\n<\/ul>\n<p><strong>\u00bfCon que finalidad tratamos sus datos personales?<\/strong><\/p>\n<p>En\u00a0<strong>TRANSLINGUO CREATIVE GROUP S.L.<\/strong>, tratamos la informaci\u00f3n que nos facilitan los interesados de manera leal, l\u00edcita y transparente dando cumplimiento a la normativa UE 2016\/679 de 27 de abril del Parlamento Europeo y del Consejo y Ley 3\/2018 de 5 de diciembre de protecci\u00f3n de datos y garant\u00eda de derechos digitales.<\/p>\n<p><strong><u>Si eres CLIENTE o USUARIO<\/u><\/strong><\/p>\n<p>Si eres cliente o usuario, trataremos las siguientes categor\u00edas de datos personales:<\/p>\n<ul>\n<li>datos identificativos (nombre, apellidos, DNI\u2026);<\/li>\n<li>datos de contacto (correo electr\u00f3nico, Whatsapp\u2026);<\/li>\n<li>datos bancarios (n\u00famero de cuenta, tarjeta bancaria\u2026);<\/li>\n<li>otros datos (facilitados por el interesado en formularios abiertos o comunicaciones).<\/li>\n<\/ul>\n<p>Tratamos tus datos con la finalidad de:<\/p>\n<ul>\n<li>gestionar los servicios, informaci\u00f3n y\/o productos solicitados;<\/li>\n<li>enviar comunicaciones de inter\u00e9s (si el interesado hubiera prestado la debida autorizaci\u00f3n);<\/li>\n<li>cumplir las obligaciones legales aplicables al responsable.<\/li>\n<\/ul>\n<p><strong><u>Si eres EMPLEADO o SOLICITANTE DE EMPLEO<\/u><\/strong><\/p>\n<p>Si eres empleado o solicitante\/candidato, trataremos las siguientes categor\u00edas de datos personales:<\/p>\n<ul>\n<li>datos identificativos (nombre, apellidos, DNI\u2026);<\/li>\n<li>datos incluidos en el curr\u00edculum vitae (estudios, experiencia laboral, aficiones\u2026);<\/li>\n<li>datos de contacto (correo electr\u00f3nico, Whatsapp\u2026);<\/li>\n<li>datos bancarios (n\u00famero de cuenta, titular, mandato SEPA);<\/li>\n<li>imagen;<\/li>\n<li>otros datos (facilitados por el interesado en formularios abiertos o comunicaciones).<\/li>\n<\/ul>\n<p>Tratamos tus datos con la finalidad de:<\/p>\n<ul>\n<li>gestionar los derechos y obligaciones relativos a la relaci\u00f3n contractual;<\/li>\n<li>selecci\u00f3n de candidatos;<\/li>\n<li>uso, reproducci\u00f3n o publicaci\u00f3n de imagen, nombre y voz (si el interesado hubiera prestado la debida autorizaci\u00f3n);<\/li>\n<li>cumplir las obligaciones legales de las empresas.<\/li>\n<\/ul>\n<p><strong><u>Si eres PROVEEDOR de nuestra empresa<\/u><\/strong><\/p>\n<p>Si eres proveedor, trataremos las siguientes categor\u00edas de datos personales:<\/p>\n<ul>\n<li>datos identificativos (nombre, apellidos, DNI\u2026);<\/li>\n<li>datos de contacto (correo electr\u00f3nico, Whatsapp\u2026);<\/li>\n<li>datos bancarios (n\u00famero de cuenta, facturaci\u00f3n\u2026);<\/li>\n<li>otros datos (facilitados por el interesado en formularios abiertos o comunicaciones).<\/li>\n<\/ul>\n<p>Tratamos tus datos con la finalidad de:<\/p>\n<ul>\n<li>gesti\u00f3n administrativa, contable y fiscal;<\/li>\n<li>seguimiento y control de la relaci\u00f3n mercantil;<\/li>\n<li>cumplir las obligaciones legales de las empresas.<\/li>\n<\/ul>\n<p><strong>\u00a0<\/strong><strong>\u00bfEstoy obligado a facilitar los datos personales?<\/strong><\/p>\n<p><strong>TRANSLINGUO CREATIVE GROUP S.L.<\/strong>, solo solicitar\u00e1 los datos estrictamente necesarios para la realizaci\u00f3n de la finalidad para la cual son recabados, por lo que en caso de no ser facilitados no podr\u00e1 prestarse el servicio solicitado.<\/p>\n<p><strong>\u00a0<\/strong><strong>\u00bfPor cu\u00e1nto tiempo conservaremos sus datos?<\/strong><\/p>\n<p>Los datos personales proporcionados y obtenidos durante la relaci\u00f3n entre el interesado y\u00a0<strong>TRANSLINGUO CREATIVE GROUP S.L.<\/strong>, ser\u00e1n conservados durante un plazo m\u00e1ximo de 5 a\u00f1os a partir de la \u00faltima confirmaci\u00f3n de inter\u00e9s o mientras nos obligue una previsi\u00f3n legal, en cuyo caso ser\u00e1n conservados debidamente bloqueados y eliminados cuando no sea necesario.<\/p>\n<p><strong>\u00bfCu\u00e1l es la legitimaci\u00f3n para el tratamiento de sus datos?<\/strong><\/p>\n<p>En cumplimiento del art\u00edculo 6.1 del Reglamento UE 2016\/679 de 27 de abril le informamos que la legitimaci\u00f3n para el tratamiento de sus datos es la siguiente:<\/p>\n<ol>\n<li><em>el interesado dio su consentimiento para el tratamiento de sus datos personales para uno o varios fines espec\u00edficos y\/o<\/em><\/li>\n<li>el tratamiento es necesario para la ejecuci\u00f3n de un contrato en el que el interesado es parte y\/o<\/li>\n<li><em>el tratamiento es necesario para el cumplimiento de una obligaci\u00f3n legal aplicable al responsable del tratamiento y\/o<\/em><\/li>\n<li><em>el tratamiento es necesario para la satisfacci\u00f3n de intereses leg\u00edtimos perseguidos por el responsable del tratamiento o por un tercero, siempre que sobre dichos intereses no prevalezcan los intereses o los derechos y libertades fundamentales del interesado que requieran la protecci\u00f3n de datos personales, en particular cuando el interesado sea un ni\u00f1o.<\/em><\/li>\n<\/ol>\n<p><strong>\u00a0<\/strong><strong>\u00bfA qu\u00e9 destinatarios se comunicar\u00e1n sus datos?<\/strong><\/p>\n<p>Los datos tratados por\u00a0<strong>TRANSLINGUO CREATIVE GROUP S.L.<\/strong>, podr\u00e1n ser comunicados a terceros cuando as\u00ed nos obligue una previsi\u00f3n legal.<\/p>\n<p>Asimismo\u00a0<strong>TRANSLINGUO CREATIVE GROUP S.L.<\/strong>, cuenta con proveedores de servicios para los cuales es necesario realizar comunicaci\u00f3n de datos en diferentes \u00e1reas empresariales (administraci\u00f3n, contabilidad, fiscalidad, marketing, laboral\u2026). La relaci\u00f3n con estas empresas est\u00e1 regulada seg\u00fan el art\u00edculo 28 del Reglamento UE 2016\/679 de 27 de abril del Parlamento Europeo y del Consejo (RGPD). Los datos accedidos desde dichas empresas solo ser\u00e1n utilizados para el fin empresarial necesario no siendo conservados para cualquier fin ulterior.<\/p>\n<p><strong>\u00a0<\/strong><strong>\u00bfCu\u00e1les son sus derechos cuando nos facilita sus datos?<\/strong><\/p>\n<p>Cualquier interesado tiene derecho a obtener confirmaci\u00f3n sobre si en\u00a0<strong>TRANSLINGUO CREATIVE GROUP S.L.<\/strong>, estamos tratando los datos personales que le conciernan o no.<\/p>\n<p>Las personas interesadas tienen derecho a acceder a sus datos personales, as\u00ed como solicitar la rectificaci\u00f3n de datos inexactos o, en su caso, solicitar su supresi\u00f3n cuando, entre otros motivos, los datos ya no sea necesarios para los fines para los que fueron recogidos.<\/p>\n<p>En determinadas circunstancias, los interesados podr\u00e1n solicitar la limitaci\u00f3n del tratamiento de sus datos, en cuyo caso \u00fanicamente los conservaremos para el ejercicio o la defensa de reclamaciones.\u00a0 Los usuarios tambi\u00e9n podr\u00e1n oponerse al tratamiento de sus datos.\u00a0<strong>TRANSLINGUO CREATIVE GROUP S.L.<\/strong>, dejar\u00e1 de tratar los datos, salvo por motivos leg\u00edtimos imperiosos, o en el ejercicio o defensa de reclamaciones.<\/p>\n<p>El usuario puede enviar un escrito a\u00a0<strong>TRANSLINGUO CREATIVE GROUP S.L.<\/strong>, al domicilio del responsable, o bien por medio de un correo electr\u00f3nico\u00a0<a href=\"mailto:privacy@translinguo.es\">privacy@translinguo.es<\/a>\u00a0, adjuntando fotocopia de su documento de identidad, si fuese necesario identificarle, en cualquier momento y de manera gratuita, para:<\/p>\n<ul>\n<li>revocar los consentimientos otorgados;<\/li>\n<li>obtener confirmaci\u00f3n acerca de si se est\u00e1n tratando datos personales que conciernen al Usuario o no;<\/li>\n<li>acceder a sus datos personales;<\/li>\n<li>rectificar los datos inexactos o incompletos;<\/li>\n<li>solicitar la supresi\u00f3n de sus datos cuando, entre otros motivos, los datos ya no sean necesarios para los fines que fueron recogidos;<\/li>\n<li>obtener de la limitaci\u00f3n del tratamiento de los datos cuando se cumpla alguna de las condiciones previstas en la normativa de protecci\u00f3n de datos;<\/li>\n<li>solicitar la portabilidad de tus datos;<\/li>\n<li>ponerse en contacto con el DPO de\u00a0<strong>TRANSLINGUO CREATIVE GROUP S.L.;<\/strong><\/li>\n<li>interponer una reclamaci\u00f3n en la autoridad de control (<a href=\"http:\/\/www.aepd\/\" target=\"_blank\" rel=\"noopener\">aepd<\/a>) en caso de considerar vulnerados los derechos que le son reconocidos por la normativa aplicable en protecci\u00f3n de datos.<\/li>\n<\/ul>\n<p><strong>TRANSLINGUO CREATIVE GROUP S.L.<\/strong>, adopta los niveles de seguridad correspondientes requeridos por la citada\u00a0normativa de Protecci\u00f3n de Datos de Car\u00e1cter Personal\u00a0y dem\u00e1s normativa aplicable. Dichos niveles de seguridad son obligados para aquellas entidades que accedan a nuestra informaci\u00f3n en virtud de una relaci\u00f3n contractual y\/o prestaci\u00f3n de servicio, en aplicaci\u00f3n del art\u00edculo 28 del Reglamento UE 2016\/679 (RGPD).<\/p>\n<p>No obstante, no asume ninguna responsabilidad por los da\u00f1os y perjuicios derivados de alteraciones que terceros pueden causar en los sistemas inform\u00e1ticos, documentos electr\u00f3nicos o ficheros del usuario.<\/p>\n<p>Se\u00a0podr\u00e1n utilizar\u00a0<em>cookies<\/em>\u00a0durante la prestaci\u00f3n de servicios del sitio web. Las\u00a0<em>cookies<\/em>\u00a0son ficheros f\u00edsicos de informaci\u00f3n personal alojados en el propio terminal del usuario. El usuario tiene la posibilidad de configurar su programa navegador de manera que se impida la creaci\u00f3n de archivos\u00a0<em>cookie<\/em>\u00a0o se advierta de esta. Revise nuestra pol\u00edtica de\u00a0<em>cookies<\/em>\u00a0a trav\u00e9s del enlace que encontrar\u00e1 en esta web.<\/p>\n<p>Si opta a abandonar nuestro sitio web a trav\u00e9s de enlaces a sitios web no pertenecientes a nuestra entidad,\u00a0<strong>TRANSLINGUO CREATIVE GROUP S.L.<\/strong>, no se har\u00e1 responsable de las pol\u00edticas de privacidad de dichos sitios web ni de las\u00a0<em>cookies<\/em>\u00a0que \u00e9stos puedan almacenar en el ordenador del usuario.<\/p>\n<p>Nuestra pol\u00edtica con respecto al correo electr\u00f3nico se centra en remitir \u00fanicamente comunicaciones que usted haya solicitado recibir.<\/p>\n<p>Si prefiere no recibir estos mensajes por correo electr\u00f3nico le ofreceremos a trav\u00e9s de los mismos la posibilidad de ejercer su derecho de cancelaci\u00f3n y renuncia a la recepci\u00f3n de estos mensajes, en conformidad con lo dispuesto en el\u00a0T\u00edtulo III, art\u00edculo 22 de la Ley 34\/2002 de Servicios para la Sociedad de la Informaci\u00f3n y de Comercio Electr\u00f3nico.<\/p>\n","protected":false},"excerpt":{"rendered":"<p>POL\u00cdTICA DE PRIVACIDAD Cuando precisemos obtener informaci\u00f3n por su parte, siempre le solicitaremos que nos la proporcione voluntariamente de forma expresa. Los datos recabados a trav\u00e9s de los formularios de recogida de datos del sitio web u otras v\u00edas ser\u00e1n incorporados a los sistemas de tratamiento de\u00a0TRANSLINGUO CREATIVE GROUP S.L. Esta entidad tratar\u00e1 los datos [&hellip;]<\/p>\n","protected":false},"author":3,"featured_media":0,"parent":0,"menu_order":0,"comment_status":"closed","ping_status":"closed","template":"","meta":{"_crdt_document":"","inline_featured_image":false,"site-sidebar-layout":"default","site-content-layout":"default","ast-site-content-layout":"default","site-content-style":"default","site-sidebar-style":"default","ast-global-header-display":"","ast-banner-title-visibility":"","ast-main-header-display":"","ast-hfb-above-header-display":"","ast-hfb-below-header-display":"","ast-hfb-mobile-header-display":"","site-post-title":"","ast-breadcrumbs-content":"","ast-featured-img":"","footer-sml-layout":"","ast-disable-related-posts":"","theme-transparent-header-meta":"default","adv-header-id-meta":"","stick-header-meta":"","header-above-stick-meta":"","header-main-stick-meta":"","header-below-stick-meta":"","astra-migrate-meta-layouts":"default","ast-page-background-enabled":"default","ast-page-background-meta":{"desktop":{"background-color":"var(--ast-global-color-4)","background-image":"","background-repeat":"repeat","background-position":"center center","background-size":"auto","background-attachment":"scroll","background-type":"","background-media":"","overlay-type":"","overlay-color":"","overlay-opacity":"","overlay-gradient":""},"tablet":{"background-color":"","background-image":"","background-repeat":"repeat","background-position":"center center","background-size":"auto","background-attachment":"scroll","background-type":"","background-media":"","overlay-type":"","overlay-color":"","overlay-opacity":"","overlay-gradient":""},"mobile":{"background-color":"","background-image":"","background-repeat":"repeat","background-position":"center center","background-size":"auto","background-attachment":"scroll","background-type":"","background-media":"","overlay-type":"","overlay-color":"","overlay-opacity":"","overlay-gradient":""}},"ast-content-background-meta":{"desktop":{"background-color":"var(--ast-global-color-5)","background-image":"","background-repeat":"repeat","background-position":"center center","background-size":"auto","background-attachment":"scroll","background-type":"","background-media":"","overlay-type":"","overlay-color":"","overlay-opacity":"","overlay-gradient":""},"tablet":{"background-color":"var(--ast-global-color-5)","background-image":"","background-repeat":"repeat","background-position":"center center","background-size":"auto","background-attachment":"scroll","background-type":"","background-media":"","overlay-type":"","overlay-color":"","overlay-opacity":"","overlay-gradient":""},"mobile":{"background-color":"var(--ast-global-color-5)","background-image":"","background-repeat":"repeat","background-position":"center center","background-size":"auto","background-attachment":"scroll","background-type":"","background-media":"","overlay-type":"","overlay-color":"","overlay-opacity":"","overlay-gradient":""}},"footnotes":""},"class_list":["post-67996","page","type-page","status-publish","hentry"],"_links":{"self":[{"href":"https:\/\/translinguoglobal.com\/nl\/wp-json\/wp\/v2\/pages\/67996","targetHints":{"allow":["GET"]}}],"collection":[{"href":"https:\/\/translinguoglobal.com\/nl\/wp-json\/wp\/v2\/pages"}],"about":[{"href":"https:\/\/translinguoglobal.com\/nl\/wp-json\/wp\/v2\/types\/page"}],"author":[{"embeddable":true,"href":"https:\/\/translinguoglobal.com\/nl\/wp-json\/wp\/v2\/users\/3"}],"replies":[{"embeddable":true,"href":"https:\/\/translinguoglobal.com\/nl\/wp-json\/wp\/v2\/comments?post=67996"}],"version-history":[{"count":1,"href":"https:\/\/translinguoglobal.com\/nl\/wp-json\/wp\/v2\/pages\/67996\/revisions"}],"predecessor-version":[{"id":68038,"href":"https:\/\/translinguoglobal.com\/nl\/wp-json\/wp\/v2\/pages\/67996\/revisions\/68038"}],"wp:attachment":[{"href":"https:\/\/translinguoglobal.com\/nl\/wp-json\/wp\/v2\/media?parent=67996"}],"curies":[{"name":"wp","href":"https:\/\/api.w.org\/{rel}","templated":true}]}}