{"id":94632,"date":"2025-06-25T14:28:04","date_gmt":"2025-06-25T12:28:04","guid":{"rendered":"https:\/\/translinguoglobal.com\/avviso-legale\/"},"modified":"2025-06-25T14:28:06","modified_gmt":"2025-06-25T12:28:06","slug":"avviso-legale","status":"publish","type":"page","link":"https:\/\/translinguoglobal.com\/it\/avviso-legale\/","title":{"rendered":"AVVISO LEGALE"},"content":{"rendered":"<h2 style=\"text-align: center;\"><strong>Avviso legale<\/strong><\/h2>\n<h3 style=\"text-align: center;\">Oggetto e accettazione<\/h3>\n<p>La navigazione sul sito web del titolare attribuisce la condizione di utente dello stesso e implica l&#8217;accettazione piena e senza riserve di tutte e ciascuna delle disposizioni incluse nella presente Avviso legale, che possono essere soggette a modifiche.<\/p>\n<p>L\u2019utente si impegna a fare un uso corretto del sito web in conformit\u00e0 con la legge, la buona fede, l\u2019ordine pubblico, gli usi del commercio e il presente Avviso Legale. L\u2019utente sar\u00e0 responsabile nei confronti del titolare del sito o di terzi per qualsiasi danno o pregiudizio che possa derivare dall\u2019inosservanza di tale obbligo. <\/p>\n<h3 style=\"text-align: center;\">Identificazione e comunicazioni<\/h3>\n<p> <strong>IL TITOLARE DEL SITO<\/strong>, in ottemperanza alla Legge 34\/2002, dell\u201911 luglio, sui Servizi della Societ\u00e0 dell\u2019Informazione e del Commercio Elettronico, La informa che:<\/p>\n<ul>\n<li>Il responsabile \u00e8 <strong>TRANSLINGUO CREATIVE GROUP S.L. : <\/strong><\/li>\n<li>Con Partita IVA: <strong>B88509062.<\/strong><\/li>\n<li>L&#8217;indirizzo \u00e8:<b> Calle de Jacometrezo, 15-17, 28013, piano 5, porta G, Madrid;<\/b><\/li>\n<li>Iscritta al registro mercantile: <strong>T 39680 , F 99, S 8, H M 705077, I\/A 1 (25.10.19).<\/strong><\/li>\n<\/ul>\n<p>Per contattarci, mettiamo a Sua disposizione diversi mezzi di comunicazione che elenchiamo di seguito:<\/p>\n<ul>\n<li>Email: <strong>info@translinguoglobal.com<\/strong>;<\/li>\n<li>Telefono: <strong>+34 656352741. <\/strong><\/li>\n<\/ul>\n<p>Tutte le notifiche e comunicazioni tra gli utenti e il titolare del sito web saranno considerate valide, a tutti gli effetti, quando effettuate tramite posta ordinaria o attraverso qualsiasi altro mezzo indicato in precedenza.<\/p>\n<h3 style=\"text-align: center;\"><strong>Condizioni di accesso e comunicazione <\/strong><\/h3>\n<p>Il sito web e i suoi servizi sono di libero e gratuito accesso; tuttavia, il titolare del sito pu\u00f2 subordinare l\u2019utilizzo di alcuni servizi offerti alla preventiva compilazione del relativo modulo.<\/p>\n<p>L\u2019utente garantisce l\u2019autenticit\u00e0 e l\u2019aggiornamento di tutti i dati comunicati al titolare del sito e sar\u00e0 l\u2019unico responsabile delle dichiarazioni false o inesatte rese.<\/p>\n<p>L\u2019utente si impegna espressamente a fare un uso appropriato dei contenuti e dei servizi del titolare del sito e a non utilizzarli, tra l\u2019altro, per:<\/p>\n<ol>\n<li>Diffondere contenuti criminosi, violenti, pornografici, razzisti, xenofobi, offensivi, di apologia del terrorismo o, in generale, contrari alla legge o all\u2019ordine pubblico.<\/li>\n<li>Introdurre nella rete virus informatici o compiere azioni suscettibili di alterare, danneggiare, interrompere o generare errori o danni nei documenti elettronici, dati o sistemi fisici e logici del titolare del sito o di terzi, nonch\u00e9 ostacolare l\u2019accesso di altri utenti al sito web e ai suoi servizi mediante il consumo massiccio delle risorse informatiche attraverso le quali il titolare del sito presta i suoi servizi.<\/li>\n<li>Tentare di accedere agli account di posta elettronica di altri utenti o ad aree riservate dei sistemi informatici del titolare del sito o di terzi e, eventualmente, estrarre informazioni.<\/li>\n<li>Violazione dei diritti di propriet\u00e0 intellettuale o industriale, nonch\u00e9 della riservatezza delle informazioni del titolare del sito o di terzi.<\/li>\n<li>Sostituirsi all\u2019identit\u00e0 di un altro utente, di pubbliche amministrazioni o di terzi.<\/li>\n<li>Riprodurre, copiare, distribuire, mettere a disposizione o in qualsiasi altro modo comunicare al pubblico, trasformare o modificare i contenuti, salvo che si disponga dell\u2019autorizzazione del titolare dei relativi diritti o ci\u00f2 sia legalmente consentito.<\/li>\n<li>Raccogliere dati con finalit\u00e0 pubblicitarie e inviare pubblicit\u00e0 di qualsiasi tipo e comunicazioni con scopi di vendita o di altra natura commerciale senza previa richiesta o consenso.<\/li>\n<\/ol>\n<p>Tutti i contenuti del sito web, come testi, fotografie, grafici, immagini, icone, tecnologia, software, nonch\u00e9 il design grafico e i codici sorgente, costituiscono un\u2019opera di propriet\u00e0 del titolare del sito, senza che possano intendersi concessi all\u2019utente diritti di sfruttamento sugli stessi, se non nella misura strettamente necessaria per il corretto utilizzo del sito.<\/p>\n<p>In definitiva, gli utenti che accedono a questo sito web possono visualizzarne i contenuti ed effettuare, se del caso, copie private autorizzate, purch\u00e9 gli elementi riprodotti non vengano successivamente ceduti a terzi, n\u00e9 installati su server collegati a reti, n\u00e9 oggetto di alcuna forma di sfruttamento. Allo stesso modo, tutti i marchi, nomi commerciali o segni distintivi di qualsiasi tipo presenti sul sito sono di propriet\u00e0 del titolare del sito, senza che l\u2019uso o l\u2019accesso allo stesso possa intendersi come concessione di alcun diritto agli utenti sui medesimi. <\/p>\n<p>La distribuzione, modifica, cessione o comunicazione al pubblico dei contenuti, cos\u00ec come qualsiasi altro atto non espressamente autorizzato dal titolare dei diritti di sfruttamento, sono vietati.<\/p>\n<p>L\u2019eventuale inserimento di un collegamento ipertestuale (link) non implica in alcun caso l\u2019esistenza di relazioni tra il titolare del sito e il titolare del sito web sul quale viene stabilito, n\u00e9 comporta l\u2019accettazione o l\u2019approvazione da parte del titolare del sito dei relativi contenuti o servizi. Coloro che intendano inserire un collegamento ipertestuale devono previamente richiedere autorizzazione scritta al titolare del sito<strong>.<\/strong> In ogni caso, il collegamento consentir\u00e0 esclusivamente l\u2019accesso alla <em>home page<\/em> del nostro sito web e dovr\u00e0 astenersi dal fornire dichiarazioni o indicazioni false, inesatte o ingannevoli sul titolare del sito, cos\u00ec come dall\u2019includere contenuti illeciti, contrari al buon costume o all\u2019ordine pubblico. Il titolare del sito non \u00e8 responsabile dell\u2019uso che ciascun utente faccia dei materiali messi a disposizione su questo sito n\u00e9 delle azioni che vengano intraprese sulla base degli stessi.  <\/p>\n<h3 style=\"text-align: center;\"><strong>Esclusione di garanzie e sicurezza <\/strong><\/h3>\n<p>Il contenuto del presente sito web \u00e8 di carattere generale e ha una finalit\u00e0 puramente informativa, senza che sia garantito l\u2019accesso completo a tutti i contenuti, n\u00e9 la loro esaustivit\u00e0, correttezza, validit\u00e0 o aggiornamento, n\u00e9 la loro idoneit\u00e0 o utilit\u00e0 per uno scopo specifico.<\/p>\n<p>Il titolare del sito esclude, nei limiti consentiti dall\u2019ordinamento giuridico, qualsiasi responsabilit\u00e0 per danni di qualsiasi natura derivanti da:<\/p>\n<ol>\n<li>L\u2019impossibilit\u00e0 di accesso al sito web o la mancanza di veridicit\u00e0, accuratezza, esaustivit\u00e0 e\/o aggiornamento dei contenuti, nonch\u00e9 l\u2019esistenza di vizi e difetti di qualsiasi tipo dei contenuti trasmessi, diffusi, archiviati o messi a disposizione a cui si sia avuto accesso tramite il sito web o i servizi offerti.<\/li>\n<li>La presenza di virus o di altri elementi nei contenuti che possano causare alterazioni nei sistemi informatici, nei documenti elettronici o nei dati degli utenti.<\/li>\n<li>L\u2019inadempimento delle leggi, della buona fede, dell\u2019ordine pubblico, degli usi del traffico e del presente avviso legale, quale conseguenza dell\u2019uso scorretto del sito web. In particolare, a titolo esemplificativo, il titolare del sito non si assume alcuna responsabilit\u00e0 per le azioni di terzi che violino diritti di propriet\u00e0 intellettuale e industriale, segreti commerciali, diritti all\u2019onore, alla privacy personale e familiare e all\u2019immagine personale, nonch\u00e9 la normativa in materia di concorrenza sleale e pubblicit\u00e0 illecita. <\/li>\n<\/ol>\n<p>Allo stesso modo, il titolare del sito declina ogni responsabilit\u00e0 riguardo alle informazioni che si trovano al di fuori di questo sito web e che non sono gestite direttamente dal nostro <em>webmaster<\/em>. La funzione dei <em>link <\/em> presenti in questo sito \u00e8 esclusivamente quella di informare l\u2019utente sull\u2019esistenza di altre fonti che possono ampliare i contenuti offerti da questo sito. Il titolare del sito non garantisce n\u00e9 si assume la responsabilit\u00e0 per il funzionamento o l\u2019accessibilit\u00e0 dei siti collegati; n\u00e9 suggerisce, invita o raccomanda la visita agli stessi, pertanto non sar\u00e0 responsabile dei risultati ottenuti. Il titolare del sito non \u00e8 responsabile per l\u2019installazione di collegamenti ipertestuali da parte di terzi.   <\/p>\n<h3 style=\"text-align: center;\"><strong>Informativa sulla Privacy<\/strong><\/h3>\n<p>Pu\u00f2 consultare la nostra informativa sulla privacy al seguente <u>link<\/u>. .<br data-mce-bogus=\"1\"><\/p>\n<h3 style=\"text-align: center;\"><strong> Procedura in caso di svolgimento di attivit\u00e0 illecite<\/strong><\/h3>\n<p>Nel caso in cui un qualsiasi utente o terza persona ritenga che vi siano fatti o circostanze che rivelino il carattere illecito dell\u2019utilizzo di qualsiasi contenuto e\/o della realizzazione di qualsiasi attivit\u00e0 sulle pagine web incluse o accessibili tramite il sito web, dovr\u00e0 inviare una notifica al titolare del sito identificandosi correttamente, specificando le presunte violazioni e dichiarando espressamente e sotto la propria responsabilit\u00e0 che le informazioni fornite nella notifica sono esatte.<\/p>\n<p>Le parti si sottopongono espressamente, per qualsiasi questione o divergenza che possa sorgere in relazione all\u2019interpretazione, all\u2019adempimento e all\u2019esecuzione del presente contratto, alla giurisdizione e alla competenza dei Giudici e Tribunali competenti per il domicilio dell\u2019utente o per il luogo di adempimento dell\u2019obbligazione contrattuale.<\/p>\n<h3 style=\"text-align: center;\">Pubblicazione<\/h3>\n<p>Le informazioni amministrative fornite tramite il sito web non sostituiscono la pubblicit\u00e0 legale delle leggi, normative, piani, disposizioni generali e atti che devono essere formalmente pubblicati sui giornali ufficiali delle amministrazioni pubbliche, i quali costituiscono l\u2019unico strumento che attesta la loro autenticit\u00e0 e contenuto. Le informazioni disponibili su questo sito devono intendersi come una guida senza valore legale. <\/p>\n","protected":false},"excerpt":{"rendered":"<p>Avviso legale Oggetto e accettazione La navigazione sul sito web del titolare attribuisce la condizione di utente dello stesso e implica l&#8217;accettazione piena e senza riserve di tutte e ciascuna delle disposizioni incluse nella presente Avviso legale, che possono essere soggette a modifiche. L\u2019utente si impegna a fare un uso corretto del sito web in [&hellip;]<\/p>\n","protected":false},"author":3,"featured_media":0,"parent":0,"menu_order":0,"comment_status":"closed","ping_status":"closed","template":"","meta":{"_crdt_document":"","inline_featured_image":false,"site-sidebar-layout":"default","site-content-layout":"default","ast-site-content-layout":"default","site-content-style":"default","site-sidebar-style":"default","ast-global-header-display":"","ast-banner-title-visibility":"","ast-main-header-display":"","ast-hfb-above-header-display":"","ast-hfb-below-header-display":"","ast-hfb-mobile-header-display":"","site-post-title":"","ast-breadcrumbs-content":"","ast-featured-img":"","footer-sml-layout":"","ast-disable-related-posts":"","theme-transparent-header-meta":"default","adv-header-id-meta":"","stick-header-meta":"","header-above-stick-meta":"","header-main-stick-meta":"","header-below-stick-meta":"","astra-migrate-meta-layouts":"default","ast-page-background-enabled":"default","ast-page-background-meta":{"desktop":{"background-color":"var(--ast-global-color-4)","background-image":"","background-repeat":"repeat","background-position":"center center","background-size":"auto","background-attachment":"scroll","background-type":"","background-media":"","overlay-type":"","overlay-color":"","overlay-opacity":"","overlay-gradient":""},"tablet":{"background-color":"","background-image":"","background-repeat":"repeat","background-position":"center center","background-size":"auto","background-attachment":"scroll","background-type":"","background-media":"","overlay-type":"","overlay-color":"","overlay-opacity":"","overlay-gradient":""},"mobile":{"background-color":"","background-image":"","background-repeat":"repeat","background-position":"center center","background-size":"auto","background-attachment":"scroll","background-type":"","background-media":"","overlay-type":"","overlay-color":"","overlay-opacity":"","overlay-gradient":""}},"ast-content-background-meta":{"desktop":{"background-color":"var(--ast-global-color-5)","background-image":"","background-repeat":"repeat","background-position":"center center","background-size":"auto","background-attachment":"scroll","background-type":"","background-media":"","overlay-type":"","overlay-color":"","overlay-opacity":"","overlay-gradient":""},"tablet":{"background-color":"var(--ast-global-color-5)","background-image":"","background-repeat":"repeat","background-position":"center center","background-size":"auto","background-attachment":"scroll","background-type":"","background-media":"","overlay-type":"","overlay-color":"","overlay-opacity":"","overlay-gradient":""},"mobile":{"background-color":"var(--ast-global-color-5)","background-image":"","background-repeat":"repeat","background-position":"center center","background-size":"auto","background-attachment":"scroll","background-type":"","background-media":"","overlay-type":"","overlay-color":"","overlay-opacity":"","overlay-gradient":""}},"footnotes":""},"class_list":["post-94632","page","type-page","status-publish","hentry"],"_links":{"self":[{"href":"https:\/\/translinguoglobal.com\/it\/wp-json\/wp\/v2\/pages\/94632","targetHints":{"allow":["GET"]}}],"collection":[{"href":"https:\/\/translinguoglobal.com\/it\/wp-json\/wp\/v2\/pages"}],"about":[{"href":"https:\/\/translinguoglobal.com\/it\/wp-json\/wp\/v2\/types\/page"}],"author":[{"embeddable":true,"href":"https:\/\/translinguoglobal.com\/it\/wp-json\/wp\/v2\/users\/3"}],"replies":[{"embeddable":true,"href":"https:\/\/translinguoglobal.com\/it\/wp-json\/wp\/v2\/comments?post=94632"}],"version-history":[{"count":1,"href":"https:\/\/translinguoglobal.com\/it\/wp-json\/wp\/v2\/pages\/94632\/revisions"}],"predecessor-version":[{"id":94633,"href":"https:\/\/translinguoglobal.com\/it\/wp-json\/wp\/v2\/pages\/94632\/revisions\/94633"}],"wp:attachment":[{"href":"https:\/\/translinguoglobal.com\/it\/wp-json\/wp\/v2\/media?parent=94632"}],"curies":[{"name":"wp","href":"https:\/\/api.w.org\/{rel}","templated":true}]}}