{"id":93943,"date":"2025-06-18T12:02:07","date_gmt":"2025-06-18T10:02:07","guid":{"rendered":"https:\/\/translinguoglobal.com\/servizio-di-traduzione-a-las-palmas\/"},"modified":"2025-06-18T12:02:07","modified_gmt":"2025-06-18T10:02:07","slug":"servizio-di-traduzione-a-las-palmas","status":"publish","type":"page","link":"https:\/\/translinguoglobal.com\/it\/servizio-di-traduzione-a-las-palmas\/","title":{"rendered":"Servizio di traduzione a Las Palmas"},"content":{"rendered":"<p>Servizio di traduzione a Las Palmas. Al giorno d\u2019oggi, difficilmente si lavora con una sola lingua nell\u2019ambito aziendale. Chiamate internazionali, clienti stranieri, persone di altri Paesi, ecc. Le lingue sono parte integrante di questo settore. Sfortunatamente, la scarsa preparazione linguistica a volte rappresenta un ostacolo e impedisce lo sviluppo ottimale e desiderato della nostra attivit\u00e0. Per evitare che ci\u00f2 accada, ti offriamo il nostro <strong>servizio di traduzione a <a href=\"https:\/\/es.wikipedia.org\/wiki\/Las_Palmas_de_Gran_Canaria\" target=\"_blank\" rel=\"noopener\">Las Palmas<\/a><\/strong>. In questo modo, la tua attivit\u00e0 potr\u00e0 prosperare senza alcun poblema: ti garantiamo un servizio efficace e di qualit\u00e0 per raggiungere i tuoi obiettivi aziendali.      <\/p>\n<h3 style=\"text-align: center;\"><strong>Perch\u00e9 affidarsi a un servizio di traduzione a Las Palmas<\/strong><\/h3>\n<p>\u00c8 di fondamentale importanza avvalersi di un traduttore professionista. Affidarsi a esperti nel settore far\u00e0 la differenza sia nella traduzione stessa che nella supervisione del lavoro. Il nostro <strong>servizio di traduzione a Las Palmas <\/strong> ti offre non solo le prestazioni di traduttori professionisti ma anche madrelingua. Con questa combinazione la qualit\u00e0 \u00e8 garantita, perch\u00e9 traducendo dalla propria lingua madre, i traduttori dispongono di un\u2019infinit\u00e0 di risorse linguistiche. Le traduzioni che riceverai avranno maggiore fluidit\u00e0, coerenza e fedelt\u00e0 rispetto al testo originale.    <\/p>\n<h3 style=\"text-align: center;\"><strong>Perch\u00e9 a Las Palmas?<\/strong><\/h3>\n<p>Las Palmas \u00e8 una citt\u00e0 incentrata sul turismo, tanto \u00e8 vero che la sua economia gira intorno a questo settore. La grande afflunza di turista ha provocato lo sviluppo del settore edilizio. Inoltre, malgrado sia un&#8217;isola, vanta una popolazione significativa con oltre 350.000 abitanti. Una delle feste pi\u00f9 popolari di Las Palmas e che attira un maggior numero di turisti \u00e8 il carnevale. Questo evento, insieme alle splendide temperature presenti tutto l\u2019anno, attira circa tredici milioni di turisti internazionali ogni anno.    <\/p>\n<p>Per garantire servizi di qualit\u00e0 ai numerosi turisti che visitano la citt\u00e0, \u00e8 fondamentale affidarsi a un esperto di lingue. Il nostro <strong>servizio di traduzione a Las Palmas<\/strong> ti fornir\u00e0 le risorse necessarie per far crescere la tua attivit\u00e0 senza difficolt\u00e0. Ad esempio, nella traduzione di brochure e programmi di intrattenimento destinati ai turisti internazionali.  <\/p>\n<h3 style=\"text-align: center;\"><strong>Cosa offriamo con i nostri servizi<\/strong><\/h3>\n<p>Hai l\u2019opportunit\u00e0 di usufruire di un servizio di traduzione di qualit\u00e0, specializzato in numerosi ambiti e preparato a lavorare con diversi formati. Inoltre, ci prendiamo sempre cura dei nostri clienti, offrendo loro un trattamento impeccabile con l\u2019obiettivo di soddisfare al meglio le loro esigenze. Per raggiungere questo obiettivo, mettiamo a disposizione la seguente offerta di servizi e specializzazioni:  <\/p>\n<ul>\n<li><strong>Professionisti qualificati ed esperti <\/strong> in diversi settori.<\/li>\n<li>Rispetto della <strong>puntualit\u00e0 <\/strong> e dei tempi di consegna stabiliti.<\/li>\n<li>Priorit\u00e0 all\u2019<strong>attenzione al cliente<\/strong> e alle sue esigenze.<\/li>\n<li>Diverse <strong>tipologie di traduzione: <\/strong><\/li>\n<li><a href=\"https:\/\/translinguoglobal.com\/it\/traduzione-di-documenti\/\"><span style=\"text-decoration: underline;\">Generale<\/span><\/a>(testi pubblicitari, giornalistici, promozionali, etc.).<\/li>\n<li>Di <span style=\"text-decoration: underline;\">siti web.<\/span><\/li>\n<li><span style=\"text-decoration: underline;\"><a href=\"https:\/\/translinguoglobal.com\/it\/servizio-di-localizzazione\/\">Localizzazione<\/a>.<\/span><\/li>\n<li><span style=\"text-decoration: underline;\"><a href=\"https:\/\/translinguoglobal.com\/it\/traduzione-giurata\/\">Giurata<\/a>.<\/span><\/li>\n<li><a href=\"https:\/\/translinguoglobal.com\/it\/servizio-di-traduzione-professionale\/\"><span style=\"text-decoration: underline;\">Specializzata<\/span><\/a>, in particolare nel settore alimentare e farmaceutico.<\/li>\n<\/ul>\n<p><strong>Smettila di pensarci e contattaci subito, il nostro servizio di traduzione ti sta aspettando! Non te ne pentirai. <\/strong><\/p>\n","protected":false},"excerpt":{"rendered":"<p>Servizio di traduzione a Las Palmas. Al giorno d\u2019oggi, difficilmente si lavora con una sola lingua nell\u2019ambito aziendale. Chiamate internazionali, clienti stranieri, persone di altri Paesi, ecc. Le lingue sono parte integrante di questo settore. Sfortunatamente, la scarsa preparazione linguistica a volte rappresenta un ostacolo e impedisce lo sviluppo ottimale e desiderato della nostra attivit\u00e0. [&hellip;]<\/p>\n","protected":false},"author":3,"featured_media":93944,"parent":0,"menu_order":0,"comment_status":"closed","ping_status":"closed","template":"","meta":{"_crdt_document":"","inline_featured_image":false,"site-sidebar-layout":"default","site-content-layout":"default","ast-site-content-layout":"default","site-content-style":"default","site-sidebar-style":"default","ast-global-header-display":"","ast-banner-title-visibility":"","ast-main-header-display":"","ast-hfb-above-header-display":"","ast-hfb-below-header-display":"","ast-hfb-mobile-header-display":"","site-post-title":"","ast-breadcrumbs-content":"","ast-featured-img":"","footer-sml-layout":"","ast-disable-related-posts":"","theme-transparent-header-meta":"default","adv-header-id-meta":"","stick-header-meta":"","header-above-stick-meta":"","header-main-stick-meta":"","header-below-stick-meta":"","astra-migrate-meta-layouts":"default","ast-page-background-enabled":"default","ast-page-background-meta":{"desktop":{"background-color":"var(--ast-global-color-4)","background-image":"","background-repeat":"repeat","background-position":"center center","background-size":"auto","background-attachment":"scroll","background-type":"","background-media":"","overlay-type":"","overlay-color":"","overlay-opacity":"","overlay-gradient":""},"tablet":{"background-color":"","background-image":"","background-repeat":"repeat","background-position":"center center","background-size":"auto","background-attachment":"scroll","background-type":"","background-media":"","overlay-type":"","overlay-color":"","overlay-opacity":"","overlay-gradient":""},"mobile":{"background-color":"","background-image":"","background-repeat":"repeat","background-position":"center center","background-size":"auto","background-attachment":"scroll","background-type":"","background-media":"","overlay-type":"","overlay-color":"","overlay-opacity":"","overlay-gradient":""}},"ast-content-background-meta":{"desktop":{"background-color":"var(--ast-global-color-5)","background-image":"","background-repeat":"repeat","background-position":"center center","background-size":"auto","background-attachment":"scroll","background-type":"","background-media":"","overlay-type":"","overlay-color":"","overlay-opacity":"","overlay-gradient":""},"tablet":{"background-color":"var(--ast-global-color-5)","background-image":"","background-repeat":"repeat","background-position":"center center","background-size":"auto","background-attachment":"scroll","background-type":"","background-media":"","overlay-type":"","overlay-color":"","overlay-opacity":"","overlay-gradient":""},"mobile":{"background-color":"var(--ast-global-color-5)","background-image":"","background-repeat":"repeat","background-position":"center center","background-size":"auto","background-attachment":"scroll","background-type":"","background-media":"","overlay-type":"","overlay-color":"","overlay-opacity":"","overlay-gradient":""}},"footnotes":""},"class_list":["post-93943","page","type-page","status-publish","has-post-thumbnail","hentry"],"_links":{"self":[{"href":"https:\/\/translinguoglobal.com\/it\/wp-json\/wp\/v2\/pages\/93943","targetHints":{"allow":["GET"]}}],"collection":[{"href":"https:\/\/translinguoglobal.com\/it\/wp-json\/wp\/v2\/pages"}],"about":[{"href":"https:\/\/translinguoglobal.com\/it\/wp-json\/wp\/v2\/types\/page"}],"author":[{"embeddable":true,"href":"https:\/\/translinguoglobal.com\/it\/wp-json\/wp\/v2\/users\/3"}],"replies":[{"embeddable":true,"href":"https:\/\/translinguoglobal.com\/it\/wp-json\/wp\/v2\/comments?post=93943"}],"version-history":[{"count":0,"href":"https:\/\/translinguoglobal.com\/it\/wp-json\/wp\/v2\/pages\/93943\/revisions"}],"wp:featuredmedia":[{"embeddable":true,"href":"https:\/\/translinguoglobal.com\/it\/wp-json\/wp\/v2\/media\/93944"}],"wp:attachment":[{"href":"https:\/\/translinguoglobal.com\/it\/wp-json\/wp\/v2\/media?parent=93943"}],"curies":[{"name":"wp","href":"https:\/\/api.w.org\/{rel}","templated":true}]}}