{"id":93928,"date":"2025-06-18T11:25:36","date_gmt":"2025-06-18T09:25:36","guid":{"rendered":"https:\/\/translinguoglobal.com\/servizio-di-traduzione-a-jerez-de-la-frontera\/"},"modified":"2025-06-18T11:25:36","modified_gmt":"2025-06-18T09:25:36","slug":"servizio-di-traduzione-a-jerez-de-la-frontera","status":"publish","type":"page","link":"https:\/\/translinguoglobal.com\/it\/servizio-di-traduzione-a-jerez-de-la-frontera\/","title":{"rendered":"Servizio di traduzione a Jerez de la Frontera"},"content":{"rendered":"<p>Servizio di traduzione a Jerez de la Frontera. In un mondo sempre pi\u00f9 moderno e gobalizzato, la traduzione \u00e8 il mezzo con cui la tua impresa pu\u00f9 espandersi in nuovi mercati internaizonali. Essendo parte dell\u2019Unione Europea, \u00e8 inevitabile trovarsi prima o poi ad affrontare situazioni multilingue. Se non vuoi perderti l&#8217;opportunit\u00e0 di espandere i tuoi orizzonti, la scelta migliore \u00e8 affidarti al nostro servizio di traduzione a <a href=\"https:\/\/es.wikipedia.org\/wiki\/Jerez_de_la_Frontera\" target=\"_blank\" rel=\"noopener\">Jerez de la Frontera<\/a>. Con il nostro aiuto, il tuo raggio d\u2019azione e le tue opportunit\u00e0 cresceranno esponenzialmente. Pensa a tutti i mercati da cui la tua azienda potrebbe trarre beneficio: mercati pi\u00f9 vantaggiosi, lontani e diversificati.    <\/p>\n<h3 style=\"text-align: center;\"><strong>Perch\u00e9 affidarsi a un servizio di traduzione a Jerez de la Frontera<\/strong><\/h3>\n<p>Chi traduce e chi contratta servizi di traduzione sa bene che non \u00e8 sufficiente conoscee una lingua per poter offrire una traduzione di qualit\u00e0.\u00c8 infatti necessaria una formazione specifica per poter disporre delle risorse e degli strumenti necessari per realizzare un compito cos\u00ec importante. Nel nostro servizio di traduzione a Jerez de la Frontera ci affidiamo a madrelingua specializzati in diversi settori. Per questo garantiamo ai nostri clienti che la traduzione ricevuta rispetter\u00e0 perfettamente tutti gli standard di qualit\u00e0. Se vuoi che i tuoi testi in altre lingue apportino un reale valore alla tua azienda, affidati a professionisti.    <\/p>\n<h3 style=\"text-align: center;\"><strong>Perch\u00e9 a Jerez de la Frontera?<\/strong><\/h3>\n<p>Conosciuta per i suoi vini, questa localit\u00e0 \u00e8 una delle destinazioni turistiche con maggiore affluenza di turisti in Andalusia. \u00c8 proprio in questa citt\u00e0 che la cultura andalusa trova la sua massima espressione. Si pu\u00f2 godere della variegata architettura mud\u00e9jar, dell&#8217;ospitalit\u00e0 andalusa, del sapore dei suoi vini, della deliziosa gastronomia e del bel paesaggio del Sud. Ma Jerez de la Frontera \u00e8 molto pi\u00f9 di una cartolina. Jerez \u00e8 una delle capitali della produzione vinicola in Spagna e vanta un importante tessuto imprenditoriale concentrato nel settore. Per questo, il nostro servizio di traduzione a Jerez de la Frontera ti aiuter\u00e0 ad affrontare il presente in continua evoluzione di una citt\u00e0 in costante cambiamento.     <\/p>\n<h3 style=\"text-align: center;\"><strong>Cosa offriamo con i nostri servizi<\/strong><\/h3>\n<p>Offriamo a tutte le imprese e i privati di Jerez de la Frontera traduzioni economiche e con risultati eccellenti. Gli standard di qualit\u00e0 a cui ci atteniamo sono molto rigorosi. Il nostro servizio di traduzione a Jerez de la Frontera si affida sempre a madrelingua specializzati. Siamo pronti a offrirti:   <\/p>\n<ul>\n<li>Traduzioni realizzate da madrlingua.<\/li>\n<li>Costanza ed esperienza nel settore.<\/li>\n<li>Puntualit\u00e0, trasparenza e attenzione al cliente personalizzata.<\/li>\n<li>Diversi servizi:\n<ul>\n<li><a href=\"https:\/\/translinguoglobal.com\/it\/servizio-di-localizzazione\/\">Localizzazione<\/a>.<\/li>\n<li>Traduzione di siti web e applicazioni.<\/li>\n<li><a href=\"https:\/\/translinguoglobal.com\/it\/traduzione-di-documenti\/\">Traduzioni generali<\/a>.<\/li>\n<li><a href=\"https:\/\/translinguoglobal.com\/it\/traduzione-giurata\/\">Traduzione giurata.<\/a><\/li>\n<li><a href=\"https:\/\/translinguoglobal.com\/it\/servizio-di-traduzione-professionale\/\">Traduzione specializzata<\/a> in diversi ambiti.<\/li>\n<\/ul>\n<\/li>\n<\/ul>\n<p>Se non vuoi perdere l\u2019opportunit\u00e0 di far crescere la tua azienda e raggiungere nuovi mercati e clienti, contattaci il prima possibile!<\/p>\n","protected":false},"excerpt":{"rendered":"<p>Servizio di traduzione a Jerez de la Frontera. In un mondo sempre pi\u00f9 moderno e gobalizzato, la traduzione \u00e8 il mezzo con cui la tua impresa pu\u00f9 espandersi in nuovi mercati internaizonali. Essendo parte dell\u2019Unione Europea, \u00e8 inevitabile trovarsi prima o poi ad affrontare situazioni multilingue. Se non vuoi perderti l&#8217;opportunit\u00e0 di espandere i tuoi [&hellip;]<\/p>\n","protected":false},"author":3,"featured_media":93929,"parent":0,"menu_order":0,"comment_status":"closed","ping_status":"closed","template":"","meta":{"_crdt_document":"","inline_featured_image":false,"site-sidebar-layout":"default","site-content-layout":"default","ast-site-content-layout":"default","site-content-style":"default","site-sidebar-style":"default","ast-global-header-display":"","ast-banner-title-visibility":"","ast-main-header-display":"","ast-hfb-above-header-display":"","ast-hfb-below-header-display":"","ast-hfb-mobile-header-display":"","site-post-title":"","ast-breadcrumbs-content":"","ast-featured-img":"","footer-sml-layout":"","ast-disable-related-posts":"","theme-transparent-header-meta":"default","adv-header-id-meta":"","stick-header-meta":"","header-above-stick-meta":"","header-main-stick-meta":"","header-below-stick-meta":"","astra-migrate-meta-layouts":"default","ast-page-background-enabled":"default","ast-page-background-meta":{"desktop":{"background-color":"var(--ast-global-color-4)","background-image":"","background-repeat":"repeat","background-position":"center center","background-size":"auto","background-attachment":"scroll","background-type":"","background-media":"","overlay-type":"","overlay-color":"","overlay-opacity":"","overlay-gradient":""},"tablet":{"background-color":"","background-image":"","background-repeat":"repeat","background-position":"center center","background-size":"auto","background-attachment":"scroll","background-type":"","background-media":"","overlay-type":"","overlay-color":"","overlay-opacity":"","overlay-gradient":""},"mobile":{"background-color":"","background-image":"","background-repeat":"repeat","background-position":"center center","background-size":"auto","background-attachment":"scroll","background-type":"","background-media":"","overlay-type":"","overlay-color":"","overlay-opacity":"","overlay-gradient":""}},"ast-content-background-meta":{"desktop":{"background-color":"var(--ast-global-color-5)","background-image":"","background-repeat":"repeat","background-position":"center center","background-size":"auto","background-attachment":"scroll","background-type":"","background-media":"","overlay-type":"","overlay-color":"","overlay-opacity":"","overlay-gradient":""},"tablet":{"background-color":"var(--ast-global-color-5)","background-image":"","background-repeat":"repeat","background-position":"center center","background-size":"auto","background-attachment":"scroll","background-type":"","background-media":"","overlay-type":"","overlay-color":"","overlay-opacity":"","overlay-gradient":""},"mobile":{"background-color":"var(--ast-global-color-5)","background-image":"","background-repeat":"repeat","background-position":"center center","background-size":"auto","background-attachment":"scroll","background-type":"","background-media":"","overlay-type":"","overlay-color":"","overlay-opacity":"","overlay-gradient":""}},"footnotes":""},"class_list":["post-93928","page","type-page","status-publish","has-post-thumbnail","hentry"],"_links":{"self":[{"href":"https:\/\/translinguoglobal.com\/it\/wp-json\/wp\/v2\/pages\/93928","targetHints":{"allow":["GET"]}}],"collection":[{"href":"https:\/\/translinguoglobal.com\/it\/wp-json\/wp\/v2\/pages"}],"about":[{"href":"https:\/\/translinguoglobal.com\/it\/wp-json\/wp\/v2\/types\/page"}],"author":[{"embeddable":true,"href":"https:\/\/translinguoglobal.com\/it\/wp-json\/wp\/v2\/users\/3"}],"replies":[{"embeddable":true,"href":"https:\/\/translinguoglobal.com\/it\/wp-json\/wp\/v2\/comments?post=93928"}],"version-history":[{"count":0,"href":"https:\/\/translinguoglobal.com\/it\/wp-json\/wp\/v2\/pages\/93928\/revisions"}],"wp:featuredmedia":[{"embeddable":true,"href":"https:\/\/translinguoglobal.com\/it\/wp-json\/wp\/v2\/media\/93929"}],"wp:attachment":[{"href":"https:\/\/translinguoglobal.com\/it\/wp-json\/wp\/v2\/media?parent=93928"}],"curies":[{"name":"wp","href":"https:\/\/api.w.org\/{rel}","templated":true}]}}