{"id":93923,"date":"2025-06-18T10:59:21","date_gmt":"2025-06-18T08:59:21","guid":{"rendered":"https:\/\/translinguoglobal.com\/servizio-di-traduzione-a-la-coruna\/"},"modified":"2025-06-18T10:59:23","modified_gmt":"2025-06-18T08:59:23","slug":"servizio-di-traduzione-a-la-coruna","status":"publish","type":"page","link":"https:\/\/translinguoglobal.com\/it\/servizio-di-traduzione-a-la-coruna\/","title":{"rendered":"Servizio di traduzione a La Coru\u00f1a"},"content":{"rendered":"<p>Servizio di traduzione a La Coru\u00f1a. Indipendentemente dal fatto che tu sia il prorietario di un&#8217;impresa nazionale o internazionale, o che tu sia un professionista privato, ti sar\u00e0 sicuramente capitato almeno una volta nella vita di ritorvarti in una situazione multilingue. Nel mondo globalizzato in cui viviamo \u00e8 importante poter negoziare con clienti di diversi paesi. Per questo motivo, ti consigliamo di affidarti ai nostri <strong>servizi di traduzione a <a href=\"https:\/\/es.wikipedia.org\/wiki\/La_Coru%C3%B1a\" target=\"_blank\" rel=\"noopener\">La Coru\u00f1a<\/a><\/strong>. Mettiamo a tua disposizione il nostro servizio di traduzione per permettere alla tua attivit\u00e0 di raggiungere nuovi traguardi. Grazie al nostro aiuto le lingue non rappresenteranno pi\u00f9 un ostacolo, bens\u00ec un potente alleato per la tua attivit\u00e0.     <\/p>\n<h3 style=\"text-align: center;\"><strong>Perch\u00e9 affidarsi a un servizio di traduzione a La Coru\u00f1a<\/strong><\/h3>\n<p>Tutti i professionisti devono essere specializzati nel proprio ambito. Noi di Translinguo Global\u00ae ci affidiamo a madrelingua specializzati in diversi settori. Qualunque sia il tuo settore produttivo, possiamo aiutarti a espanderti a nuovi mercati. Inoltre, le traduzioni realizzate da madrelingua comportano molti vantaggi. Da una parte, garantiscono la massima qualit\u00e0 da un punto di vista linguistico. Dall\u2019altra, la tua traduzione viene realizzata da una persona che conosce a fondo il mercato a cui ti rivolgi. Nel nostro <strong>servizio di traduzione a La Coru\u00f1a<\/strong> collaboriamo sempre con traduttori madrelingua.      <\/p>\n<h3 style=\"text-align: center;\"><strong>Perch\u00e9 a La Coru\u00f1a?<\/strong><\/h3>\n<p>Sulle rive dell\u2019Atlantico, La Coru\u00f1a \u00e8 il vero cuore della Galizia. Fin dall\u2019epoca dell\u2019Impero romano, \u00e8 stato un porto importante che collega il Mediterraneo con la costa atlantica dell\u2019Europa centrale. Con la scoperta dell\u2019America, divenne anche un punto di collegamento strategico con il Nuovo Continente. Questa sua condizione di epicentro logistico ha fatto crescere in modo esponenziale il tessuto industriale di La Coru\u00f1a. Oggi, navi provenienti da tutto il mondo utilizzano la citt\u00e0 per connettere il trasporto marittimo con quello terrestre. Aziende come Inditex, una delle pi\u00f9 grandi al mondo, hanno la loro sede nella provincia.     <\/p>\n<p>Oltre al settore tessile, La Coru\u00f1a vanta una grande industria manifatturiera, estrattiva ed energetica. Per affrontare al meglio questa complessa rete internazionale di imprese, ti consigliamo di affidarti al nostro servizio di traduzione a La Coru\u00f1a. <\/p>\n<h3 style=\"text-align: center;\"><strong>Cosa offriamo con i nostri servizi<\/strong><\/h3>\n<p>Il nostro servizio di traduzione a La Coru\u00f1a si basa su un principio fondamentale: la qualit\u00e0. I nostri traduttori sono tutti madrelingua ed esperti nei rispettivi settori. Con l\u2019obiettivo di facilitare l\u2019instaurazione di rapporti commerciali con altre aziende, tra i nostri servizi puoi trovare:  <\/p>\n<ul>\n<li>Traduzioni realizzate da professionisti madrelingua.<\/li>\n<li>Puntualit\u00e0 e tempi di consegna ragionevoli.<\/li>\n<li>Assistenza personalizzata.<\/li>\n<li>Trasparenza.<\/li>\n<li>Vasta gamma di servizi:\n<ul>\n<li><a href=\"https:\/\/translinguoglobal.com\/it\/traduzione-di-documenti\/\">Traduzione generale<\/a>.<\/li>\n<li><a href=\"https:\/\/translinguoglobal.com\/it\/servizio-di-localizzazione\/\">Localizzazione<\/a>.<\/li>\n<li>Traduzione di siti web.<\/li>\n<li><a href=\"https:\/\/translinguoglobal.com\/it\/traduzione-giurata\/\">Traduzione giurata.<\/a><\/li>\n<li><a href=\"https:\/\/translinguoglobal.com\/it\/servizio-di-traduzione-professionale\/\">Traduzione specializzata.<\/a><\/li>\n<\/ul>\n<\/li>\n<\/ul>\n<p><strong>Fai crescere la tua azienda oltre ogni aspettativa! Contattaci. <\/strong><strong>Non te ne pentirai! <\/strong><\/p>\n","protected":false},"excerpt":{"rendered":"<p>Servizio di traduzione a La Coru\u00f1a. Indipendentemente dal fatto che tu sia il prorietario di un&#8217;impresa nazionale o internazionale, o che tu sia un professionista privato, ti sar\u00e0 sicuramente capitato almeno una volta nella vita di ritorvarti in una situazione multilingue. Nel mondo globalizzato in cui viviamo \u00e8 importante poter negoziare con clienti di diversi [&hellip;]<\/p>\n","protected":false},"author":3,"featured_media":93924,"parent":0,"menu_order":0,"comment_status":"closed","ping_status":"closed","template":"","meta":{"_crdt_document":"","inline_featured_image":false,"site-sidebar-layout":"default","site-content-layout":"default","ast-site-content-layout":"default","site-content-style":"default","site-sidebar-style":"default","ast-global-header-display":"","ast-banner-title-visibility":"","ast-main-header-display":"","ast-hfb-above-header-display":"","ast-hfb-below-header-display":"","ast-hfb-mobile-header-display":"","site-post-title":"","ast-breadcrumbs-content":"","ast-featured-img":"","footer-sml-layout":"","ast-disable-related-posts":"","theme-transparent-header-meta":"default","adv-header-id-meta":"","stick-header-meta":"","header-above-stick-meta":"","header-main-stick-meta":"","header-below-stick-meta":"","astra-migrate-meta-layouts":"default","ast-page-background-enabled":"default","ast-page-background-meta":{"desktop":{"background-color":"var(--ast-global-color-4)","background-image":"","background-repeat":"repeat","background-position":"center center","background-size":"auto","background-attachment":"scroll","background-type":"","background-media":"","overlay-type":"","overlay-color":"","overlay-opacity":"","overlay-gradient":""},"tablet":{"background-color":"","background-image":"","background-repeat":"repeat","background-position":"center center","background-size":"auto","background-attachment":"scroll","background-type":"","background-media":"","overlay-type":"","overlay-color":"","overlay-opacity":"","overlay-gradient":""},"mobile":{"background-color":"","background-image":"","background-repeat":"repeat","background-position":"center center","background-size":"auto","background-attachment":"scroll","background-type":"","background-media":"","overlay-type":"","overlay-color":"","overlay-opacity":"","overlay-gradient":""}},"ast-content-background-meta":{"desktop":{"background-color":"var(--ast-global-color-5)","background-image":"","background-repeat":"repeat","background-position":"center center","background-size":"auto","background-attachment":"scroll","background-type":"","background-media":"","overlay-type":"","overlay-color":"","overlay-opacity":"","overlay-gradient":""},"tablet":{"background-color":"var(--ast-global-color-5)","background-image":"","background-repeat":"repeat","background-position":"center center","background-size":"auto","background-attachment":"scroll","background-type":"","background-media":"","overlay-type":"","overlay-color":"","overlay-opacity":"","overlay-gradient":""},"mobile":{"background-color":"var(--ast-global-color-5)","background-image":"","background-repeat":"repeat","background-position":"center center","background-size":"auto","background-attachment":"scroll","background-type":"","background-media":"","overlay-type":"","overlay-color":"","overlay-opacity":"","overlay-gradient":""}},"footnotes":""},"class_list":["post-93923","page","type-page","status-publish","has-post-thumbnail","hentry"],"_links":{"self":[{"href":"https:\/\/translinguoglobal.com\/it\/wp-json\/wp\/v2\/pages\/93923","targetHints":{"allow":["GET"]}}],"collection":[{"href":"https:\/\/translinguoglobal.com\/it\/wp-json\/wp\/v2\/pages"}],"about":[{"href":"https:\/\/translinguoglobal.com\/it\/wp-json\/wp\/v2\/types\/page"}],"author":[{"embeddable":true,"href":"https:\/\/translinguoglobal.com\/it\/wp-json\/wp\/v2\/users\/3"}],"replies":[{"embeddable":true,"href":"https:\/\/translinguoglobal.com\/it\/wp-json\/wp\/v2\/comments?post=93923"}],"version-history":[{"count":1,"href":"https:\/\/translinguoglobal.com\/it\/wp-json\/wp\/v2\/pages\/93923\/revisions"}],"predecessor-version":[{"id":93925,"href":"https:\/\/translinguoglobal.com\/it\/wp-json\/wp\/v2\/pages\/93923\/revisions\/93925"}],"wp:featuredmedia":[{"embeddable":true,"href":"https:\/\/translinguoglobal.com\/it\/wp-json\/wp\/v2\/media\/93924"}],"wp:attachment":[{"href":"https:\/\/translinguoglobal.com\/it\/wp-json\/wp\/v2\/media?parent=93923"}],"curies":[{"name":"wp","href":"https:\/\/api.w.org\/{rel}","templated":true}]}}