{"id":93828,"date":"2025-06-17T14:56:18","date_gmt":"2025-06-17T12:56:18","guid":{"rendered":"https:\/\/translinguoglobal.com\/servizio-di-traduzione-a-hospitalet-de-llobregat\/"},"modified":"2025-06-17T14:56:18","modified_gmt":"2025-06-17T12:56:18","slug":"servizio-di-traduzione-a-hospitalet-de-llobregat","status":"publish","type":"page","link":"https:\/\/translinguoglobal.com\/it\/servizio-di-traduzione-a-hospitalet-de-llobregat\/","title":{"rendered":"Servizio di traduzione a Hospitalet de Llobregat"},"content":{"rendered":"<p><a href=\"https:\/\/translinguoglobal.com\/it\/\">Servizio di traduzione <\/a> a Hospitalet de Llobregat. A causa della globalizzazione, le aziende hanno sempre pi\u00f9 bisogno di farsi conoscere a livello internazionale. Uno dei primi passi per raggiungere questo obiettivo \u00e8 la <strong>traduzione <\/strong> delle informazioni e caratteristiche relative all&#8217;azienda. Tuttavia, bisogna tenere conto che offrono servizi diversi. Per questo motivo, il nostro <strong>servizio di traduzione a <a href=\"https:\/\/es.wikipedia.org\/wiki\/Hospitalet_de_Llobregat\" target=\"_blank\" rel=\"noopener\">Hospitalet de Llobregat<\/a><\/strong> \u00e8 cresciuto negli ultimi anni.    <\/p>\n<p>Oltre alla diversit\u00e0, sono state incluse anche specializzazioni in base ai diversi settori in crescita. In questo modo, possiamo soddisfare gli obiettivi e le esigenze di tutte le aziende che si rivolgono a noi di <a href=\"https:\/\/translinguoglobal.com\/it\/\"><strong>Translinguo Global<\/strong>\u00ae<\/a>. Nonostante ci\u00f2, dobbiamo tenere sempre presente che questo tipo di progetti vengono portati a termine da traduttore esperti in ogni singolo ambito.  <\/p>\n<h3 style=\"text-align: center;\"><strong>Perch\u00e9 affidarsi a un servizio di traduzione a Hospitalet de Llobregat<\/strong><\/h3>\n<p>Potersi affidare a un team di traduttori madrelingua \u00e8 una delle principali caratteristiche che offriamo col nostro <strong>servizio di traduzione a Hospitalet de Llobregat<\/strong>. Cio\u00e8, i nostri traduttori sono <strong>originari del paese della ligua di destinazione<\/strong>, conoscono il luogo in cui vivono, la lingua e, inoltre, la societ\u00e0. Grazie a questo garantiamo risultati di <strong>qualit\u00e0 <\/strong> completamente adattati al pubblico di riferimento.  <\/p>\n<p>La seconda caratteristica che i nostri professionisti devono avere \u00e8 la <strong>specializzazione <\/strong> in base al tipo di progetto da realizzare. In altre parole, un testo come una cartella clinica deve essere tradotto da una persona che conosca il campo tecnico della medicina. In questo modo vengono soddisfatte tutte le aspettative riguardo la terminologia e le formule caratteristiche del linguaggio.  <\/p>\n<h3 style=\"text-align: center;\"><strong>Perch\u00e9 a Hospitalet de Llobregat?<\/strong><\/h3>\n<p>La citt\u00e0 spagnola di Hospitalet de Llobregat si trova nella provincia di Catalogna, a pochi chilometri dal centro di Barcellona. \u00c8 il secondo comune pi\u00f9 popolato della regione, con una popolazione di 264.923 abitanti. Inoltre, si \u00e8 affermata come il secondo motore economico dell\u2019area grazie all\u2019aumento dei posti di lavoro offerti dal comune.  <\/p>\n<p>Per queste ragioni, Translinguo Global offre un s<strong>ervizio di traduzione a Hospitalet de Llobregat. <\/strong><\/p>\n<h3 style=\"text-align: center;\"><strong>Cosa offriamo con i nostri servizi<\/strong><\/h3>\n<p>Come abbiamo gi\u00e0 accennato, offriamo servizi di traduzione relativi a diversi settori, pi\u00f9 o meno specializzati. In breve, ti forniamo una lista con alcuni dei nostri servizi di traduzione pi\u00f9 richiesti: <\/p>\n<ul>\n<li><strong><a href=\"https:\/\/translinguoglobal.com\/it\/traduzione-di-documenti\/\">Generale<\/a>.<\/strong><\/li>\n<li><strong><a href=\"https:\/\/translinguoglobal.com\/it\/traduzione-giurata\/\">Giurata<\/a>.<\/strong><\/li>\n<li><strong><a href=\"https:\/\/translinguoglobal.com\/it\/servizio-di-traduzione-professionale\/\">Specializzata<\/a>.<\/strong><\/li>\n<li><strong><a href=\"https:\/\/translinguoglobal.com\/it\/servizio-di-localizzazione\/\">Localizzazione<\/a>.<\/strong><\/li>\n<li><strong>Di siti web.<\/strong><\/li>\n<\/ul>\n<p>Inoltre, tutti questi servizi sono svolti rispettando gli standard di assistenza stabiliti nel corso degli anni di sviluppo dell\u2019azienda. Da un lato, una <strong>comunicazione rapida e concreta<\/strong> 24 ore su 24. Dall\u2019altro, <strong>tempi di consegna ragionevoli<\/strong> a cui ci atteniamo. Il tutto senza dimenticare l\u2019eccezionale <strong>qualit\u00e0 <\/strong> dei nostri prodotti finali, consegnati con <strong>puntualit\u00e0<\/strong>.   <\/p>\n<p><strong>Se vuoi far entrare la tua azienda nel mercato internazionale, contattaci e risolveremo tutti i tuoi dubbi.<\/strong><\/p>\n","protected":false},"excerpt":{"rendered":"<p>Servizio di traduzione a Hospitalet de Llobregat. A causa della globalizzazione, le aziende hanno sempre pi\u00f9 bisogno di farsi conoscere a livello internazionale. Uno dei primi passi per raggiungere questo obiettivo \u00e8 la traduzione delle informazioni e caratteristiche relative all&#8217;azienda. Tuttavia, bisogna tenere conto che offrono servizi diversi. Per questo motivo, il nostro servizio di [&hellip;]<\/p>\n","protected":false},"author":3,"featured_media":93829,"parent":0,"menu_order":0,"comment_status":"closed","ping_status":"closed","template":"","meta":{"_crdt_document":"","inline_featured_image":false,"site-sidebar-layout":"default","site-content-layout":"default","ast-site-content-layout":"default","site-content-style":"default","site-sidebar-style":"default","ast-global-header-display":"","ast-banner-title-visibility":"","ast-main-header-display":"","ast-hfb-above-header-display":"","ast-hfb-below-header-display":"","ast-hfb-mobile-header-display":"","site-post-title":"","ast-breadcrumbs-content":"","ast-featured-img":"","footer-sml-layout":"","ast-disable-related-posts":"","theme-transparent-header-meta":"default","adv-header-id-meta":"","stick-header-meta":"","header-above-stick-meta":"","header-main-stick-meta":"","header-below-stick-meta":"","astra-migrate-meta-layouts":"default","ast-page-background-enabled":"default","ast-page-background-meta":{"desktop":{"background-color":"var(--ast-global-color-4)","background-image":"","background-repeat":"repeat","background-position":"center center","background-size":"auto","background-attachment":"scroll","background-type":"","background-media":"","overlay-type":"","overlay-color":"","overlay-opacity":"","overlay-gradient":""},"tablet":{"background-color":"","background-image":"","background-repeat":"repeat","background-position":"center center","background-size":"auto","background-attachment":"scroll","background-type":"","background-media":"","overlay-type":"","overlay-color":"","overlay-opacity":"","overlay-gradient":""},"mobile":{"background-color":"","background-image":"","background-repeat":"repeat","background-position":"center center","background-size":"auto","background-attachment":"scroll","background-type":"","background-media":"","overlay-type":"","overlay-color":"","overlay-opacity":"","overlay-gradient":""}},"ast-content-background-meta":{"desktop":{"background-color":"var(--ast-global-color-5)","background-image":"","background-repeat":"repeat","background-position":"center center","background-size":"auto","background-attachment":"scroll","background-type":"","background-media":"","overlay-type":"","overlay-color":"","overlay-opacity":"","overlay-gradient":""},"tablet":{"background-color":"var(--ast-global-color-5)","background-image":"","background-repeat":"repeat","background-position":"center center","background-size":"auto","background-attachment":"scroll","background-type":"","background-media":"","overlay-type":"","overlay-color":"","overlay-opacity":"","overlay-gradient":""},"mobile":{"background-color":"var(--ast-global-color-5)","background-image":"","background-repeat":"repeat","background-position":"center center","background-size":"auto","background-attachment":"scroll","background-type":"","background-media":"","overlay-type":"","overlay-color":"","overlay-opacity":"","overlay-gradient":""}},"footnotes":""},"class_list":["post-93828","page","type-page","status-publish","has-post-thumbnail","hentry"],"_links":{"self":[{"href":"https:\/\/translinguoglobal.com\/it\/wp-json\/wp\/v2\/pages\/93828","targetHints":{"allow":["GET"]}}],"collection":[{"href":"https:\/\/translinguoglobal.com\/it\/wp-json\/wp\/v2\/pages"}],"about":[{"href":"https:\/\/translinguoglobal.com\/it\/wp-json\/wp\/v2\/types\/page"}],"author":[{"embeddable":true,"href":"https:\/\/translinguoglobal.com\/it\/wp-json\/wp\/v2\/users\/3"}],"replies":[{"embeddable":true,"href":"https:\/\/translinguoglobal.com\/it\/wp-json\/wp\/v2\/comments?post=93828"}],"version-history":[{"count":0,"href":"https:\/\/translinguoglobal.com\/it\/wp-json\/wp\/v2\/pages\/93828\/revisions"}],"wp:featuredmedia":[{"embeddable":true,"href":"https:\/\/translinguoglobal.com\/it\/wp-json\/wp\/v2\/media\/93829"}],"wp:attachment":[{"href":"https:\/\/translinguoglobal.com\/it\/wp-json\/wp\/v2\/media?parent=93828"}],"curies":[{"name":"wp","href":"https:\/\/api.w.org\/{rel}","templated":true}]}}