{"id":93826,"date":"2025-06-17T14:33:47","date_gmt":"2025-06-17T12:33:47","guid":{"rendered":"https:\/\/translinguoglobal.com\/servizio-di-traduzione-a-granada-2\/"},"modified":"2025-06-17T14:33:47","modified_gmt":"2025-06-17T12:33:47","slug":"servizio-di-traduzione-a-granada-2","status":"publish","type":"page","link":"https:\/\/translinguoglobal.com\/it\/servizio-di-traduzione-a-granada-2\/","title":{"rendered":"Servizio di traduzione a Granada"},"content":{"rendered":"<p>Servizio di traduzione a Granada. Il marketing si basa sul linguaggio persuasivo, sul saper toccare il cuore e le esigenze delle persone. Oggi la pubblicit\u00e0 non si fa pi\u00f9 solo a livello locale, non siamo pi\u00f9 limitati dalle barriere fisiche e dalla distanza. \u00c8 indispensabile che un\u2019azienda sappia proiettarsi e possa espandersi in mercati nuovi e sconosciuti. Per raggiungere quqesto obiettivo \u00e8 necessario contare su un servizio di traduzione professionale. Il nostro <strong>servizio di traduzione a <a href=\"https:\/\/es.wikipedia.org\/wiki\/Granada\" target=\"_blank\" rel=\"noopener\">Granada<\/a><\/strong> ti aiuter\u00e0 a superare le distanze culturali tra la tua azienda e i potenziali milioni di clienti che ti aspettano. Non importa la complessit\u00e0 o il tema, ti offriamo la soluzione a qualsiasi problema linguistico.      <\/p>\n<h3 style=\"text-align: center;\"><strong>Perch\u00e9 affidarsi a un servizio di traduzione a Granada<\/strong><\/h3>\n<p>Un buon imprenditore non cerca clienti per i suoi prodotti, ma crea prodotti per i suoi clienti. Bisogna conoscere perfettamente i propri clienti, le loro esigenze, i loro desideri e la loro cultura. Il nostro <strong>servizio di traduzione a Granada<\/strong> dispone di un team di traduttori professionisti che sono madrelingua nella lingua di destinazione. Ti aiuteranno a comprendere le esigenze del tuo nuovo mercato, cos\u00ec potrai offrire i prodotti e i servizi adeguati. Riteniamo che questa competenza culturale sia imprescindibile in un servizio di traduzione professionale. Garantiamo che non dovrai preoccuparti di traduzioni errate o imbarazzanti che possano allontanare potenziali clienti futuri.     <\/p>\n<ul data-sourcepos=\"7:1-7:70\">\n<li data-sourcepos=\"7:1-7:70\"><strong>Traduttori professionisti ed esperti: <\/strong> i nostri traduttori sono esperti nel loro settore e vantano una vasta esperienza nella traduzione di una vasta gamma di documenti.<\/li>\n<li data-sourcepos=\"8:1-8:79\"><strong>Servizi di traduzione di alta qualit\u00e0:<\/strong> ci impegniamo a fornire traduzioni precise e affidabili che soddisfino i tuoi requisiti specifici.<\/li>\n<li data-sourcepos=\"9:1-9:123\"><strong>Prezzi compeititivi: <\/strong> offriamo prezzi competitivi per i nostri servizi di traduzione senza comprometterne la qualit\u00e0.<\/li>\n<li data-sourcepos=\"10:1-10:113\"><strong>Consegna rapida:<\/strong> possiamo consegnare le tue traduzioni in modo rapido ed efficiente rispettando cos\u00ec le tempistiche stabilite.<\/li>\n<li data-sourcepos=\"11:1-12:0\"><strong>Attenzione al cliente eccezionale<\/strong>: siamo orgogliosi di offrire un eccellente servizio al cliente e siamo sempre disponibili a rispondere alle tue domande.<\/li>\n<\/ul>\n<h3 style=\"text-align: center;\"><strong>Perch\u00e9 a Granada?<\/strong><\/h3>\n<p>Granada deve avere qualcosa di speciale, visto che cos\u00ec tanti scrittori l\u2019hanno descritta nelle loro opere. A Granada troviamo l\u2019Alhambra, simbolo emblematico dell\u2019arte andalusa e Patrimonio dell\u2019Umanit\u00e0. La Cattedrale di Granada, prima chiesa rinascimentale di Spagna, e la Cappella Reale, dove si trovano le tombe dei Re Cattolici. Inoltre, perdersi tra le sue strade \u00e8 uno dei pi\u00f9 grandi piaceri di cui un visitatore pu\u00f2 godere.   <\/p>\n<p>Si stima che circa 2,8 milioni di turisti visitino la citt\u00e0 ogni anno, rendendo Granada una delle principali mete turistiche in Spagna. Inoltre, vi ha sede una delle universit\u00e0 pi\u00f9 antiche (dell&#8217;anno 1531) e importanti di Spagna. A causa del turismo e ai molti studenti internazionali che vi abitano, potersi affidare a un buon servizio di traduzione a Granada \u00e8 fondamentale. Il nostro <strong>servizio di traduzione a Granada <\/strong> ti offre esattamente questo, perci\u00f3 non esitare a richiederci un preventivo.   <\/p>\n<h3 style=\"text-align: center;\"><strong>Cosa offriamo con i nostri servizi<\/strong><\/h3>\n<p>Il nostro <strong>servizio di traduzione a Granada<\/strong> ti offre un trattamento personalizzato per soddisfare perfettamente tutte le tue esigenze e garantire la qualit\u00e0 del servizio. Inoltre, rispetteremo sempre i tempi di consegna stabiliti. La variet\u00e0 di servizi di traduzione che offriamo include:  <\/p>\n<ul data-sourcepos=\"17:1-22:0\">\n<li data-sourcepos=\"17:1-17:146\"><strong>Traduzione di documenti: <\/strong> Traduciamo qualsiasi tipo di documento, dai testi legali e medici fino ai siti web e ai materiali di marketing.<\/li>\n<li data-sourcepos=\"18:1-18:125\"><strong>Interpretariato:<\/strong> Offriamo servizi di interpretariato per eventi aziendali, conferenze e riunioni.<\/li>\n<li data-sourcepos=\"19:1-19:115\"><strong><a href=\"https:\/\/translinguoglobal.com\/it\/servizio-di-localizzazione\/\">Localizzazione di software<\/a>:<\/strong> Localizziamo il suo software affinch\u00e9 possa essere utilizzato da utenti di tutto il mondo.<\/li>\n<li data-sourcepos=\"20:1-20:101\"><strong><a href=\"https:\/\/translinguoglobal.com\/servicios-de-traduccion-software\/\">Traduzione di siti web:<\/a><\/strong> Traduciamo il tuo sito web affinch\u00e9 possa raggiungere un pubblico globale.<\/li>\n<li data-sourcepos=\"21:1-22:0\"><strong>Servizi di traduzione per il marketing:<\/strong> Traduciamo i tuoi materiali di marketing affinch\u00e9 tu possa raggiungere potenziali clienti in tutto il mondo.<\/li>\n<\/ul>\n<p data-sourcepos=\"25:1-25:260\">Se stai cercando un servizio di traduzione affidabile e di alta qualit\u00e0 a Granada, <a href=\"https:\/\/translinguoglobal.com\/it\/richiedi-un-preventivo-di-traduzione\/\">Translinguo Global <\/a> \u00e8 la soluzione perfetta. Contattaci oggi stesso per maggiori informazioni sui nostri servizi e per richiedere un preventivo gratuito. <\/p>\n<p data-sourcepos=\"27:1-27:71\"><strong>Translinguo Global: il tuo partner di fiducia per le traduzioni a Granada.<\/strong><\/p>\n","protected":false},"excerpt":{"rendered":"<p>Servizio di traduzione a Granada. Il marketing si basa sul linguaggio persuasivo, sul saper toccare il cuore e le esigenze delle persone. Oggi la pubblicit\u00e0 non si fa pi\u00f9 solo a livello locale, non siamo pi\u00f9 limitati dalle barriere fisiche e dalla distanza. \u00c8 indispensabile che un\u2019azienda sappia proiettarsi e possa espandersi in mercati nuovi [&hellip;]<\/p>\n","protected":false},"author":3,"featured_media":93827,"parent":0,"menu_order":0,"comment_status":"closed","ping_status":"closed","template":"","meta":{"_crdt_document":"","inline_featured_image":false,"site-sidebar-layout":"default","site-content-layout":"default","ast-site-content-layout":"default","site-content-style":"default","site-sidebar-style":"default","ast-global-header-display":"","ast-banner-title-visibility":"","ast-main-header-display":"","ast-hfb-above-header-display":"","ast-hfb-below-header-display":"","ast-hfb-mobile-header-display":"","site-post-title":"","ast-breadcrumbs-content":"","ast-featured-img":"","footer-sml-layout":"","ast-disable-related-posts":"","theme-transparent-header-meta":"default","adv-header-id-meta":"","stick-header-meta":"","header-above-stick-meta":"","header-main-stick-meta":"","header-below-stick-meta":"","astra-migrate-meta-layouts":"default","ast-page-background-enabled":"default","ast-page-background-meta":{"desktop":{"background-color":"var(--ast-global-color-4)","background-image":"","background-repeat":"repeat","background-position":"center center","background-size":"auto","background-attachment":"scroll","background-type":"","background-media":"","overlay-type":"","overlay-color":"","overlay-opacity":"","overlay-gradient":""},"tablet":{"background-color":"","background-image":"","background-repeat":"repeat","background-position":"center center","background-size":"auto","background-attachment":"scroll","background-type":"","background-media":"","overlay-type":"","overlay-color":"","overlay-opacity":"","overlay-gradient":""},"mobile":{"background-color":"","background-image":"","background-repeat":"repeat","background-position":"center center","background-size":"auto","background-attachment":"scroll","background-type":"","background-media":"","overlay-type":"","overlay-color":"","overlay-opacity":"","overlay-gradient":""}},"ast-content-background-meta":{"desktop":{"background-color":"var(--ast-global-color-5)","background-image":"","background-repeat":"repeat","background-position":"center center","background-size":"auto","background-attachment":"scroll","background-type":"","background-media":"","overlay-type":"","overlay-color":"","overlay-opacity":"","overlay-gradient":""},"tablet":{"background-color":"var(--ast-global-color-5)","background-image":"","background-repeat":"repeat","background-position":"center center","background-size":"auto","background-attachment":"scroll","background-type":"","background-media":"","overlay-type":"","overlay-color":"","overlay-opacity":"","overlay-gradient":""},"mobile":{"background-color":"var(--ast-global-color-5)","background-image":"","background-repeat":"repeat","background-position":"center center","background-size":"auto","background-attachment":"scroll","background-type":"","background-media":"","overlay-type":"","overlay-color":"","overlay-opacity":"","overlay-gradient":""}},"footnotes":""},"class_list":["post-93826","page","type-page","status-publish","has-post-thumbnail","hentry"],"_links":{"self":[{"href":"https:\/\/translinguoglobal.com\/it\/wp-json\/wp\/v2\/pages\/93826","targetHints":{"allow":["GET"]}}],"collection":[{"href":"https:\/\/translinguoglobal.com\/it\/wp-json\/wp\/v2\/pages"}],"about":[{"href":"https:\/\/translinguoglobal.com\/it\/wp-json\/wp\/v2\/types\/page"}],"author":[{"embeddable":true,"href":"https:\/\/translinguoglobal.com\/it\/wp-json\/wp\/v2\/users\/3"}],"replies":[{"embeddable":true,"href":"https:\/\/translinguoglobal.com\/it\/wp-json\/wp\/v2\/comments?post=93826"}],"version-history":[{"count":0,"href":"https:\/\/translinguoglobal.com\/it\/wp-json\/wp\/v2\/pages\/93826\/revisions"}],"wp:featuredmedia":[{"embeddable":true,"href":"https:\/\/translinguoglobal.com\/it\/wp-json\/wp\/v2\/media\/93827"}],"wp:attachment":[{"href":"https:\/\/translinguoglobal.com\/it\/wp-json\/wp\/v2\/media?parent=93826"}],"curies":[{"name":"wp","href":"https:\/\/api.w.org\/{rel}","templated":true}]}}