{"id":93822,"date":"2025-06-17T13:40:49","date_gmt":"2025-06-17T11:40:49","guid":{"rendered":"https:\/\/translinguoglobal.com\/servizio-di-traduzione-a-castellon-de-la-plana\/"},"modified":"2025-06-17T13:40:51","modified_gmt":"2025-06-17T11:40:51","slug":"servizio-di-traduzione-a-castellon-de-la-plana","status":"publish","type":"page","link":"https:\/\/translinguoglobal.com\/it\/servizio-di-traduzione-a-castellon-de-la-plana\/","title":{"rendered":"Servizio di traduzione a Castell\u00f3n de la Plana"},"content":{"rendered":"<p>Servizio di traduzione a Castell\u00f3n de la Plana. Oggi, anche se ci separano chilometri di distanza, siamo tutti vicini. Grazie alla traduzione, \u00e8 possibile sfruttare la vicinanza tra i paesi che la globalizzazione ha reso realt\u00e0. L\u2019adattamento dei messaggi da una lingua d\u2019origine a una lingua di destinazione rende possibile la comunicazione tra culture. Rendendo possibile questa comunicazione, le imprese possono rivolgersi a tutti i loro clienti, indipendentemente dalla loro provenienza. Chi non vorrebbe avere il vantaggio di raggiungere pi\u00f9 persone? Si tratta di un\u2019opportunit\u00e0 che, chiaramente, non si pu\u00f2 lasciar sfuggire. Per questo motivo, sempre pi\u00f9 aziende si affidano al nostro <strong>servizio di traduzione a <a href=\"https:\/\/es.wikipedia.org\/wiki\/Castell%C3%B3n_de_la_Plana\" target=\"_blank\" rel=\"noopener\">Castell\u00f3n de la Plana.<\/a><\/strong>       <\/p>\n<h3 style=\"text-align: center;\"><strong>Perch\u00e9 affidarsi a un servizio di traduzione a Castell\u00f3n de la Plana<\/strong><\/h3>\n<p>Tradurre non \u00e8 un compito semplice. Questa attivit\u00e0 richiede una serie di conoscenze e competenze specifiche. Per offrire un servizio di qualit\u00e0, \u00e8 indispensabile affidarsi a traduttori professionisti. Nel nostro servizio di traduzione a Castell\u00f3n de la Plana, tutti i traduttori sono professionisti qualificati. Inoltre, collaboriamo con traduttori madrelingua professionisti.    <\/p>\n<p>I traduttori madrelingua hanno un ruolo molto importante all&#8217;interno della nostra agenzia. Hanno una conoscenza molto approfondita della propria lingua e cultura d\u2019origine e si occupano di garantire la qualit\u00e0 delle traduzioni. Per questo siamo certi che i nostri professionisti saranno all\u2019altezza delle tue aspettative.  <\/p>\n<h3 style=\"text-align: center;\"><strong>Perch\u00e9 a Castell\u00f3n de la Plana?<\/strong><\/h3>\n<p>Castell\u00f3n de la Plana \u00e8 sempre stata conosciuta per essere un importante meta turistica. Per far sentire i visitatori della citt\u00e0 come a casa, \u00e8 fondamentale tradurre i documenti di cui potrebbero aver bisogno. Noi rispondiamo a questa esigenza mettendo a tua disposizione il nostro <strong>servizio di traduzione a Castell\u00f3n de la Plana. <\/strong>  <\/p>\n<p>Tuttavia, il turismo non \u00e8 l\u2019unico settore importante per l&#8217;economia di Castell\u00f3n. Questa citt\u00e0 \u00e8 conosciuta per avere un settore industriale rilevante a livello nazionale. Vi prosperano industrie di ogni tipo, da quelle energetiche a quelle tessili. Il nostro servizio di traduzione a Castell\u00f3n de la Plana risponde anche alle esigenze linguistiche di questi settori industriali.   <\/p>\n<p>&nbsp;<\/p>\n<h3 style=\"text-align: center;\"><strong>Cosa offriamo con i nostri servizi<\/strong><\/h3>\n<p>Nella nostra azienda ci adattiamo ai facilmente al mercato attuale. Per questo motivo, gestiamo numerosi formati e tipologie di traduzione. Ti offriamo la possibilit\u00e0 di richiedere ogni tipo di traduzione, ad esempio:  <\/p>\n<ul>\n<li><a href=\"https:\/\/translinguoglobal.com\/it\/traduzione-di-documenti\/\">Traduzione generale.<\/a><\/li>\n<li>Traduzione di contenuti web.<\/li>\n<li><a href=\"https:\/\/translinguoglobal.com\/it\/traduzione-giurata\/\">Traduzione giurata.<\/a><\/li>\n<li><a href=\"https:\/\/translinguoglobal.com\/it\/servizio-di-localizzazione\/\">Localizzazione.<\/a><\/li>\n<li><a href=\"https:\/\/translinguoglobal.com\/it\/servizio-di-traduzione-professionale\/\">Traduzione specializzata.<\/a><\/li>\n<li>Oltre a tutto questo, siamo anche orgogliosi di offrire ulteriori garanzie ai nostri clienti. Ti assicuriamo un trattamento personalizzato e puntualit\u00e0. Inoltre, garantiamo il rispetto delle scadenze stabilite, che saranno sempre ragionevoli.  <\/li>\n<\/ul>\n<p><strong>Possiamo aiutarti ad ampliare la tua clientela e a far conoscere la tua attivit\u00e0 economica in altre parti del mondo. Non esitare a contattarci! <\/strong><\/p>\n","protected":false},"excerpt":{"rendered":"<p>Servizio di traduzione a Castell\u00f3n de la Plana. Oggi, anche se ci separano chilometri di distanza, siamo tutti vicini. Grazie alla traduzione, \u00e8 possibile sfruttare la vicinanza tra i paesi che la globalizzazione ha reso realt\u00e0. L\u2019adattamento dei messaggi da una lingua d\u2019origine a una lingua di destinazione rende possibile la comunicazione tra culture. Rendendo [&hellip;]<\/p>\n","protected":false},"author":3,"featured_media":93823,"parent":0,"menu_order":0,"comment_status":"closed","ping_status":"closed","template":"","meta":{"_crdt_document":"","inline_featured_image":false,"site-sidebar-layout":"default","site-content-layout":"default","ast-site-content-layout":"default","site-content-style":"default","site-sidebar-style":"default","ast-global-header-display":"","ast-banner-title-visibility":"","ast-main-header-display":"","ast-hfb-above-header-display":"","ast-hfb-below-header-display":"","ast-hfb-mobile-header-display":"","site-post-title":"","ast-breadcrumbs-content":"","ast-featured-img":"","footer-sml-layout":"","ast-disable-related-posts":"","theme-transparent-header-meta":"default","adv-header-id-meta":"","stick-header-meta":"","header-above-stick-meta":"","header-main-stick-meta":"","header-below-stick-meta":"","astra-migrate-meta-layouts":"default","ast-page-background-enabled":"default","ast-page-background-meta":{"desktop":{"background-color":"var(--ast-global-color-4)","background-image":"","background-repeat":"repeat","background-position":"center center","background-size":"auto","background-attachment":"scroll","background-type":"","background-media":"","overlay-type":"","overlay-color":"","overlay-opacity":"","overlay-gradient":""},"tablet":{"background-color":"","background-image":"","background-repeat":"repeat","background-position":"center center","background-size":"auto","background-attachment":"scroll","background-type":"","background-media":"","overlay-type":"","overlay-color":"","overlay-opacity":"","overlay-gradient":""},"mobile":{"background-color":"","background-image":"","background-repeat":"repeat","background-position":"center center","background-size":"auto","background-attachment":"scroll","background-type":"","background-media":"","overlay-type":"","overlay-color":"","overlay-opacity":"","overlay-gradient":""}},"ast-content-background-meta":{"desktop":{"background-color":"var(--ast-global-color-5)","background-image":"","background-repeat":"repeat","background-position":"center center","background-size":"auto","background-attachment":"scroll","background-type":"","background-media":"","overlay-type":"","overlay-color":"","overlay-opacity":"","overlay-gradient":""},"tablet":{"background-color":"var(--ast-global-color-5)","background-image":"","background-repeat":"repeat","background-position":"center center","background-size":"auto","background-attachment":"scroll","background-type":"","background-media":"","overlay-type":"","overlay-color":"","overlay-opacity":"","overlay-gradient":""},"mobile":{"background-color":"var(--ast-global-color-5)","background-image":"","background-repeat":"repeat","background-position":"center center","background-size":"auto","background-attachment":"scroll","background-type":"","background-media":"","overlay-type":"","overlay-color":"","overlay-opacity":"","overlay-gradient":""}},"footnotes":""},"class_list":["post-93822","page","type-page","status-publish","has-post-thumbnail","hentry"],"_links":{"self":[{"href":"https:\/\/translinguoglobal.com\/it\/wp-json\/wp\/v2\/pages\/93822","targetHints":{"allow":["GET"]}}],"collection":[{"href":"https:\/\/translinguoglobal.com\/it\/wp-json\/wp\/v2\/pages"}],"about":[{"href":"https:\/\/translinguoglobal.com\/it\/wp-json\/wp\/v2\/types\/page"}],"author":[{"embeddable":true,"href":"https:\/\/translinguoglobal.com\/it\/wp-json\/wp\/v2\/users\/3"}],"replies":[{"embeddable":true,"href":"https:\/\/translinguoglobal.com\/it\/wp-json\/wp\/v2\/comments?post=93822"}],"version-history":[{"count":1,"href":"https:\/\/translinguoglobal.com\/it\/wp-json\/wp\/v2\/pages\/93822\/revisions"}],"predecessor-version":[{"id":93824,"href":"https:\/\/translinguoglobal.com\/it\/wp-json\/wp\/v2\/pages\/93822\/revisions\/93824"}],"wp:featuredmedia":[{"embeddable":true,"href":"https:\/\/translinguoglobal.com\/it\/wp-json\/wp\/v2\/media\/93823"}],"wp:attachment":[{"href":"https:\/\/translinguoglobal.com\/it\/wp-json\/wp\/v2\/media?parent=93822"}],"curies":[{"name":"wp","href":"https:\/\/api.w.org\/{rel}","templated":true}]}}