{"id":93819,"date":"2025-06-17T13:24:49","date_gmt":"2025-06-17T11:24:49","guid":{"rendered":"https:\/\/translinguoglobal.com\/servizio-di-traduzione-a-cadice\/"},"modified":"2025-06-17T13:24:50","modified_gmt":"2025-06-17T11:24:50","slug":"servizio-di-traduzione-a-cadice","status":"publish","type":"page","link":"https:\/\/translinguoglobal.com\/it\/servizio-di-traduzione-a-cadice\/","title":{"rendered":"Servizio di traduzione a Cadice"},"content":{"rendered":"<p><a href=\"https:\/\/translinguoglobal.com\/it\/\">Servizio di traduzione<\/a> a Cadice. La traduzione svolge un ruolo fondamentale in un mondo sempre pi\u00f9 globalizzato. In questa epoca dominato dalla comunicazione e dalla tecnologia, \u00e8 necessario cogliere tutte le opportunit\u00e0 che la globalizzazione ci offre. \u00c8 per fare ci\u00f2, piccoli, medi e grandi imprenditori cercano di rivolgersi a un pubblico pi\u00f9 ampio. E siccome i potenziali clienti di altri paesi devono essere conquistati nella loro lingua, gli imprenditori si affidano ai servizi di traduzione, proprio come il nostro <strong>servizio di traduzione a <a href=\"https:\/\/es.wikipedia.org\/wiki\/C%C3%A1diz\" target=\"_blank\" rel=\"noopener\">Cadice<\/a><\/strong>.     <\/p>\n<h3 style=\"text-align: center;\"><strong>Perch\u00e9 affidarsi a un servzio di traduzione a Cadice<\/strong><\/h3>\n<p>La traduzione \u00e8 un processo complesso che deve essere sempre realizzato da professionisti. Non possiamo dimenticarci che nel processo di traduzione intervengono moli fattori che possono influenzare la qualit\u00e0 finale del servizio. Ed \u00e8 proprio per questo motivo che \u00e8 importante affidarsi a traduttori esperti e specializzati nei tipo di traduzione richiesta. Per garantire la qualit\u00e0 dei nostri servizi, ci affidiamo unicamente a traduttori professionisti adatti ad ogni progetto. Inoltre, lavoriamo con traduttori professionisti madrelingua che garantiscono l&#8217;accuratezza delle traduzioni. I nostri traduttori dispongono dell&#8217;esperienza, delle abilit\u00e0 e del bagaglio culturale necessari per poter affrontare qualsiasi tipo di incarico.     <\/p>\n<h3 style=\"text-align: center;\"><strong>Perch\u00e9 a Cadice?<\/strong><\/h3>\n<p>Cadice \u00e8 la terza citt\u00e0 pi\u00f9 grande dell&#8217;Andalusia. La sua economia \u00e8 fortemente basata sul commercio. Per questo motivo, la maggior parte delle sue infrastrutture economiche sono concentrate nell&#8217;area portuale. Affinch\u00e9 le aziende operanti nel commercio possano rivolgersi ad altri mercati, \u00e8 necessario superare le barriere linguistiche. A tal fine, mettiamo a tua disposizione il nostro <strong>servizio di traduzione a Cadice. <\/strong>    <\/p>\n<p>Un altro settore che ha un impatto significativo sull\u2019economia di Cadice \u00e8 il turismo. Le spiagge di questa citt\u00e0, cos\u00ec come il suo Carnevale e patrimonio storico, la rendono una destinazione particolarmente attraente. Per questo motivo, \u00e8 molto importante che le oltre 2.300 strutture turistiche di Cadice riescano a rivolgersi a un pubblico straniero. Per soddisfare anche questa domanda, la nostra agenzia mette a disposizione di questo settore un <strong>servizio di traduzione di qualit\u00e0 a Cadice. <\/strong>   <\/p>\n<h3 style=\"text-align: center;\"><strong>Cosa offriamo con i nostri servizi<\/strong><\/h3>\n<p>La nostra agenzia fa tutto il possibile per soddisfare i clienti con esigenze diverse. Per questo motivo, ci siamo specializzati in ambiti molto diversi. Il nostro <strong>servizio di traduzione a Cadice<\/strong> mette a tua disposizione i seguenti tipi di traduzione:  <\/p>\n<ul>\n<li><a href=\"https:\/\/translinguoglobal.com\/it\/traduzione-di-documenti\/\">Generale<\/a>.<\/li>\n<li><a href=\"https:\/\/translinguoglobal.com\/it\/servizio-di-localizzazione\/\">Di siti web.<\/a><\/li>\n<li><a href=\"https:\/\/translinguoglobal.com\/it\/traduzione-giurata\/\">Giurata<\/a>.<\/li>\n<li><a href=\"https:\/\/translinguoglobal.com\/it\/servizio-di-localizzazione\/\">Localizzazione<\/a>.<\/li>\n<li><a href=\"https:\/\/translinguoglobal.com\/it\/servizio-di-traduzione-professionale\/\">Specializzata<\/a>.<\/li>\n<\/ul>\n<p>Inoltre, ci occupiamo di semplificare le procedure per i nostri clienti. Per raggiungere questo obiettivo, offriamo un trattamento personalizzato e puntualit\u00e0 garantita. Rispettiamo infatti i tempi di consegna prestabiliti affinch\u00e9 la traduzione non ritardi le altre attivit\u00e0 che devi completare.  <\/p>\n<p>Qualunque sia la tua attivit\u00e0, possiamo aiutarti a raggiungere nuovi clienti.<strong> Contattaci se vuoi abbattere le barriere linguistiche e raggiungere pi\u00f9 persone!<\/strong><\/p>\n<p>&nbsp;<\/p>\n","protected":false},"excerpt":{"rendered":"<p>Servizio di traduzione a Cadice. La traduzione svolge un ruolo fondamentale in un mondo sempre pi\u00f9 globalizzato. In questa epoca dominato dalla comunicazione e dalla tecnologia, \u00e8 necessario cogliere tutte le opportunit\u00e0 che la globalizzazione ci offre. \u00c8 per fare ci\u00f2, piccoli, medi e grandi imprenditori cercano di rivolgersi a un pubblico pi\u00f9 ampio. E [&hellip;]<\/p>\n","protected":false},"author":3,"featured_media":93820,"parent":0,"menu_order":0,"comment_status":"closed","ping_status":"closed","template":"","meta":{"_crdt_document":"","inline_featured_image":false,"site-sidebar-layout":"default","site-content-layout":"default","ast-site-content-layout":"default","site-content-style":"default","site-sidebar-style":"default","ast-global-header-display":"","ast-banner-title-visibility":"","ast-main-header-display":"","ast-hfb-above-header-display":"","ast-hfb-below-header-display":"","ast-hfb-mobile-header-display":"","site-post-title":"","ast-breadcrumbs-content":"","ast-featured-img":"","footer-sml-layout":"","ast-disable-related-posts":"","theme-transparent-header-meta":"default","adv-header-id-meta":"","stick-header-meta":"","header-above-stick-meta":"","header-main-stick-meta":"","header-below-stick-meta":"","astra-migrate-meta-layouts":"default","ast-page-background-enabled":"default","ast-page-background-meta":{"desktop":{"background-color":"var(--ast-global-color-4)","background-image":"","background-repeat":"repeat","background-position":"center center","background-size":"auto","background-attachment":"scroll","background-type":"","background-media":"","overlay-type":"","overlay-color":"","overlay-opacity":"","overlay-gradient":""},"tablet":{"background-color":"","background-image":"","background-repeat":"repeat","background-position":"center center","background-size":"auto","background-attachment":"scroll","background-type":"","background-media":"","overlay-type":"","overlay-color":"","overlay-opacity":"","overlay-gradient":""},"mobile":{"background-color":"","background-image":"","background-repeat":"repeat","background-position":"center center","background-size":"auto","background-attachment":"scroll","background-type":"","background-media":"","overlay-type":"","overlay-color":"","overlay-opacity":"","overlay-gradient":""}},"ast-content-background-meta":{"desktop":{"background-color":"var(--ast-global-color-5)","background-image":"","background-repeat":"repeat","background-position":"center center","background-size":"auto","background-attachment":"scroll","background-type":"","background-media":"","overlay-type":"","overlay-color":"","overlay-opacity":"","overlay-gradient":""},"tablet":{"background-color":"var(--ast-global-color-5)","background-image":"","background-repeat":"repeat","background-position":"center center","background-size":"auto","background-attachment":"scroll","background-type":"","background-media":"","overlay-type":"","overlay-color":"","overlay-opacity":"","overlay-gradient":""},"mobile":{"background-color":"var(--ast-global-color-5)","background-image":"","background-repeat":"repeat","background-position":"center center","background-size":"auto","background-attachment":"scroll","background-type":"","background-media":"","overlay-type":"","overlay-color":"","overlay-opacity":"","overlay-gradient":""}},"footnotes":""},"class_list":["post-93819","page","type-page","status-publish","has-post-thumbnail","hentry"],"_links":{"self":[{"href":"https:\/\/translinguoglobal.com\/it\/wp-json\/wp\/v2\/pages\/93819","targetHints":{"allow":["GET"]}}],"collection":[{"href":"https:\/\/translinguoglobal.com\/it\/wp-json\/wp\/v2\/pages"}],"about":[{"href":"https:\/\/translinguoglobal.com\/it\/wp-json\/wp\/v2\/types\/page"}],"author":[{"embeddable":true,"href":"https:\/\/translinguoglobal.com\/it\/wp-json\/wp\/v2\/users\/3"}],"replies":[{"embeddable":true,"href":"https:\/\/translinguoglobal.com\/it\/wp-json\/wp\/v2\/comments?post=93819"}],"version-history":[{"count":1,"href":"https:\/\/translinguoglobal.com\/it\/wp-json\/wp\/v2\/pages\/93819\/revisions"}],"predecessor-version":[{"id":93821,"href":"https:\/\/translinguoglobal.com\/it\/wp-json\/wp\/v2\/pages\/93819\/revisions\/93821"}],"wp:featuredmedia":[{"embeddable":true,"href":"https:\/\/translinguoglobal.com\/it\/wp-json\/wp\/v2\/media\/93820"}],"wp:attachment":[{"href":"https:\/\/translinguoglobal.com\/it\/wp-json\/wp\/v2\/media?parent=93819"}],"curies":[{"name":"wp","href":"https:\/\/api.w.org\/{rel}","templated":true}]}}